{"id":7321,"date":"2025-05-31T14:16:19","date_gmt":"2025-05-31T12:16:19","guid":{"rendered":"https:\/\/hutmachergass.de\/hmg\/steffsblog\/?page_id=7321"},"modified":"2025-05-31T14:16:19","modified_gmt":"2025-05-31T12:16:19","slug":"38c3-illegal-instructions","status":"publish","type":"page","link":"https:\/\/hutmachergass.de\/hmg\/steffsblog\/?page_id=7321","title":{"rendered":"38C3 &#8211; illegal instructions"},"content":{"rendered":"<p><a href=\"https:\/\/events.ccc.de\/congress\/2024\/infos\/startpage.html\" rel=\"noopener\" target=\"_blank\"><img decoding=\"async\" src=\"http:\/\/hutmachergass.de\/hmg\/bilder\/IMG_0006.jpeg\" width=\"60%\" alt=\"illegal instructions\" \/><\/a><\/p>\n<h2 class=\"sectionedit3\" id=\"ueberblick_und_fahrplan\">\u00fcberblick und fahrplan<\/h2>\n<div class=\"level2\">\n<ul>\n<li class=\"level1\">\n<div class=\"li\"> <a href=\"https:\/\/fahrplan.events.ccc.de\/congress\/2024\/fahrplan\/schedule\/\" class=\"urlextern\" target=\"_tab\" title=\"https:\/\/fahrplan.events.ccc.de\/congress\/2024\/fahrplan\/schedule\/\" rel=\"ugc nofollow noopener\"> fahrplan kuratierte events (= vortr\u00e4ge)<\/a><\/div>\n<\/li>\n<li class=\"level1\">\n<div class=\"li\"> <a href=\"https:\/\/events.ccc.de\/congress\/2024\/hub\/en\/fahrplan?mode=list&#038;kind=sos&#038;set=kall#now\" class=\"urlextern\" target=\"_tab\" title=\"https:\/\/events.ccc.de\/congress\/2024\/hub\/en\/fahrplan?mode=list&#038;kind=sos&#038;set=kall#now\" rel=\"ugc nofollow noopener\"> full schedule<\/a><\/div>\n<\/li>\n<li class=\"level1\">\n<div class=\"li\"> <a href=\"https:\/\/media.ccc.de\/\" class=\"urlextern\" target=\"_tab\" title=\"https:\/\/media.ccc.de\/\" rel=\"ugc nofollow noopener\"> archive<\/a><\/div>\n<\/li>\n<li class=\"level1\">\n<div class=\"li\"> <a href=\"https:\/\/events.ccc.de\/congress\/2024\/hub\/en\/fahrplan?mode=list&amp;kind=all&amp;set=ksos#now\" class=\"urlextern\" target=\"_tab\" title=\"https:\/\/events.ccc.de\/congress\/2024\/hub\/en\/fahrplan?mode=list&amp;kind=all&amp;set=ksos#now\" rel=\"ugc nofollow noopener\"> self-organized sessions<\/a> und <a href=\"https:\/\/events.ccc.de\/congress\/2024\/infos\/lightning-talks.html\" class=\"urlextern\" target=\"_tab\" title=\"https:\/\/events.ccc.de\/congress\/2024\/infos\/lightning-talks.html\" rel=\"ugc nofollow noopener\"> lightning talks<\/a><\/div>\n<\/li>\n<\/ul>\n<\/div>\n<p><!-- EDIT{&quot;target&quot;:&quot;section&quot;,&quot;name&quot;:&quot;\\u00fcberblick und fahrplan&quot;,&quot;hid&quot;:&quot;ueberblick_und_fahrplan&quot;,&quot;codeblockOffset&quot;:0,&quot;secid&quot;:3,&quot;range&quot;:&quot;1378-2129&quot;} --><\/p>\n<h2 class=\"sectionedit4\" id=\"freitag_2712\">freitag 27.12.<\/h2>\n<h4 id=\"correctiv-recherche_geheimplan_gegen_deutschland_1_jahr_danach\">11:00 Correctiv-Recherche &quot;Geheimplan gegen Deutschland&quot; \u2013 1 Jahr danach<\/h4>\n<div class=\"level3\">\n<ul>\n<li class=\"level1\">\n<div class=\"li\"> <a href=\"https:\/\/fahrplan.events.ccc.de\/congress\/2024\/fahrplan\/talk\/8ZPHSP\/\" class=\"urlextern\" target=\"_tab\" title=\"https:\/\/fahrplan.events.ccc.de\/congress\/2024\/fahrplan\/talk\/8ZPHSP\/\" rel=\"ugc nofollow noopener\"> abstract<\/a><\/div>\n<\/li>\n<li class=\"level1\">\n<div class=\"li\"> <a href=\"https:\/\/media.ccc.de\/v\/38c3-correctiv-recherche-geheimplan-gegen-deutschland-1-jahr-danach\" class=\"urlextern\" target=\"_tab\" title=\"https:\/\/media.ccc.de\/v\/38c3-correctiv-recherche-geheimplan-gegen-deutschland-1-jahr-danach\" rel=\"ugc nofollow noopener\"> vortrag(video)<\/a><\/div>\n<\/li>\n<li class=\"level1\">\n<div class=\"li\"> <a href=\"https:\/\/correctiv.org\/lokal\/\" class=\"urlextern\" target=\"_tab\" title=\"https:\/\/correctiv.org\/lokal\/\" rel=\"ugc nofollow noopener\">https:\/\/correctiv.org\/lokal\/<\/a><\/div>\n<\/li>\n<\/ul>\n<\/div>\n<h4 id=\"natuerlich_bin_ich_18_-_alterspruefungen_im_netz_aus_datenschutzperspektive\">12:00 Nat\u00fcrlich bin ich 18!&quot; &#8211; Alterspr\u00fcfungen im Netz aus Datenschutzperspektive<\/h4>\n<div class=\"level3\">\n<ul>\n<li class=\"level1\">\n<div class=\"li\"> <a href=\"https:\/\/fahrplan.events.ccc.de\/congress\/2024\/fahrplan\/talk\/SJ8PGD\/\" class=\"urlextern\" target=\"_tab\" title=\"https:\/\/fahrplan.events.ccc.de\/congress\/2024\/fahrplan\/talk\/SJ8PGD\/\" rel=\"ugc nofollow noopener\"> abstract<\/a><\/div>\n<\/li>\n<li class=\"level1\">\n<div class=\"li\"> <a href=\"https:\/\/media.ccc.de\/v\/38c3-natrlich-bin-ich-18-altersprfungen-im-netz-aus-datenschutzperspektive\" class=\"urlextern\" target=\"_tab\" title=\"https:\/\/media.ccc.de\/v\/38c3-natrlich-bin-ich-18-altersprfungen-im-netz-aus-datenschutzperspektive\" rel=\"ugc nofollow noopener\"> vortrag(video)<\/a><\/div>\n<\/li>\n<\/ul>\n<\/div>\n<h4 id=\"transparency_eu_commission\">12:55 transparency eu commission<\/h4>\n<div class=\"level3\">\n<ul>\n<li class=\"level1\">\n<div class=\"li\"> <a href=\"https:\/\/fahrplan.events.ccc.de\/congress\/2024\/fahrplan\/talk\/7L7TBY\/\" class=\"urlextern\" target=\"_tab\" title=\"https:\/\/fahrplan.events.ccc.de\/congress\/2024\/fahrplan\/talk\/7L7TBY\/\" rel=\"ugc nofollow noopener\"> abstract<\/a> vortrag nicht gut strukturiert, zu viele und schnelle bildwechsel<\/div>\n<\/li>\n<li class=\"level1\">\n<div class=\"li\"> <a href=\"https:\/\/media.ccc.de\/v\/38c3-transparency-not-from-the-european-commission\" class=\"urlextern\" target=\"_tab\" title=\"https:\/\/media.ccc.de\/v\/38c3-transparency-not-from-the-european-commission\" rel=\"ugc nofollow noopener\"> vortrag(video)<\/a><\/div>\n<\/li>\n<\/ul>\n<\/div>\n<h4 id=\"was_lange_waehrt_wird_endlich_gut_die_modernisierung_des_computerstrafrechts\">13:50 Was lange w\u00e4hrt, wird endlich gut? Die Modernisierung des Computerstrafrechts<\/h4>\n<div class=\"level3\">\n<ul>\n<li class=\"level1\">\n<div class=\"li\"> <a href=\"https:\/\/fahrplan.events.ccc.de\/congress\/2024\/fahrplan\/talk\/7GVNYD\/\" class=\"urlextern\" target=\"_tab\" title=\"https:\/\/fahrplan.events.ccc.de\/congress\/2024\/fahrplan\/talk\/7GVNYD\/\" rel=\"ugc nofollow noopener\"> abstract<\/a><\/div>\n<\/li>\n<li class=\"level1\">\n<div class=\"li\"> <a href=\"https:\/\/media.ccc.de\/v\/38c3-was-lange-whrt-wird-endlich-gut-die-modernisierung-des-computerstrafrechts\" class=\"urlextern\" target=\"_tab\" title=\"https:\/\/media.ccc.de\/v\/38c3-was-lange-whrt-wird-endlich-gut-die-modernisierung-des-computerstrafrechts\" rel=\"ugc nofollow noopener\"> vortrag(video)<\/a> s. dort responsible disclosure<\/div>\n<\/li>\n<\/ul>\n<\/div>\n<h4 id=\"konnte_bisher_noch_nie_gehackt_werdendie_elektronische_patientenakte_kommt_-_jetzt_fuer_alle\">14:55 \u201eKonnte bisher noch nie gehackt werden\u201c: Die elektronische Patientenakte kommt &#8211; jetzt f\u00fcr alle!<\/h4>\n<div class=\"level3\">\n<ul>\n<li class=\"level1\">\n<div class=\"li\"> <a href=\"https:\/\/fahrplan.events.ccc.de\/congress\/2024\/fahrplan\/talk\/SRXRMA\/\" class=\"urlextern\" target=\"_tab\" title=\"https:\/\/fahrplan.events.ccc.de\/congress\/2024\/fahrplan\/talk\/SRXRMA\/\" rel=\"ugc nofollow noopener\"> abstract<\/a><\/div>\n<\/li>\n<li class=\"level1\">\n<div class=\"li\"> <a href=\"https:\/\/media.ccc.de\/v\/38c3-konnte-bisher-noch-nie-gehackt-werden-die-elektronische-patientenakte-kommt-jetzt-fr-alle\" class=\"urlextern\" target=\"_tab\" title=\"https:\/\/media.ccc.de\/v\/38c3-konnte-bisher-noch-nie-gehackt-werden-die-elektronische-patientenakte-kommt-jetzt-fr-alle\" rel=\"ugc nofollow noopener\"> vortrag(video)<\/a><\/div>\n<\/li>\n<\/ul>\n<\/div>\n<h2 class=\"sectionedit5\" id=\"samstag_2812\">samstag 28.12.<\/h2>\n<h4 id=\"digitalisierung_mit_der_brechstange\">12:00 Digitalisierung mit der Brechstange<\/h4>\n<div class=\"level3\">\n<ul>\n<li class=\"level1\">\n<div class=\"li\"> <a href=\"https:\/\/fahrplan.events.ccc.de\/congress\/2024\/fahrplan\/talk\/MWGDZZ\/\" class=\"urlextern\" target=\"_tab\" title=\"https:\/\/fahrplan.events.ccc.de\/congress\/2024\/fahrplan\/talk\/MWGDZZ\/\" rel=\"ugc nofollow noopener\"> abstract<\/a><\/div>\n<\/li>\n<li class=\"level1\">\n<div class=\"li\"> <a href=\"https:\/\/media.ccc.de\/v\/38c3-digitalisierung-mit-der-brechstange\" class=\"urlextern\" target=\"_tab\" title=\"https:\/\/media.ccc.de\/v\/38c3-digitalisierung-mit-der-brechstange\" rel=\"ugc nofollow noopener\"> vortrag(video)<\/a><\/div>\n<\/li>\n<\/ul>\n<\/div>\n<h4 id=\"wann_klappt_der_anschluss_wann_nicht_und_wie_sagt_man_chaos_vorher\">13:50 Wann klappt der Anschluss, wann nicht und wie sagt man Chaos vorher?<\/h4>\n<div class=\"level3\">\n<ul>\n<li class=\"level1\">\n<div class=\"li\"> <a href=\"https:\/\/fahrplan.events.ccc.de\/congress\/2024\/fahrplan\/talk\/MUZZ7C\/\" class=\"urlextern\" target=\"_tab\" title=\"https:\/\/fahrplan.events.ccc.de\/congress\/2024\/fahrplan\/talk\/MUZZ7C\/\" rel=\"ugc nofollow noopener\"> abstract<\/a><\/div>\n<\/li>\n<li class=\"level1\">\n<div class=\"li\"> <a href=\"https:\/\/media.ccc.de\/v\/38c3-wann-klappt-der-anschluss-wann-nicht-und-wie-sagt-man-chaos-vorher\" class=\"urlextern\" target=\"_tab\" title=\"https:\/\/media.ccc.de\/v\/38c3-wann-klappt-der-anschluss-wann-nicht-und-wie-sagt-man-chaos-vorher\" rel=\"ugc nofollow noopener\"> vortrag(video)<\/a><\/div>\n<\/li>\n<li class=\"level1\">\n<div class=\"li\"> <a href=\"https:\/\/fahrplan.events.ccc.de\/congress\/2024\/fahrplan\/media\/38c3\/submissions\/MUZZ7C\/resources\/pr%C3%A4si_38c3_kHP8xdf.pdf\" class=\"urlextern\" target=\"_tab\" title=\"https:\/\/fahrplan.events.ccc.de\/congress\/2024\/fahrplan\/media\/38c3\/submissions\/MUZZ7C\/resources\/pr%C3%A4si_38c3_kHP8xdf.pdf\" rel=\"ugc nofollow noopener\"> &quot;folien&quot;<\/a><\/div>\n<\/li>\n<li class=\"level1\">\n<div class=\"li\"> <a href=\"https:\/\/bahnvorhersage.de\/\" class=\"urlextern\" target=\"_tab\" title=\"https:\/\/bahnvorhersage.de\/\" rel=\"ugc nofollow noopener\">https:\/\/bahnvorhersage.de\/<\/a> website verbindung bewerten<\/div>\n<\/li>\n<\/ul>\n<\/div>\n<h4 id=\"autoritaere_zeitenwende_im_zeitraffer\">19:15 Autorit\u00e4re Zeitenwende im Zeitraffer<\/h4>\n<div class=\"level3\">\n<ul>\n<li class=\"level1\">\n<div class=\"li\"> <a href=\"https:\/\/fahrplan.events.ccc.de\/congress\/2024\/fahrplan\/talk\/XDWNRG\/\" class=\"urlextern\" target=\"_tab\" title=\"https:\/\/fahrplan.events.ccc.de\/congress\/2024\/fahrplan\/talk\/XDWNRG\/\" rel=\"ugc nofollow noopener\"> abstract<\/a><\/div>\n<\/li>\n<li class=\"level1\">\n<div class=\"li\"> <a href=\"https:\/\/media.ccc.de\/v\/38c3-autoritre-zeitenwende-im-zeitraffer\" class=\"urlextern\" target=\"_tab\" title=\"https:\/\/media.ccc.de\/v\/38c3-autoritre-zeitenwende-im-zeitraffer\" rel=\"ugc nofollow noopener\"> vortrag(video)<\/a><\/div>\n<\/li>\n<\/ul>\n<\/div>\n<h4 id=\"fake-shops_von_der_stangebogusbazaar\">20:30 Fake-Shops von der Stange: BogusBazaar<\/h4>\n<div class=\"level3\">\n<ul>\n<li class=\"level1\">\n<div class=\"li\"> <a href=\"https:\/\/fahrplan.events.ccc.de\/congress\/2024\/fahrplan\/talk\/VPZWZK\/\" class=\"urlextern\" target=\"_tab\" title=\"https:\/\/fahrplan.events.ccc.de\/congress\/2024\/fahrplan\/talk\/VPZWZK\/\" rel=\"ugc nofollow noopener\"> abstract<\/a><\/div>\n<\/li>\n<li class=\"level1\">\n<div class=\"li\"> <a href=\"https:\/\/media.ccc.de\/v\/38c3-fake-shops-von-der-stange-bogusbazaar\" class=\"urlextern\" target=\"_tab\" title=\"https:\/\/media.ccc.de\/v\/38c3-fake-shops-von-der-stange-bogusbazaar\" rel=\"ugc nofollow noopener\"> vortrag(video)<\/a><\/div>\n<\/li>\n<\/ul>\n<\/div>\n<h4 id=\"radiomining_-_playlist-scraping_und_analyse\">21:30 RadioMining &#8211; Playlist-Scraping und Analyse<\/h4>\n<div class=\"level3\">\n<ul>\n<li class=\"level1\">\n<div class=\"li\"> <a href=\"https:\/\/fahrplan.events.ccc.de\/congress\/2024\/fahrplan\/talk\/8U8ARN\/\" class=\"urlextern\" target=\"_tab\" title=\"https:\/\/fahrplan.events.ccc.de\/congress\/2024\/fahrplan\/talk\/8U8ARN\/\" rel=\"ugc nofollow noopener\"> abstract<\/a><\/div>\n<\/li>\n<li class=\"level1\">\n<div class=\"li\"> <a href=\"https:\/\/media.ccc.de\/v\/38c3-radiomining-playlist-scraping-und-analyse\" class=\"urlextern\" target=\"_tab\" title=\"https:\/\/media.ccc.de\/v\/38c3-radiomining-playlist-scraping-und-analyse\" rel=\"ugc nofollow noopener\"> vortrag(video)<\/a><\/div>\n<\/li>\n<li class=\"level1\">\n<div class=\"li\"> technisch ganz nett, aber die playlists der dudelfunksender, naja<\/div>\n<\/li>\n<\/ul>\n<\/div>\n<p><!-- EDIT{&quot;target&quot;:&quot;section&quot;,&quot;name&quot;:&quot;samstag 28.12.&quot;,&quot;hid&quot;:&quot;samstag_2812&quot;,&quot;codeblockOffset&quot;:0,&quot;secid&quot;:5,&quot;range&quot;:&quot;4024-5822&quot;} --><\/p>\n<h2 class=\"sectionedit6\" id=\"sonntag_2912\">sonntag 29.12.<\/h2>\n<h4 id=\"von_augustus_bis_trump_warum_desinformation_ein_problem_bleibt_und_was_wir_trotzdem_dagegen_tun_koennen\">12:00 Von Augustus bis Trump \u2013 Warum Desinformation ein Problem bleibt und was wir trotzdem dagegen tun k\u00f6nnen<\/h4>\n<div class=\"level3\">\n<ul>\n<li class=\"level1\">\n<div class=\"li\"> <a href=\"https:\/\/fahrplan.events.ccc.de\/congress\/2024\/fahrplan\/talk\/GAWZXM\/\" class=\"urlextern\" target=\"_tab\" title=\"https:\/\/fahrplan.events.ccc.de\/congress\/2024\/fahrplan\/talk\/GAWZXM\/\" rel=\"ugc nofollow noopener\"> abstract<\/a><\/div>\n<\/li>\n<li class=\"level1\">\n<div class=\"li\"> <a href=\"https:\/\/media.ccc.de\/v\/38c3-von-augustus-bis-trump-warum-desinformation-ein-problem-bleibt-und-was-wir-trotzdem-dagegen-tun-knnen\" class=\"urlextern\" target=\"_tab\" title=\"https:\/\/media.ccc.de\/v\/38c3-von-augustus-bis-trump-warum-desinformation-ein-problem-bleibt-und-was-wir-trotzdem-dagegen-tun-knnen\" rel=\"ugc nofollow noopener\"> vortrag(video)<\/a><\/div>\n<\/li>\n<li class=\"level1\">\n<div class=\"li\"> inhaltlich gut, aber abgelesener vortrag<\/div>\n<\/li>\n<li class=\"level1\">\n<div class=\"li\"> misinformationen. codetect.org, volksverpetzer, correctiv, bullshit detector, CAIS Wuppertal<\/div>\n<\/li>\n<\/ul>\n<\/div>\n<h4 id=\"databroker_fileswie_uns_apps_und_datenhaendler_der_massenueberwachung_ausliefern\">12:55 Databroker Files: Wie uns Apps und Datenh\u00e4ndler der Massen\u00fcberwachung ausliefern<\/h4>\n<div class=\"level3\">\n<ul>\n<li class=\"level1\">\n<div class=\"li\"> <a href=\"https:\/\/fahrplan.events.ccc.de\/congress\/2024\/fahrplan\/talk\/XBE87S\/\" class=\"urlextern\" target=\"_tab\" title=\"https:\/\/fahrplan.events.ccc.de\/congress\/2024\/fahrplan\/talk\/XBE87S\/\" rel=\"ugc nofollow noopener\"> abstract<\/a><\/div>\n<\/li>\n<li class=\"level1\">\n<div class=\"li\"> <a href=\"https:\/\/media.ccc.de\/v\/38c3-databroker-files-wie-uns-apps-und-datenhndler-der-massenberwachung-ausliefern\" class=\"urlextern\" target=\"_tab\" title=\"https:\/\/media.ccc.de\/v\/38c3-databroker-files-wie-uns-apps-und-datenhndler-der-massenberwachung-ausliefern\" rel=\"ugc nofollow noopener\"> vortrag(video)<\/a><\/div>\n<\/li>\n<li class=\"level1\">\n<div class=\"li\"> netzpolitik.org <a href=\"https:\/\/netzpolitik.org\/2024\/werbe-ids-damals-und-heute-wer-nicht-aufpasst-wird-getrackt\/\" class=\"urlextern\" target=\"_tab\" title=\"https:\/\/netzpolitik.org\/2024\/werbe-ids-damals-und-heute-wer-nicht-aufpasst-wird-getrackt\/\" rel=\"ugc nofollow noopener\">https:\/\/netzpolitik.org\/2024\/werbe-ids-damals-und-heute-wer-nicht-aufpasst-wird-getrackt\/<\/a><\/div>\n<\/li>\n<li class=\"level1\">\n<div class=\"li\"> datarade, datastream, datenmakler, werbe-id dank google + apple<\/div>\n<\/li>\n<li class=\"level1\">\n<div class=\"li\"> netzpolitik site databroker checker, bits und b\u00e4ume<\/div>\n<\/li>\n<\/ul>\n<\/div>\n<h4 id=\"ein_unmoralisches_angebotwie_wir_unsere_communities_vor_ideologischen_zugriffen_schuetzen\">13:50 Ein unmoralisches Angebot: Wie wir unsere Communities vor ideologischen Zugriffen sch\u00fctzen<\/h4>\n<div class=\"level3\">\n<ul>\n<li class=\"level1\">\n<div class=\"li\"> <a href=\"https:\/\/fahrplan.events.ccc.de\/congress\/2024\/fahrplan\/talk\/PN3TE3\/\" class=\"urlextern\" target=\"_tab\" title=\"https:\/\/fahrplan.events.ccc.de\/congress\/2024\/fahrplan\/talk\/PN3TE3\/\" rel=\"ugc nofollow noopener\"> abstract<\/a><\/div>\n<\/li>\n<li class=\"level1\">\n<div class=\"li\"> <a href=\"https:\/\/media.ccc.de\/v\/38c3-ein-unmoralisches-angebot-wie-wir-unsere-communities-vor-ideologischen-zugriffen-schtzen\" class=\"urlextern\" target=\"_tab\" title=\"https:\/\/media.ccc.de\/v\/38c3-ein-unmoralisches-angebot-wie-wir-unsere-communities-vor-ideologischen-zugriffen-schtzen\" rel=\"ugc nofollow noopener\"> vortrag(video)<\/a><\/div>\n<\/li>\n<\/ul>\n<\/div>\n<h4 id=\"can_we_find_beauty_in_tax_fraud\">15:45 Can We Find Beauty in Tax Fraud?<\/h4>\n<div class=\"level3\">\n<ul>\n<li class=\"level1\">\n<div class=\"li\"> <a href=\"https:\/\/fahrplan.events.ccc.de\/congress\/2024\/fahrplan\/talk\/YTE8AH\/\" class=\"urlextern\" target=\"_tab\" title=\"https:\/\/fahrplan.events.ccc.de\/congress\/2024\/fahrplan\/talk\/YTE8AH\/\" rel=\"ugc nofollow noopener\"> abstract<\/a><\/div>\n<\/li>\n<li class=\"level1\">\n<div class=\"li\"> <a href=\"https:\/\/media.ccc.de\/v\/38c3-can-we-find-beauty-in-tax-fraud\" class=\"urlextern\" target=\"_tab\" title=\"https:\/\/media.ccc.de\/v\/38c3-can-we-find-beauty-in-tax-fraud\" rel=\"ugc nofollow noopener\"> vortrag(video)<\/a><\/div>\n<\/li>\n<\/ul>\n<\/div>\n<h4 id=\"der_milliarden-steuerraub_cum_ex_wie_schaedlich_ist_wirtschaftskriminalitaet_fuer_unsere_gesellschaft\">16:40 Der Milliarden-Steuerraub Cum\/Ex \u2013 wie sch\u00e4dlich ist Wirtschaftskriminalit\u00e4t f\u00fcr unsere Gesellschaft?<\/h4>\n<div class=\"level3\">\n<ul>\n<li class=\"level1\">\n<div class=\"li\"> <a href=\"https:\/\/fahrplan.events.ccc.de\/congress\/2024\/fahrplan\/talk\/87CFYP\/\" class=\"urlextern\" target=\"_tab\" title=\"https:\/\/fahrplan.events.ccc.de\/congress\/2024\/fahrplan\/talk\/87CFYP\/\" rel=\"ugc nofollow noopener\"> abstract<\/a><\/div>\n<\/li>\n<li class=\"level1\">\n<div class=\"li\"> <a href=\"https:\/\/media.ccc.de\/v\/38c3-der-milliarden-steuerraub-cum-ex-wie-schdlich-ist-wirtschaftskriminalitt-fr-unsere-gesellschaft\" class=\"urlextern\" target=\"_tab\" title=\"https:\/\/media.ccc.de\/v\/38c3-der-milliarden-steuerraub-cum-ex-wie-schdlich-ist-wirtschaftskriminalitt-fr-unsere-gesellschaft\" rel=\"ugc nofollow noopener\"> vortrag(video)<\/a><\/div>\n<\/li>\n<\/ul>\n<\/div>\n<h4 id=\"knaeste_hacken\">19:15 kn\u00e4ste hacken<\/h4>\n<div class=\"level3\">\n<ul>\n<li class=\"level1\">\n<div class=\"li\"> <a href=\"https:\/\/fahrplan.events.ccc.de\/congress\/2024\/fahrplan\/talk\/99SLE3\/\" class=\"wikilink2\" title=\"computer:knaeste_hacken\" rel=\"nofollow\" data-wiki-id=\"computer:knaeste_hacken\">abstract<\/a><\/div>\n<\/li>\n<li class=\"level1\">\n<div class=\"li\"> <a href=\"https:\/\/media.ccc.de\/v\/38c3-knste-hacken\" class=\"urlextern\" target=\"_tab\" title=\"https:\/\/media.ccc.de\/v\/38c3-knste-hacken\" rel=\"ugc nofollow noopener\">https:\/\/media.ccc.de\/v\/38c3-knste-hacken<\/a><\/div>\n<\/li>\n<\/ul>\n<\/div>\n<h4 id=\"das_ifg_ist_tot_best_of_informationsfreiheit_gefangenenbefreiung_machtuebernahmen\">20:15 Das IFG ist tot \u2013 Best of Informationsfreiheit, Gefangenenbefreiung &amp; Macht\u00fcbernahmen<\/h4>\n<div class=\"level3\">\n<ul>\n<li class=\"level1\">\n<div class=\"li\"> <a href=\"https:\/\/fahrplan.events.ccc.de\/congress\/2024\/fahrplan\/talk\/F7SPPL\/\" class=\"urlextern\" target=\"_tab\" title=\"https:\/\/fahrplan.events.ccc.de\/congress\/2024\/fahrplan\/talk\/F7SPPL\/\" rel=\"ugc nofollow noopener\"> abstract<\/a><\/div>\n<\/li>\n<li class=\"level1\">\n<div class=\"li\"> <a href=\"https:\/\/media.ccc.de\/v\/38c3-das-ifg-ist-tot-best-of-informationsfreiheit-gefangenenbefreiung-machtbernahmen\" class=\"urlextern\" target=\"_tab\" title=\"https:\/\/media.ccc.de\/v\/38c3-das-ifg-ist-tot-best-of-informationsfreiheit-gefangenenbefreiung-machtbernahmen\" rel=\"ugc nofollow noopener\"> vortrag(video)<\/a><\/div>\n<\/li>\n<\/ul>\n<\/div>\n<h4 id=\"klimaschaedlich_by_design_die_oekologischen_kosten_des_ki-hypes\">21:10 Klimasch\u00e4dlich by Design \u2013 die \u00f6kologischen Kosten des KI-Hypes<\/h4>\n<div class=\"level3\">\n<ul>\n<li class=\"level1\">\n<div class=\"li\"> <a href=\"https:\/\/fahrplan.events.ccc.de\/congress\/2024\/fahrplan\/talk\/LVVRLL\/\" class=\"urlextern\" target=\"_tab\" title=\"https:\/\/fahrplan.events.ccc.de\/congress\/2024\/fahrplan\/talk\/LVVRLL\/\" rel=\"ugc nofollow noopener\"> abstract<\/a><\/div>\n<\/li>\n<li class=\"level1\">\n<div class=\"li\"> <a href=\"https:\/\/media.ccc.de\/v\/38c3-klimaschdlich-by-design-die-kologischen-kosten-des-ki-hypes\" class=\"urlextern\" target=\"_tab\" title=\"https:\/\/media.ccc.de\/v\/38c3-klimaschdlich-by-design-die-kologischen-kosten-des-ki-hypes\" rel=\"ugc nofollow noopener\"> vortrag(video)<\/a><\/div>\n<\/li>\n<li class=\"level1\">\n<div class=\"li\"> <a href=\"https:\/\/bits-und-baeume.org\/\" class=\"urlextern\" target=\"_tab\" title=\"https:\/\/bits-und-baeume.org\/\" rel=\"ugc nofollow noopener\"> bits &amp; b\u00e4ume<\/a>\n<\/div>\n<\/li>\n<\/ul>\n<\/div>\n<p><!-- EDIT{&quot;target&quot;:&quot;section&quot;,&quot;name&quot;:&quot;sonntag 29.12.&quot;,&quot;hid&quot;:&quot;sonntag_2912&quot;,&quot;codeblockOffset&quot;:0,&quot;secid&quot;:6,&quot;range&quot;:&quot;5823-8684&quot;} --><\/p>\n<h2 class=\"sectionedit7\" id=\"montag_3012\">montag 30.12.<\/h2>\n<div class=\"level2\">\n<\/div>\n<h4 id=\"is_green_methanol_the_missing_piece_for_the_energy_transition\">12:00 Is Green Methanol the missing piece for the Energy Transition?<\/h4>\n<div class=\"level3\">\n<ul>\n<li class=\"level1\">\n<div class=\"li\"> <a href=\"https:\/\/fahrplan.events.ccc.de\/congress\/2024\/fahrplan\/talk\/BQFULL\/\" class=\"urlextern\" target=\"_tab\" title=\"https:\/\/fahrplan.events.ccc.de\/congress\/2024\/fahrplan\/talk\/BQFULL\/\" rel=\"ugc nofollow noopener\"> abstract<\/a><\/div>\n<\/li>\n<li class=\"level1\">\n<div class=\"li\"> <a href=\"https:\/\/media.ccc.de\/v\/38c3-is-green-methanol-the-missing-piece-for-the-energy-transition\" class=\"urlextern\" target=\"_tab\" title=\"https:\/\/media.ccc.de\/v\/38c3-is-green-methanol-the-missing-piece-for-the-energy-transition\" rel=\"ugc nofollow noopener\"> vortrag(video)<\/a><\/div>\n<\/li>\n<li class=\"level1\">\n<div class=\"li\"> <a href=\"https:\/\/industrydecarbonization.com\/news\/from-coal-enabler-to-the-minimal-green-methanol-economy.html\" class=\"urlextern\" target=\"_tab\" title=\"https:\/\/industrydecarbonization.com\/news\/from-coal-enabler-to-the-minimal-green-methanol-economy.html\" rel=\"ugc nofollow noopener\"> background article<\/a><\/div>\n<\/li>\n<li class=\"level1\">\n<div class=\"li\"> <a href=\"https:\/\/fahrplan.events.ccc.de\/congress\/2024\/fahrplan\/media\/38c3\/submissions\/BQFULL\/resources\/methanol_Wa2i5YM.pdf\" class=\"urlextern\" target=\"_tab\" title=\"https:\/\/fahrplan.events.ccc.de\/congress\/2024\/fahrplan\/media\/38c3\/submissions\/BQFULL\/resources\/methanol_Wa2i5YM.pdf\" rel=\"ugc nofollow noopener\"> slides green methanol<\/a><\/div>\n<\/li>\n<\/ul>\n<\/div>\n<h4 id=\"all_brains_are_beautiful_the_biology_of_neurodiversity\">12:55 All Brains are Beautiful! \u2013 The Biology of Neurodiversity<\/h4>\n<div class=\"level3\">\n<ul>\n<li class=\"level1\">\n<div class=\"li\"> <a href=\"https:\/\/fahrplan.events.ccc.de\/congress\/2024\/fahrplan\/talk\/NJXH8N\/\" class=\"urlextern\" target=\"_tab\" title=\"https:\/\/fahrplan.events.ccc.de\/congress\/2024\/fahrplan\/talk\/NJXH8N\/\" rel=\"ugc nofollow noopener\"> abstract<\/a><\/div>\n<\/li>\n<li class=\"level1\">\n<div class=\"li\"> <a href=\"https:\/\/media.ccc.de\/v\/38c3-all-brains-are-beautiful-the-biology-of-neurodiversity\" class=\"urlextern\" target=\"_tab\" title=\"https:\/\/media.ccc.de\/v\/38c3-all-brains-are-beautiful-the-biology-of-neurodiversity\" rel=\"ugc nofollow noopener\"> vortrag(video)<\/a><\/div>\n<\/li>\n<\/ul>\n<\/div>\n","protected":false},"excerpt":{"rendered":"<p>\u00fcberblick und fahrplan fahrplan kuratierte events (= vortr\u00e4ge) full schedule archive self-organized sessions und lightning talks freitag 27.12. 11:00 Correctiv-Recherche &quot;Geheimplan gegen Deutschland&quot; \u2013 1 Jahr danach abstract vortrag(video) https:\/\/correctiv.org\/lokal\/ 12:00 Nat\u00fcrlich bin ich 18!&quot; &#8211; Alterspr\u00fcfungen im Netz aus &hellip; <a href=\"https:\/\/hutmachergass.de\/hmg\/steffsblog\/?page_id=7321\">Continue reading <span class=\"meta-nav\">&rarr;<\/span><\/a><\/p>\n","protected":false},"author":4,"featured_media":0,"parent":7091,"menu_order":0,"comment_status":"closed","ping_status":"closed","template":"","meta":{"footnotes":""},"class_list":["post-7321","page","type-page","status-publish","hentry"],"_links":{"self":[{"href":"https:\/\/hutmachergass.de\/hmg\/steffsblog\/index.php?rest_route=\/wp\/v2\/pages\/7321","targetHints":{"allow":["GET"]}}],"collection":[{"href":"https:\/\/hutmachergass.de\/hmg\/steffsblog\/index.php?rest_route=\/wp\/v2\/pages"}],"about":[{"href":"https:\/\/hutmachergass.de\/hmg\/steffsblog\/index.php?rest_route=\/wp\/v2\/types\/page"}],"author":[{"embeddable":true,"href":"https:\/\/hutmachergass.de\/hmg\/steffsblog\/index.php?rest_route=\/wp\/v2\/users\/4"}],"replies":[{"embeddable":true,"href":"https:\/\/hutmachergass.de\/hmg\/steffsblog\/index.php?rest_route=%2Fwp%2Fv2%2Fcomments&post=7321"}],"version-history":[{"count":1,"href":"https:\/\/hutmachergass.de\/hmg\/steffsblog\/index.php?rest_route=\/wp\/v2\/pages\/7321\/revisions"}],"predecessor-version":[{"id":7322,"href":"https:\/\/hutmachergass.de\/hmg\/steffsblog\/index.php?rest_route=\/wp\/v2\/pages\/7321\/revisions\/7322"}],"up":[{"embeddable":true,"href":"https:\/\/hutmachergass.de\/hmg\/steffsblog\/index.php?rest_route=\/wp\/v2\/pages\/7091"}],"wp:attachment":[{"href":"https:\/\/hutmachergass.de\/hmg\/steffsblog\/index.php?rest_route=%2Fwp%2Fv2%2Fmedia&parent=7321"}],"curies":[{"name":"wp","href":"https:\/\/api.w.org\/{rel}","templated":true}]}}