{"id":7054,"date":"2024-05-26T20:02:24","date_gmt":"2024-05-26T18:02:24","guid":{"rendered":"https:\/\/hutmachergass.de\/hmg\/steffsblog\/?page_id=7054"},"modified":"2024-06-17T19:52:36","modified_gmt":"2024-06-17T17:52:36","slug":"kettenblatt-nochmal-pfalz-und-bisschen-vogesen","status":"publish","type":"page","link":"https:\/\/hutmachergass.de\/hmg\/steffsblog\/?page_id=7054","title":{"rendered":"kettenblatt &#8211; nochmal pfalz, hunsr\u00fcck, nordvogesen"},"content":{"rendered":"<h2>welche davon? oder andere?<\/h2>\n<p>wg radreisen vor der haust\u00fcr. an\/abreise mainz\/badkreuznach<\/p>\n<ul>\n<li><a href=\"?page_id=3853#herbstlaub2017\">s\u00fcdpfalz 2017<\/a> &#8211; favorit weil dahner felsenland und glantal<\/li>\n<li><a href=\"?page_id=4379\">alsenztal + vorderpfalz 2020<\/a> &#8211; favorit 2<\/li>\n<li><a href=\"?page_id=3853#glanhunsrueck\">glan-blies-hunsr\u00fcck 2015<\/a> &#8211; nicht so richtig pfalz, aber interesse f\u00fcr hunsr\u00fcck<\/li>\n<li><a href=\"?page_id=3098\">weinstra\u00dfe s\u00fcdw\u00e4rts 2012<\/a> &#8211; eher nicht, zu sehr rheintal<\/li>\n<li><a href=\"?page_id=3292\">soonwald-mosel 2019<\/a> &#8211; was anderes, aber r\u00fcckreise etwas l\u00e4nger, von KO<\/li>\n<li><a href=\"?page_id=6734\">nordvogesen 2023<\/a> &#8211; passt weder richtig zum thema pfalz oder hunsr\u00fcck<\/li>\n<li>oder in den n\u00e4chsten tagen die hess. hinterlandtour machen und dar\u00fcber was schreiben.<\/li>\n<\/ul>\n<p>was gabs schon? kettenblatt-archiv Z:\\oeko+politik\\verkehr\\radverkehr\\adfc<br \/>\nvielleicht eher hunsr\u00fcck. pfalz, wissembourg und glan(?) gabs schon<\/p>\n<p><a href=\"?page_id=7076\">artikelentwurf<\/a> &#8211; <em>muss \u00fcberarbeitet werden!<\/em><\/p>\n","protected":false},"excerpt":{"rendered":"<p>welche davon? oder andere? wg radreisen vor der haust\u00fcr. an\/abreise mainz\/badkreuznach s\u00fcdpfalz 2017 &#8211; favorit weil dahner felsenland und glantal alsenztal + vorderpfalz 2020 &#8211; favorit 2 glan-blies-hunsr\u00fcck 2015 &#8211; nicht so richtig pfalz, aber interesse f\u00fcr hunsr\u00fcck weinstra\u00dfe s\u00fcdw\u00e4rts &hellip; <a href=\"https:\/\/hutmachergass.de\/hmg\/steffsblog\/?page_id=7054\">Continue reading <span class=\"meta-nav\">&rarr;<\/span><\/a><\/p>\n","protected":false},"author":2,"featured_media":0,"parent":2096,"menu_order":0,"comment_status":"closed","ping_status":"closed","template":"","meta":{"footnotes":""},"class_list":["post-7054","page","type-page","status-publish","hentry"],"_links":{"self":[{"href":"https:\/\/hutmachergass.de\/hmg\/steffsblog\/index.php?rest_route=\/wp\/v2\/pages\/7054","targetHints":{"allow":["GET"]}}],"collection":[{"href":"https:\/\/hutmachergass.de\/hmg\/steffsblog\/index.php?rest_route=\/wp\/v2\/pages"}],"about":[{"href":"https:\/\/hutmachergass.de\/hmg\/steffsblog\/index.php?rest_route=\/wp\/v2\/types\/page"}],"author":[{"embeddable":true,"href":"https:\/\/hutmachergass.de\/hmg\/steffsblog\/index.php?rest_route=\/wp\/v2\/users\/2"}],"replies":[{"embeddable":true,"href":"https:\/\/hutmachergass.de\/hmg\/steffsblog\/index.php?rest_route=%2Fwp%2Fv2%2Fcomments&post=7054"}],"version-history":[{"count":18,"href":"https:\/\/hutmachergass.de\/hmg\/steffsblog\/index.php?rest_route=\/wp\/v2\/pages\/7054\/revisions"}],"predecessor-version":[{"id":7084,"href":"https:\/\/hutmachergass.de\/hmg\/steffsblog\/index.php?rest_route=\/wp\/v2\/pages\/7054\/revisions\/7084"}],"up":[{"embeddable":true,"href":"https:\/\/hutmachergass.de\/hmg\/steffsblog\/index.php?rest_route=\/wp\/v2\/pages\/2096"}],"wp:attachment":[{"href":"https:\/\/hutmachergass.de\/hmg\/steffsblog\/index.php?rest_route=%2Fwp%2Fv2%2Fmedia&parent=7054"}],"curies":[{"name":"wp","href":"https:\/\/api.w.org\/{rel}","templated":true}]}}