{"id":6734,"date":"2023-07-26T21:02:09","date_gmt":"2023-07-26T19:02:09","guid":{"rendered":"https:\/\/hutmachergass.de\/hmg\/steffsblog\/?page_id=6734"},"modified":"2025-06-03T09:43:18","modified_gmt":"2025-06-03T07:43:18","slug":"nordvogesen-2023","status":"publish","type":"page","link":"https:\/\/hutmachergass.de\/hmg\/steffsblog\/?page_id=6734","title":{"rendered":"nordvogesen 2023"},"content":{"rendered":"<h5>s\u00fcdpfalz, nordvogesen und elsass<\/h5>\n<h3>landau \u2013 windstein<\/h3>\n<section class=\"abstract-grid\">\n<div class=\"abstract-img\">\n<a href=\"http:\/\/hutmachergass.de\/hmg3\/bilder\/rad\/20230717-elsass\/20230717203909-6723-neuwindstein.jpg\"><img decoding=\"async\" src=\"https:\/\/hutmachergass.de\/hmg\/php\/getimg.php?img=http:\/\/hutmachergass.de\/hmg3\/bilder\/rad\/20230717-elsass\/20230717203909-6723-neuwindstein.jpg&wdth=250&qlty=85\" \/><\/a>\n<\/div>\n<div class=\"abstract-text\">\n<p>von landau das queichtal hoch bis hinterweidenthal, wieslauter runter, via bundenthal und nothweiler ins elsass. steinbachtal hoch und nach windstein im schwarzbachtal.<\/p>\n<\/div>\n<\/section>\n<p class=\"beforeimg\">\n<a href=\"http:\/\/hutmachergass.de\/hmg3\/bilder\/rad\/20230717-elsass\/20230717114817-1512-start_landau.jpg\"><img decoding=\"async\" src=\"https:\/\/hutmachergass.de\/hmg\/php\/getimg.php?img=http:\/\/hutmachergass.de\/hmg3\/bilder\/rad\/20230717-elsass\/20230717114817-1512-start_landau.jpg&wdth=600&qlty=85\" \/><\/a>\n<span class=\"bu\">&nbsp;<\/span><\/p>\n<a href=\"http:\/\/hutmachergass.de\/hmg3\/bilder\/rad\/20230717-elsass\/20230717141024-6671-hinterweidenthal.jpg\"><img decoding=\"async\" src=\"https:\/\/hutmachergass.de\/hmg\/php\/getimg.php?img=http:\/\/hutmachergass.de\/hmg3\/bilder\/rad\/20230717-elsass\/20230717141024-6671-hinterweidenthal.jpg&wdth=600&qlty=85\" \/><\/a>\n<span class=\"bu\">mittagspause bei hinterweidenthal<\/span><\/p>\n<a href=\"http:\/\/hutmachergass.de\/hmg3\/bilder\/rad\/20230717-elsass\/20230717165028-1517-grenze_litschhof.jpg\"><img decoding=\"async\" src=\"https:\/\/hutmachergass.de\/hmg\/php\/getimg.php?img=http:\/\/hutmachergass.de\/hmg3\/bilder\/rad\/20230717-elsass\/20230717165028-1517-grenze_litschhof.jpg&wdth=600&qlty=85\" \/><\/a>\n<span class=\"bu\">in frankreich<\/span><\/p>\n<a href=\"http:\/\/hutmachergass.de\/hmg3\/bilder\/rad\/20230717-elsass\/20230717170417-6686-gimbelhof.jpg\"><img decoding=\"async\" src=\"https:\/\/hutmachergass.de\/hmg\/php\/getimg.php?img=http:\/\/hutmachergass.de\/hmg3\/bilder\/rad\/20230717-elsass\/20230717170417-6686-gimbelhof.jpg&wdth=600&qlty=85\" \/><\/a>\n<span class=\"bu\">&nbsp;<\/span><\/p>\n<a href=\"http:\/\/hutmachergass.de\/hmg3\/bilder\/rad\/20230717-elsass\/20230717173832-1528-niedersteinbach.jpg\"><img decoding=\"async\" src=\"https:\/\/hutmachergass.de\/hmg\/php\/getimg.php?img=http:\/\/hutmachergass.de\/hmg3\/bilder\/rad\/20230717-elsass\/20230717173832-1528-niedersteinbach.jpg&wdth=600&qlty=85\" \/><\/a>\n<span class=\"bu\"><a href=\"https:\/\/www.dna.fr\/amp\/culture-loisirs\/2023\/04\/28\/une-statue-originale-inauguree-sur-le-parcours-cycliste-transfrontalier\" rel=\"noopener\" target=\"_blank\">radfahrer*innen unterwegs<\/a>  <\/span><\/p>\n<a href=\"http:\/\/hutmachergass.de\/hmg3\/bilder\/rad\/20230717-elsass\/20230717174703-niedersteinbach.jpg\"><img decoding=\"async\" src=\"https:\/\/hutmachergass.de\/hmg\/php\/getimg.php?img=http:\/\/hutmachergass.de\/hmg3\/bilder\/rad\/20230717-elsass\/20230717174703-niedersteinbach.jpg&wdth=600&qlty=85\" \/><\/a>\n<span class=\"bu\">kaltes klares vogesenwasser<\/span><\/p>\n<a href=\"http:\/\/hutmachergass.de\/hmg3\/bilder\/rad\/20230717-elsass\/20230717200308-1535-hotel_windstein.jpg\"><img decoding=\"async\" src=\"https:\/\/hutmachergass.de\/hmg\/php\/getimg.php?img=http:\/\/hutmachergass.de\/hmg3\/bilder\/rad\/20230717-elsass\/20230717200308-1535-hotel_windstein.jpg&wdth=600&qlty=85\" \/><\/a>\n<span class=\"bu\">hotel windstein<\/span><\/p>\n<a href=\"http:\/\/hutmachergass.de\/hmg3\/bilder\/rad\/20230717-elsass\/20230717192013-6696-hotel_windstein.jpg\"><img decoding=\"async\" src=\"https:\/\/hutmachergass.de\/hmg\/php\/getimg.php?img=http:\/\/hutmachergass.de\/hmg3\/bilder\/rad\/20230717-elsass\/20230717192013-6696-hotel_windstein.jpg&wdth=600&qlty=85\" \/><\/a>\n<span class=\"bu\">&nbsp;<\/span><\/p>\n<a href=\"http:\/\/hutmachergass.de\/hmg3\/bilder\/rad\/20230717-elsass\/20230717203909-6723-neuwindstein.jpg\"><img decoding=\"async\" src=\"https:\/\/hutmachergass.de\/hmg\/php\/getimg.php?img=http:\/\/hutmachergass.de\/hmg3\/bilder\/rad\/20230717-elsass\/20230717203909-6723-neuwindstein.jpg&wdth=600&qlty=85\" \/><\/a>\n<span class=\"bu\"><a class=\"extern\" href=\"https:\/\/de.wikipedia.org\/wiki\/Burg_Neuwindstein\" target=\"_blank\" rel=\"noopener\">ruine neuwindstein<\/a><\/span><\/p>\n<a href=\"http:\/\/hutmachergass.de\/hmg3\/bilder\/rad\/20230717-elsass\/20230717203731-1548-neuwindstein.jpg\"><img decoding=\"async\" src=\"https:\/\/hutmachergass.de\/hmg\/php\/getimg.php?img=http:\/\/hutmachergass.de\/hmg3\/bilder\/rad\/20230717-elsass\/20230717203731-1548-neuwindstein.jpg&wdth=600&qlty=85\" \/><\/a>\n<span class=\"bu\">&nbsp;<\/span><\/p>\n<a href=\"http:\/\/hutmachergass.de\/hmg3\/bilder\/rad\/20230717-elsass\/20230717203810-6721-neuwindstein.jpg\"><img decoding=\"async\" src=\"https:\/\/hutmachergass.de\/hmg\/php\/getimg.php?img=http:\/\/hutmachergass.de\/hmg3\/bilder\/rad\/20230717-elsass\/20230717203810-6721-neuwindstein.jpg&wdth=600&qlty=85\" \/><\/a>\n<span class=\"bu\">&nbsp;<\/span><\/p>\n<a href=\"http:\/\/hutmachergass.de\/hmg3\/bilder\/rad\/20230717-elsass\/20230717203711-1546-neuwindstein.jpg\"><img decoding=\"async\" src=\"https:\/\/hutmachergass.de\/hmg\/php\/getimg.php?img=http:\/\/hutmachergass.de\/hmg3\/bilder\/rad\/20230717-elsass\/20230717203711-1546-neuwindstein.jpg&wdth=600&qlty=85\" \/><\/a>\n<span class=\"bu\">&nbsp;<\/span><\/p>\n<a href=\"http:\/\/hutmachergass.de\/hmg3\/bilder\/rad\/20230717-elsass\/20230717211107-1568-neuwindstein.jpg\"><img decoding=\"async\" src=\"https:\/\/hutmachergass.de\/hmg\/php\/getimg.php?img=http:\/\/hutmachergass.de\/hmg3\/bilder\/rad\/20230717-elsass\/20230717211107-1568-neuwindstein.jpg&wdth=600&qlty=85\" \/><\/a>\n<p class=\"beforeimg\">\n<h4>oruxmaps<\/h4>\n<p>Strecke: 75,6 km (06:45) &#8211; Maximale H\u00f6he: 360 m &#8211; Aufstieg: 1012 m &#8211; Abstieg: 936 m<\/p>\n<h3>windstein \u2013 monswiller bei saverne<\/h3>\n<section class=\"abstract-grid\">\n<div class=\"abstract-img\">\n<a href=\"http:\/\/hutmachergass.de\/hmg3\/bilder\/rad\/20230717-elsass\/20230718122141-1587-unterfeld.jpg\"><img decoding=\"async\" src=\"https:\/\/hutmachergass.de\/hmg\/php\/getimg.php?img=http:\/\/hutmachergass.de\/hmg3\/bilder\/rad\/20230717-elsass\/20230718122141-1587-unterfeld.jpg&wdth=250&qlty=85\" \/><\/a>\n<\/div>\n<div class=\"abstract-text\">\n<p>das schwarzbachtal entlang der maginot-linie hoch bis sturzelbronn, r\u00fcber ins zinseltal, pause am ramstein plage, weiter das zinseltal runter und am rand der nordvogesen nach ingwiller. ab bouxwiller auf der trasse der <a class=\"extern\" href=\"https:\/\/de.wikipedia.org\/wiki\/Bahnstrecke_Steinbourg%E2%80%93Rastatt\" target=\"_blank\" rel=\"noopener\">bahnstrecke Steinbourg\u2013Rastatt<\/a> bis dossenheim an der s\u00fcdzinsel und \u00fcber die h\u00fcgel nach monswiller.<\/p>\n<\/div>\n<\/section>\n<p class=\"beforeimg\">\n<a href=\"http:\/\/hutmachergass.de\/hmg3\/bilder\/rad\/20230717-elsass\/20230718103128-1572-neunhoffen.jpg\"><img decoding=\"async\" src=\"https:\/\/hutmachergass.de\/hmg\/php\/getimg.php?img=http:\/\/hutmachergass.de\/hmg3\/bilder\/rad\/20230717-elsass\/20230718103128-1572-neunhoffen.jpg&wdth=600&qlty=85\" \/><\/a>\n<span class=\"bu\">maginot-linie<\/span><\/p>\n<a href=\"http:\/\/hutmachergass.de\/hmg3\/bilder\/rad\/20230717-elsass\/20230718105007-1582-neunhoffen.jpg\"><img decoding=\"async\" src=\"https:\/\/hutmachergass.de\/hmg\/php\/getimg.php?img=http:\/\/hutmachergass.de\/hmg3\/bilder\/rad\/20230717-elsass\/20230718105007-1582-neunhoffen.jpg&wdth=600&qlty=85\" \/><\/a>\n<span class=\"bu\"><a class=\"extern\" href=\"https:\/\/de.wikipedia.org\/wiki\/Schwarzbach_(Falkensteinerbach)\" target=\"_blank\" rel=\"noopener\">schwarzbachtal<\/a><\/span><\/p>\n<a href=\"http:\/\/hutmachergass.de\/hmg3\/bilder\/rad\/20230717-elsass\/20230718122141-1587-unterfeld.jpg\"><img decoding=\"async\" src=\"https:\/\/hutmachergass.de\/hmg\/php\/getimg.php?img=http:\/\/hutmachergass.de\/hmg3\/bilder\/rad\/20230717-elsass\/20230718122141-1587-unterfeld.jpg&wdth=600&qlty=85\" \/><\/a>\n<span class=\"bu\"><a class=\"extern\" href=\"https:\/\/de.wikipedia.org\/wiki\/Bahnstrecke_Haguenau%E2%80%93Falck-Hargarten\" target=\"_blank\" rel=\"noopener\">bahnstrecke haguenau\u2013falck-hargarten<\/a><\/span><\/p>\n<a href=\"http:\/\/hutmachergass.de\/hmg3\/bilder\/rad\/20230717-elsass\/20230718125900-1609-ramstein_plage.jpg\"><img decoding=\"async\" src=\"https:\/\/hutmachergass.de\/hmg\/php\/getimg.php?img=http:\/\/hutmachergass.de\/hmg3\/bilder\/rad\/20230717-elsass\/20230718125900-1609-ramstein_plage.jpg&wdth=600&qlty=85\" \/><\/a>\n<span class=\"bu\">&nbsp;<\/span><\/p>\n<a href=\"http:\/\/hutmachergass.de\/hmg3\/bilder\/rad\/20230717-elsass\/20230718134319-1615-zinseltal.jpg\"><img decoding=\"async\" src=\"https:\/\/hutmachergass.de\/hmg\/php\/getimg.php?img=http:\/\/hutmachergass.de\/hmg3\/bilder\/rad\/20230717-elsass\/20230718134319-1615-zinseltal.jpg&wdth=600&qlty=85\" \/><\/a>\n<span class=\"bu\"><a class=\"extern\" href=\"https:\/\/de.wikipedia.org\/wiki\/N%C3%B6rdliche_Zinsel\" target=\"_blank\" rel=\"noopener\">n\u00f6rdliche zinsel<\/a><\/span><\/p>\n<a href=\"http:\/\/hutmachergass.de\/hmg3\/bilder\/rad\/20230717-elsass\/20230718164413-1623-neuwiller.jpg\"><img decoding=\"async\" src=\"https:\/\/hutmachergass.de\/hmg\/php\/getimg.php?img=http:\/\/hutmachergass.de\/hmg3\/bilder\/rad\/20230717-elsass\/20230718164413-1623-neuwiller.jpg&wdth=600&qlty=85\" \/><\/a>\n<span class=\"bu\">bahnstrecke Steinbourg\u2013Rastatt<\/span><\/p>\n<a href=\"http:\/\/hutmachergass.de\/hmg3\/bilder\/rad\/20230717-elsass\/20230718171607-1645-monswiller.jpg\"><img decoding=\"async\" src=\"https:\/\/hutmachergass.de\/hmg\/php\/getimg.php?img=http:\/\/hutmachergass.de\/hmg3\/bilder\/rad\/20230717-elsass\/20230718171607-1645-monswiller.jpg&wdth=600&qlty=85\" \/><\/a>\n<span class=\"bu\">monswiller<\/span><\/p>\n<p class=\"beforeimg\">\n<h4>oruxmaps<\/h4>\n<p>Strecke: 73,2 km (07:07) &#8211; Maximale H\u00f6he: 307 m &#8211; Aufstieg: 932 m &#8211; Abstieg: 931 m<\/p>\n<h3>monswiller \u2013 vill\u00e9<\/h3>\n<section class=\"abstract-grid\">\n<div class=\"abstract-img\">\n<a href=\"http:\/\/hutmachergass.de\/hmg3\/bilder\/rad\/20230717-elsass\/20230719114025-1710-brechlingen.jpg\"><img decoding=\"async\" src=\"https:\/\/hutmachergass.de\/hmg\/php\/getimg.php?img=http:\/\/hutmachergass.de\/hmg3\/bilder\/rad\/20230717-elsass\/20230719114025-1710-brechlingen.jpg&wdth=250&qlty=85\" \/><\/a>\n<\/div>\n<div class=\"abstract-text\">\n<p>nach kleinem fr\u00fchst\u00fcck in saverne via marmoutier nach romanswiller und dort auf die trasse der <a class=\"extern\" href=\"https:\/\/de.wikipedia.org\/wiki\/Bahnstrecke_S%C3%A9lestat%E2%80%93Saverne\" target=\"_blank\" rel=\"noopener\">bahnstrecke s\u00e9lestat\u2013saverne<\/a> mehr oder weniger durchgehend bis molsheim. mit cappu-pause in obernai weiter am vogesenrand entlang und in eichhoffen richtung vill\u00e9 abgebogen. das bedeutete einen etwas z\u00e4hen anstieg auf etwas st\u00e4rker befahrener stra\u00dfe um insgesamt 200 h\u00f6henmeter bis zum sattelpunkt ohne namen, was aber durch eine 5 km lange abfahrt ins weilertal belohnt wurde. <\/p>\n<\/div>\n<\/section>\n<p class=\"beforeimg\">\n<a href=\"http:\/\/hutmachergass.de\/hmg3\/bilder\/rad\/20230717-elsass\/20230719090643-6783-saverne.jpg\"><img decoding=\"async\" src=\"https:\/\/hutmachergass.de\/hmg\/php\/getimg.php?img=http:\/\/hutmachergass.de\/hmg3\/bilder\/rad\/20230717-elsass\/20230719090643-6783-saverne.jpg&wdth=600&qlty=85\" \/><\/a>\n<span class=\"bu\"><a class=\"extern\" href=\"https:\/\/de.wikipedia.org\/wiki\/Saverne\" target=\"_blank\" rel=\"noopener\">Saverne<\/a><\/span><\/p>\n<a href=\"http:\/\/hutmachergass.de\/hmg3\/bilder\/rad\/20230717-elsass\/20230719101432-1651-marmoutier.jpg\"><img decoding=\"async\" src=\"https:\/\/hutmachergass.de\/hmg\/php\/getimg.php?img=http:\/\/hutmachergass.de\/hmg3\/bilder\/rad\/20230717-elsass\/20230719101432-1651-marmoutier.jpg&wdth=600&qlty=85\" \/><\/a>\n<span class=\"bu\"><a class=\"extern\" href=\"https:\/\/de.wikipedia.org\/wiki\/Marmoutier\" target=\"_blank\" rel=\"noopener\">Marmoutier<\/a><\/span><\/p>\n<a href=\"http:\/\/hutmachergass.de\/hmg3\/bilder\/rad\/20230717-elsass\/20230719101441-1655-marmoutier.jpg\"><img decoding=\"async\" src=\"https:\/\/hutmachergass.de\/hmg\/php\/getimg.php?img=http:\/\/hutmachergass.de\/hmg3\/bilder\/rad\/20230717-elsass\/20230719101441-1655-marmoutier.jpg&wdth=600&qlty=85\" \/><\/a>\n<span class=\"bu\">&nbsp;<\/span><\/p>\n<a href=\"http:\/\/hutmachergass.de\/hmg3\/bilder\/rad\/20230717-elsass\/20230719101516-1656-marmoutier.jpg\"><img decoding=\"async\" src=\"https:\/\/hutmachergass.de\/hmg\/php\/getimg.php?img=http:\/\/hutmachergass.de\/hmg3\/bilder\/rad\/20230717-elsass\/20230719101516-1656-marmoutier.jpg&wdth=600&qlty=85\" \/><\/a>\n<span class=\"bu\">&nbsp;<\/span><\/p>\n<a href=\"http:\/\/hutmachergass.de\/hmg3\/bilder\/rad\/20230717-elsass\/20230719101745-1666-marmoutier.jpg\"><img decoding=\"async\" src=\"https:\/\/hutmachergass.de\/hmg\/php\/getimg.php?img=http:\/\/hutmachergass.de\/hmg3\/bilder\/rad\/20230717-elsass\/20230719101745-1666-marmoutier.jpg&wdth=600&qlty=85\" \/><\/a>\n<span class=\"bu\">&nbsp;<\/span><\/p>\n<a href=\"http:\/\/hutmachergass.de\/hmg3\/bilder\/rad\/20230717-elsass\/20230719103627-1672-salenthal.jpg\"><img decoding=\"async\" src=\"https:\/\/hutmachergass.de\/hmg\/php\/getimg.php?img=http:\/\/hutmachergass.de\/hmg3\/bilder\/rad\/20230717-elsass\/20230719103627-1672-salenthal.jpg&wdth=600&qlty=85\" \/><\/a>\n<span class=\"bu\">&nbsp;<\/span><\/p>\n<a href=\"http:\/\/hutmachergass.de\/hmg3\/bilder\/rad\/20230717-elsass\/20230719103743-1681-salenthal.jpg\"><img decoding=\"async\" src=\"https:\/\/hutmachergass.de\/hmg\/php\/getimg.php?img=http:\/\/hutmachergass.de\/hmg3\/bilder\/rad\/20230717-elsass\/20230719103743-1681-salenthal.jpg&wdth=600&qlty=85\" \/><\/a>\n<span class=\"bu\">&nbsp;<\/span><\/p>\n<a href=\"http:\/\/hutmachergass.de\/hmg3\/bilder\/rad\/20230717-elsass\/20230719103818-6792-salenthal.jpg\"><img decoding=\"async\" src=\"https:\/\/hutmachergass.de\/hmg\/php\/getimg.php?img=http:\/\/hutmachergass.de\/hmg3\/bilder\/rad\/20230717-elsass\/20230719103818-6792-salenthal.jpg&wdth=600&qlty=85\" \/><\/a>\n<span class=\"bu\">&nbsp;<\/span><\/p>\n<a href=\"http:\/\/hutmachergass.de\/hmg3\/bilder\/rad\/20230717-elsass\/20230719103922-1684-salenthal.jpg\"><img decoding=\"async\" src=\"https:\/\/hutmachergass.de\/hmg\/php\/getimg.php?img=http:\/\/hutmachergass.de\/hmg3\/bilder\/rad\/20230717-elsass\/20230719103922-1684-salenthal.jpg&wdth=600&qlty=85\" \/><\/a>\n<span class=\"bu\">&nbsp;<\/span><\/p>\n<a href=\"http:\/\/hutmachergass.de\/hmg3\/bilder\/rad\/20230717-elsass\/20230719105932-1687-salenthal.jpg\"><img decoding=\"async\" src=\"https:\/\/hutmachergass.de\/hmg\/php\/getimg.php?img=http:\/\/hutmachergass.de\/hmg3\/bilder\/rad\/20230717-elsass\/20230719105932-1687-salenthal.jpg&wdth=600&qlty=85\" \/><\/a>\n<span class=\"bu\">&nbsp;<\/span><\/p>\n<a href=\"http:\/\/hutmachergass.de\/hmg3\/bilder\/rad\/20230717-elsass\/20230719110736-6807-salenthal.jpg\"><img decoding=\"async\" src=\"https:\/\/hutmachergass.de\/hmg\/php\/getimg.php?img=http:\/\/hutmachergass.de\/hmg3\/bilder\/rad\/20230717-elsass\/20230719110736-6807-salenthal.jpg&wdth=600&qlty=85\" \/><\/a>\n<span class=\"bu\">&nbsp;<\/span><\/p>\n<a href=\"http:\/\/hutmachergass.de\/hmg3\/bilder\/rad\/20230717-elsass\/20230719113058-1704-romanswiller.jpg\"><img decoding=\"async\" src=\"https:\/\/hutmachergass.de\/hmg\/php\/getimg.php?img=http:\/\/hutmachergass.de\/hmg3\/bilder\/rad\/20230717-elsass\/20230719113058-1704-romanswiller.jpg&wdth=600&qlty=85\" \/><\/a>\n<span class=\"bu\">bahnstrecke s\u00e9lestat\u2013saverne<\/span><\/p>\n<a href=\"http:\/\/hutmachergass.de\/hmg3\/bilder\/rad\/20230717-elsass\/20230719114025-1710-brechlingen.jpg\"><img decoding=\"async\" src=\"https:\/\/hutmachergass.de\/hmg\/php\/getimg.php?img=http:\/\/hutmachergass.de\/hmg3\/bilder\/rad\/20230717-elsass\/20230719114025-1710-brechlingen.jpg&wdth=600&qlty=85\" \/><\/a>\n<span class=\"bu\">&nbsp;<\/span><\/p>\n<a href=\"http:\/\/hutmachergass.de\/hmg3\/bilder\/rad\/20230717-elsass\/20230719120443-1719-odratzheim.jpg\"><img decoding=\"async\" src=\"https:\/\/hutmachergass.de\/hmg\/php\/getimg.php?img=http:\/\/hutmachergass.de\/hmg3\/bilder\/rad\/20230717-elsass\/20230719120443-1719-odratzheim.jpg&wdth=600&qlty=85\" \/><\/a>\n<span class=\"bu\">&nbsp;<\/span><\/p>\n<a href=\"http:\/\/hutmachergass.de\/hmg3\/bilder\/rad\/20230717-elsass\/20230719120804-1728-irmstett.jpg\"><img decoding=\"async\" src=\"https:\/\/hutmachergass.de\/hmg\/php\/getimg.php?img=http:\/\/hutmachergass.de\/hmg3\/bilder\/rad\/20230717-elsass\/20230719120804-1728-irmstett.jpg&wdth=600&qlty=85\" \/><\/a>\n<span class=\"bu\">bahnstrecke s\u00e9lestat\u2013saverne<\/span><\/p>\n<a href=\"http:\/\/hutmachergass.de\/hmg3\/bilder\/rad\/20230717-elsass\/20230719122817-1740-molsheim.jpg\"><img decoding=\"async\" src=\"https:\/\/hutmachergass.de\/hmg\/php\/getimg.php?img=http:\/\/hutmachergass.de\/hmg3\/bilder\/rad\/20230717-elsass\/20230719122817-1740-molsheim.jpg&wdth=600&qlty=85\" \/><\/a>\n<span class=\"bu\">bahnstrecke s\u00e9lestat\u2013saverne<\/span><\/p>\n<a href=\"http:\/\/hutmachergass.de\/hmg3\/bilder\/rad\/20230717-elsass\/20230719130123-6818-molsheim.jpg\"><img decoding=\"async\" src=\"https:\/\/hutmachergass.de\/hmg\/php\/getimg.php?img=http:\/\/hutmachergass.de\/hmg3\/bilder\/rad\/20230717-elsass\/20230719130123-6818-molsheim.jpg&wdth=600&qlty=85\" \/><\/a>\n<span class=\"bu\">&nbsp;<\/span><\/p>\n<a href=\"http:\/\/hutmachergass.de\/hmg3\/bilder\/rad\/20230717-elsass\/20230719134223-6819-obernai.jpg\"><img decoding=\"async\" src=\"https:\/\/hutmachergass.de\/hmg\/php\/getimg.php?img=http:\/\/hutmachergass.de\/hmg3\/bilder\/rad\/20230717-elsass\/20230719134223-6819-obernai.jpg&wdth=600&qlty=85\" \/><\/a>\n<span class=\"bu\"><a class=\"extern\" href=\"https:\/\/de.wikipedia.org\/wiki\/Obernai\" target=\"_blank\" rel=\"noopener\">Obernai<\/a><\/span><\/p>\n<a href=\"http:\/\/hutmachergass.de\/hmg3\/bilder\/rad\/20230717-elsass\/20230719134522-6821-obernai.jpg\"><img decoding=\"async\" src=\"https:\/\/hutmachergass.de\/hmg\/php\/getimg.php?img=http:\/\/hutmachergass.de\/hmg3\/bilder\/rad\/20230717-elsass\/20230719134522-6821-obernai.jpg&wdth=600&qlty=85\" \/><\/a>\n<span class=\"bu\">&nbsp;<\/span><\/p>\n<a href=\"http:\/\/hutmachergass.de\/hmg3\/bilder\/rad\/20230717-elsass\/20230719141013-1743-obernai.jpg\"><img decoding=\"async\" src=\"https:\/\/hutmachergass.de\/hmg\/php\/getimg.php?img=http:\/\/hutmachergass.de\/hmg3\/bilder\/rad\/20230717-elsass\/20230719141013-1743-obernai.jpg&wdth=600&qlty=85\" \/><\/a>\n<span class=\"bu\">&nbsp;<\/span><\/p>\n<a href=\"http:\/\/hutmachergass.de\/hmg3\/bilder\/rad\/20230717-elsass\/20230719153106-6824-barr.jpg\"><img decoding=\"async\" src=\"https:\/\/hutmachergass.de\/hmg\/php\/getimg.php?img=http:\/\/hutmachergass.de\/hmg3\/bilder\/rad\/20230717-elsass\/20230719153106-6824-barr.jpg&wdth=600&qlty=85\" \/><\/a>\n<span class=\"bu\"><a class=\"extern\" href=\"https:\/\/de.wikipedia.org\/wiki\/Barr\" target=\"_blank\" rel=\"noopener\">Barr<\/a><\/span><\/p>\n<a href=\"http:\/\/hutmachergass.de\/hmg3\/bilder\/rad\/20230717-elsass\/20230719153848-6826-mittelbergheim.jpg\"><img decoding=\"async\" src=\"https:\/\/hutmachergass.de\/hmg\/php\/getimg.php?img=http:\/\/hutmachergass.de\/hmg3\/bilder\/rad\/20230717-elsass\/20230719153848-6826-mittelbergheim.jpg&wdth=600&qlty=85\" \/><\/a>\n<span class=\"bu\">&nbsp;<\/span><\/p>\n<a href=\"http:\/\/hutmachergass.de\/hmg3\/bilder\/rad\/20230717-elsass\/20230719153849-1748-epfig.jpg\"><img decoding=\"async\" src=\"https:\/\/hutmachergass.de\/hmg\/php\/getimg.php?img=http:\/\/hutmachergass.de\/hmg3\/bilder\/rad\/20230717-elsass\/20230719153849-1748-epfig.jpg&wdth=600&qlty=85\" \/><\/a>\n<span class=\"bu\">&nbsp;<\/span><\/p>\n<a href=\"http:\/\/hutmachergass.de\/hmg3\/bilder\/rad\/20230717-elsass\/20230719160020-6827-andlau.jpg\"><img decoding=\"async\" src=\"https:\/\/hutmachergass.de\/hmg\/php\/getimg.php?img=http:\/\/hutmachergass.de\/hmg3\/bilder\/rad\/20230717-elsass\/20230719160020-6827-andlau.jpg&wdth=600&qlty=85\" \/><\/a>\n<span class=\"bu\">&nbsp;<\/span><\/p>\n<a href=\"http:\/\/hutmachergass.de\/hmg3\/bilder\/rad\/20230717-elsass\/20230719200509-ville_drums.jpg\"><img decoding=\"async\" src=\"https:\/\/hutmachergass.de\/hmg\/php\/getimg.php?img=http:\/\/hutmachergass.de\/hmg3\/bilder\/rad\/20230717-elsass\/20230719200509-ville_drums.jpg&wdth=600&qlty=85\" \/><\/a>\n<span class=\"bu\">&nbsp;<\/span><\/p>\n<a href=\"http:\/\/hutmachergass.de\/hmg3\/bilder\/rad\/20230717-elsass\/20230719200704-6834-ville.jpg\"><img decoding=\"async\" src=\"https:\/\/hutmachergass.de\/hmg\/php\/getimg.php?img=http:\/\/hutmachergass.de\/hmg3\/bilder\/rad\/20230717-elsass\/20230719200704-6834-ville.jpg&wdth=600&qlty=85\" \/><\/a>\n<span class=\"bu\">&nbsp;<\/span><\/p>\n<a href=\"http:\/\/hutmachergass.de\/hmg3\/bilder\/rad\/20230717-elsass\/20230720080834-1760-ville.jpg\"><img decoding=\"async\" src=\"https:\/\/hutmachergass.de\/hmg\/php\/getimg.php?img=http:\/\/hutmachergass.de\/hmg3\/bilder\/rad\/20230717-elsass\/20230720080834-1760-ville.jpg&wdth=600&qlty=85\" \/><\/a>\n<p><!-- npp plugin oxmwp - alt+ctrl+w\naus der track description alles zwischen \n\n<p> und <\/p>\n\n in einen leeren buffer tun\nund alt+ctrl+w ergibt das da\n\/\/--><\/p>\n<p class=\"beforeimg\">\n<h4>oruxmaps<\/h4>\n<p>Strecke: 74,0 km (08:27) &#8211; Maximale H\u00f6he: 393 m &#8211; Aufstieg: 704 m &#8211; Abstieg: 623 m<\/p>\n<h3>vill\u00e9 \u2013 s\u00e9lestat<\/h3>\n<p>unterkunft sehr zu empfehlen, ist nicht ganz billig, aber das fr\u00fchst\u00fcck beim ehemaligen b\u00fcrgermeister &#8230;<\/p>\n<p class=\"beforeimg\">\n<a href=\"http:\/\/hutmachergass.de\/hmg3\/bilder\/rad\/20230717-elsass\/20230720082637-6842-ville_apartment.jpg\"><img decoding=\"async\" src=\"https:\/\/hutmachergass.de\/hmg\/php\/getimg.php?img=http:\/\/hutmachergass.de\/hmg3\/bilder\/rad\/20230717-elsass\/20230720082637-6842-ville_apartment.jpg&wdth=600&qlty=85\" \/><\/a>\n<span class=\"bu\">&nbsp;<\/span><\/p>\n<p>danach kurzer besuch bei einem freund von Gregor in St. Maurice und dann nach s\u00e9lestat zum zug.<\/p>\n<p>regionalexpress nach strasbourg, regionalbahn nach appenweier ziemlich voll und wurde ab kehl nat\u00fcrlich noch voller, aber alle waren freundlich und hilfsbereit. schwarzwaldexpress nach karlsruhe daf\u00fcr nicht voll und regionalbahn nach landau auch recht entspannt.<\/p>\n<p>alles in allem 250 km rad, 2.600 hm.<\/p>\n<p class=\"singleline\"><a href=\"https:\/\/hutmachergass.de\/hmg3\/bilder\/rad\/20230717-elsass\/202307-elsass_track.htm\" rel=\"noopener\" target=\"_blank\"><img decoding=\"async\" src=\"https:\/\/hutmachergass.de\/hmg3\/bilder\/rad\/20230717-elsass\/202307-elsass_karte.jpg\" \/><\/a><\/p>\n","protected":false},"excerpt":{"rendered":"<p>s\u00fcdpfalz, nordvogesen und elsass landau \u2013 windstein von landau das queichtal hoch bis hinterweidenthal, wieslauter runter, via bundenthal und nothweiler ins elsass. steinbachtal hoch und nach windstein im schwarzbachtal. &nbsp; mittagspause bei hinterweidenthal in frankreich &nbsp; radfahrer*innen unterwegs kaltes klares &hellip; <a href=\"https:\/\/hutmachergass.de\/hmg\/steffsblog\/?page_id=6734\">Continue reading <span class=\"meta-nav\">&rarr;<\/span><\/a><\/p>\n","protected":false},"author":2,"featured_media":0,"parent":2422,"menu_order":0,"comment_status":"closed","ping_status":"closed","template":"","meta":{"footnotes":""},"class_list":["post-6734","page","type-page","status-publish","hentry"],"_links":{"self":[{"href":"https:\/\/hutmachergass.de\/hmg\/steffsblog\/index.php?rest_route=\/wp\/v2\/pages\/6734","targetHints":{"allow":["GET"]}}],"collection":[{"href":"https:\/\/hutmachergass.de\/hmg\/steffsblog\/index.php?rest_route=\/wp\/v2\/pages"}],"about":[{"href":"https:\/\/hutmachergass.de\/hmg\/steffsblog\/index.php?rest_route=\/wp\/v2\/types\/page"}],"author":[{"embeddable":true,"href":"https:\/\/hutmachergass.de\/hmg\/steffsblog\/index.php?rest_route=\/wp\/v2\/users\/2"}],"replies":[{"embeddable":true,"href":"https:\/\/hutmachergass.de\/hmg\/steffsblog\/index.php?rest_route=%2Fwp%2Fv2%2Fcomments&post=6734"}],"version-history":[{"count":24,"href":"https:\/\/hutmachergass.de\/hmg\/steffsblog\/index.php?rest_route=\/wp\/v2\/pages\/6734\/revisions"}],"predecessor-version":[{"id":7381,"href":"https:\/\/hutmachergass.de\/hmg\/steffsblog\/index.php?rest_route=\/wp\/v2\/pages\/6734\/revisions\/7381"}],"up":[{"embeddable":true,"href":"https:\/\/hutmachergass.de\/hmg\/steffsblog\/index.php?rest_route=\/wp\/v2\/pages\/2422"}],"wp:attachment":[{"href":"https:\/\/hutmachergass.de\/hmg\/steffsblog\/index.php?rest_route=%2Fwp%2Fv2%2Fmedia&parent=6734"}],"curies":[{"name":"wp","href":"https:\/\/api.w.org\/{rel}","templated":true}]}}