{"id":66,"date":"2012-04-13T08:31:48","date_gmt":"2012-04-13T06:31:48","guid":{"rendered":"http:\/\/hmg.gruene-dieburg.de\/blog\/?page_id=66"},"modified":"2022-02-01T19:15:26","modified_gmt":"2022-02-01T18:15:26","slug":"impressum","status":"publish","type":"page","link":"https:\/\/hutmachergass.de\/hmg\/steffsblog\/?page_id=66","title":{"rendered":"About"},"content":{"rendered":"<div align=\"center\">\n<p><a href=\"?page_id=2882\"><img loading=\"lazy\" decoding=\"async\" src=\"http:\/\/hutmachergass.de\/hmg\/bilder\/swcoimbras.jpg\" title=\"Coimbra 1981\" alt=\"Coimbra 1981\" align=\"middle\" width=\"126\" height=\"180\" border=1\/><\/a><\/p>\n<p>\n<script language=\"Javascript\">\n   \/\/ ...\n   tld=\"de\"\n   sld=\"hutmachergass.\"\n   mt=\"mail\"\n   bn=\"to:blogimpressum\"\n   ett=\"@\"\n   document.write(\"<a href='\"+mt+\"\"+bn+\"\"+ett+\"\"+sld+\"\"+tld+\"'><i>Stephan Weber<\/i><\/a>\")\n<\/script><br \/>\n<i>Hutmachergasse 13<br \/>64807 Dieburg<\/i><br \/>\n<a href=\"http:\/\/hutmachergass.de\/swh.asc\">PGP public key<\/a><\/p>\n<hr width=\"50%\"\/>\n<\/div>\n<h1>Datenschutzerkl\u00e4rung<\/h1>\n<h2>Geltungsbereich<\/h2>\n<p>Diese Datenschutzerkl\u00e4rung soll die Nutzer dieser Website gem\u00e4\u00df Bundesdatenschutzgesetz und Telemediengesetz \u00fcber die Art, den Umfang und den Zweck der Erhebung und Verwendung personenbezogener Daten durch den Websitebetreiber Stephan Weber informieren.<\/p>\n<p>Stephan Weber nimmt Ihren Datenschutz sehr ernst und erfasst mit dieser Website keine personenbezogenen Daten. Dennoch: bedenken Sie, dass die Daten\u00fcbertragung im Internet grunds\u00e4tzlich mit Sicherheitsl\u00fccken bedacht sein kann. Ein vollumf\u00e4nglicher Schutz vor dem Zugriff durch Fremde ist nicht realisierbar.<\/p>\n<h2>Zugriffsdaten<\/h2>\n<p>Der Seitenprovider (1und1) erhebt Daten \u00fcber Zugriffe auf die Seite und speichert diese als \u201eServer-Logfiles\u201c. Folgende Daten werden so protokolliert:<\/p>\n<ul>\n<li>\n       Besuchte Website\n      <\/li>\n<li>\n       Uhrzeit zum Zeitpunkt des Zugriffes\n      <\/li>\n<li>\n       Menge der gesendeten Daten in Byte\n      <\/li>\n<li>\n       Quelle\/Verweis, von welchem Sie auf die Seite gelangten\n      <\/li>\n<li>\n       Verwendeter Browser\n      <\/li>\n<li>\n       Verwendetes Betriebssystem\n      <\/li>\n<li>\n       Verwendete IP-Adresse\n      <\/li>\n<\/ul>\n<p>Die erhobenen Daten werden von Stephan Weber in keiner Weise genutzt. Er beh\u00e4lt sich allerdings vor, die Server-Logfiles nachtr\u00e4glich zu \u00fcberpr\u00fcfen, sollten konkrete Anhaltspunkte auf eine rechtswidrige Nutzung hinweisen.<\/p>\n<h2>Cookies<\/h2>\n<p>Diese Website verwendet keine Cookies.<\/p>\n<h2>Umgang mit personenbezogenen Daten<\/h2>\n<p>Der Websitebetreiber erhebt keine personenbezogenen Daten. Als personenbezogene Daten gelten s\u00e4mtliche Informationen, welche dazu dienen, Ihre Person zu bestimmen und welche zu Ihnen zur\u00fcckverfolgt werden k\u00f6nnen \u2013 also beispielsweise Ihr Name, Ihre E-Mail-Adresse und Telefonnummer.<\/p>\n<h2>Google Analytics<\/h2>\n<p>Diese Website nutzt den Dienst \u201eGoogle Analytics\u201c nicht.<\/p>\n<h2>Nutzung von Social-Media-Plugins<\/h2>\n<p>Diese Website verwendet keine Social-Media-Plugins.<\/p>\n<h2>Rechte des Nutzers: Auskunft, Berichtigung und L\u00f6schung<\/h2>\n<p>Wo keine Daten anfallen, kann man auch keine l\u00f6schen.<\/p>\n","protected":false},"excerpt":{"rendered":"<p>Hutmachergasse 1364807 Dieburg PGP public key Datenschutzerkl\u00e4rung Geltungsbereich Diese Datenschutzerkl\u00e4rung soll die Nutzer dieser Website gem\u00e4\u00df Bundesdatenschutzgesetz und Telemediengesetz \u00fcber die Art, den Umfang und den Zweck der Erhebung und Verwendung personenbezogener Daten durch den Websitebetreiber Stephan Weber informieren. Stephan &hellip; <a href=\"https:\/\/hutmachergass.de\/hmg\/steffsblog\/?page_id=66\">Continue reading <span class=\"meta-nav\">&rarr;<\/span><\/a><\/p>\n","protected":false},"author":3,"featured_media":0,"parent":0,"menu_order":0,"comment_status":"closed","ping_status":"closed","template":"","meta":{"footnotes":""},"class_list":["post-66","page","type-page","status-publish","hentry"],"_links":{"self":[{"href":"https:\/\/hutmachergass.de\/hmg\/steffsblog\/index.php?rest_route=\/wp\/v2\/pages\/66","targetHints":{"allow":["GET"]}}],"collection":[{"href":"https:\/\/hutmachergass.de\/hmg\/steffsblog\/index.php?rest_route=\/wp\/v2\/pages"}],"about":[{"href":"https:\/\/hutmachergass.de\/hmg\/steffsblog\/index.php?rest_route=\/wp\/v2\/types\/page"}],"author":[{"embeddable":true,"href":"https:\/\/hutmachergass.de\/hmg\/steffsblog\/index.php?rest_route=\/wp\/v2\/users\/3"}],"replies":[{"embeddable":true,"href":"https:\/\/hutmachergass.de\/hmg\/steffsblog\/index.php?rest_route=%2Fwp%2Fv2%2Fcomments&post=66"}],"version-history":[{"count":0,"href":"https:\/\/hutmachergass.de\/hmg\/steffsblog\/index.php?rest_route=\/wp\/v2\/pages\/66\/revisions"}],"wp:attachment":[{"href":"https:\/\/hutmachergass.de\/hmg\/steffsblog\/index.php?rest_route=%2Fwp%2Fv2%2Fmedia&parent=66"}],"curies":[{"name":"wp","href":"https:\/\/api.w.org\/{rel}","templated":true}]}}