{"id":5146,"date":"2020-12-23T18:08:06","date_gmt":"2020-12-23T17:08:06","guid":{"rendered":"http:\/\/hutmachergass.de\/hmg\/steffsblog\/?page_id=5146"},"modified":"2023-03-04T17:13:18","modified_gmt":"2023-03-04T16:13:18","slug":"fahrradstadt-munster","status":"publish","type":"page","link":"https:\/\/hutmachergass.de\/hmg\/steffsblog\/?page_id=5146","title":{"rendered":"fahrradstadt m\u00fcnster"},"content":{"rendered":"<p>ja, schon. muss man differenziert sehen. in der weitgehend autofreien altstadt praktisch alle einbahnstra\u00dfen frei, autofahrer fahren vorsichtig, wirklich sehr viele radfahrer unterwegs, viele auch ziemlich schnell, ein bisschen wie amsterdam. es fahren auch viele \u00e4ltere (frauen) rad.<\/p>\n<p>die stadtmauerroute, eine sch\u00f6ne lindenallee als ring um den altstadtkern richtig cool, breit und gut zu fahren, die gro\u00dfen radrouten nach drau\u00dfen gut ausgebaute radwege und als schnellverbindungen gut. <\/p>\n<p><span>&nbsp;<\/span><\/p>\n<a href=\"http:\/\/hutmachergass.de\/hmg3\/bilder\/20200714-muenster\/20200717143322.jpg\"><img decoding=\"async\" src=\"https:\/\/hutmachergass.de\/hmg\/php\/getimg.php?img=http:\/\/hutmachergass.de\/hmg3\/bilder\/20200714-muenster\/20200717143322.jpg&wdth=600&qlty=85\" \/><\/a>\n<span class=\"bu\"><a href=\"https:\/\/de.wikipedia.org\/wiki\/Promenade_(M%C3%BCnster)\">stadtring lindenallee<\/a><\/span><\/p>\n<a href=\"http:\/\/hutmachergass.de\/hmg3\/bilder\/20200714-muenster\/20200717151911.jpg\"><img decoding=\"async\" src=\"https:\/\/hutmachergass.de\/hmg\/php\/getimg.php?img=http:\/\/hutmachergass.de\/hmg3\/bilder\/20200714-muenster\/20200717151911.jpg&wdth=600&qlty=85\" \/><\/a>\n<span class=\"bu\">&nbsp;<\/span><\/p>\n<a href=\"http:\/\/hutmachergass.de\/hmg3\/bilder\/20200714-muenster\/20200715135831.jpg\"><img decoding=\"async\" src=\"https:\/\/hutmachergass.de\/hmg\/php\/getimg.php?img=http:\/\/hutmachergass.de\/hmg3\/bilder\/20200714-muenster\/20200715135831.jpg&wdth=600&qlty=85\" \/><\/a>\n<span class=\"bu\">die westliche bahnhofsunterquerung<\/span><\/p>\n<a href=\"http:\/\/hutmachergass.de\/hmg3\/bilder\/20200714-muenster\/20200716174512.jpg\"><img decoding=\"async\" src=\"https:\/\/hutmachergass.de\/hmg\/php\/getimg.php?img=http:\/\/hutmachergass.de\/hmg3\/bilder\/20200714-muenster\/20200716174512.jpg&wdth=600&qlty=85\" \/><\/a>\n<span class=\"bu\">radschnellweg<\/span><\/p>\n<p>aber au\u00dferhalb der altstadt gibt es vielzuviele benutzungspflichtige gehradwege, manche zwar gen\u00fcgend breit, viele aber zu schmal und viele noch aus alten zeiten, um die radfahrer von der stra\u00dfe wegzuhalten, unter inkaufnahme der konflikte mit fu\u00dfg\u00e4ngern, besonders an kreuzungen (ein bisschen wie in ljubljana, nur sind in m\u00fcnster die radstreifen deutlich breiter). sehr oft solche schmalen benutzungspflichtigen gehradwege an wenig befahrenen stra\u00dfen, wo sie nun v\u00f6lliger bl\u00f6dsinn sind. an einer solchen stelle fuhr ein suv neben mir und meinte durch das runtergelassene beifahrerfenster, das es doch den radweg g\u00e4be. angehupt hat mich aber keiner; \u00fcberhaupt wenig hupen.<\/p>\n<p><span>&nbsp;<\/span><\/p>\n<a href=\"http:\/\/hutmachergass.de\/hmg3\/bilder\/20200714-muenster\/20200715200138.jpg\"><img decoding=\"async\" src=\"https:\/\/hutmachergass.de\/hmg\/php\/getimg.php?img=http:\/\/hutmachergass.de\/hmg3\/bilder\/20200714-muenster\/20200715200138.jpg&wdth=600&qlty=85\" \/><\/a>\n<span class=\"bu\">mein liebstes hassobjekt, <a href=\"https:\/\/de.wikipedia.org\/wiki\/Radverkehrsanlage#Gemeinsame_Geh-_und_Radwege\">Vz 240<\/a><\/span><\/p>\n<a href=\"http:\/\/hutmachergass.de\/hmg3\/bilder\/20200714-muenster\/20200717190753.jpg\"><img decoding=\"async\" src=\"https:\/\/hutmachergass.de\/hmg\/php\/getimg.php?img=http:\/\/hutmachergass.de\/hmg3\/bilder\/20200714-muenster\/20200717190753.jpg&wdth=600&qlty=85\" \/><\/a>\n<span class=\"bu\">und Vz 241<\/span><\/p>\n<a href=\"http:\/\/hutmachergass.de\/hmg3\/bilder\/20200714-muenster\/20200717182954-4738.JPG\"><img decoding=\"async\" src=\"https:\/\/hutmachergass.de\/hmg\/php\/getimg.php?img=http:\/\/hutmachergass.de\/hmg3\/bilder\/20200714-muenster\/20200717182954-4738.JPG&wdth=600&qlty=85\" \/><\/a>\n<span class=\"bu\">zu schmal<\/span><\/p>\n<p>an den kreuzungen meist fahrradfreundliche ampelschaltungen, aber mitunter aufgrund der vielfalt verwirrend, zumindest f\u00fcr ortsfremde. im blickfeld eine fahrradampel (manchmal unklar, f\u00fcr welche richtung die gilt), zwei fu\u00dfg\u00e4ngerampeln und zwei autoampeln. da w\u00e4re es erheblich sinnvoller, den radverkehr auf der stra\u00dfe zu f\u00fchren.<\/p>\n<p>paar weitere impressionen<\/p>\n<p><span>&nbsp;<\/span><\/p>\n<a href=\"http:\/\/hutmachergass.de\/hmg3\/bilder\/20200714-muenster\/20200715143903.jpg\"><img decoding=\"async\" src=\"https:\/\/hutmachergass.de\/hmg\/php\/getimg.php?img=http:\/\/hutmachergass.de\/hmg3\/bilder\/20200714-muenster\/20200715143903.jpg&wdth=600&qlty=85\" \/><\/a>\n<span class=\"bu\">stadthafen vom <a href=\"https:\/\/de.wikipedia.org\/wiki\/Dortmund-Ems-Kanal\">dortmund-ems-kanal<\/a> &#8211; radweg aus<\/span><\/p>\n<a href=\"http:\/\/hutmachergass.de\/hmg3\/bilder\/20200714-muenster\/20200716160714.jpg\"><img decoding=\"async\" src=\"https:\/\/hutmachergass.de\/hmg\/php\/getimg.php?img=http:\/\/hutmachergass.de\/hmg3\/bilder\/20200714-muenster\/20200716160714.jpg&wdth=600&qlty=85\" \/><\/a>\n<span class=\"bu\">DEK nordw\u00e4rts<\/span><\/p>\n<a href=\"http:\/\/hutmachergass.de\/hmg3\/bilder\/20200714-muenster\/20200716165419.jpg\"><img decoding=\"async\" src=\"https:\/\/hutmachergass.de\/hmg\/php\/getimg.php?img=http:\/\/hutmachergass.de\/hmg3\/bilder\/20200714-muenster\/20200716165419.jpg&wdth=600&qlty=85\" \/><\/a>\n<span class=\"bu\">&nbsp;<\/span><\/p>\n<a href=\"http:\/\/hutmachergass.de\/hmg3\/bilder\/20200714-muenster\/20200716170209.jpg\"><img decoding=\"async\" src=\"https:\/\/hutmachergass.de\/hmg\/php\/getimg.php?img=http:\/\/hutmachergass.de\/hmg3\/bilder\/20200714-muenster\/20200716170209.jpg&wdth=600&qlty=85\" \/><\/a>\n<span class=\"bu\">&nbsp;<\/span><\/p>\n<a href=\"http:\/\/hutmachergass.de\/hmg3\/bilder\/20200714-muenster\/20200716172236.jpg\"><img decoding=\"async\" src=\"https:\/\/hutmachergass.de\/hmg\/php\/getimg.php?img=http:\/\/hutmachergass.de\/hmg3\/bilder\/20200714-muenster\/20200716172236.jpg&wdth=600&qlty=85\" \/><\/a>\n<span class=\"bu\"><a href=\"https:\/\/de.wikipedia.org\/wiki\/Rieselfelder_M%C3%BCnster\">rieselfelder<\/a><\/span><\/p>\n<a href=\"http:\/\/hutmachergass.de\/hmg3\/bilder\/20200714-muenster\/20200717173355-4678.JPG\"><img decoding=\"async\" src=\"https:\/\/hutmachergass.de\/hmg\/php\/getimg.php?img=http:\/\/hutmachergass.de\/hmg3\/bilder\/20200714-muenster\/20200717173355-4678.JPG&wdth=600&qlty=85\" \/><\/a>\n<span class=\"bu\">DEK s\u00fcdw\u00e4rts<\/span><\/p>\n<a href=\"http:\/\/hutmachergass.de\/hmg3\/bilder\/20200714-muenster\/20200717173935-4700.JPG\"><img decoding=\"async\" src=\"https:\/\/hutmachergass.de\/hmg\/php\/getimg.php?img=http:\/\/hutmachergass.de\/hmg3\/bilder\/20200714-muenster\/20200717173935-4700.JPG&wdth=600&qlty=85\" \/><\/a>\n<span class=\"bu\">&nbsp;<\/span><\/p>\n<a href=\"http:\/\/hutmachergass.de\/hmg3\/bilder\/20200714-muenster\/20200717183335-4741.JPG\"><img decoding=\"async\" src=\"https:\/\/hutmachergass.de\/hmg\/php\/getimg.php?img=http:\/\/hutmachergass.de\/hmg3\/bilder\/20200714-muenster\/20200717183335-4741.JPG&wdth=600&qlty=85\" \/><\/a>\n<span class=\"bu\">&nbsp;<\/span><\/p>\n<a href=\"http:\/\/hutmachergass.de\/hmg3\/bilder\/20200714-muenster\/20200715123642.jpg\"><img decoding=\"async\" src=\"https:\/\/hutmachergass.de\/hmg\/php\/getimg.php?img=http:\/\/hutmachergass.de\/hmg3\/bilder\/20200714-muenster\/20200715123642.jpg&wdth=600&qlty=85\" \/><\/a>\n<span class=\"bu\">an der stelle (botanischer garten) wird wohl kaum solch ein kreisel gebaut werden.<\/span><\/p>\n","protected":false},"excerpt":{"rendered":"<p>ja, schon. muss man differenziert sehen. in der weitgehend autofreien altstadt praktisch alle einbahnstra\u00dfen frei, autofahrer fahren vorsichtig, wirklich sehr viele radfahrer unterwegs, viele auch ziemlich schnell, ein bisschen wie amsterdam. es fahren auch viele \u00e4ltere (frauen) rad. die stadtmauerroute, &hellip; <a href=\"https:\/\/hutmachergass.de\/hmg\/steffsblog\/?page_id=5146\">Continue reading <span class=\"meta-nav\">&rarr;<\/span><\/a><\/p>\n","protected":false},"author":2,"featured_media":0,"parent":2182,"menu_order":0,"comment_status":"closed","ping_status":"closed","template":"","meta":{"footnotes":""},"class_list":["post-5146","page","type-page","status-publish","hentry"],"_links":{"self":[{"href":"https:\/\/hutmachergass.de\/hmg\/steffsblog\/index.php?rest_route=\/wp\/v2\/pages\/5146","targetHints":{"allow":["GET"]}}],"collection":[{"href":"https:\/\/hutmachergass.de\/hmg\/steffsblog\/index.php?rest_route=\/wp\/v2\/pages"}],"about":[{"href":"https:\/\/hutmachergass.de\/hmg\/steffsblog\/index.php?rest_route=\/wp\/v2\/types\/page"}],"author":[{"embeddable":true,"href":"https:\/\/hutmachergass.de\/hmg\/steffsblog\/index.php?rest_route=\/wp\/v2\/users\/2"}],"replies":[{"embeddable":true,"href":"https:\/\/hutmachergass.de\/hmg\/steffsblog\/index.php?rest_route=%2Fwp%2Fv2%2Fcomments&post=5146"}],"version-history":[{"count":0,"href":"https:\/\/hutmachergass.de\/hmg\/steffsblog\/index.php?rest_route=\/wp\/v2\/pages\/5146\/revisions"}],"up":[{"embeddable":true,"href":"https:\/\/hutmachergass.de\/hmg\/steffsblog\/index.php?rest_route=\/wp\/v2\/pages\/2182"}],"wp:attachment":[{"href":"https:\/\/hutmachergass.de\/hmg\/steffsblog\/index.php?rest_route=%2Fwp%2Fv2%2Fmedia&parent=5146"}],"curies":[{"name":"wp","href":"https:\/\/api.w.org\/{rel}","templated":true}]}}