{"id":5058,"date":"2020-12-06T12:46:49","date_gmt":"2020-12-06T11:46:49","guid":{"rendered":"http:\/\/hutmachergass.de\/hmg\/steffsblog\/?page_id=5058"},"modified":"2020-12-06T18:02:57","modified_gmt":"2020-12-06T17:02:57","slug":"gruns","status":"publish","type":"page","link":"https:\/\/hutmachergass.de\/hmg\/steffsblog\/?page_id=5058","title":{"rendered":"gr\u00fcns"},"content":{"rendered":"<ul>\n<li><a href=\"http:\/\/gruene-dieburg.de\/\" target=\"_blank\" rel=\"noopener noreferrer\"><img decoding=\"async\" src=\"http:\/\/hutmachergass.de\/hmg\/bilder\/glogos.jpg\" width=\"33%\"\/><\/a><\/li>\n<li><a href=\"http:\/\/www.gruene-dadi.de\/\" target=\"_blank\" rel=\"noopener noreferrer\">Gr\u00fcns im Kreis Darmstadt-Dieburg<\/a><\/li>\n<li><a href=\"http:\/\/www.gruene-linke.de\/\" target=\"_blank\" rel=\"noopener noreferrer\">Gr\u00fcne Linke<\/a><\/li>\n<li><a href=\"http:\/\/www.gp.org\/\" target=\"_blank\" rel=\"noopener noreferrer\">Gr\u00fcns in USA<\/a><\/li>\n<\/ul>\n","protected":false},"excerpt":{"rendered":"<p>Gr\u00fcns im Kreis Darmstadt-Dieburg Gr\u00fcne Linke Gr\u00fcns in USA<\/p>\n","protected":false},"author":2,"featured_media":0,"parent":4594,"menu_order":0,"comment_status":"closed","ping_status":"closed","template":"","meta":{"footnotes":""},"class_list":["post-5058","page","type-page","status-publish","hentry"],"_links":{"self":[{"href":"https:\/\/hutmachergass.de\/hmg\/steffsblog\/index.php?rest_route=\/wp\/v2\/pages\/5058","targetHints":{"allow":["GET"]}}],"collection":[{"href":"https:\/\/hutmachergass.de\/hmg\/steffsblog\/index.php?rest_route=\/wp\/v2\/pages"}],"about":[{"href":"https:\/\/hutmachergass.de\/hmg\/steffsblog\/index.php?rest_route=\/wp\/v2\/types\/page"}],"author":[{"embeddable":true,"href":"https:\/\/hutmachergass.de\/hmg\/steffsblog\/index.php?rest_route=\/wp\/v2\/users\/2"}],"replies":[{"embeddable":true,"href":"https:\/\/hutmachergass.de\/hmg\/steffsblog\/index.php?rest_route=%2Fwp%2Fv2%2Fcomments&post=5058"}],"version-history":[{"count":0,"href":"https:\/\/hutmachergass.de\/hmg\/steffsblog\/index.php?rest_route=\/wp\/v2\/pages\/5058\/revisions"}],"up":[{"embeddable":true,"href":"https:\/\/hutmachergass.de\/hmg\/steffsblog\/index.php?rest_route=\/wp\/v2\/pages\/4594"}],"wp:attachment":[{"href":"https:\/\/hutmachergass.de\/hmg\/steffsblog\/index.php?rest_route=%2Fwp%2Fv2%2Fmedia&parent=5058"}],"curies":[{"name":"wp","href":"https:\/\/api.w.org\/{rel}","templated":true}]}}