

{"id":4856,"date":"2020-10-13T19:50:47","date_gmt":"2020-10-13T17:50:47","guid":{"rendered":"http:\/\/hutmachergass.de\/hmg\/steffsblog\/?page_id=4856"},"modified":"2023-03-04T17:16:46","modified_gmt":"2023-03-04T16:16:46","slug":"herbst-und-wintertouren","status":"publish","type":"page","link":"https:\/\/hutmachergass.de\/hmg\/steffsblog\/?page_id=4856","title":{"rendered":"herbst und winter 2020"},"content":{"rendered":"<p>immernoch oder wieder corona, jetzt aber konsequent mit mund-+nasebedeckung. und immernoch politischer aktivismus statt \u00fcberlegtem handeln.<\/p>\n<section class=\"toc-grid\" id=\"toc\">\n<div class=\"toc-img\">\n<img decoding=\"async\" src=\"http:\/\/hutmachergass.de\/hmg\/php\/getimg.php?img=http:\/\/hutmachergass.de\/hmg3\/bilder\/rad\/2020-herbsttouren\/20201013134531-5821.JPG&#038;wdth=250&#038;qlty=85\"  alt=\"\" \/>\n<\/div>\n<div class=\"toc-table\">\n<a href=\"#erbach\">odenwald im herbst<\/a><br \/>\n<a href=\"#moenchbruch1\">go west<\/a><br \/>\n<a href=\"#rheinhessen\">rheinhessen<\/a><br \/>\n<a href=\"#tracks202\">tracks<\/a>\n<\/div>\n<\/section>\n<h3 id=\"erbach\">odenwald erste oktoberh\u00e4lfte<\/h3>\n<p>13.10.2020 &#8211; schon richtig kalt, heute nochmal etwas mehr sonne, handschuhe n\u00f6tig. von dieburg \u00fcber reinheim nach wersau und fr\u00e4nkisch-crumbach, das ostertal hoch nach rohrbach und ober-mossau und \u00fcber die hohe stra\u00dfe nach erbach.<\/p>\n<a href=\"http:\/\/hutmachergass.de\/hmg3\/bilder\/rad\/2020-herbsttouren\/20201013120911-5811.JPG\"><img decoding=\"async\" src=\"https:\/\/hutmachergass.de\/hmg\/php\/getimg.php?img=http:\/\/hutmachergass.de\/hmg3\/bilder\/rad\/2020-herbsttouren\/20201013120911-5811.JPG&wdth=600&qlty=85\" \/><\/a>\n<span class=\"bu\">von wersau nach fr\u00e4nkisch-crumbach<\/span><\/p>\n<a href=\"http:\/\/hutmachergass.de\/hmg3\/bilder\/rad\/2020-herbsttouren\/20201013123107-5818.JPG\"><img decoding=\"async\" src=\"https:\/\/hutmachergass.de\/hmg\/php\/getimg.php?img=http:\/\/hutmachergass.de\/hmg3\/bilder\/rad\/2020-herbsttouren\/20201013123107-5818.JPG&wdth=600&qlty=85\" \/><\/a>\n<span class=\"bu\">brensbach<\/span><\/p>\n<a href=\"http:\/\/hutmachergass.de\/hmg3\/bilder\/rad\/2020-herbsttouren\/20201013134531-5821.JPG\"><img decoding=\"async\" src=\"https:\/\/hutmachergass.de\/hmg\/php\/getimg.php?img=http:\/\/hutmachergass.de\/hmg3\/bilder\/rad\/2020-herbsttouren\/20201013134531-5821.JPG&wdth=600&qlty=85\" \/><\/a>\n<span class=\"bu\">bei rohrbach<\/span><\/p>\n<a href=\"http:\/\/hutmachergass.de\/hmg3\/bilder\/rad\/2020-herbsttouren\/20201013140831.jpg\"><img decoding=\"async\" src=\"https:\/\/hutmachergass.de\/hmg\/php\/getimg.php?img=http:\/\/hutmachergass.de\/hmg3\/bilder\/rad\/2020-herbsttouren\/20201013140831.jpg&wdth=600&qlty=85\" \/><\/a>\n<span class=\"bu\">rohrbach oberdorf<\/span><\/p>\n<a href=\"http:\/\/hutmachergass.de\/hmg3\/bilder\/rad\/2020-herbsttouren\/20201013144347.jpg\"><img decoding=\"async\" src=\"https:\/\/hutmachergass.de\/hmg\/php\/getimg.php?img=http:\/\/hutmachergass.de\/hmg3\/bilder\/rad\/2020-herbsttouren\/20201013144347.jpg&wdth=600&qlty=85\" \/><\/a>\n<span class=\"bu\">hohe stra\u00dfe<\/span><\/p>\n<a href=\"http:\/\/hutmachergass.de\/hmg3\/bilder\/rad\/2020-herbsttouren\/20201013145351.jpg\"><img decoding=\"async\" src=\"https:\/\/hutmachergass.de\/hmg\/php\/getimg.php?img=http:\/\/hutmachergass.de\/hmg3\/bilder\/rad\/2020-herbsttouren\/20201013145351.jpg&wdth=600&qlty=85\" \/><\/a>\n<span class=\"bu\">&nbsp;<\/span><\/p>\n<h3 id=\"endeokt\">und ende oktober<\/h3>\n<a href=\"http:\/\/hutmachergass.de\/hmg3\/bilder\/rad\/2020-herbsttouren\/20201030140418.jpg\"><img decoding=\"async\" src=\"https:\/\/hutmachergass.de\/hmg\/php\/getimg.php?img=http:\/\/hutmachergass.de\/hmg3\/bilder\/rad\/2020-herbsttouren\/20201030140418.jpg&wdth=600&qlty=85\" \/><\/a>\n<span class=\"bu\">am 30. oktober noch tr\u00fcbe<\/span><\/p>\n<a href=\"http:\/\/hutmachergass.de\/hmg3\/bilder\/rad\/2020-herbsttouren\/20201031130954-5947.JPG\"><img decoding=\"async\" src=\"https:\/\/hutmachergass.de\/hmg\/php\/getimg.php?img=http:\/\/hutmachergass.de\/hmg3\/bilder\/rad\/2020-herbsttouren\/20201031130954-5947.JPG&wdth=600&qlty=85\" \/><\/a>\n<span class=\"bu\">aber am 31. den ganzen tag sonnig und mild<\/span><\/p>\n<a href=\"http:\/\/hutmachergass.de\/hmg3\/bilder\/rad\/2020-herbsttouren\/20201031133826-5966.JPG\"><img decoding=\"async\" src=\"https:\/\/hutmachergass.de\/hmg\/php\/getimg.php?img=http:\/\/hutmachergass.de\/hmg3\/bilder\/rad\/2020-herbsttouren\/20201031133826-5966.JPG&wdth=600&qlty=85\" \/><\/a>\n<span class=\"bu\">&nbsp;<\/span><\/p>\n<a href=\"http:\/\/hutmachergass.de\/hmg3\/bilder\/rad\/2020-herbsttouren\/20201031134240-5972.JPG\"><img decoding=\"async\" src=\"https:\/\/hutmachergass.de\/hmg\/php\/getimg.php?img=http:\/\/hutmachergass.de\/hmg3\/bilder\/rad\/2020-herbsttouren\/20201031134240-5972.JPG&wdth=600&qlty=85\" \/><\/a>\n<span class=\"bu\">&nbsp;<\/span><\/p>\n<a href=\"http:\/\/hutmachergass.de\/hmg3\/bilder\/rad\/2020-herbsttouren\/20201031134742-5979.JPG\"><img decoding=\"async\" src=\"https:\/\/hutmachergass.de\/hmg\/php\/getimg.php?img=http:\/\/hutmachergass.de\/hmg3\/bilder\/rad\/2020-herbsttouren\/20201031134742-5979.JPG&wdth=600&qlty=85\" \/><\/a>\n<span class=\"bu\">&nbsp;<\/span><\/p>\n<a href=\"http:\/\/hutmachergass.de\/hmg3\/bilder\/rad\/2020-herbsttouren\/20201031143539-5986.JPG\"><img decoding=\"async\" src=\"https:\/\/hutmachergass.de\/hmg\/php\/getimg.php?img=http:\/\/hutmachergass.de\/hmg3\/bilder\/rad\/2020-herbsttouren\/20201031143539-5986.JPG&wdth=600&qlty=85\" \/><\/a>\n<span class=\"bu\">&nbsp;<\/span><\/p>\n<a href=\"http:\/\/hutmachergass.de\/hmg3\/bilder\/rad\/2020-herbsttouren\/20201031144514-5994.JPG\"><img decoding=\"async\" src=\"https:\/\/hutmachergass.de\/hmg\/php\/getimg.php?img=http:\/\/hutmachergass.de\/hmg3\/bilder\/rad\/2020-herbsttouren\/20201031144514-5994.JPG&wdth=600&qlty=85\" \/><\/a>\n<span class=\"bu\">&nbsp;<\/span><\/p>\n<a href=\"http:\/\/hutmachergass.de\/hmg3\/bilder\/rad\/2020-herbsttouren\/20201031162340-6030.JPG\"><img decoding=\"async\" src=\"https:\/\/hutmachergass.de\/hmg\/php\/getimg.php?img=http:\/\/hutmachergass.de\/hmg3\/bilder\/rad\/2020-herbsttouren\/20201031162340-6030.JPG&wdth=600&qlty=85\" \/><\/a>\n<span class=\"bu\">&nbsp;<\/span><\/p>\n<h3>und am 2. november<\/h3>\n<p>weil es unerwartet ab vormittags sonnig und sehr warm, \u00fcber 20 \u00b0C wurde, mit kr\u00e4ftigem s\u00fcdwestwind. wieder ein paar teilst\u00fccke gefahren, wo ich noch nie war. und heute die 5.000 km f\u00fcr dieses jahr geschafft; die h\u00f6henmeter, deren es heute recht viel waren, z\u00e4hlen ob des gegenwindes doppelt.<br \/>\n<span class=\"bu\">&nbsp;<\/span><\/p>\n<a href=\"http:\/\/hutmachergass.de\/hmg3\/bilder\/rad\/2020-herbsttouren\/20201102115534.jpg\"><img decoding=\"async\" src=\"https:\/\/hutmachergass.de\/hmg\/php\/getimg.php?img=http:\/\/hutmachergass.de\/hmg3\/bilder\/rad\/2020-herbsttouren\/20201102115534.jpg&wdth=600&qlty=85\" \/><\/a>\n<span class=\"bu\"><a href=\"https:\/\/de.wikipedia.org\/wiki\/Lengfeld_(Odenwald)\" rel=\"noopener noreferrer\" target=\"_blank\">lengfeld<\/a> (und frankfurt, taunus, feldberg)<\/span><\/p>\n<a href=\"http:\/\/hutmachergass.de\/hmg3\/bilder\/rad\/2020-herbsttouren\/20201102130357.jpg\"><img decoding=\"async\" src=\"https:\/\/hutmachergass.de\/hmg\/php\/getimg.php?img=http:\/\/hutmachergass.de\/hmg3\/bilder\/rad\/2020-herbsttouren\/20201102130357.jpg&wdth=600&qlty=85\" \/><\/a>\n<span class=\"bu\">bei <a href=\"https:\/\/de.wikipedia.org\/wiki\/B%C3%B6llstein\" rel=\"noopener noreferrer\" target=\"_blank\">b\u00f6llstein<\/a><\/span><\/p>\n<a href=\"http:\/\/hutmachergass.de\/hmg3\/bilder\/rad\/2020-herbsttouren\/20201102143458.jpg\"><img decoding=\"async\" src=\"https:\/\/hutmachergass.de\/hmg\/php\/getimg.php?img=http:\/\/hutmachergass.de\/hmg3\/bilder\/rad\/2020-herbsttouren\/20201102143458.jpg&wdth=600&qlty=85\" \/><\/a>\n<span class=\"bu\"><a href=\"https:\/\/de.wikipedia.org\/wiki\/Reichelsheim_(Odenwald)\" rel=\"noopener noreferrer\" target=\"_blank\">reichelsheim<\/a><\/span><\/p>\n<a href=\"http:\/\/hutmachergass.de\/hmg3\/bilder\/rad\/2020-herbsttouren\/20201102162701.jpg\"><img decoding=\"async\" src=\"https:\/\/hutmachergass.de\/hmg\/php\/getimg.php?img=http:\/\/hutmachergass.de\/hmg3\/bilder\/rad\/2020-herbsttouren\/20201102162701.jpg&wdth=600&qlty=85\" \/><\/a>\n<span class=\"bu\"><a href=\"https:\/\/de.wikipedia.org\/wiki\/Zeilhard\" rel=\"noopener noreferrer\" target=\"_blank\">zeilhard<\/a>, <a href=\"https:\/\/de.wikipedia.org\/wiki\/Gro%C3%9F-Umstadt\" rel=\"noopener noreferrer\" target=\"_blank\">umstadt<\/a><\/span><\/p>\n<a href=\"http:\/\/hutmachergass.de\/hmg3\/bilder\/rad\/2020-herbsttouren\/20201102163944.jpg\"><img decoding=\"async\" src=\"https:\/\/hutmachergass.de\/hmg\/php\/getimg.php?img=http:\/\/hutmachergass.de\/hmg3\/bilder\/rad\/2020-herbsttouren\/20201102163944.jpg&wdth=600&qlty=85\" \/><\/a>\n<span class=\"bu\">die kircht\u00fcrme, evangelisch und katholisch, des nachbardorfs. und der spessart im hintergrund<\/span><\/p>\n<h3 id=\"moenchbruch1\">mal wieder nach westen<\/h3>\n<p>\u00fcber gr\u00e4fenhausen zum m\u00f6nchbruch<\/p>\n<a href=\"http:\/\/hutmachergass.de\/hmg3\/bilder\/rad\/2020-herbsttouren\/20201106125306-6048.JPG\"><img decoding=\"async\" src=\"https:\/\/hutmachergass.de\/hmg\/php\/getimg.php?img=http:\/\/hutmachergass.de\/hmg3\/bilder\/rad\/2020-herbsttouren\/20201106125306-6048.JPG&wdth=600&qlty=85\" \/><\/a>\n<span class=\"bu\">das wird wohl nix mit dieser sorte elektromobilit\u00e4t<\/span><\/p>\n<a href=\"http:\/\/hutmachergass.de\/hmg3\/bilder\/rad\/2020-herbsttouren\/20201106131440-6070.JPG\"><img decoding=\"async\" src=\"https:\/\/hutmachergass.de\/hmg\/php\/getimg.php?img=http:\/\/hutmachergass.de\/hmg3\/bilder\/rad\/2020-herbsttouren\/20201106131440-6070.JPG&wdth=600&qlty=85\" \/><\/a>\n<span class=\"bu\">windradpumpe f\u00fcr ein t\u00fcmpelbiotop<\/span><\/p>\n<a href=\"http:\/\/hutmachergass.de\/hmg3\/bilder\/rad\/2020-herbsttouren\/20201106133715-6083.JPG\"><img decoding=\"async\" src=\"https:\/\/hutmachergass.de\/hmg\/php\/getimg.php?img=http:\/\/hutmachergass.de\/hmg3\/bilder\/rad\/2020-herbsttouren\/20201106133715-6083.JPG&wdth=600&qlty=85\" \/><\/a>\n<span class=\"bu\">sinnvolle elektromobilit\u00e4t 1<\/span><\/p>\n<a href=\"http:\/\/hutmachergass.de\/hmg3\/bilder\/rad\/2020-herbsttouren\/20201106133917-6087.JPG\"><img decoding=\"async\" src=\"https:\/\/hutmachergass.de\/hmg\/php\/getimg.php?img=http:\/\/hutmachergass.de\/hmg3\/bilder\/rad\/2020-herbsttouren\/20201106133917-6087.JPG&wdth=600&qlty=85\" \/><\/a>\n<span class=\"bu\">sinnvolle elektromobilit\u00e4t 4<\/span><\/p>\n<h3 id=\"rheinhessen\">und nochmal rheinhessen<\/h3>\n<p>18.11. die vierte etwas gr\u00f6\u00dfere tour dort dieses jahr. von bensheim \u00fcber worms und monsheim durchs alzeyer weinbauh\u00fcgelland nach mainz. den ganzen tag sonne und eher mild.<\/p>\n<a href=\"http:\/\/hutmachergass.de\/hmg3\/bilder\/rad\/2020-herbsttouren\/20201118121426-6133.JPG\"><img decoding=\"async\" src=\"https:\/\/hutmachergass.de\/hmg\/php\/getimg.php?img=http:\/\/hutmachergass.de\/hmg3\/bilder\/rad\/2020-herbsttouren\/20201118121426-6133.JPG&wdth=600&qlty=85\" \/><\/a>\n<span class=\"bu\">wormser br\u00fccke<\/span><\/p>\n<a href=\"http:\/\/hutmachergass.de\/hmg3\/bilder\/rad\/2020-herbsttouren\/20201118133749.jpg\"><img decoding=\"async\" src=\"https:\/\/hutmachergass.de\/hmg\/php\/getimg.php?img=http:\/\/hutmachergass.de\/hmg3\/bilder\/rad\/2020-herbsttouren\/20201118133749.jpg&wdth=600&qlty=85\" \/><\/a>\n<span class=\"bu\">stillgelegte pflasterchaussee nach niederfl\u00f6rsheim<\/span><\/p>\n<a href=\"http:\/\/hutmachergass.de\/hmg3\/bilder\/rad\/2020-herbsttouren\/20201118135340-6151.JPG\"><img decoding=\"async\" src=\"https:\/\/hutmachergass.de\/hmg\/php\/getimg.php?img=http:\/\/hutmachergass.de\/hmg3\/bilder\/rad\/2020-herbsttouren\/20201118135340-6151.JPG&wdth=600&qlty=85\" \/><\/a>\n<span class=\"bu\">rheinhessenbahn<\/span><\/p>\n<a href=\"http:\/\/hutmachergass.de\/hmg3\/bilder\/rad\/2020-herbsttouren\/20201118140414-6169.JPG\"><img decoding=\"async\" src=\"https:\/\/hutmachergass.de\/hmg\/php\/getimg.php?img=http:\/\/hutmachergass.de\/hmg3\/bilder\/rad\/2020-herbsttouren\/20201118140414-6169.JPG&wdth=600&qlty=85\" \/><\/a>\n<span class=\"bu\">&nbsp;<\/span><\/p>\n<a href=\"http:\/\/hutmachergass.de\/hmg3\/bilder\/rad\/2020-herbsttouren\/20201118140836-6175.JPG\"><img decoding=\"async\" src=\"https:\/\/hutmachergass.de\/hmg\/php\/getimg.php?img=http:\/\/hutmachergass.de\/hmg3\/bilder\/rad\/2020-herbsttouren\/20201118140836-6175.JPG&wdth=600&qlty=85\" \/><\/a>\n<span class=\"bu\">rheinhessenbahn<\/span><\/p>\n<a href=\"http:\/\/hutmachergass.de\/hmg3\/bilder\/rad\/2020-herbsttouren\/20201118144343-6180.JPG\"><img decoding=\"async\" src=\"https:\/\/hutmachergass.de\/hmg\/php\/getimg.php?img=http:\/\/hutmachergass.de\/hmg3\/bilder\/rad\/2020-herbsttouren\/20201118144343-6180.JPG&wdth=600&qlty=85\" \/><\/a>\n<span class=\"bu\">&nbsp;<\/span><\/p>\n<a href=\"http:\/\/hutmachergass.de\/hmg3\/bilder\/rad\/2020-herbsttouren\/20201118144416-6185.JPG\"><img decoding=\"async\" src=\"https:\/\/hutmachergass.de\/hmg\/php\/getimg.php?img=http:\/\/hutmachergass.de\/hmg3\/bilder\/rad\/2020-herbsttouren\/20201118144416-6185.JPG&wdth=600&qlty=85\" \/><\/a>\n<span class=\"bu\">bechtheim, biblis und odenwald<\/span><\/p>\n<a href=\"http:\/\/hutmachergass.de\/hmg3\/bilder\/rad\/2020-herbsttouren\/20201118144500-6190.JPG\"><img decoding=\"async\" src=\"https:\/\/hutmachergass.de\/hmg\/php\/getimg.php?img=http:\/\/hutmachergass.de\/hmg3\/bilder\/rad\/2020-herbsttouren\/20201118144500-6190.JPG&wdth=600&qlty=85\" \/><\/a>\n<span class=\"bu\">&nbsp;<\/span><\/p>\n<a href=\"http:\/\/hutmachergass.de\/hmg3\/bilder\/rad\/2020-herbsttouren\/20201118154411-6194.JPG\"><img decoding=\"async\" src=\"https:\/\/hutmachergass.de\/hmg\/php\/getimg.php?img=http:\/\/hutmachergass.de\/hmg3\/bilder\/rad\/2020-herbsttouren\/20201118154411-6194.JPG&wdth=600&qlty=85\" \/><\/a>\n<span class=\"bu\">querdenkende chemtrails<\/span><\/p>\n<a href=\"http:\/\/hutmachergass.de\/hmg3\/bilder\/rad\/2020-herbsttouren\/20201118154855-6196.JPG\"><img decoding=\"async\" src=\"https:\/\/hutmachergass.de\/hmg\/php\/getimg.php?img=http:\/\/hutmachergass.de\/hmg3\/bilder\/rad\/2020-herbsttouren\/20201118154855-6196.JPG&wdth=600&qlty=85\" \/><\/a>\n<span class=\"bu\">amiche-radweg<\/span><\/p>\n<h3>kleine tour zum sportfelddreieck und zum main<\/h3>\n<p>21.11. meist sonnig, aber kalt.<\/p>\n<a href=\"http:\/\/hutmachergass.de\/hmg3\/bilder\/rad\/2020-herbsttouren\/20201121131154-6204.JPG\"><img decoding=\"async\" src=\"https:\/\/hutmachergass.de\/hmg\/php\/getimg.php?img=http:\/\/hutmachergass.de\/hmg3\/bilder\/rad\/2020-herbsttouren\/20201121131154-6204.JPG&wdth=600&qlty=85\" \/><\/a>\n<span class=\"bu\">ICE-parkplatz bf neu-isenburg<\/span><\/p>\n<a href=\"http:\/\/hutmachergass.de\/hmg3\/bilder\/rad\/2020-herbsttouren\/20201121133941-6235.JPG\"><img decoding=\"async\" src=\"https:\/\/hutmachergass.de\/hmg\/php\/getimg.php?img=http:\/\/hutmachergass.de\/hmg3\/bilder\/rad\/2020-herbsttouren\/20201121133941-6235.JPG&wdth=600&qlty=85\" \/><\/a>\n<span class=\"bu\">sportfeld-dreieck<\/span><\/p>\n<a href=\"http:\/\/hutmachergass.de\/hmg3\/bilder\/rad\/2020-herbsttouren\/20201121134016-6243.JPG\"><img decoding=\"async\" src=\"https:\/\/hutmachergass.de\/hmg\/php\/getimg.php?img=http:\/\/hutmachergass.de\/hmg3\/bilder\/rad\/2020-herbsttouren\/20201121134016-6243.JPG&wdth=600&qlty=85\" \/><\/a>\n<span class=\"bu\">&nbsp;<\/span><\/p>\n<a href=\"http:\/\/hutmachergass.de\/hmg3\/bilder\/rad\/2020-herbsttouren\/20201121134036-6248.JPG\"><img decoding=\"async\" src=\"https:\/\/hutmachergass.de\/hmg\/php\/getimg.php?img=http:\/\/hutmachergass.de\/hmg3\/bilder\/rad\/2020-herbsttouren\/20201121134036-6248.JPG&wdth=600&qlty=85\" \/><\/a>\n<span class=\"bu\">&nbsp;<\/span><\/p>\n<a href=\"http:\/\/hutmachergass.de\/hmg3\/bilder\/rad\/2020-herbsttouren\/20201121135019-6252.JPG\"><img decoding=\"async\" src=\"https:\/\/hutmachergass.de\/hmg\/php\/getimg.php?img=http:\/\/hutmachergass.de\/hmg3\/bilder\/rad\/2020-herbsttouren\/20201121135019-6252.JPG&wdth=600&qlty=85\" \/><\/a>\n<span class=\"bu\">neuer s-bahntunnel gateway gardens<\/span><\/p>\n<a href=\"http:\/\/hutmachergass.de\/hmg3\/bilder\/rad\/2020-herbsttouren\/20201121150346-6265.JPG\"><img decoding=\"async\" src=\"https:\/\/hutmachergass.de\/hmg\/php\/getimg.php?img=http:\/\/hutmachergass.de\/hmg3\/bilder\/rad\/2020-herbsttouren\/20201121150346-6265.JPG&wdth=600&qlty=85\" \/><\/a>\n<span class=\"bu\">m\u00f6nchhofkapelle<\/span><\/p>\n<a href=\"http:\/\/hutmachergass.de\/hmg3\/bilder\/rad\/2020-herbsttouren\/20201121153908-6279.JPG\"><img decoding=\"async\" src=\"https:\/\/hutmachergass.de\/hmg\/php\/getimg.php?img=http:\/\/hutmachergass.de\/hmg3\/bilder\/rad\/2020-herbsttouren\/20201121153908-6279.JPG&wdth=600&qlty=85\" \/><\/a>\n<span class=\"bu\">hochheim<\/span><\/p>\n<h3>nochmal m\u00f6nchbruch<\/h3>\n<p>25.11. die ersten zwei stunden tr\u00fcb-kalt, danach sonnig.<\/p>\n<a href=\"http:\/\/hutmachergass.de\/hmg3\/bilder\/rad\/2020-herbsttouren\/20201125135332-6293.JPG\"><img decoding=\"async\" src=\"https:\/\/hutmachergass.de\/hmg\/php\/getimg.php?img=http:\/\/hutmachergass.de\/hmg3\/bilder\/rad\/2020-herbsttouren\/20201125135332-6293.JPG&wdth=600&qlty=85\" \/><\/a>\n<span class=\"bu\">&nbsp;<\/span><\/p>\n<a href=\"http:\/\/hutmachergass.de\/hmg3\/bilder\/rad\/2020-herbsttouren\/20201125135823-6295.JPG\"><img decoding=\"async\" src=\"https:\/\/hutmachergass.de\/hmg\/php\/getimg.php?img=http:\/\/hutmachergass.de\/hmg3\/bilder\/rad\/2020-herbsttouren\/20201125135823-6295.JPG&wdth=600&qlty=85\" \/><\/a>\n<span class=\"bu\">&nbsp;<\/span><\/p>\n<h3>kurze runde nach fr\u00e4nkisch-crumbach<\/h3>\n<p>28.11. zwar sonnig, aber auf dem r\u00fcckweg kalter nordostwind.<\/p>\n<a href=\"http:\/\/hutmachergass.de\/hmg3\/bilder\/rad\/2020-herbsttouren\/20201128125456-6313.JPG\"><img decoding=\"async\" src=\"https:\/\/hutmachergass.de\/hmg\/php\/getimg.php?img=http:\/\/hutmachergass.de\/hmg3\/bilder\/rad\/2020-herbsttouren\/20201128125456-6313.JPG&wdth=600&qlty=85\" \/><\/a>\n<span class=\"bu\">reinheimer teich<\/span><\/p>\n<h3>hutzelstra\u00dfe und fischbachtal<\/h3>\n<p>19.12. der zweite dezembertag mit ein bisschen sonne. jede menge corona-lockdown-spazierg\u00e4nger auf der <a href=\"https:\/\/de.wikipedia.org\/wiki\/Neutscher_H%C3%B6he\" rel=\"noopener noreferrer\" target=\"_blank\">hutzelstra\u00dfe<\/a><\/p>\n<a href=\"http:\/\/hutmachergass.de\/hmg3\/bilder\/rad\/2020-herbsttouren\/20201219124402-6335.jpg\"><img decoding=\"async\" src=\"https:\/\/hutmachergass.de\/hmg\/php\/getimg.php?img=http:\/\/hutmachergass.de\/hmg3\/bilder\/rad\/2020-herbsttouren\/20201219124402-6335.jpg&wdth=600&qlty=85\" \/><\/a>\n<span class=\"bu\">bei oberramstadt<\/span><\/p>\n<a href=\"http:\/\/hutmachergass.de\/hmg3\/bilder\/rad\/2020-herbsttouren\/20201219125243-6343.jpg\"><img decoding=\"async\" src=\"https:\/\/hutmachergass.de\/hmg\/php\/getimg.php?img=http:\/\/hutmachergass.de\/hmg3\/bilder\/rad\/2020-herbsttouren\/20201219125243-6343.jpg&wdth=600&qlty=85\" \/><\/a>\n<span class=\"bu\">odenwaldbahn dortselbst<\/span><\/p>\n<a href=\"http:\/\/hutmachergass.de\/hmg3\/bilder\/rad\/2020-herbsttouren\/20201219130100-6349.jpg\"><img decoding=\"async\" src=\"https:\/\/hutmachergass.de\/hmg\/php\/getimg.php?img=http:\/\/hutmachergass.de\/hmg3\/bilder\/rad\/2020-herbsttouren\/20201219130100-6349.jpg&wdth=600&qlty=85\" \/><\/a>\n<span class=\"bu\">&nbsp;<\/span><\/p>\n<table>\n<tr>\n<td  style=\"text-align:left;  font-size:large;\"><a href=\"?page_id=4784\">&lArr; sommertouren<\/a><\/td>\n<td  style=\"text-align:right; font-size: large;\"><a href=\"?page_id=5247\">fr\u00fchjahr 2021 &rArr;<\/a><\/td>\n<\/tr>\n<\/table>\n<h3 id=\"tracks202\">tracks<\/h3>\n<p>&nbsp;<\/p>\n<link rel='stylesheet' id='osm-ol3-css-css' href='https:\/\/hutmachergass.de\/hmg\/steffsblog\/wp-content\/plugins\/osm\/js\/OL\/10.9.0\/ol.css?ver=6.9.4' type='text\/css' media='all' \/>\n<link rel='stylesheet' id='osm-ol3-ext-css-css' href='https:\/\/hutmachergass.de\/hmg\/steffsblog\/wp-content\/plugins\/osm\/css\/osm_map_v3.css?ver=6.9.4' type='text\/css' media='all' \/>\n<link rel='stylesheet' id='osm-map-css-css' href='https:\/\/hutmachergass.de\/hmg\/steffsblog\/wp-content\/plugins\/osm\/css\/osm_map.css?ver=6.9.4' type='text\/css' media='all' \/>\n<script type=\"text\/javascript\" src=\"https:\/\/hutmachergass.de\/hmg\/steffsblog\/wp-includes\/js\/dist\/vendor\/wp-polyfill.min.js?ver=3.15.0\" id=\"wp-polyfill-js\"><\/script>\n<script type=\"text\/javascript\" src=\"https:\/\/hutmachergass.de\/hmg\/steffsblog\/wp-content\/plugins\/osm\/js\/OL\/10.9.0\/ol.js?ver=10.9.0\" id=\"osm-ol3-library-js\"><\/script>\n<script type=\"text\/javascript\" src=\"https:\/\/hutmachergass.de\/hmg\/steffsblog\/wp-content\/plugins\/osm\/js\/osm-v3-plugin-lib.js?ver=1.0.0\" id=\"osm-ol3-ext-library-js\"><\/script>\n<script type=\"text\/javascript\" src=\"https:\/\/hutmachergass.de\/hmg\/steffsblog\/wp-content\/plugins\/osm\/js\/osm-metabox-events.js?ver=1.0.0\" id=\"osm-ol3-metabox-events-js\"><\/script>\n<script type=\"text\/javascript\" src=\"https:\/\/hutmachergass.de\/hmg\/steffsblog\/wp-includes\/js\/jquery\/jquery.min.js?ver=3.7.1\" id=\"jquery-core-js\"><\/script>\n<script type=\"text\/javascript\" src=\"https:\/\/hutmachergass.de\/hmg\/steffsblog\/wp-includes\/js\/jquery\/jquery-migrate.min.js?ver=3.4.1\" id=\"jquery-migrate-js\"><\/script>\n<script type=\"text\/javascript\" id=\"osm-map-startup-js-extra\">\n\/* <![CDATA[ *\/\nvar translations = {\"openlayer\":\"open layer\",\"openlayerAtStartup\":\"open layer at startup\",\"generateLink\":\"link to this map with opened layers\",\"shortDescription\":\"short description\",\"generatedShortCode\":\"to get a text control link paste this code in your wordpress editor\",\"closeLayer\":\"close layer\",\"cantGenerateLink\":\"put this string in the existing map short code to control this map\"};\n\/\/# sourceURL=osm-map-startup-js-extra\n\/* ]]> *\/\n<\/script>\n<script type=\"text\/javascript\" src=\"https:\/\/hutmachergass.de\/hmg\/steffsblog\/wp-content\/plugins\/osm\/js\/osm-startup-lib.js?ver=V6.2.5\" id=\"osm-map-startup-js\"><\/script>\n\n        <div id=\"map_ol3js_1\"\n       class=\"osm-map-container undefined\"\n             data-map_name=\"undefined\"\n             data-map=\"map_ol3js_1\"\n             data-autoshow=\"no\"\n             style=\"width:100%;\n                    max-width:100%;\n                    height:370px;\n                    display:block;\n                    overflow:hidden;\n                    border:2px solid grey;\n                    position: relative;\">\n          <div id=\"map_ol3js_1_popup\" class=\"ol-popup\">\n            <a href=\"#\" id=\"map_ol3js_1_popup-closer\" class=\"ol-popup-closer\"><\/a>\n            <div id=\"map_ol3js_1_popup-content\"><\/div>\n          <\/div>\n        <\/div>\n    <script type=\"text\/javascript\">\n\t\t\t  vectorM['map_ol3js_1'] = [];\n\t        \n        var raster = getTileLayer(\"osm\",\"NoKey\");\t\t\t\n\n\t\t\t  var map_ol3js_1 = new ol.Map({\n\t\t\t\tinteractions: ol.interaction.defaults.defaults({mouseWheelZoom:false}),\n\t\t\t\tlayers: [raster],\n\t\t\t\ttarget: \"map_ol3js_1\",\n\t\t\t\tview: new ol.View({\n\t\t\t\t  center: ol.proj.transform([8.6,49.9], \"EPSG:4326\", \"EPSG:3857\"),\n\t\t\t\t  zoom: 8.2\n\t\t\t\t})\n\t\t\t  });\n\t\t\t  \n    var style_map_ol3js_1_0 = {\n      \"Point\": [new ol.style.Style({\n\n          image: new ol.style.Icon({\n            anchor: [0.5, 41],\n            anchorXUnits: \"fraction\",\n            anchorYUnits: \"pixels\",\n            opacity: 0.75,\n            src: \"https:\/\/hutmachergass.de\/hmg\/steffsblog\/wp-content\/plugins\/osm\/icons\/mic_red_pinother_02.png\"\n          })\n      })],\n\n      \"LineString\": [new ol.style.Style({\n        stroke: new ol.style.Stroke({\n          color: \"red\",\n          width: 8\n        })\n      })],\n      \"MultiLineString\": [new ol.style.Style({\n        stroke: new ol.style.Stroke({\n          color: \"red\",\n          width: 4\n        })\n      })]\n    };\n\t\t  var vectorL0 = new ol.layer.Vector({\n\t\t\t\tsource: new ol.source.Vector({\n\t\t\t\turl:\"\/hmg\/reisen\/wp\/osm-plugin\/2020-tagestouren.gpx\",\n\t\t\t\tformat: new ol.format.GPX({\n\t\t\t\t\textractStyles: false\n\t\t\t\t})\n\t\t\t}),\n\t\t\tzIndex: 92,\n\t\t\tstyle: function(feature, resolution) {return style_map_ol3js_1_0[feature.getGeometry().getType()];}\n\t\t  });\n\t\t  map_ol3js_1.addLayer(vectorL0);addControls2Map(map_ol3js_1,1,0,3,1,5,6,7,1,1);\nosm_addPopupClickhandler(map_ol3js_1,  \"map_ol3js_1\"); \nosm_addMouseHover(map_ol3js_1); <\/script>\n","protected":false},"excerpt":{"rendered":"<p>immernoch oder wieder corona, jetzt aber konsequent mit mund-+nasebedeckung. und immernoch politischer aktivismus statt \u00fcberlegtem handeln. odenwald im herbst go west rheinhessen tracks odenwald erste oktoberh\u00e4lfte 13.10.2020 &#8211; schon richtig kalt, heute nochmal etwas mehr sonne, handschuhe n\u00f6tig. von dieburg &hellip; <a href=\"https:\/\/hutmachergass.de\/hmg\/steffsblog\/?page_id=4856\">Continue reading <span class=\"meta-nav\">&rarr;<\/span><\/a><\/p>\n","protected":false},"author":2,"featured_media":0,"parent":4961,"menu_order":0,"comment_status":"closed","ping_status":"closed","template":"","meta":{"footnotes":""},"class_list":["post-4856","page","type-page","status-publish","hentry"],"_links":{"self":[{"href":"https:\/\/hutmachergass.de\/hmg\/steffsblog\/index.php?rest_route=\/wp\/v2\/pages\/4856","targetHints":{"allow":["GET"]}}],"collection":[{"href":"https:\/\/hutmachergass.de\/hmg\/steffsblog\/index.php?rest_route=\/wp\/v2\/pages"}],"about":[{"href":"https:\/\/hutmachergass.de\/hmg\/steffsblog\/index.php?rest_route=\/wp\/v2\/types\/page"}],"author":[{"embeddable":true,"href":"https:\/\/hutmachergass.de\/hmg\/steffsblog\/index.php?rest_route=\/wp\/v2\/users\/2"}],"replies":[{"embeddable":true,"href":"https:\/\/hutmachergass.de\/hmg\/steffsblog\/index.php?rest_route=%2Fwp%2Fv2%2Fcomments&post=4856"}],"version-history":[{"count":0,"href":"https:\/\/hutmachergass.de\/hmg\/steffsblog\/index.php?rest_route=\/wp\/v2\/pages\/4856\/revisions"}],"up":[{"embeddable":true,"href":"https:\/\/hutmachergass.de\/hmg\/steffsblog\/index.php?rest_route=\/wp\/v2\/pages\/4961"}],"wp:attachment":[{"href":"https:\/\/hutmachergass.de\/hmg\/steffsblog\/index.php?rest_route=%2Fwp%2Fv2%2Fmedia&parent=4856"}],"curies":[{"name":"wp","href":"https:\/\/api.w.org\/{rel}","templated":true}]}}