{"id":4793,"date":"2020-09-25T13:36:09","date_gmt":"2020-09-25T11:36:09","guid":{"rendered":"http:\/\/hutmachergass.de\/hmg\/steffsblog\/?page_id=4793"},"modified":"2023-03-05T13:20:29","modified_gmt":"2023-03-05T12:20:29","slug":"sinntal-rhon","status":"publish","type":"page","link":"https:\/\/hutmachergass.de\/hmg\/steffsblog\/?page_id=4793","title":{"rendered":"sinntal &#038; rh\u00f6n"},"content":{"rendered":"<h2>zweitagestour zum herbstanfang<\/h2>\n<p>bei sch\u00f6nem sp\u00e4tsommerwetter das sinntal hoch bis auf den kreuzberg, dort \u00fcbernachtet und am n\u00e4chsten tag bei nicht mehr so gutem wetter, immerhin kein regen, \u00f6stlich um die wasserkuppe rum mit einem kleinen schlenker durch th\u00fcringen und den milseburgradweg nach fulda.<\/p>\n<p>rund 160 km und 2300 h\u00f6henmeter.<\/p>\n<span class=\"collapseomatic \" id=\"id69f269a6f2e75\"  tabindex=\"0\" title=\"erste etappe\"    >erste etappe<\/span><div id=\"target-id69f269a6f2e75\" class=\"collapseomatic_content exp\">\n<h3>langenprozelten \u2013 bad br\u00fcckenau \u2013 wildflecken \u2013 kreuzberg<\/h3>\n<p>8:48 mit rb los, wg. signalblabla 2 min versp\u00e4tung, in AB warens dann 5 min, aber der re nach w\u00fcrzburg hatte auch 8 min und fuhr auf gleis 6 gegen\u00fcber, also ging das alles noch entspannt. 9:50 in langenprozelten. eine stunde sp\u00e4ter ab di gabs viel mehr versp\u00e4tungen und ich w\u00e4re erst um 12 da gewesen.<\/p>\n<p>nase und so mit sonnenschutz eingeschmiert, was bl\u00f6dsinn war, da ich bis wildflecken die sonne meist im r\u00fccken hatte und der schmier nur dazu f\u00fchrte, dass ich jede menge fliegen im gesicht kleben hatte.<\/p>\n<p>jedenfalls bei sonnigem herbstanfangswetter das sinntal hoch. leider keine ICEs erwischt auf den verschiedenen br\u00fccken und fotostops. letzten freitag die landstra\u00dfe von vor obersinn bis burgsinn statt der geplanten route zu nehmen war gro\u00dfer quatsch. nicht nur wegen der landstra\u00dfe und dem lkw-verkehr dort, sondern weil die route sch\u00f6ner und gut zu fahren ist, auch die rampe am ende\/anfang ist nur kurz und problemlos zu fahren. \u00fcberhaupt ist der weg bis altengronau ganz nett. dort f\u00e4ngt dann der rh\u00f6nexpress-radweg an, soll wohl mehr touristisches leben bringen. daf\u00fcr gibts parkpl\u00e4tze, wo die elektrorentner ihre autos mit den fahrradtr\u00e4gern abstellen k\u00f6nnen.<\/p>\n<p>in br\u00fcckenau guten amarenabecher inhaliert und an der siebener quelle etwas metallisches heilwasser als trinkwasser aufgef\u00fcllt. es gibt also doch \u00f6ffentliche brunnen dort, ich h\u00e4tte letztes jahr nur genauer auf oruxmaps gucken sollen. ist als trinkwasser gerade noch ertr\u00e4glich. entgegen erster \u00fcberlegung doch nicht in br\u00fcckenau schon wg. unterkunft telefoniert, sondern beschlossen, in jedem fall auf den kreuzberg zu fahren und dort zu fragen.<\/p>\n<p>der bahntrassenradweg ist jetzt auch in wildflecken noch etwas mehr hergerichtet; doof nur, dass er nicht weiter ausgebaut wurde. die trasse geht laut osm noch via oberwildflecken und bisschen weiter. man br\u00e4uchte keine verlorenen h\u00f6henmeter durch wildflecken, der ort ist nicht unbedingt sehenswert, und man h\u00e4tte zumindest bis oberwildflecken einen angenehmeren anstieg zum kreuzberg. der anstieg auf der stra\u00dfe bis zur kreuzung mit der stra\u00dfe bischofsheim-kreuzberg auf dem sattel geht noch, die sinnquelle ist etwas seitw\u00e4rts von der stra\u00dfe in offenem wiesengel\u00e4nde, ohne weg dorthin. ab kurz hinter der kreuzung gehts bis zum besucherparkplatz mit 13 % hoch, gerade noch mit 4 km\/h zu fahren ohne zu schlenkern.<\/p>\n<p>oben angekommen jede menge touris mit warteschlangen vor der gastst\u00e4tte\/hotel, weswegen ich erst mal das rad bei der touristinfo abgestellt hab und die treppen hoch zum gipfel bin und dort telefoniert hab. beim kloster ging aber keiner ran. bin dann wieder runter und hab in der touristinfo gefragt. die dame hat dann in der rezeption angerufen und f\u00fcr mich ein einzelzimmer vorgemerkt. nach check-in und duschen zum essen gegangen, nicht mehr so viel los und wieder freie tische ohne warten. essen und trinken bayrisch: schweinefleisch und klosterbier. vegetarisch nur k\u00e4sesp\u00e4tzle mit zwiebeln. hab schweinebraten mit zwei kn\u00f6del und rotkohl genommen; fleisch war genug und hat gut geschmeckt, beilagen h\u00e4tte eins mehr sein k\u00f6nnen.<\/p>\n<p>danach wieder zum gipfel hoch und landschaft mit sonnenuntergang fotografiert. ich hatte mir etwas mehr aussicht versprochen. blickwinkel ca. 120\u00b0 von WSW bis NNW mit wasserkuppe. den rest des abends auf dem zimmer mit podcast h\u00f6ren verbracht. zimmer einfach, bett zu kurz und zudeck rutscht zu seite und ist etwas kunstfaserig zu warm. preis f\u00fcr die \u00fcbernachtung der lage geschuldet, gemessen an der ausstattung und der fehlenden aussicht vom zimmerfenster etwas zu teuer.<\/p>\n<\/div>\n<p><span class=\"bu\">&nbsp;<\/span><\/p>\n<a href=\"http:\/\/hutmachergass.de\/hmg3\/bilder\/rad\/20200922-sinntal-rhoen\/20200922103416-5587.JPG\"><img decoding=\"async\" src=\"https:\/\/hutmachergass.de\/hmg\/php\/getimg.php?img=http:\/\/hutmachergass.de\/hmg3\/bilder\/rad\/20200922-sinntal-rhoen\/20200922103416-5587.JPG&wdth=600&qlty=85\" \/><\/a>\n<span class=\"bu\">alt und relativ neu im sinntal<\/span><\/p>\n<a href=\"http:\/\/hutmachergass.de\/hmg3\/bilder\/rad\/20200922-sinntal-rhoen\/20200922105153-5592.JPG\"><img decoding=\"async\" src=\"https:\/\/hutmachergass.de\/hmg\/php\/getimg.php?img=http:\/\/hutmachergass.de\/hmg3\/bilder\/rad\/20200922-sinntal-rhoen\/20200922105153-5592.JPG&wdth=600&qlty=85\" \/><\/a>\n<span class=\"bu\">&nbsp;<\/span><\/p>\n<a href=\"http:\/\/hutmachergass.de\/hmg3\/bilder\/rad\/20200922-sinntal-rhoen\/20200922113138-5603.JPG\"><img decoding=\"async\" src=\"https:\/\/hutmachergass.de\/hmg\/php\/getimg.php?img=http:\/\/hutmachergass.de\/hmg3\/bilder\/rad\/20200922-sinntal-rhoen\/20200922113138-5603.JPG&wdth=600&qlty=85\" \/><\/a>\n<span class=\"bu\">&nbsp;<\/span><\/p>\n<a href=\"http:\/\/hutmachergass.de\/hmg3\/bilder\/rad\/20200922-sinntal-rhoen\/20200922120221-5613.JPG\"><img decoding=\"async\" src=\"https:\/\/hutmachergass.de\/hmg\/php\/getimg.php?img=http:\/\/hutmachergass.de\/hmg3\/bilder\/rad\/20200922-sinntal-rhoen\/20200922120221-5613.JPG&wdth=600&qlty=85\" \/><\/a>\n<span class=\"bu\">&nbsp;<\/span><\/p>\n<a href=\"http:\/\/hutmachergass.de\/hmg3\/bilder\/rad\/20200922-sinntal-rhoen\/20200922121255-5619.JPG\"><img decoding=\"async\" src=\"https:\/\/hutmachergass.de\/hmg\/php\/getimg.php?img=http:\/\/hutmachergass.de\/hmg3\/bilder\/rad\/20200922-sinntal-rhoen\/20200922121255-5619.JPG&wdth=600&qlty=85\" \/><\/a>\n<span class=\"bu\">&nbsp;<\/span><\/p>\n<a href=\"http:\/\/hutmachergass.de\/hmg3\/bilder\/rad\/20200922-sinntal-rhoen\/20200922123547.jpg\"><img decoding=\"async\" src=\"https:\/\/hutmachergass.de\/hmg\/php\/getimg.php?img=http:\/\/hutmachergass.de\/hmg3\/bilder\/rad\/20200922-sinntal-rhoen\/20200922123547.jpg&wdth=600&qlty=85\" \/><\/a>\n<span class=\"bu\">ende der <a href=\"https:\/\/de.wikipedia.org\/wiki\/Bahnstrecke_Jossa%E2%80%93Wildflecken\">ehemaligen sinntalbahn<\/a>, auf deren trasse jetzt der rh\u00f6nexpress-radweg verl\u00e4uft<\/span><\/p>\n<a href=\"http:\/\/hutmachergass.de\/hmg3\/bilder\/rad\/20200922-sinntal-rhoen\/20200922124054.jpg\"><img decoding=\"async\" src=\"https:\/\/hutmachergass.de\/hmg\/php\/getimg.php?img=http:\/\/hutmachergass.de\/hmg3\/bilder\/rad\/20200922-sinntal-rhoen\/20200922124054.jpg&wdth=600&qlty=85\" \/><\/a>\n<span class=\"bu\">&nbsp;<\/span><\/p>\n<a href=\"http:\/\/hutmachergass.de\/hmg3\/bilder\/rad\/20200922-sinntal-rhoen\/20200922124418-5631.JPG\"><img decoding=\"async\" src=\"https:\/\/hutmachergass.de\/hmg\/php\/getimg.php?img=http:\/\/hutmachergass.de\/hmg3\/bilder\/rad\/20200922-sinntal-rhoen\/20200922124418-5631.JPG&wdth=600&qlty=85\" \/><\/a>\n<span class=\"bu\">&nbsp;<\/span><\/p>\n<a href=\"http:\/\/hutmachergass.de\/hmg3\/bilder\/rad\/20200922-sinntal-rhoen\/20200922124723-5637.JPG\"><img decoding=\"async\" src=\"https:\/\/hutmachergass.de\/hmg\/php\/getimg.php?img=http:\/\/hutmachergass.de\/hmg3\/bilder\/rad\/20200922-sinntal-rhoen\/20200922124723-5637.JPG&wdth=600&qlty=85\" \/><\/a>\n<span class=\"bu\">&nbsp;<\/span><\/p>\n<a href=\"http:\/\/hutmachergass.de\/hmg3\/bilder\/rad\/20200922-sinntal-rhoen\/20200922130026.jpg\"><img decoding=\"async\" src=\"https:\/\/hutmachergass.de\/hmg\/php\/getimg.php?img=http:\/\/hutmachergass.de\/hmg3\/bilder\/rad\/20200922-sinntal-rhoen\/20200922130026.jpg&wdth=600&qlty=85\" \/><\/a>\n<span class=\"bu\">&nbsp;<\/span><\/p>\n<a href=\"http:\/\/hutmachergass.de\/hmg3\/bilder\/rad\/20200922-sinntal-rhoen\/20200922130308.jpg\"><img decoding=\"async\" src=\"https:\/\/hutmachergass.de\/hmg\/php\/getimg.php?img=http:\/\/hutmachergass.de\/hmg3\/bilder\/rad\/20200922-sinntal-rhoen\/20200922130308.jpg&wdth=600&qlty=85\" \/><\/a>\n<span class=\"bu\">&nbsp;<\/span><\/p>\n<a href=\"http:\/\/hutmachergass.de\/hmg3\/bilder\/rad\/20200922-sinntal-rhoen\/20200922130640.jpg\"><img decoding=\"async\" src=\"https:\/\/hutmachergass.de\/hmg\/php\/getimg.php?img=http:\/\/hutmachergass.de\/hmg3\/bilder\/rad\/20200922-sinntal-rhoen\/20200922130640.jpg&wdth=600&qlty=85\" \/><\/a>\n<span class=\"bu\">&nbsp;<\/span><\/p>\n<a href=\"http:\/\/hutmachergass.de\/hmg3\/bilder\/rad\/20200922-sinntal-rhoen\/20200922141030.jpg\"><img decoding=\"async\" src=\"https:\/\/hutmachergass.de\/hmg\/php\/getimg.php?img=http:\/\/hutmachergass.de\/hmg3\/bilder\/rad\/20200922-sinntal-rhoen\/20200922141030.jpg&wdth=600&qlty=85\" \/><\/a>\n<span class=\"bu\">siebener quelle &#8220;heilwasser&#8221; &#8211; als trinkwasser gerade noch brauchbar<\/span><\/p>\n<a href=\"http:\/\/hutmachergass.de\/hmg3\/bilder\/rad\/20200922-sinntal-rhoen\/20200922145416.jpg\"><img decoding=\"async\" src=\"https:\/\/hutmachergass.de\/hmg\/php\/getimg.php?img=http:\/\/hutmachergass.de\/hmg3\/bilder\/rad\/20200922-sinntal-rhoen\/20200922145416.jpg&wdth=600&qlty=85\" \/><\/a>\n<span class=\"bu\">b\u00fc-schalth\u00e4uschen<\/span><\/p>\n<a href=\"http:\/\/hutmachergass.de\/hmg3\/bilder\/rad\/20200922-sinntal-rhoen\/20200922145957.jpg\"><img decoding=\"async\" src=\"https:\/\/hutmachergass.de\/hmg\/php\/getimg.php?img=http:\/\/hutmachergass.de\/hmg3\/bilder\/rad\/20200922-sinntal-rhoen\/20200922145957.jpg&wdth=600&qlty=85\" \/><\/a>\n<span class=\"bu\">&nbsp;<\/span><\/p>\n<a href=\"http:\/\/hutmachergass.de\/hmg3\/bilder\/rad\/20200922-sinntal-rhoen\/20200922150112.jpg\"><img decoding=\"async\" src=\"https:\/\/hutmachergass.de\/hmg\/php\/getimg.php?img=http:\/\/hutmachergass.de\/hmg3\/bilder\/rad\/20200922-sinntal-rhoen\/20200922150112.jpg&wdth=600&qlty=85\" \/><\/a>\n<span class=\"bu\">leider ist der radweg nicht auch auf dem rest der trasse ausgebaut<\/span><\/p>\n<a href=\"http:\/\/hutmachergass.de\/hmg3\/bilder\/rad\/20200922-sinntal-rhoen\/20200922154224-5640.JPG\"><img decoding=\"async\" src=\"https:\/\/hutmachergass.de\/hmg\/php\/getimg.php?img=http:\/\/hutmachergass.de\/hmg3\/bilder\/rad\/20200922-sinntal-rhoen\/20200922154224-5640.JPG&wdth=600&qlty=85\" \/><\/a>\n<span class=\"bu\"><a href=\"https:\/\/de.wikipedia.org\/wiki\/Kreuzberg_(Rh%C3%B6n)\">kreuzberg<\/a><\/span><\/p>\n<a href=\"http:\/\/hutmachergass.de\/hmg3\/bilder\/rad\/20200922-sinntal-rhoen\/20200922184538-5677.JPG\"><img decoding=\"async\" src=\"https:\/\/hutmachergass.de\/hmg\/php\/getimg.php?img=http:\/\/hutmachergass.de\/hmg3\/bilder\/rad\/20200922-sinntal-rhoen\/20200922184538-5677.JPG&wdth=600&qlty=85\" \/><\/a>\n<span class=\"bu\">&nbsp;<\/span><\/p>\n<a href=\"http:\/\/hutmachergass.de\/hmg3\/bilder\/rad\/20200922-sinntal-rhoen\/20200922190603-5700.JPG\"><img decoding=\"async\" src=\"https:\/\/hutmachergass.de\/hmg\/php\/getimg.php?img=http:\/\/hutmachergass.de\/hmg3\/bilder\/rad\/20200922-sinntal-rhoen\/20200922190603-5700.JPG&wdth=600&qlty=85\" \/><\/a>\n<span class=\"bu\">&nbsp;<\/span><\/p>\n<a href=\"http:\/\/hutmachergass.de\/hmg3\/bilder\/rad\/20200922-sinntal-rhoen\/20200922191940-5749.JPG\"><img decoding=\"async\" src=\"https:\/\/hutmachergass.de\/hmg\/php\/getimg.php?img=http:\/\/hutmachergass.de\/hmg3\/bilder\/rad\/20200922-sinntal-rhoen\/20200922191940-5749.JPG&wdth=600&qlty=85\" \/><\/a>\n<span class=\"bu\">der grund, im kloster kreuzberg hotel zu \u00fcbernachten. das fr\u00fchst\u00fcck war auch ok.<\/span><\/p>\n<a href=\"http:\/\/hutmachergass.de\/hmg3\/bilder\/rad\/20200922-sinntal-rhoen\/20200923072703.jpg\"><img decoding=\"async\" src=\"https:\/\/hutmachergass.de\/hmg\/php\/getimg.php?img=http:\/\/hutmachergass.de\/hmg3\/bilder\/rad\/20200922-sinntal-rhoen\/20200923072703.jpg&wdth=300&qlty=85\" \/><\/a>\n<span class=\"bu\">&nbsp;<\/span><\/p>\n<span class=\"collapseomatic \" id=\"id69f269a6f2fbb\"  tabindex=\"0\" title=\"zweite etappe\"    >zweite etappe<\/span><div id=\"target-id69f269a6f2fbb\" class=\"collapseomatic_content exp\">\n<h3>kreuzberg \u2013 nordheim \u2013 fladungen \u2013 hilders \u2013 fulda<\/h3>\n<p>fr\u00fchst\u00fcck brauchbar, wenn auch nicht bio: br\u00f6tchen lecker, m\u00fcsli und frisches obst, o-saft aus einwegflaschen.<\/p>\n<p>um neun bei bedecktem himmel los. stellenweise hatte es etwas geregnet, aber nicht viel. die b\u00f6den sind auch hier noch durchtrocknet. \u00fcber bischofsheim (keinen trinkwasserbrunnen gefunden) und h\u00fcgeliges land in weisbach einen trinkwasserbrunnen an meiner route gefunden, wohlschmeckendes wasser. die route macht einen schlenker durch den ort, die stra\u00dfe mit neuem radweg geht am ort vorbei, die \u00fcbliche ortsumgehungsstra\u00dfe. weiter nach oberelsbach, wobei in knapp vier km entfernung der gangolfsberg wp ist; w\u00fcrde einen besuch lohnen. in nordheim ins streutal gekommen und entlang der streutalbahn nach fladungen, museumsbahnhof mit museumsbahn, wg. corona dieses jahr nicht in betrieb. fladungen nettes \u00f6rtchen, aber wenig gesch\u00e4fte.<\/p>\n<p>auf dem EV13 Iron Curtain Trail \u00fcbern h\u00fcgel nach oberfladungen und dann einen langen anstieg bis auf 700 m, weg komplett asfaltiert und in gutem zustand, keine sch\u00e4den, gut hoch zu kurbeln. kurz vor der grenze zu th\u00fcringen geschotterter weg und kurz darauf gehts durch den wald, nur schmaler weg mit vielen wurzeln, vorsichtig mit schrittgeschwindigkeit zu fahren. danach auf der lichtung schmaler wanderpfad mit grasknubbeln, kaum fahrbar. geht nicht allzu weit, kann man zur not auch schieben. im prinzip m\u00fcsste dort der eiserne vorhang verlaufen sein, stehen auch schilder dort. der n\u00e4chste ort, auf 770 m, ist frankenheim in th\u00fcringen, von wo es noch ein st\u00fcck weiter entlang der grenze geht, nach 2,5 km aber runter nach hilders auf 450 m.<\/p>\n<p>in hilders zielstrebig nicht der route (ulsterradweg) nach, sondern in die ortsmitte zu einem eiscafe gefahren und einen leckeren walnussbecher konsumiert. es kamen noch paar elektrorentner dazu. von hilders f\u00fchrt der milseburgradweg auf der trasse der ehemaligen biebertalbahn (fulda\u2013hilders) nach fulda. anstieg bis zum scheiteltunnel (milseburg) auf 540 m bahntrassen\u00fcblich gut zu fahren, die trassenf\u00fchrung auf der westseite mit einem gro\u00dfen bogen lohnt auch ein genaueres hinsehen, ist aber auch wieder bahntrassen\u00fcblich etwas zugewachsen. au\u00dferdem wie so oft, wenn ich schon einige km gefahren bin, l\u00e4sst die konzentration und der blick f\u00fcr die landschaft nach; schade. die bieber m\u00fcndet \u00fcbrigens direkt neben dem radweg bei wiesen in die haune; auch nicht gesehen.<\/p>\n<p>in fulda-lehnerz nicht aufgepasst und von der route abgewichen; route geht zwar entlang der stra\u00dfe, ist aber der k\u00fcrzeste weg zum bahnhof. als ichs gemerkt hab, hatte ich keine lust mehr umzukehren und bin in einem bogen zum bahnhof; war nicht viel umweg und vielleicht sch\u00f6ner.<\/p>\n<p>re 17:07 ab fulda, vias p\u00fcnktlich 18:34 ab hanau, aber die kreuzung in hainhausen wie oft daneben. mit dem rad von babenhausen nach dieburg, womit es genau 100 km an dem tag wurden und ich um 19:45 zuhause war.<\/p>\n<\/div>\n<p><span class=\"bu\">&nbsp;<\/span><\/p>\n<a href=\"http:\/\/hutmachergass.de\/hmg3\/bilder\/rad\/20200922-sinntal-rhoen\/20200923102704.jpg\"><img decoding=\"async\" src=\"https:\/\/hutmachergass.de\/hmg\/php\/getimg.php?img=http:\/\/hutmachergass.de\/hmg3\/bilder\/rad\/20200922-sinntal-rhoen\/20200923102704.jpg&wdth=600&qlty=85\" \/><\/a>\n<span class=\"bu\">oberelsbach<\/span><\/p>\n<a href=\"http:\/\/hutmachergass.de\/hmg3\/bilder\/rad\/20200922-sinntal-rhoen\/20200923104125-5764.JPG\"><img decoding=\"async\" src=\"https:\/\/hutmachergass.de\/hmg\/php\/getimg.php?img=http:\/\/hutmachergass.de\/hmg3\/bilder\/rad\/20200922-sinntal-rhoen\/20200923104125-5764.JPG&wdth=600&qlty=85\" \/><\/a>\n<span class=\"bu\">urspringen<\/span><\/p>\n<a href=\"http:\/\/hutmachergass.de\/hmg3\/bilder\/rad\/20200922-sinntal-rhoen\/20200923105751-5767.JPG\"><img decoding=\"async\" src=\"https:\/\/hutmachergass.de\/hmg\/php\/getimg.php?img=http:\/\/hutmachergass.de\/hmg3\/bilder\/rad\/20200922-sinntal-rhoen\/20200923105751-5767.JPG&wdth=600&qlty=85\" \/><\/a>\n<span class=\"bu\"><a href=\"https:\/\/de.wikipedia.org\/wiki\/Bahnstrecke_Mellrichstadt%E2%80%93Fladungen\">streutalbahn<\/a> in nordheim<\/span><\/p>\n<a href=\"http:\/\/hutmachergass.de\/hmg3\/bilder\/rad\/20200922-sinntal-rhoen\/20200923105812-5770.JPG\"><img decoding=\"async\" src=\"https:\/\/hutmachergass.de\/hmg\/php\/getimg.php?img=http:\/\/hutmachergass.de\/hmg3\/bilder\/rad\/20200922-sinntal-rhoen\/20200923105812-5770.JPG&wdth=600&qlty=85\" \/><\/a>\n<span class=\"bu\">&nbsp;<\/span><\/p>\n<a href=\"http:\/\/hutmachergass.de\/hmg3\/bilder\/rad\/20200922-sinntal-rhoen\/20200923110702.jpg\"><img decoding=\"async\" src=\"https:\/\/hutmachergass.de\/hmg\/php\/getimg.php?img=http:\/\/hutmachergass.de\/hmg3\/bilder\/rad\/20200922-sinntal-rhoen\/20200923110702.jpg&wdth=600&qlty=85\" \/><\/a>\n<span class=\"bu\">sieht so aus, ist aber &#8220;Kein Trinkwasser&#8221; &#8211; rastplatz zum dank f\u00fcr die nitratreiche konventionelle landwirtschaft<\/span><\/p>\n<a href=\"http:\/\/hutmachergass.de\/hmg3\/bilder\/rad\/20200922-sinntal-rhoen\/20200923113437.jpg\"><img decoding=\"async\" src=\"https:\/\/hutmachergass.de\/hmg\/php\/getimg.php?img=http:\/\/hutmachergass.de\/hmg3\/bilder\/rad\/20200922-sinntal-rhoen\/20200923113437.jpg&wdth=600&qlty=85\" \/><\/a>\n<span class=\"bu\">&nbsp;<\/span><\/p>\n<a href=\"http:\/\/hutmachergass.de\/hmg3\/bilder\/rad\/20200922-sinntal-rhoen\/20200923113514.jpg\"><img decoding=\"async\" src=\"https:\/\/hutmachergass.de\/hmg\/php\/getimg.php?img=http:\/\/hutmachergass.de\/hmg3\/bilder\/rad\/20200922-sinntal-rhoen\/20200923113514.jpg&wdth=600&qlty=85\" \/><\/a>\n<span class=\"bu\">&nbsp;<\/span><\/p>\n<a href=\"http:\/\/hutmachergass.de\/hmg3\/bilder\/rad\/20200922-sinntal-rhoen\/20200923113024.jpg\"><img decoding=\"async\" src=\"https:\/\/hutmachergass.de\/hmg\/php\/getimg.php?img=http:\/\/hutmachergass.de\/hmg3\/bilder\/rad\/20200922-sinntal-rhoen\/20200923113024.jpg&wdth=600&qlty=85\" \/><\/a>\n<span class=\"bu\">&nbsp;<\/span><\/p>\n<a href=\"http:\/\/hutmachergass.de\/hmg3\/bilder\/rad\/20200922-sinntal-rhoen\/20200923122917-5772.JPG\"><img decoding=\"async\" src=\"https:\/\/hutmachergass.de\/hmg\/php\/getimg.php?img=http:\/\/hutmachergass.de\/hmg3\/bilder\/rad\/20200922-sinntal-rhoen\/20200923122917-5772.JPG&wdth=600&qlty=85\" \/><\/a>\n<span class=\"bu\"><a href=\"https:\/\/de.wikipedia.org\/wiki\/Iron_Curtain_Trail_(EV13)\">iron curtain trail<\/a> von oberfladungen nach frankenheim<\/span><\/p>\n<a href=\"http:\/\/hutmachergass.de\/hmg3\/bilder\/rad\/20200922-sinntal-rhoen\/20200923124104-5784.JPG\"><img decoding=\"async\" src=\"https:\/\/hutmachergass.de\/hmg\/php\/getimg.php?img=http:\/\/hutmachergass.de\/hmg3\/bilder\/rad\/20200922-sinntal-rhoen\/20200923124104-5784.JPG&wdth=600&qlty=85\" \/><\/a>\n<span class=\"bu\">&nbsp;<\/span><\/p>\n<a href=\"http:\/\/hutmachergass.de\/hmg3\/bilder\/rad\/20200922-sinntal-rhoen\/20200923130216.jpg\"><img decoding=\"async\" src=\"https:\/\/hutmachergass.de\/hmg\/php\/getimg.php?img=http:\/\/hutmachergass.de\/hmg3\/bilder\/rad\/20200922-sinntal-rhoen\/20200923130216.jpg&wdth=600&qlty=85\" \/><\/a>\n<span class=\"bu\">NVA-grenzweg<\/span><\/p>\n<a href=\"http:\/\/hutmachergass.de\/hmg3\/bilder\/rad\/20200922-sinntal-rhoen\/20200923131222-5792.JPG\"><img decoding=\"async\" src=\"https:\/\/hutmachergass.de\/hmg\/php\/getimg.php?img=http:\/\/hutmachergass.de\/hmg3\/bilder\/rad\/20200922-sinntal-rhoen\/20200923131222-5792.JPG&wdth=600&qlty=85\" \/><\/a>\n<span class=\"bu\">&nbsp;<\/span><\/p>\n<a href=\"http:\/\/hutmachergass.de\/hmg3\/bilder\/rad\/20200922-sinntal-rhoen\/20200923134154-5800.JPG\"><img decoding=\"async\" src=\"https:\/\/hutmachergass.de\/hmg\/php\/getimg.php?img=http:\/\/hutmachergass.de\/hmg3\/bilder\/rad\/20200922-sinntal-rhoen\/20200923134154-5800.JPG&wdth=600&qlty=85\" \/><\/a>\n<span class=\"bu\"><a href=\"https:\/\/de.wikipedia.org\/wiki\/Maulkuppe\" rel=\"noopener noreferrer\" target=\"_blank\">maulkuppe<\/a>, <a href=\"https:\/\/de.wikipedia.org\/wiki\/Milseburg\" rel=\"noopener noreferrer\" target=\"_blank\">milseburg<\/a><\/span><\/p>\n<a href=\"http:\/\/hutmachergass.de\/hmg3\/bilder\/rad\/20200922-sinntal-rhoen\/20200923143930.jpg\"><img decoding=\"async\" src=\"https:\/\/hutmachergass.de\/hmg\/php\/getimg.php?img=http:\/\/hutmachergass.de\/hmg3\/bilder\/rad\/20200922-sinntal-rhoen\/20200923143930.jpg&wdth=600&qlty=85\" \/><\/a>\n<span class=\"bu\">&nbsp;<\/span><\/p>\n<a href=\"http:\/\/hutmachergass.de\/hmg3\/bilder\/rad\/20200922-sinntal-rhoen\/20200923153546-5806.JPG\"><img decoding=\"async\" src=\"https:\/\/hutmachergass.de\/hmg\/php\/getimg.php?img=http:\/\/hutmachergass.de\/hmg3\/bilder\/rad\/20200922-sinntal-rhoen\/20200923153546-5806.JPG&wdth=600&qlty=85\" \/><\/a>\n<span class=\"bu\">milseburgradweg auf der trasse der <a href=\"https:\/\/de.wikipedia.org\/wiki\/Bahnstrecke_G%C3%B6tzenhof%E2%80%93W%C3%BCstensachsen\" rel=\"noopener noreferrer\" target=\"_blank\">ehemaligen biebertalbahn<\/a> beim westportal des <a href=\"https:\/\/de.wikipedia.org\/wiki\/Milseburgtunnel\" rel=\"noopener noreferrer\" target=\"_blank\">milseburgtunnels<\/a> <\/span><\/p>\n<a href=\"http:\/\/hutmachergass.de\/hmg3\/bilder\/rad\/20200922-sinntal-rhoen\/20200923155057.jpg\"><img decoding=\"async\" src=\"https:\/\/hutmachergass.de\/hmg\/php\/getimg.php?img=http:\/\/hutmachergass.de\/hmg3\/bilder\/rad\/20200922-sinntal-rhoen\/20200923155057.jpg&wdth=600&qlty=85\" \/><\/a>\n<span class=\"bu\">fantasiesignale in bieberstein<\/span><\/p>\n","protected":false},"excerpt":{"rendered":"<p>zweitagestour zum herbstanfang bei sch\u00f6nem sp\u00e4tsommerwetter das sinntal hoch bis auf den kreuzberg, dort \u00fcbernachtet und am n\u00e4chsten tag bei nicht mehr so gutem wetter, immerhin kein regen, \u00f6stlich um die wasserkuppe rum mit einem kleinen schlenker durch th\u00fcringen und &hellip; <a href=\"https:\/\/hutmachergass.de\/hmg\/steffsblog\/?page_id=4793\">Continue reading <span class=\"meta-nav\">&rarr;<\/span><\/a><\/p>\n","protected":false},"author":2,"featured_media":0,"parent":3636,"menu_order":0,"comment_status":"closed","ping_status":"closed","template":"","meta":{"footnotes":""},"class_list":["post-4793","page","type-page","status-publish","hentry"],"_links":{"self":[{"href":"https:\/\/hutmachergass.de\/hmg\/steffsblog\/index.php?rest_route=\/wp\/v2\/pages\/4793","targetHints":{"allow":["GET"]}}],"collection":[{"href":"https:\/\/hutmachergass.de\/hmg\/steffsblog\/index.php?rest_route=\/wp\/v2\/pages"}],"about":[{"href":"https:\/\/hutmachergass.de\/hmg\/steffsblog\/index.php?rest_route=\/wp\/v2\/types\/page"}],"author":[{"embeddable":true,"href":"https:\/\/hutmachergass.de\/hmg\/steffsblog\/index.php?rest_route=\/wp\/v2\/users\/2"}],"replies":[{"embeddable":true,"href":"https:\/\/hutmachergass.de\/hmg\/steffsblog\/index.php?rest_route=%2Fwp%2Fv2%2Fcomments&post=4793"}],"version-history":[{"count":0,"href":"https:\/\/hutmachergass.de\/hmg\/steffsblog\/index.php?rest_route=\/wp\/v2\/pages\/4793\/revisions"}],"up":[{"embeddable":true,"href":"https:\/\/hutmachergass.de\/hmg\/steffsblog\/index.php?rest_route=\/wp\/v2\/pages\/3636"}],"wp:attachment":[{"href":"https:\/\/hutmachergass.de\/hmg\/steffsblog\/index.php?rest_route=%2Fwp%2Fv2%2Fmedia&parent=4793"}],"curies":[{"name":"wp","href":"https:\/\/api.w.org\/{rel}","templated":true}]}}