

{"id":4379,"date":"2020-05-20T22:00:08","date_gmt":"2020-05-20T20:00:08","guid":{"rendered":"http:\/\/hutmachergass.de\/hmg\/steffsblog\/?page_id=4379"},"modified":"2023-03-04T16:52:21","modified_gmt":"2023-03-04T15:52:21","slug":"donnersberg-kalmit","status":"publish","type":"page","link":"https:\/\/hutmachergass.de\/hmg\/steffsblog\/?page_id=4379","title":{"rendered":"alsenztal und vorderpfalz"},"content":{"rendered":"<p>seit montag gehts in sachen corona noch etwas gelockerter zu, die jugendherbergen \u00f6ffnen wieder. in anbetracht des sonnigen, aber noch nicht hei\u00dfen wetters habe ich mich zu einer zweitagestour aufgemacht. von der nahe durchs alsenztal \u00fcber frankenstein zum donnersberg und dannenfels, das pfrimmtal und eisbachtal kreuzend zur jugendherberge altleiningen. am n\u00e4chsten tag durchs hochspeyer- und speyerbachtal mit einer runde \u00fcber die kalmit nach schifferstadt.<\/p>\n<h3>von bad m\u00fcnster am stein nach altleiningen<\/h3>\n<p>die zweite donnersbergtour durchs alsenztal, die erste war vor drei jahren. das tal ist landschaftlich h\u00fcbsch, die orte ziemlich klein und absent. alsenz nettes \u00f6rtchen, aber es gibt nix zum pause machen. immerhin bahnanschluss an die weite welt. es gab also auf einer breite von 40 km drei parallele strecken ab kreuznach in richtung s\u00fcdwesten, in einem d\u00fcnn besiedelten, f\u00fcr den milit\u00e4rischen nachschub interessanten gebiet. wobei die alsenztalbahn aus laut wp wirtschaftlichen gr\u00fcnden als hauptbahn gebaut wurde.<\/p>\n<p>rockenhausen ein sch\u00f6nes st\u00e4dtchen, mit eisdielen und gesch\u00e4ften. ich h\u00e4tte mir doch eine viertelstunde zeit nehmen und mir die geb\u00e4ude, wie auch das turmuhrenmuseum wenigstens mal kurz von au\u00dfen ansehen sollen.<\/p>\n<p>die radroute wird meist auf asfaltierten wegen getrennt von der stra\u00dfe gef\u00fchrt und hat dadurch immer wieder kurze rampen, an besonders engen stellen gehts aber auch mal auf \u00e4u\u00dferst schmalen gehradwegen neben der stra\u00dfe entlang.<\/p>\n<p><span class=\"bu\">&nbsp;<\/span><\/p>\n<a href=\"http:\/\/hutmachergass.de\/hmg3\/bilder\/20200519-altleiningen\/20200519102810-3344-rotenfels.jpg\"><img decoding=\"async\" src=\"https:\/\/hutmachergass.de\/hmg\/php\/getimg.php?img=http:\/\/hutmachergass.de\/hmg3\/bilder\/20200519-altleiningen\/20200519102810-3344-rotenfels.jpg&wdth=600&qlty=85\" \/><\/a>\n<span class=\"bu\"><a href=\"https:\/\/de.wikipedia.org\/wiki\/Alsenztalbahn\">alsenzbahn<\/a> vor <a href=\"https:\/\/de.wikipedia.org\/wiki\/Rotenfels\">rotenfels<\/a><\/span><\/p>\n<a href=\"http:\/\/hutmachergass.de\/hmg3\/bilder\/20200519-altleiningen\/20200519103805-3350-ebernburg.jpg\"><img decoding=\"async\" src=\"https:\/\/hutmachergass.de\/hmg\/php\/getimg.php?img=http:\/\/hutmachergass.de\/hmg3\/bilder\/20200519-altleiningen\/20200519103805-3350-ebernburg.jpg&wdth=600&qlty=85\" \/><\/a>\n<span class=\"bu\"><a href=\"https:\/\/de.wikipedia.org\/wiki\/Burg_Ebernburg\">ebernburg<\/a><\/span><\/p>\n<a href=\"http:\/\/hutmachergass.de\/hmg3\/bilder\/20200519-altleiningen\/20200519111336-3361-alsenz.jpg\"><img decoding=\"async\" src=\"https:\/\/hutmachergass.de\/hmg\/php\/getimg.php?img=http:\/\/hutmachergass.de\/hmg3\/bilder\/20200519-altleiningen\/20200519111336-3361-alsenz.jpg&wdth=600&qlty=85\" \/><\/a>\n<span class=\"bu\"><a href=\"https:\/\/de.wikipedia.org\/wiki\/Alsenz\">alsenz<\/a><\/span><\/p>\n<a href=\"http:\/\/hutmachergass.de\/hmg3\/bilder\/20200519-altleiningen\/20200519111622-3364.jpg\"><img decoding=\"async\" src=\"https:\/\/hutmachergass.de\/hmg\/php\/getimg.php?img=http:\/\/hutmachergass.de\/hmg3\/bilder\/20200519-altleiningen\/20200519111622-3364.jpg&wdth=600&qlty=85\" \/><\/a>\n<span class=\"bu\">&nbsp;<\/span><\/p>\n<a href=\"http:\/\/hutmachergass.de\/hmg3\/bilder\/20200519-altleiningen\/20200519114244-3379.jpg\"><img decoding=\"async\" src=\"https:\/\/hutmachergass.de\/hmg\/php\/getimg.php?img=http:\/\/hutmachergass.de\/hmg3\/bilder\/20200519-altleiningen\/20200519114244-3379.jpg&wdth=600&qlty=85\" \/><\/a>\n<span class=\"bu\">&nbsp;<\/span><\/p>\n<a href=\"http:\/\/hutmachergass.de\/hmg3\/bilder\/20200519-altleiningen\/20200519114711-3388.jpg\"><img decoding=\"async\" src=\"https:\/\/hutmachergass.de\/hmg\/php\/getimg.php?img=http:\/\/hutmachergass.de\/hmg3\/bilder\/20200519-altleiningen\/20200519114711-3388.jpg&wdth=600&qlty=85\" \/><\/a>\n<span class=\"bu\">&nbsp;<\/span><\/p>\n<a href=\"http:\/\/hutmachergass.de\/hmg3\/bilder\/20200519-altleiningen\/20200519120453-3398.jpg\"><img decoding=\"async\" src=\"https:\/\/hutmachergass.de\/hmg\/php\/getimg.php?img=http:\/\/hutmachergass.de\/hmg3\/bilder\/20200519-altleiningen\/20200519120453-3398.jpg&wdth=600&qlty=85\" \/><\/a>\n<span class=\"bu\">&nbsp;<\/span><\/p>\n<a href=\"http:\/\/hutmachergass.de\/hmg3\/bilder\/20200519-altleiningen\/20200519122653-3404-rockenhausen.jpg\"><img decoding=\"async\" src=\"https:\/\/hutmachergass.de\/hmg\/php\/getimg.php?img=http:\/\/hutmachergass.de\/hmg3\/bilder\/20200519-altleiningen\/20200519122653-3404-rockenhausen.jpg&wdth=600&qlty=85\" \/><\/a>\n<span class=\"bu\"><a href=\"https:\/\/de.wikipedia.org\/wiki\/Rockenhausen\">rockenhausen<\/a><\/span><\/p>\n<a href=\"http:\/\/hutmachergass.de\/hmg3\/bilder\/20200519-altleiningen\/20200519125520-3414.jpg\"><img decoding=\"async\" src=\"https:\/\/hutmachergass.de\/hmg\/php\/getimg.php?img=http:\/\/hutmachergass.de\/hmg3\/bilder\/20200519-altleiningen\/20200519125520-3414.jpg&wdth=600&qlty=85\" \/><\/a>\n<span class=\"bu\">&nbsp;<\/span><\/p>\n<a href=\"http:\/\/hutmachergass.de\/hmg3\/bilder\/20200519-altleiningen\/20200519130456-3416.jpg\"><img decoding=\"async\" src=\"https:\/\/hutmachergass.de\/hmg\/php\/getimg.php?img=http:\/\/hutmachergass.de\/hmg3\/bilder\/20200519-altleiningen\/20200519130456-3416.jpg&wdth=600&qlty=85\" \/><\/a>\n<span class=\"bu\">&nbsp;<\/span><\/p>\n<p>im tal nach falkenstein hoch gibts paar ruinen und wanderparkpl\u00e4tze und wanderwege. hinter falkenstein nach marienthal runter und die landstra\u00dfe zum donnersberg hoch. beim gro\u00dfen kreisel hab ich gegoogelt und wie vermutet, der ludwigsturm ist derzeit geschlossen, wie alle solchen t\u00fcrme in zeiten von corona. also bin ich erst garnicht hoch sondern weiter wieder bergab nach dannenfels.<br \/>\n<span class=\"bu\">&nbsp;<\/span><\/p>\n<a href=\"http:\/\/hutmachergass.de\/hmg3\/bilder\/20200519-altleiningen\/20200519133516-3419-falkenstein.jpg\"><img decoding=\"async\" src=\"https:\/\/hutmachergass.de\/hmg\/php\/getimg.php?img=http:\/\/hutmachergass.de\/hmg3\/bilder\/20200519-altleiningen\/20200519133516-3419-falkenstein.jpg&wdth=600&qlty=85\" \/><\/a>\n<span class=\"bu\">am anfang warens noch keine 25% und es ging noch im 1. gang zu fahren, <\/span><\/p>\n<a href=\"http:\/\/hutmachergass.de\/hmg3\/bilder\/20200519-altleiningen\/20200519134605-3430-falkenstein.jpg\"><img decoding=\"async\" src=\"https:\/\/hutmachergass.de\/hmg\/php\/getimg.php?img=http:\/\/hutmachergass.de\/hmg3\/bilder\/20200519-altleiningen\/20200519134605-3430-falkenstein.jpg&wdth=600&qlty=85\" \/><\/a>\n<span class=\"bu\">aber am ende ging nur noch schieben.<\/span><\/p>\n<a href=\"http:\/\/hutmachergass.de\/hmg3\/bilder\/20200519-altleiningen\/20200519135340-3433-falkenstein.jpg\"><img decoding=\"async\" src=\"https:\/\/hutmachergass.de\/hmg\/php\/getimg.php?img=http:\/\/hutmachergass.de\/hmg3\/bilder\/20200519-altleiningen\/20200519135340-3433-falkenstein.jpg&wdth=600&qlty=85\" \/><\/a>\n<span class=\"bu\">&nbsp;<\/span><\/p>\n<a href=\"http:\/\/hutmachergass.de\/hmg3\/bilder\/20200519-altleiningen\/20200519135853-3441.jpg\"><img decoding=\"async\" src=\"https:\/\/hutmachergass.de\/hmg\/php\/getimg.php?img=http:\/\/hutmachergass.de\/hmg3\/bilder\/20200519-altleiningen\/20200519135853-3441.jpg&wdth=600&qlty=85\" \/><\/a>\n<span class=\"bu\">&nbsp;<\/span><\/p>\n<a href=\"http:\/\/hutmachergass.de\/hmg3\/bilder\/20200519-altleiningen\/20200519140647-3447.jpg\"><img decoding=\"async\" src=\"https:\/\/hutmachergass.de\/hmg\/php\/getimg.php?img=http:\/\/hutmachergass.de\/hmg3\/bilder\/20200519-altleiningen\/20200519140647-3447.jpg&wdth=600&qlty=85\" \/><\/a>\n<span class=\"bu\">&nbsp;<\/span><\/p>\n<p>in dannenfels war nix offen zum pause machen, deshalb weiter nach dreisen im pfrimmtal und \u00fcbern h\u00fcgel nach eisenberg. dort bei einer eisdiele drau\u00dfen ein gute und teure eisschokolade inhaliert.<br \/>\n<span class=\"bu\">&nbsp;<\/span><\/p>\n<a href=\"http:\/\/hutmachergass.de\/hmg3\/bilder\/20200519-altleiningen\/20200519152413-3473.jpg\"><img decoding=\"async\" src=\"https:\/\/hutmachergass.de\/hmg\/php\/getimg.php?img=http:\/\/hutmachergass.de\/hmg3\/bilder\/20200519-altleiningen\/20200519152413-3473.jpg&wdth=600&qlty=85\" \/><\/a>\n<span class=\"bu\">&nbsp;<\/span><\/p>\n<a href=\"http:\/\/hutmachergass.de\/hmg3\/bilder\/20200519-altleiningen\/20200519152916-3477.jpg\"><img decoding=\"async\" src=\"https:\/\/hutmachergass.de\/hmg\/php\/getimg.php?img=http:\/\/hutmachergass.de\/hmg3\/bilder\/20200519-altleiningen\/20200519152916-3477.jpg&wdth=600&qlty=85\" \/><\/a>\n<span class=\"bu\"><a href=\"https:\/\/de.wikipedia.org\/wiki\/Donnersberg\">donnersberg<\/a><\/span><\/p>\n<a href=\"http:\/\/hutmachergass.de\/hmg3\/bilder\/20200519-altleiningen\/20200519154415-3482-zellertalbahn.jpg\"><img decoding=\"async\" src=\"https:\/\/hutmachergass.de\/hmg\/php\/getimg.php?img=http:\/\/hutmachergass.de\/hmg3\/bilder\/20200519-altleiningen\/20200519154415-3482-zellertalbahn.jpg&wdth=600&qlty=85\" \/><\/a>\n<span class=\"bu\"><a href=\"https:\/\/de.wikipedia.org\/wiki\/Zellertalbahn\">zellertalbahn<\/a><\/span><\/p>\n<p>den n\u00e4chsten h\u00fcgel nach hettenleidelheim und wattenheim hoch. auch den kriegerhain in hettenleidelheim h\u00e4tte ich mir anschauen sollen, statt nur das alte gasthaus zu fotografieren. ich hatte gedacht, das w\u00e4r nur ein \u00fcbliches kriegerdenkmal, aber das war wohl auch mal ein j\u00fcdischer friedhof. von wattenheim gehts runter ins rothbachtal, knappe 2 km auf einer schmalen stra\u00dfe, dann ein knapper kilometer anstieg zur jugendherberge hoch.<br \/>\n<span class=\"bu\">&nbsp;<\/span><\/p>\n<a href=\"http:\/\/hutmachergass.de\/hmg3\/bilder\/20200519-altleiningen\/20200519194041-3504-jh_altleiningen.jpg\"><img decoding=\"async\" src=\"https:\/\/hutmachergass.de\/hmg\/php\/getimg.php?img=http:\/\/hutmachergass.de\/hmg3\/bilder\/20200519-altleiningen\/20200519194041-3504-jh_altleiningen.jpg&wdth=600&qlty=85\" \/><\/a>\n<span class=\"bu\"><a href=\"https:\/\/de.wikipedia.org\/wiki\/Burg_Altleiningen\">burg altleiningen<\/a><\/span><\/p>\n<p>da ich nicht auf dem donnersberg war, kam ich schon gegen halbsechs an der JH an und war, wie vermutet, der einzige gast. die jugendherbergen haben erst seit gestern wieder auf, schulklassen kommen derzeit sowieso nicht. also burg bis auf die herbergselternfamilie f\u00fcr mich alleine.<br \/>\n<span class=\"bu\">&nbsp;<\/span><\/p>\n<a href=\"http:\/\/hutmachergass.de\/hmg3\/bilder\/20200519-altleiningen\/20200519195754-jh_altleiningen.jpg\"><img decoding=\"async\" src=\"https:\/\/hutmachergass.de\/hmg\/php\/getimg.php?img=http:\/\/hutmachergass.de\/hmg3\/bilder\/20200519-altleiningen\/20200519195754-jh_altleiningen.jpg&wdth=600&qlty=85\" \/><\/a>\n<span class=\"bu\">&nbsp;<\/span><\/p>\n<p>am morgen kurz vor neun gestartet, nach hertlingshausen am ende vom tal und dann in den wald. keine radausschilderung, der waldweg aufw\u00e4rts etwas ausgewaschen. im weiteren verlauf mal holpriger asfalt, mal grober schotter, insgesamt m\u00fchselig zu fahren. und der l\u00e4rm von der A6. aber das war mir vorher klar und ich wollte mir diese strecke mal ansehen, um ins hochspeyerbachtal zu kommen. viele alternativen gibts da nicht. aber nochmal w\u00fcrde ich es nicht tun. vor lauter b\u00e4umen zu wenig zu sehen.<br \/>\n<span class=\"bu\">&nbsp;<\/span><\/p>\n<a href=\"http:\/\/hutmachergass.de\/hmg3\/bilder\/20200519-altleiningen\/20200520094922-3530.jpg\"><img decoding=\"async\" src=\"https:\/\/hutmachergass.de\/hmg\/php\/getimg.php?img=http:\/\/hutmachergass.de\/hmg3\/bilder\/20200519-altleiningen\/20200520094922-3530.jpg&wdth=600&qlty=85\" \/><\/a>\n<span class=\"bu\">&nbsp;<\/span><\/p>\n<p>\u00fcberraschung, an der B37 entlang durchs hochspeyerbachtal geht ein neuer, gut asfaltierter radweg bis frankenstein. danach, jetzt B39, bis weidenthal hab ich meist den linkseitigen hochbordgehradweg benutzt, unter den eisenbahnbr\u00fccken \u00e4u\u00dferst schmal, aber nicht so stressig wie auf der stra\u00dfe zu fahren. ab weidenthal bahnhof ganz neuer radweg auf der anderen seite der bahn, asfalt und sch\u00f6n zu fahren, f\u00fchrt nach knapp 2 km wieder zur stra\u00dfe. im weiteren verlauf gar kein weg mehr nebendran, aber talw\u00e4rts stra\u00dfe fahren ging, da nicht viel lkw-verkehr.<br \/>\n<span class=\"bu\">&nbsp;<\/span><\/p>\n<a href=\"http:\/\/hutmachergass.de\/hmg3\/bilder\/20200519-altleiningen\/20200520104330-3542-franzosenwoogtunnel.jpg\"><img decoding=\"async\" src=\"https:\/\/hutmachergass.de\/hmg\/php\/getimg.php?img=http:\/\/hutmachergass.de\/hmg3\/bilder\/20200519-altleiningen\/20200520104330-3542-franzosenwoogtunnel.jpg&wdth=600&qlty=85\" \/><\/a>\n<span class=\"bu\">&nbsp;<\/span><\/p>\n<a href=\"http:\/\/hutmachergass.de\/hmg3\/bilder\/20200519-altleiningen\/20200520112454-3554.jpg\"><img decoding=\"async\" src=\"https:\/\/hutmachergass.de\/hmg\/php\/getimg.php?img=http:\/\/hutmachergass.de\/hmg3\/bilder\/20200519-altleiningen\/20200520112454-3554.jpg&wdth=600&qlty=85\" \/><\/a>\n<span class=\"bu\">&nbsp;<\/span><\/p>\n<p>in frankeneck, kurz vor lambrecht, ins elmsteiner tal  ((speyerbachtal, der hochspeyerbach m\u00fcndet dort in den speyerbach) abgebogen, auf die landstra\u00dfe zum ber\u00fcchtigten johanniskreuz, nach 6 km in breitenstein auf die  auf die <a href=\"https:\/\/de.wikipedia.org\/wiki\/Totenkopfstra%C3%9Fe\">totenkopfstra\u00dfe<\/a>. sch\u00f6ne bergstra\u00dfe durch den wald, aber deswegen sehr viel <del>bekloppte<\/del> motorradverkehr, kaum autos. anfangs moderate steigung, sp\u00e4ter schon deutlich mehr. ab der kreuzung auf die <a href=\"https:\/\/de.wikipedia.org\/wiki\/Kalmith%C3%B6henstra%C3%9Fe\">kalmitstra\u00dfe<\/a> nach maikammer st\u00e4rkere steigung. die stichstra\u00dfe hoch ist holprig und das letzte st\u00fcck nur wirtschaftsweg. einige leute dort, aber noch tische frei f\u00fcr pause. keine fernsicht, schwarzwald nur zu erahnen.<br \/>\n<span class=\"bu\">&nbsp;<\/span><\/p>\n<a href=\"http:\/\/hutmachergass.de\/hmg3\/bilder\/20200519-altleiningen\/20200520124623.jpg\"><img decoding=\"async\" src=\"https:\/\/hutmachergass.de\/hmg\/php\/getimg.php?img=http:\/\/hutmachergass.de\/hmg3\/bilder\/20200519-altleiningen\/20200520124623.jpg&wdth=600&qlty=85\" \/><\/a>\n<span class=\"bu\">&nbsp;<\/span><\/p>\n<a href=\"http:\/\/hutmachergass.de\/hmg3\/bilder\/20200519-altleiningen\/20200520125236.jpg\"><img decoding=\"async\" src=\"https:\/\/hutmachergass.de\/hmg\/php\/getimg.php?img=http:\/\/hutmachergass.de\/hmg3\/bilder\/20200519-altleiningen\/20200520125236.jpg&wdth=600&qlty=85\" \/><\/a>\n<span class=\"bu\">&nbsp;<\/span><\/p>\n<a href=\"http:\/\/hutmachergass.de\/hmg3\/bilder\/20200519-altleiningen\/20200520134636.jpg\"><img decoding=\"async\" src=\"https:\/\/hutmachergass.de\/hmg\/php\/getimg.php?img=http:\/\/hutmachergass.de\/hmg3\/bilder\/20200519-altleiningen\/20200520134636.jpg&wdth=600&qlty=85\" \/><\/a>\n<span class=\"bu\">von der <a href=\"https:\/\/de.wikipedia.org\/wiki\/Kalmit\">kalmit<\/a><\/span><\/p>\n<p>die stra\u00dfe runter im vorgebirge doch eher k\u00fchl, weshalb ich oben schon die jacke zus\u00e4tzlich angezogen habe, und in maikammer wieder aus; unten sonnig warm. weiter nach kirrweiler und ziemlich zickzack nach schifferstadt. der weg lohnt nicht, zuviel betonplattenwirtschaftswege und radwege (zwar meist gut zu fahren) entlang der lauten stra\u00dfen. vielleicht w\u00e4re ich besser doch nach speyer gefahren, zwar 2 oios mehr f\u00fcr die fahrkarte und  w\u00e4re nicht k\u00fcrzer gewesen, aber vielleicht etwas sch\u00f6ner. ist halt oberrheinebene.<br \/>\n<span class=\"bu\">&nbsp;<\/span><\/p>\n<hr \/>\n<link rel='stylesheet' id='osm-ol3-css-css' href='https:\/\/hutmachergass.de\/hmg\/steffsblog\/wp-content\/plugins\/osm\/js\/OL\/10.9.0\/ol.css?ver=6.9.4' type='text\/css' media='all' \/>\n<link rel='stylesheet' id='osm-ol3-ext-css-css' href='https:\/\/hutmachergass.de\/hmg\/steffsblog\/wp-content\/plugins\/osm\/css\/osm_map_v3.css?ver=6.9.4' type='text\/css' media='all' \/>\n<link rel='stylesheet' id='osm-map-css-css' href='https:\/\/hutmachergass.de\/hmg\/steffsblog\/wp-content\/plugins\/osm\/css\/osm_map.css?ver=6.9.4' type='text\/css' media='all' \/>\n<script type=\"text\/javascript\" src=\"https:\/\/hutmachergass.de\/hmg\/steffsblog\/wp-includes\/js\/dist\/vendor\/wp-polyfill.min.js?ver=3.15.0\" id=\"wp-polyfill-js\"><\/script>\n<script type=\"text\/javascript\" src=\"https:\/\/hutmachergass.de\/hmg\/steffsblog\/wp-content\/plugins\/osm\/js\/OL\/10.9.0\/ol.js?ver=10.9.0\" id=\"osm-ol3-library-js\"><\/script>\n<script type=\"text\/javascript\" src=\"https:\/\/hutmachergass.de\/hmg\/steffsblog\/wp-content\/plugins\/osm\/js\/osm-v3-plugin-lib.js?ver=1.0.0\" id=\"osm-ol3-ext-library-js\"><\/script>\n<script type=\"text\/javascript\" src=\"https:\/\/hutmachergass.de\/hmg\/steffsblog\/wp-content\/plugins\/osm\/js\/osm-metabox-events.js?ver=1.0.0\" id=\"osm-ol3-metabox-events-js\"><\/script>\n<script type=\"text\/javascript\" src=\"https:\/\/hutmachergass.de\/hmg\/steffsblog\/wp-includes\/js\/jquery\/jquery.min.js?ver=3.7.1\" id=\"jquery-core-js\"><\/script>\n<script type=\"text\/javascript\" src=\"https:\/\/hutmachergass.de\/hmg\/steffsblog\/wp-includes\/js\/jquery\/jquery-migrate.min.js?ver=3.4.1\" id=\"jquery-migrate-js\"><\/script>\n<script type=\"text\/javascript\" id=\"osm-map-startup-js-extra\">\n\/* <![CDATA[ *\/\nvar translations = {\"openlayer\":\"open layer\",\"openlayerAtStartup\":\"open layer at startup\",\"generateLink\":\"link to this map with opened layers\",\"shortDescription\":\"short description\",\"generatedShortCode\":\"to get a text control link paste this code in your wordpress editor\",\"closeLayer\":\"close layer\",\"cantGenerateLink\":\"put this string in the existing map short code to control this map\"};\n\/\/# sourceURL=osm-map-startup-js-extra\n\/* ]]> *\/\n<\/script>\n<script type=\"text\/javascript\" src=\"https:\/\/hutmachergass.de\/hmg\/steffsblog\/wp-content\/plugins\/osm\/js\/osm-startup-lib.js?ver=V6.2.5\" id=\"osm-map-startup-js\"><\/script>\n\n        <div id=\"map_ol3js_1\"\n       class=\"osm-map-container undefined\"\n             data-map_name=\"undefined\"\n             data-map=\"map_ol3js_1\"\n             data-autoshow=\"no\"\n             style=\"width:100%;\n                    max-width:100%;\n                    height:500px;\n                    display:block;\n                    overflow:hidden;\n                    border:2px solid grey;\n                    position: relative;\">\n          <div id=\"map_ol3js_1_popup\" class=\"ol-popup\">\n            <a href=\"#\" id=\"map_ol3js_1_popup-closer\" class=\"ol-popup-closer\"><\/a>\n            <div id=\"map_ol3js_1_popup-content\"><\/div>\n          <\/div>\n        <\/div>\n    <script type=\"text\/javascript\">\n\t\t\t  vectorM['map_ol3js_1'] = [];\n\t        \n        var raster = getTileLayer(\"osm\",\"NoKey\");\t\t\t\n\n\t\t\t  var map_ol3js_1 = new ol.Map({\n\t\t\t\tinteractions: ol.interaction.defaults.defaults({mouseWheelZoom:false}),\n\t\t\t\tlayers: [raster],\n\t\t\t\ttarget: \"map_ol3js_1\",\n\t\t\t\tview: new ol.View({\n\t\t\t\t  center: ol.proj.transform([8.0,49.55], \"EPSG:4326\", \"EPSG:3857\"),\n\t\t\t\t  zoom: 9.5\n\t\t\t\t})\n\t\t\t  });\n\t\t\t  \n    var style_map_ol3js_1_0 = {\n      \"Point\": [new ol.style.Style({\n\n          image: new ol.style.Icon({\n            anchor: [0.5, 41],\n            anchorXUnits: \"fraction\",\n            anchorYUnits: \"pixels\",\n            opacity: 0.75,\n            src: \"https:\/\/hutmachergass.de\/hmg\/steffsblog\/wp-content\/plugins\/osm\/icons\/mic_blue_pinother_02.png\"\n          })\n      })],\n\n      \"LineString\": [new ol.style.Style({\n        stroke: new ol.style.Stroke({\n          color: \"blue\",\n          width: 8\n        })\n      })],\n      \"MultiLineString\": [new ol.style.Style({\n        stroke: new ol.style.Stroke({\n          color: \"blue\",\n          width: 4\n        })\n      })]\n    };\n\t\t  var vectorL0 = new ol.layer.Vector({\n\t\t\t\tsource: new ol.source.Vector({\n\t\t\t\turl:\"\/hmg\/reisen\/wp\/osm-plugin\/2020-rad.gpx\",\n\t\t\t\tformat: new ol.format.GPX({\n\t\t\t\t\textractStyles: false\n\t\t\t\t})\n\t\t\t}),\n\t\t\tzIndex: 92,\n\t\t\tstyle: function(feature, resolution) {return style_map_ol3js_1_0[feature.getGeometry().getType()];}\n\t\t  });\n\t\t  map_ol3js_1.addLayer(vectorL0);addControls2Map(map_ol3js_1,1,0,3,1,5,6,7,1,1);\nosm_addPopupClickhandler(map_ol3js_1,  \"map_ol3js_1\"); \nosm_addMouseHover(map_ol3js_1); <\/script>\n","protected":false},"excerpt":{"rendered":"<p>seit montag gehts in sachen corona noch etwas gelockerter zu, die jugendherbergen \u00f6ffnen wieder. in anbetracht des sonnigen, aber noch nicht hei\u00dfen wetters habe ich mich zu einer zweitagestour aufgemacht. von der nahe durchs alsenztal \u00fcber frankenstein zum donnersberg und &hellip; <a href=\"https:\/\/hutmachergass.de\/hmg\/steffsblog\/?page_id=4379\">Continue reading <span class=\"meta-nav\">&rarr;<\/span><\/a><\/p>\n","protected":false},"author":2,"featured_media":0,"parent":2096,"menu_order":0,"comment_status":"closed","ping_status":"closed","template":"","meta":{"footnotes":""},"class_list":["post-4379","page","type-page","status-publish","hentry"],"_links":{"self":[{"href":"https:\/\/hutmachergass.de\/hmg\/steffsblog\/index.php?rest_route=\/wp\/v2\/pages\/4379","targetHints":{"allow":["GET"]}}],"collection":[{"href":"https:\/\/hutmachergass.de\/hmg\/steffsblog\/index.php?rest_route=\/wp\/v2\/pages"}],"about":[{"href":"https:\/\/hutmachergass.de\/hmg\/steffsblog\/index.php?rest_route=\/wp\/v2\/types\/page"}],"author":[{"embeddable":true,"href":"https:\/\/hutmachergass.de\/hmg\/steffsblog\/index.php?rest_route=\/wp\/v2\/users\/2"}],"replies":[{"embeddable":true,"href":"https:\/\/hutmachergass.de\/hmg\/steffsblog\/index.php?rest_route=%2Fwp%2Fv2%2Fcomments&post=4379"}],"version-history":[{"count":1,"href":"https:\/\/hutmachergass.de\/hmg\/steffsblog\/index.php?rest_route=\/wp\/v2\/pages\/4379\/revisions"}],"predecessor-version":[{"id":7420,"href":"https:\/\/hutmachergass.de\/hmg\/steffsblog\/index.php?rest_route=\/wp\/v2\/pages\/4379\/revisions\/7420"}],"up":[{"embeddable":true,"href":"https:\/\/hutmachergass.de\/hmg\/steffsblog\/index.php?rest_route=\/wp\/v2\/pages\/2096"}],"wp:attachment":[{"href":"https:\/\/hutmachergass.de\/hmg\/steffsblog\/index.php?rest_route=%2Fwp%2Fv2%2Fmedia&parent=4379"}],"curies":[{"name":"wp","href":"https:\/\/api.w.org\/{rel}","templated":true}]}}