{"id":3684,"date":"2019-11-20T11:06:18","date_gmt":"2019-11-20T10:06:18","guid":{"rendered":"http:\/\/hutmachergass.de\/hmg\/steffsblog\/?page_id=3684"},"modified":"2024-12-13T19:28:36","modified_gmt":"2024-12-13T18:28:36","slug":"portugal-fruher","status":"publish","type":"page","link":"https:\/\/hutmachergass.de\/hmg\/steffsblog\/?page_id=3684","title":{"rendered":"portugal fr\u00fcher"},"content":{"rendered":"<h4>1908<\/h4>\n<p class=\"imgcent\"><img decoding=\"async\" src=\"http:\/\/hutmachergass.de\/hmg3\/bilder\/reisen\/19800800-portugal.jpg\"\/><\/p>\n<p><span class=\"bu\">&#038;nbsp:<\/span><\/p>\n<p class=\"imgcent\"><img decoding=\"async\" src=\"http:\/\/hutmachergass.de\/hmg3\/bilder\/reisen\/19800808-01-Sauveterre.jpg\"\/><\/p>\n<p><span class=\"bu\">Sauveterre (1980)<\/span><\/p>\n<p class=\"imgcent\"><img decoding=\"async\" src=\"http:\/\/hutmachergass.de\/hmg3\/bilder\/reisen\/19800810-02-Sauveterre.jpg\"\/><\/p>\n<p><span class=\"bu\">Sauveterre (1980)<\/span><\/p>\n<p class=\"imgcent\"><img decoding=\"async\" src=\"http:\/\/hutmachergass.de\/hmg3\/bilder\/reisen\/19800810-03-Sauveterre.jpg\"\/><\/p>\n<p><span class=\"bu\">Sauveterre (1980)<\/span><\/p>\n<p class=\"imgcent\"><img decoding=\"async\" src=\"http:\/\/hutmachergass.de\/hmg3\/bilder\/reisen\/19800810-04-Sauveterre.jpg\"\/><\/p>\n<p><span class=\"bu\">Sauveterre (1980)<\/span><\/p>\n<p class=\"imgcent\"><img decoding=\"async\" src=\"http:\/\/hutmachergass.de\/hmg3\/bilder\/reisen\/19800812-05-Simancas.jpg\"\/><\/p>\n<p><span class=\"bu\">Simancas (1980)<\/span><\/p>\n<p class=\"imgcent\"><img decoding=\"async\" src=\"http:\/\/hutmachergass.de\/hmg3\/bilder\/reisen\/19800813-05-Alcanices.jpg\"\/><\/p>\n<p><span class=\"bu\">Alca\u00f1ices (1980)<\/span><\/p>\n<p class=\"imgcent\"><img decoding=\"async\" src=\"http:\/\/hutmachergass.de\/hmg3\/bilder\/reisen\/19800817-06-Guimaraes.jpg\"\/><\/p>\n<p><span class=\"bu\">Guimar\u00e3es (1980)<\/span><\/p>\n<p class=\"imgcent\"><img decoding=\"async\" src=\"http:\/\/hutmachergass.de\/hmg3\/bilder\/reisen\/19800818-07-Guimaraes.jpg\"\/><\/p>\n<p><span class=\"bu\">Guimar\u00e3es (1980)<\/span><\/p>\n<p class=\"imgcent\"><img decoding=\"async\" src=\"http:\/\/hutmachergass.de\/hmg3\/bilder\/reisen\/19800819-08-Porto.jpg\"\/><\/p>\n<p><span class=\"bu\">Porto (1980)<\/span><\/p>\n<p class=\"imgcent\"><img decoding=\"async\" src=\"http:\/\/hutmachergass.de\/hmg3\/bilder\/reisen\/19800819-10-Porto.jpg\"\/><\/p>\n<p><span class=\"bu\">Porto (1980)<\/span><\/p>\n<p class=\"imgcent\"><img decoding=\"async\" src=\"http:\/\/hutmachergass.de\/hmg3\/bilder\/reisen\/19800819-11-Porto.jpg\"\/><\/p>\n<p><span class=\"bu\">Porto (1980)<\/span><\/p>\n<p class=\"imgcent\"><img decoding=\"async\" src=\"http:\/\/hutmachergass.de\/hmg3\/bilder\/reisen\/19800820-12-Nazare.jpg\"\/><\/p>\n<p><span class=\"bu\">Nazar\u00e9 (1980)<\/span><\/p>\n<p class=\"imgcent\"><img decoding=\"async\" src=\"http:\/\/hutmachergass.de\/hmg3\/bilder\/reisen\/19800821-13-Nazare.jpg\"\/><\/p>\n<p><span class=\"bu\">Nazar\u00e9 (1980)<\/span><\/p>\n<p class=\"imgcent\"><img decoding=\"async\" src=\"http:\/\/hutmachergass.de\/hmg3\/bilder\/reisen\/19800821-14-Nazare.jpg\"\/><\/p>\n<p><span class=\"bu\">Nazar\u00e9 (1980)<\/span><\/p>\n<p class=\"imgcent\"><img decoding=\"async\" src=\"http:\/\/hutmachergass.de\/hmg3\/bilder\/reisen\/19800823-15-Lisboa.jpg\"\/><\/p>\n<p><span class=\"bu\">Lisboa (1980)<\/span><\/p>\n<p class=\"imgcent\"><img decoding=\"async\" src=\"http:\/\/hutmachergass.de\/hmg3\/bilder\/reisen\/19800823-16-Lisboa.jpg\"\/><\/p>\n<p><span class=\"bu\">Lisboa (1980)<\/span><\/p>\n<p class=\"imgcent\"><img decoding=\"async\" src=\"http:\/\/hutmachergass.de\/hmg3\/bilder\/reisen\/19800824-18-Lisboa.jpg\"\/><\/p>\n<p><span class=\"bu\">Lisboa (1980)<\/span><\/p>\n<p class=\"imgcent\"><img decoding=\"async\" src=\"http:\/\/hutmachergass.de\/hmg3\/bilder\/reisen\/19800825-19-Milfontes.jpg\"\/><\/p>\n<p><span class=\"bu\">Milfontes (1980)<\/span><\/p>\n<p class=\"imgcent\"><img decoding=\"async\" src=\"http:\/\/hutmachergass.de\/hmg3\/bilder\/reisen\/19800828-20-Fuzeta.jpg\"\/><\/p>\n<p><span class=\"bu\">Fuzeta (1980)<\/span><\/p>\n<p class=\"imgcent\"><img decoding=\"async\" src=\"http:\/\/hutmachergass.de\/hmg3\/bilder\/reisen\/19800828-21-Fuzeta.jpg\"\/><\/p>\n<p><span class=\"bu\">Fuzeta (1980)<\/span><\/p>\n<p class=\"imgcent\"><img decoding=\"async\" src=\"http:\/\/hutmachergass.de\/hmg3\/bilder\/reisen\/19800828-23-Fuzeta.jpg\"\/><\/p>\n<p><span class=\"bu\">Fuzeta (1980)<\/span><\/p>\n<p class=\"imgcent\"><img decoding=\"async\" src=\"http:\/\/hutmachergass.de\/hmg3\/bilder\/reisen\/198108-01-StLonLesMines.jpg\"\/><\/p>\n<p><span class=\"bu\">St. Lon les Mines (1981)<\/span><\/p>\n<p class=\"imgcent\"><img decoding=\"async\" src=\"http:\/\/hutmachergass.de\/hmg3\/bilder\/reisen\/198108-03-Santander.jpg\"\/><\/p>\n<p><span class=\"bu\">Santander (1981)<\/span><\/p>\n<p class=\"imgcent\"><img decoding=\"async\" src=\"http:\/\/hutmachergass.de\/hmg3\/bilder\/reisen\/198109-04-Porto.jpg\"\/><\/p>\n<p><span class=\"bu\">Porto (1981)<\/span><\/p>\n<p class=\"imgcent\"><a href=\"http:\/\/hutmachergass.de\/hmg3\/bilder\/2010-before\/portugal80er\/1981-040-Porto.jpg\"><img decoding=\"async\" src=\"http:\/\/hutmachergass.de\/hmg\/php\/getimg.php?img=http:\/\/hutmachergass.de\/hmg3\/bilder\/2010-before\/portugal80er\/1981-040-Porto.jpg&#038;wdth=600&#038;qlty=85\" \/><\/a><\/p>\n<p><span class=\"bu\">Porto (1981)<\/span><\/p>\n<p class=\"imgcent\"><img decoding=\"async\" src=\"http:\/\/hutmachergass.de\/hmg3\/bilder\/reisen\/198109-05-Porto.jpg\"\/><\/p>\n<p><span class=\"bu\">Porto (1981)<\/span><\/p>\n<p class=\"imgcent\"><img decoding=\"async\" src=\"http:\/\/hutmachergass.de\/hmg3\/bilder\/reisen\/198109-06-Porto.jpg\"\/><\/p>\n<p><span class=\"bu\">Porto (1981)<\/span><\/p>\n<p class=\"imgcent\"><img decoding=\"async\" src=\"http:\/\/hutmachergass.de\/hmg3\/bilder\/reisen\/198109-07-Porto.jpg\"\/><\/p>\n<p><span class=\"bu\">Porto (1981)<\/span><\/p>\n<p class=\"imgcent\"><img decoding=\"async\" src=\"http:\/\/hutmachergass.de\/hmg3\/bilder\/reisen\/198109-08-Porto.jpg\"\/><\/p>\n<p><span class=\"bu\">Porto (1981)<\/span><\/p>\n<p class=\"imgcent\"><img decoding=\"async\" src=\"http:\/\/hutmachergass.de\/hmg3\/bilder\/reisen\/198109-09-Coimbra.jpg\"\/><\/p>\n<p><span class=\"bu\">Coimbra (1981)<\/span><\/p>\n<p class=\"imgcent\"><img decoding=\"async\" src=\"http:\/\/hutmachergass.de\/hmg3\/bilder\/reisen\/198109-10-Sandomil.jpg\"\/><\/p>\n<p><span class=\"bu\">Sandomil (1981)<\/span><\/p>\n<p class=\"imgcent\"><img decoding=\"async\" src=\"http:\/\/hutmachergass.de\/hmg3\/bilder\/reisen\/198109-11-Tomar.jpg\"\/><\/p>\n<p><span class=\"bu\">Tomar (1981)<\/span><\/p>\n<p class=\"imgcent\"><img decoding=\"async\" src=\"http:\/\/hutmachergass.de\/hmg3\/bilder\/reisen\/198109-12-Lisboa.jpg\"\/><\/p>\n<p><span class=\"bu\">Lisboa (1981)<\/span><\/p>\n<p class=\"imgcent\"><img decoding=\"async\" src=\"http:\/\/hutmachergass.de\/hmg3\/bilder\/reisen\/198109-13-Lisboa.jpg\"\/><\/p>\n<p><span class=\"bu\">Lisboa (1981)<\/span><\/p>\n<p class=\"imgcent\"><img decoding=\"async\" src=\"http:\/\/hutmachergass.de\/hmg3\/bilder\/reisen\/198109-14-Alentejo.jpg\"\/><\/p>\n<p><span class=\"bu\">Alentejo (1981)<\/span><\/p>\n<p class=\"imgcent\"><img decoding=\"async\" src=\"http:\/\/hutmachergass.de\/hmg3\/bilder\/reisen\/198109-15-SantaClara.jpg\"\/><\/p>\n<p><span class=\"bu\">Santa Clara (1981)<\/span><\/p>\n<p class=\"imgcent\"><img decoding=\"async\" src=\"http:\/\/hutmachergass.de\/hmg3\/bilder\/reisen\/198109-16-SantaClara.jpg\"\/><\/p>\n<p><span class=\"bu\">Santa Clara (1981)<\/span><\/p>\n<p class=\"imgcent\"><img decoding=\"async\" src=\"http:\/\/hutmachergass.de\/hmg3\/bilder\/reisen\/198109-17-Fuzeta.jpg\"\/><\/p>\n<p><span class=\"bu\">Fuzeta (1981)<\/span><\/p>\n<p class=\"imgcent\"><img decoding=\"async\" src=\"http:\/\/hutmachergass.de\/hmg3\/bilder\/reisen\/198109-18-Fuzeta.jpg\"\/><\/p>\n<p><span class=\"bu\">Fuzeta (1981)<\/span><\/p>\n<div id=\"madeirar\">\n<p class=\"imgcent\"><img decoding=\"async\" src=\"http:\/\/hutmachergass.de\/hmg3\/bilder\/reisen\/19860302-Funchal.jpg\"\/><\/p>\n<p><span class=\"bu\">Funchal (1986)<\/span><\/p>\n<p class=\"imgcent\"><img decoding=\"async\" src=\"http:\/\/hutmachergass.de\/hmg3\/bilder\/reisen\/19860306-2-Madeira.jpg\"\/><\/p>\n<p><span class=\"bu\">Madeira (1986)<\/span><\/p>\n<p class=\"imgcent\"><img decoding=\"async\" src=\"http:\/\/hutmachergass.de\/hmg3\/bilder\/reisen\/19860312-1-Madeira.jpg\"\/><\/p>\n<p><span class=\"bu\">Madeira (1986)<\/span><\/p>\n<p class=\"imgcent\"><img decoding=\"async\" src=\"http:\/\/hutmachergass.de\/hmg3\/bilder\/reisen\/19860318-Madeira.jpg\"\/><\/p>\n<p><span class=\"bu\">Madeira (1986)<\/span><\/p>\n<p class=\"imgcent\"><img decoding=\"async\" src=\"http:\/\/hutmachergass.de\/hmg3\/bilder\/wandern\/19860305-4-Madeira.jpg\"\/><\/p>\n<p><span class=\"bu\">Madeira (1986)<\/span><\/p>\n<p class=\"imgcent\"><img decoding=\"async\" src=\"http:\/\/hutmachergass.de\/hmg3\/bilder\/wandern\/19860307-Madeira.jpg\"\/><\/p>\n<p><span class=\"bu\">Madeira (1986)<\/span><\/p>\n<p class=\"imgcent\"><img decoding=\"async\" src=\"http:\/\/hutmachergass.de\/hmg3\/bilder\/wandern\/19860308-Madeira.jpg\"\/><\/p>\n<p><span class=\"bu\">Madeira (1986)<\/span><\/p>\n<p class=\"imgcent\"><img decoding=\"async\" src=\"http:\/\/hutmachergass.de\/hmg3\/bilder\/wandern\/19860310-Madeira.jpg\"\/><\/p>\n<p><span class=\"bu\">Madeira (1986)<\/span><\/p>\n<p class=\"imgcent\"><img decoding=\"async\" src=\"http:\/\/hutmachergass.de\/hmg3\/bilder\/wandern\/19860312-2-Madeira.jpg\"\/><\/p>\n<p><span class=\"bu\">Madeira (1986)<\/span><\/p>\n<p class=\"imgcent\"><img decoding=\"async\" src=\"http:\/\/hutmachergass.de\/hmg3\/bilder\/wandern\/19860312-3-Madeira.jpg\"\/><\/p>\n<p><span class=\"bu\">Madeira (1986)<\/span><\/p>\n<p class=\"imgcent\"><img decoding=\"async\" src=\"http:\/\/hutmachergass.de\/hmg3\/bilder\/wandern\/19860314-1-Madeira.jpg\"\/><\/p>\n<p><span class=\"bu\">Madeira (1986)<\/span><\/p>\n<p class=\"imgcent\"><img decoding=\"async\" src=\"http:\/\/hutmachergass.de\/hmg3\/bilder\/wandern\/19860314-2-Madeira.jpg\"\/><\/p>\n<p><span class=\"bu\">Madeira (1986)<\/span><\/p>\n<p class=\"imgcent\"><img decoding=\"async\" src=\"http:\/\/hutmachergass.de\/hmg3\/bilder\/reisen\/19861226-Madeira.jpg\"\/><\/p>\n<p><span class=\"bu\">Madeira (1986)<\/span><\/p>\n<p class=\"imgcent\"><img decoding=\"async\" src=\"http:\/\/hutmachergass.de\/hmg3\/bilder\/reisen\/19861227-1-Funchal.jpg\"\/><\/p>\n<p><span class=\"bu\">Funchal (1986)<\/span><\/p>\n<p class=\"imgcent\"><img decoding=\"async\" src=\"http:\/\/hutmachergass.de\/hmg3\/bilder\/reisen\/19861227-2-Funchal.jpg\"\/><\/p>\n<p><span class=\"bu\">Funchal (1986)<\/span><\/p>\n<p class=\"imgcent\"><img decoding=\"async\" src=\"http:\/\/hutmachergass.de\/hmg3\/bilder\/wandern\/19861228-1-Madeira.jpg\"\/><\/p>\n<p><span class=\"bu\">Madeira (1986)<\/span><\/p>\n<p class=\"imgcent\"><img decoding=\"async\" src=\"http:\/\/hutmachergass.de\/hmg3\/bilder\/wandern\/19861228-2-Madeira.jpg\"\/><\/p>\n<p><span class=\"bu\">Madeira (1986)<\/span><\/p>\n<p class=\"imgcent\"><img decoding=\"async\" src=\"http:\/\/hutmachergass.de\/hmg3\/bilder\/reisen\/19861231-Madeira.jpg\"\/><\/p>\n<p><span class=\"bu\">Madeira (1986)<\/span><\/p>\n<p class=\"imgcent\"><img decoding=\"async\" src=\"http:\/\/hutmachergass.de\/hmg3\/bilder\/wandern\/19870103-Madeira.jpg\"\/><\/p>\n<p><span class=\"bu\">Madeira (1987)<\/span><\/p>\n<p class=\"imgcent\"><img decoding=\"async\" src=\"http:\/\/hutmachergass.de\/hmg3\/bilder\/wandern\/19870104-Madeira.jpg\"\/><\/p>\n<p><span class=\"bu\">Madeira (1987)<\/span><\/p>\n<p class=\"imgcent\"><img decoding=\"async\" src=\"http:\/\/hutmachergass.de\/hmg3\/bilder\/wandern\/19870105-Madeira.jpg\"\/><\/p>\n<p><span class=\"bu\">Madeira (1987)<\/span>\n<\/div>\n","protected":false},"excerpt":{"rendered":"<p>1908 &#038;nbsp: Sauveterre (1980) Sauveterre (1980) Sauveterre (1980) Sauveterre (1980) Simancas (1980) Alca\u00f1ices (1980) Guimar\u00e3es (1980) Guimar\u00e3es (1980) Porto (1980) Porto (1980) Porto (1980) Nazar\u00e9 (1980) Nazar\u00e9 (1980) Nazar\u00e9 (1980) Lisboa (1980) Lisboa (1980) Lisboa (1980) Milfontes (1980) Fuzeta (1980) &hellip; <a href=\"https:\/\/hutmachergass.de\/hmg\/steffsblog\/?page_id=3684\">Continue reading <span class=\"meta-nav\">&rarr;<\/span><\/a><\/p>\n","protected":false},"author":2,"featured_media":0,"parent":3352,"menu_order":0,"comment_status":"closed","ping_status":"closed","template":"","meta":{"footnotes":""},"class_list":["post-3684","page","type-page","status-publish","hentry"],"_links":{"self":[{"href":"https:\/\/hutmachergass.de\/hmg\/steffsblog\/index.php?rest_route=\/wp\/v2\/pages\/3684","targetHints":{"allow":["GET"]}}],"collection":[{"href":"https:\/\/hutmachergass.de\/hmg\/steffsblog\/index.php?rest_route=\/wp\/v2\/pages"}],"about":[{"href":"https:\/\/hutmachergass.de\/hmg\/steffsblog\/index.php?rest_route=\/wp\/v2\/types\/page"}],"author":[{"embeddable":true,"href":"https:\/\/hutmachergass.de\/hmg\/steffsblog\/index.php?rest_route=\/wp\/v2\/users\/2"}],"replies":[{"embeddable":true,"href":"https:\/\/hutmachergass.de\/hmg\/steffsblog\/index.php?rest_route=%2Fwp%2Fv2%2Fcomments&post=3684"}],"version-history":[{"count":2,"href":"https:\/\/hutmachergass.de\/hmg\/steffsblog\/index.php?rest_route=\/wp\/v2\/pages\/3684\/revisions"}],"predecessor-version":[{"id":7201,"href":"https:\/\/hutmachergass.de\/hmg\/steffsblog\/index.php?rest_route=\/wp\/v2\/pages\/3684\/revisions\/7201"}],"up":[{"embeddable":true,"href":"https:\/\/hutmachergass.de\/hmg\/steffsblog\/index.php?rest_route=\/wp\/v2\/pages\/3352"}],"wp:attachment":[{"href":"https:\/\/hutmachergass.de\/hmg\/steffsblog\/index.php?rest_route=%2Fwp%2Fv2%2Fmedia&parent=3684"}],"curies":[{"name":"wp","href":"https:\/\/api.w.org\/{rel}","templated":true}]}}