

{"id":3636,"date":"2019-11-02T18:44:09","date_gmt":"2019-11-02T17:44:09","guid":{"rendered":"http:\/\/hutmachergass.de\/hmg\/steffsblog\/?page_id=3636"},"modified":"2025-06-03T10:30:04","modified_gmt":"2025-06-03T08:30:04","slug":"spessart-rhon-odenwald","status":"publish","type":"page","link":"https:\/\/hutmachergass.de\/hmg\/steffsblog\/?page_id=3636","title":{"rendered":"marburg, taunus, westerwald, vogelsberg, rh\u00f6n, spessart"},"content":{"rendered":"<section class=toc-grid>\n<div class=\"toc-img\">\n<img decoding=\"async\" src=\"http:\/\/hutmachergass.de\/hmg3\/bilder\/wp\/vogelspessrhoen.jpg\" \/><br \/>\n<!-- <img decoding=\"async\" src=\"http:\/\/hutmachergass.de\/hmg\/php\/getimg.php?img=http:\/\/hutmachergass.de\/hmg3\/bilder\/20190826-rhoen\/20190826163409-0688.jpg&wdth=200&qlty=75\" \/><br \/> -->\n<\/div>\n<div class=\"toc-table\">\n<ul>\n<li><a href=\"?page_id=5416\">marburg<\/a><\/li>\n<li><a href=\"?page_id=7264#westerwald\">westerwald<\/a><\/li>\n<li><a href=\"?page_id=6521#taunus\">taunus<\/a>-lahn-runde<\/li>\n<li><a href=\"?page_id=6521#stockhausen\">vogelsberg<\/a> &#8211; via neuhof<\/li>\n<li><a href=\"?page_id=5889#rhoen\">rh\u00f6n<\/a> mit point alpha<\/li>\n<li><a href=\"?page_id=5889#vogelsberg\">vogelsberg<\/a> &#8211; via s\u00fcdbahnradweg<\/li>\n<li><a href=\"?page_id=5663#marburg\">butzbach \u2013 marburg<\/a><\/li>\n<li><a href=\"?page_id=5889#hintertaunus\">westlicher hintertaunus<\/a><\/li>\n<li><a href=\"?page_id=5440#taunus\">weil &#8211; lahn &#8211; hintertaunus<\/a><\/li>\n<li><a href=\"?page_id=4793\">sinntal + rh\u00f6n<\/a> &#8211; gem\u00fcnden, kreuzberg, hilders, fulda<\/li>\n<li><a href=\"?page_id=4784#kinzigsinntal\">oberes kinzigtal &#038; sinntal<\/a> &#8211; schl\u00fcchtern, bad br\u00fcckenau, gem\u00fcnden<\/li>\n<li><a href=\"?page_id=4784#loreley-aar\">loreley-aar-radweg<\/a><\/li>\n<li><a href=\"?page_id=3571\">rh\u00f6n &#038; fr\u00e4nkische saale<\/a> &#8211; gelnhausen, schl\u00fcchtern, bad br\u00fcckenau, bad kissingen, gem\u00fcnden<\/li>\n<li><a href=\"?page_id=3236\">marburger land<\/a> &#8211; von gie\u00dfen \u00fcber marburg an den rand des vogelsbergs<\/li>\n<li><a href=\"?page_id=3315\">spessart(rampe)<\/a> &#8211; vorher und nachher<\/li>\n<li><a href=\"?page_id=3063\">main-tauber-jagst-neckar<\/a> &#8211; dorfprozelten, bad mergentheim, d\u00f6rzbach, bad wimpfen, eberbach<\/li>\n<li><a href=\"?page_id=3091\">kinzig &#038; fulda<\/a> &#8211; von gelnhausen nach kassel<\/li>\n<li><a href=\"?page_id=3072\">vulkanradweg<\/a> &#8211; fulda \u2013 vogelsberg \u2013 hanau<\/li>\n<\/ul>\n<\/div>\n<\/section>\n<p>&nbsp;<\/p>\n<link rel='stylesheet' id='osm-ol3-css-css' href='https:\/\/hutmachergass.de\/hmg\/steffsblog\/wp-content\/plugins\/osm\/js\/OL\/10.9.0\/ol.css?ver=6.9.4' type='text\/css' media='all' \/>\n<link rel='stylesheet' id='osm-ol3-ext-css-css' href='https:\/\/hutmachergass.de\/hmg\/steffsblog\/wp-content\/plugins\/osm\/css\/osm_map_v3.css?ver=6.9.4' type='text\/css' media='all' \/>\n<link rel='stylesheet' id='osm-map-css-css' href='https:\/\/hutmachergass.de\/hmg\/steffsblog\/wp-content\/plugins\/osm\/css\/osm_map.css?ver=6.9.4' type='text\/css' media='all' \/>\n<script type=\"text\/javascript\" src=\"https:\/\/hutmachergass.de\/hmg\/steffsblog\/wp-includes\/js\/dist\/vendor\/wp-polyfill.min.js?ver=3.15.0\" id=\"wp-polyfill-js\"><\/script>\n<script type=\"text\/javascript\" src=\"https:\/\/hutmachergass.de\/hmg\/steffsblog\/wp-content\/plugins\/osm\/js\/OL\/10.9.0\/ol.js?ver=10.9.0\" id=\"osm-ol3-library-js\"><\/script>\n<script type=\"text\/javascript\" src=\"https:\/\/hutmachergass.de\/hmg\/steffsblog\/wp-content\/plugins\/osm\/js\/osm-v3-plugin-lib.js?ver=1.0.0\" id=\"osm-ol3-ext-library-js\"><\/script>\n<script type=\"text\/javascript\" src=\"https:\/\/hutmachergass.de\/hmg\/steffsblog\/wp-content\/plugins\/osm\/js\/osm-metabox-events.js?ver=1.0.0\" id=\"osm-ol3-metabox-events-js\"><\/script>\n<script type=\"text\/javascript\" src=\"https:\/\/hutmachergass.de\/hmg\/steffsblog\/wp-includes\/js\/jquery\/jquery.min.js?ver=3.7.1\" id=\"jquery-core-js\"><\/script>\n<script type=\"text\/javascript\" src=\"https:\/\/hutmachergass.de\/hmg\/steffsblog\/wp-includes\/js\/jquery\/jquery-migrate.min.js?ver=3.4.1\" id=\"jquery-migrate-js\"><\/script>\n<script type=\"text\/javascript\" id=\"osm-map-startup-js-extra\">\n\/* <![CDATA[ *\/\nvar translations = {\"openlayer\":\"open layer\",\"openlayerAtStartup\":\"open layer at startup\",\"generateLink\":\"link to this map with opened layers\",\"shortDescription\":\"short description\",\"generatedShortCode\":\"to get a text control link paste this code in your wordpress editor\",\"closeLayer\":\"close layer\",\"cantGenerateLink\":\"put this string in the existing map short code to control this map\"};\n\/\/# sourceURL=osm-map-startup-js-extra\n\/* ]]> *\/\n<\/script>\n<script type=\"text\/javascript\" src=\"https:\/\/hutmachergass.de\/hmg\/steffsblog\/wp-content\/plugins\/osm\/js\/osm-startup-lib.js?ver=V6.2.5\" id=\"osm-map-startup-js\"><\/script>\n\n        <div id=\"map_ol3js_1\"\n       class=\"osm-map-container undefined\"\n             data-map_name=\"undefined\"\n             data-map=\"map_ol3js_1\"\n             data-autoshow=\"no\"\n             style=\"width:100%;\n                    max-width:100%;\n                    height:450px;\n                    display:block;\n                    overflow:hidden;\n                    border:2px solid grey;\n                    position: relative;\">\n          <div id=\"map_ol3js_1_popup\" class=\"ol-popup\">\n            <a href=\"#\" id=\"map_ol3js_1_popup-closer\" class=\"ol-popup-closer\"><\/a>\n            <div id=\"map_ol3js_1_popup-content\"><\/div>\n          <\/div>\n        <\/div>\n    <script type=\"text\/javascript\">\n\t\t\t  vectorM['map_ol3js_1'] = [];\n\t        \n        var raster = getTileLayer(\"osm\",\"NoKey\");\t\t\t\n\n\t\t\t  var map_ol3js_1 = new ol.Map({\n\t\t\t\tinteractions: ol.interaction.defaults.defaults({mouseWheelZoom:false}),\n\t\t\t\tlayers: [raster],\n\t\t\t\ttarget: \"map_ol3js_1\",\n\t\t\t\tview: new ol.View({\n\t\t\t\t  center: ol.proj.transform([9.3,50.5], \"EPSG:4326\", \"EPSG:3857\"),\n\t\t\t\t  zoom: 8\n\t\t\t\t})\n\t\t\t  });\n\t\t\t  \n    var style_map_ol3js_1_0 = {\n      \"Point\": [new ol.style.Style({\n\n          image: new ol.style.Icon({\n            anchor: [0.5, 41],\n            anchorXUnits: \"fraction\",\n            anchorYUnits: \"pixels\",\n            opacity: 0.75,\n            src: \"https:\/\/hutmachergass.de\/hmg\/steffsblog\/wp-content\/plugins\/osm\/icons\/mic_blue_pinother_02.png\"\n          })\n      })],\n\n      \"LineString\": [new ol.style.Style({\n        stroke: new ol.style.Stroke({\n          color: \"#000080\",\n          width: 8\n        })\n      })],\n      \"MultiLineString\": [new ol.style.Style({\n        stroke: new ol.style.Stroke({\n          color: \"#000080\",\n          width: 4\n        })\n      })]\n    };\n\t\t  var vectorL0 = new ol.layer.Vector({\n\t\t\t\tsource: new ol.source.Vector({\n\t\t\t\turl:\"\/hmg\/reisen\/wp\/osm-plugin\/rhoenspessvogtaun.gpx\",\n\t\t\t\tformat: new ol.format.GPX({\n\t\t\t\t\textractStyles: false\n\t\t\t\t})\n\t\t\t}),\n\t\t\tzIndex: 92,\n\t\t\tstyle: function(feature, resolution) {return style_map_ol3js_1_0[feature.getGeometry().getType()];}\n\t\t  });\n\t\t  map_ol3js_1.addLayer(vectorL0);addControls2Map(map_ol3js_1,1,0,3,1,5,6,7,1,1);\nosm_addPopupClickhandler(map_ol3js_1,  \"map_ol3js_1\"); \nosm_addMouseHover(map_ol3js_1); <\/script>\n<p><!-- [osm_map_v3 map_center=\"48.5,8.9\" zoom=\"8.5\" width=\"100%\" height=\"450\" type=\"OpenTopoMap\" file_list=\"\/hmg\/reisen\/wp\/osm-plugin\/202107-alb-schwarzwald.gpx\" file_color_list=\"blue\" control=\"fullscreen,scaleline,mouseposition\" file_title=\"alb&schwarzwald\"] --><\/p>\n","protected":false},"excerpt":{"rendered":"<p>marburg westerwald taunus-lahn-runde vogelsberg &#8211; via neuhof rh\u00f6n mit point alpha vogelsberg &#8211; via s\u00fcdbahnradweg butzbach \u2013 marburg westlicher hintertaunus weil &#8211; lahn &#8211; hintertaunus sinntal + rh\u00f6n &#8211; gem\u00fcnden, kreuzberg, hilders, fulda oberes kinzigtal &#038; sinntal &#8211; schl\u00fcchtern, bad &hellip; <a href=\"https:\/\/hutmachergass.de\/hmg\/steffsblog\/?page_id=3636\">Continue reading <span class=\"meta-nav\">&rarr;<\/span><\/a><\/p>\n","protected":false},"author":2,"featured_media":0,"parent":914,"menu_order":0,"comment_status":"closed","ping_status":"closed","template":"","meta":{"footnotes":""},"class_list":["post-3636","page","type-page","status-publish","hentry"],"_links":{"self":[{"href":"https:\/\/hutmachergass.de\/hmg\/steffsblog\/index.php?rest_route=\/wp\/v2\/pages\/3636","targetHints":{"allow":["GET"]}}],"collection":[{"href":"https:\/\/hutmachergass.de\/hmg\/steffsblog\/index.php?rest_route=\/wp\/v2\/pages"}],"about":[{"href":"https:\/\/hutmachergass.de\/hmg\/steffsblog\/index.php?rest_route=\/wp\/v2\/types\/page"}],"author":[{"embeddable":true,"href":"https:\/\/hutmachergass.de\/hmg\/steffsblog\/index.php?rest_route=\/wp\/v2\/users\/2"}],"replies":[{"embeddable":true,"href":"https:\/\/hutmachergass.de\/hmg\/steffsblog\/index.php?rest_route=%2Fwp%2Fv2%2Fcomments&post=3636"}],"version-history":[{"count":18,"href":"https:\/\/hutmachergass.de\/hmg\/steffsblog\/index.php?rest_route=\/wp\/v2\/pages\/3636\/revisions"}],"predecessor-version":[{"id":7400,"href":"https:\/\/hutmachergass.de\/hmg\/steffsblog\/index.php?rest_route=\/wp\/v2\/pages\/3636\/revisions\/7400"}],"up":[{"embeddable":true,"href":"https:\/\/hutmachergass.de\/hmg\/steffsblog\/index.php?rest_route=\/wp\/v2\/pages\/914"}],"wp:attachment":[{"href":"https:\/\/hutmachergass.de\/hmg\/steffsblog\/index.php?rest_route=%2Fwp%2Fv2%2Fmedia&parent=3636"}],"curies":[{"name":"wp","href":"https:\/\/api.w.org\/{rel}","templated":true}]}}