{"id":3292,"date":"2019-04-19T23:59:50","date_gmt":"2019-04-19T21:59:50","guid":{"rendered":"http:\/\/hutmachergass.de\/hmg\/steffsblog\/?page_id=3292"},"modified":"2023-03-05T17:34:42","modified_gmt":"2023-03-05T16:34:42","slug":"von-kirn-nach-burgen-ehemalige-bahntrassen","status":"publish","type":"page","link":"https:\/\/hutmachergass.de\/hmg\/steffsblog\/?page_id=3292","title":{"rendered":"von kirn nach burgen &#8211; ehemalige bahntrassen"},"content":{"rendered":"<h3>kirn \u2013 bell<\/h3>\n<p>die tour startete mit dem <a href=\"https:\/\/de.wikipedia.org\/wiki\/L%C3%BCtzelsoon-Radweg\" rel=\"noopener noreferrer\" target=\"_blank\">l\u00fctzelsoon-radweg<\/a> in kirn, von wo es direkt mal 250 hm hoch geht, logisch bei hunsr\u00fccktouren mit anreise per bahn. dann auf stra\u00dfen und asfaltierten wirtschaftswegen leicht h\u00fcgelig bis schneppenbach, mit sch\u00f6nen ausblicken \u00fcber die h\u00f6hen und auf soonwald und idarwald. weiter nach  woppenroth auf einem geschotterten waldweg, passabel zu fahren, <a href=\"https:\/\/de.wikipedia.org\/wiki\/Heimat_%28Filmreihe%29\" rel=\"noopener noreferrer\" target=\"_blank\">schabbach<\/a> links und rechts liegen lassend \ud83d\ude42 und \u00fcber einen weiteren h\u00fcgel mit dem h\u00f6chsten punkt (450m) nach dickenschied.<\/p>\n<p class=\"singleline\"><a href=\"http:\/\/hutmachergass.de\/hmg3\/bilder\/20190418-hunsrueck\/20190418114928-5566.jpg\"><img decoding=\"async\" src=\"http:\/\/hutmachergass.de\/hmg\/php\/getimg.php?img=http:\/\/hutmachergass.de\/hmg3\/bilder\/20190418-hunsrueck\/20190418114928-5566.jpg&#038;wdth=600&#038;qlty=90\" \/><\/a><\/p>\n<p class=\"bu\">&nbsp;<\/p>\n<p class=\"singleline\"><a href=\"http:\/\/hutmachergass.de\/hmg3\/bilder\/20190418-hunsrueck\/20190418123419-5583.jpg\"><img decoding=\"async\" src=\"http:\/\/hutmachergass.de\/hmg\/php\/getimg.php?img=http:\/\/hutmachergass.de\/hmg3\/bilder\/20190418-hunsrueck\/20190418123419-5583.jpg&#038;wdth=600&#038;qlty=90\" \/><\/a><\/p>\n<p class=\"bu\">&nbsp;<\/p>\n<p class=\"singleline\"><a href=\"http:\/\/hutmachergass.de\/hmg3\/bilder\/20190418-hunsrueck\/20190418125821-5590.jpg\"><img decoding=\"async\" src=\"http:\/\/hutmachergass.de\/hmg\/php\/getimg.php?img=http:\/\/hutmachergass.de\/hmg3\/bilder\/20190418-hunsrueck\/20190418125821-5590.jpg&#038;wdth=600&#038;qlty=90\" \/><\/a><\/p>\n<p class=\"bu\">&nbsp;<\/p>\n<p class=\"singleline\"><a href=\"http:\/\/hutmachergass.de\/hmg3\/bilder\/20190418-hunsrueck\/20190418130008-5594.jpg\"><img decoding=\"async\" src=\"http:\/\/hutmachergass.de\/hmg\/php\/getimg.php?img=http:\/\/hutmachergass.de\/hmg3\/bilder\/20190418-hunsrueck\/20190418130008-5594.jpg&#038;wdth=600&#038;qlty=90\" \/><\/a><\/p>\n<p class=\"bu\">&nbsp;<\/p>\n<p class=\"singleline\"><a href=\"http:\/\/hutmachergass.de\/hmg3\/bilder\/20190418-hunsrueck\/20190418130322-5599.jpg\"><img decoding=\"async\" src=\"http:\/\/hutmachergass.de\/hmg\/php\/getimg.php?img=http:\/\/hutmachergass.de\/hmg3\/bilder\/20190418-hunsrueck\/20190418130322-5599.jpg&#038;wdth=600&#038;qlty=90\" \/><\/a><\/p>\n<p class=\"bu\">&nbsp;<\/p>\n<p class=\"singleline\"><a href=\"http:\/\/hutmachergass.de\/hmg3\/bilder\/20190418-hunsrueck\/20190418131639-5607.jpg\"><img decoding=\"async\" src=\"http:\/\/hutmachergass.de\/hmg\/php\/getimg.php?img=http:\/\/hutmachergass.de\/hmg3\/bilder\/20190418-hunsrueck\/20190418131639-5607.jpg&#038;wdth=600&#038;qlty=90\" \/><\/a><\/p>\n<p class=\"bu\">&nbsp;<\/p>\n<p>in dickenschied verl\u00e4sst man den l\u00fctzelsoon-radweg nach kirchberg und es gehts durchs grundbachtal nach panzweiler, wo der bach in den simmerbach m\u00fcndet und weiter in dessen tal nach gem\u00fcnden. recht h\u00fcbsch, aber nicht sehr gut zu fahren. entgegen der ersten planung nicht in den ort gefahren, hab mir keine ge\u00f6ffnete eisdiele versprochen, sondern auf einer bank vor dem <a href=\"https:\/\/de.wikipedia.org\/wiki\/Neuer_j%C3%BCdischer_Friedhof_%28Gem%C3%BCnden%29\" rel=\"noopener noreferrer\" target=\"_blank\">j\u00fcdischen friedhof<\/a> pause gemacht. dieser ist \u00fcbrigens nicht in osm verzeichnet; in google maps auch nicht. <\/p>\n<p class=\"singleline\"><a href=\"http:\/\/hutmachergass.de\/hmg3\/bilder\/20190418-hunsrueck\/20190418132354-5608.jpg\"><img decoding=\"async\" src=\"http:\/\/hutmachergass.de\/hmg\/php\/getimg.php?img=http:\/\/hutmachergass.de\/hmg3\/bilder\/20190418-hunsrueck\/20190418132354-5608.jpg&#038;wdth=600&#038;qlty=90\" \/><\/a><\/p>\n<p class=\"bu\">&nbsp;<\/p>\n<p class=\"singleline\"><a href=\"http:\/\/hutmachergass.de\/hmg3\/bilder\/20190418-hunsrueck\/20190418133556-5611.jpg\"><img decoding=\"async\" src=\"http:\/\/hutmachergass.de\/hmg\/php\/getimg.php?img=http:\/\/hutmachergass.de\/hmg3\/bilder\/20190418-hunsrueck\/20190418133556-5611.jpg&#038;wdth=600&#038;qlty=90\" \/><\/a><\/p>\n<p class=\"bu\">&nbsp;<\/p>\n<p class=\"singleline\"><a href=\"http:\/\/hutmachergass.de\/hmg3\/bilder\/20190418-hunsrueck\/20190418134645-5614.jpg\"><img decoding=\"async\" src=\"http:\/\/hutmachergass.de\/hmg\/php\/getimg.php?img=http:\/\/hutmachergass.de\/hmg3\/bilder\/20190418-hunsrueck\/20190418134645-5614.jpg&#038;wdth=600&#038;qlty=90\" \/><\/a><\/p>\n<p class=\"bu\">&nbsp;<\/p>\n<p class=\"singleline\"><a href=\"http:\/\/hutmachergass.de\/hmg3\/bilder\/20190418-hunsrueck\/20190418135822-5629.jpg\"><img decoding=\"async\" src=\"http:\/\/hutmachergass.de\/hmg\/php\/getimg.php?img=http:\/\/hutmachergass.de\/hmg3\/bilder\/20190418-hunsrueck\/20190418135822-5629.jpg&#038;wdth=600&#038;qlty=90\" \/><\/a><\/p>\n<p class=\"bu\">&nbsp;<\/p>\n<p>ab gem\u00fcnden gehts dann leider nicht auf, sondern nur entlang der <a href=\"https:\/\/de.wikipedia.org\/wiki\/Bahnstrecke_Simmern%E2%80%93Gem%C3%BCnden\" rel=\"noopener noreferrer\" target=\"_blank\">bahntrasse simmern\u2013gem\u00fcnden<\/a> auf dem <a href=\"https:\/\/de.wikipedia.org\/wiki\/Schinderhannes-Soonwald-Radweg\" rel=\"noopener noreferrer\" target=\"_blank\">schinderhannes-soonwald-radweg<\/a>. diese bahn war wohl wirtschaftlich nicht so der hit, weshalb sie nur 40 jahre in betrieb war. die gem\u00fcndener wollten halt zu beginn des 20. jahrhunderts auch so was haben, aber nach dem 2. weltkrieg dann doch nicht mehr damit, sondern lieber mit dem eigenen auto oder der gummibahn fahren. ok, g\u00fcterverkehr war wohl auch ein argument, aber auch das kann nicht viel gewesen sein. eine br\u00fccke ist noch erhalten und eine nicht mehr vorhandene br\u00fccke, d.h. der bahndamm zu beiden seiten.<\/p>\n<p class=\"singleline\"><a href=\"http:\/\/hutmachergass.de\/hmg3\/bilder\/20190418-hunsrueck\/20190418142610-5650.jpg\"><img decoding=\"async\" src=\"http:\/\/hutmachergass.de\/hmg\/php\/getimg.php?img=http:\/\/hutmachergass.de\/hmg3\/bilder\/20190418-hunsrueck\/20190418142610-5650.jpg&#038;wdth=600&#038;qlty=90\" \/><\/a><\/p>\n<p class=\"bu\">&nbsp;<\/p>\n<p class=\"singleline\"><a href=\"http:\/\/hutmachergass.de\/hmg3\/bilder\/20190418-hunsrueck\/20190322135341-5116.jpg\"><img decoding=\"async\" src=\"http:\/\/hutmachergass.de\/hmg\/php\/getimg.php?img=http:\/\/hutmachergass.de\/hmg3\/bilder\/20190418-hunsrueck\/20190322135341-5116.jpg&#038;wdth=600&#038;qlty=90\" \/><\/a><\/p>\n<p class=\"bu\">&nbsp;<\/p>\n<p class=\"singleline\"><a href=\"http:\/\/hutmachergass.de\/hmg3\/bilder\/20190418-hunsrueck\/20190322135220-5111.jpg\"><img decoding=\"async\" src=\"http:\/\/hutmachergass.de\/hmg\/php\/getimg.php?img=http:\/\/hutmachergass.de\/hmg3\/bilder\/20190418-hunsrueck\/20190322135220-5111.jpg&#038;wdth=600&#038;qlty=90\" \/><\/a><\/p>\n<p class=\"bu\">&nbsp;<\/p>\n<p class=\"singleline\"><a href=\"http:\/\/hutmachergass.de\/hmg3\/bilder\/20190418-hunsrueck\/20190322135036-5096.jpg\"><img decoding=\"async\" src=\"http:\/\/hutmachergass.de\/hmg\/php\/getimg.php?img=http:\/\/hutmachergass.de\/hmg3\/bilder\/20190418-hunsrueck\/20190322135036-5096.jpg&#038;wdth=600&#038;qlty=90\" \/><\/a><\/p>\n<p class=\"bu\">&nbsp;<\/p>\n<p>in mengerschied des trainings und der sch\u00f6nen aussicht halber einen abstecher richtung ravengiersburg gemacht; die aussicht tats\u00e4chlich sch\u00f6n, aber die 90 h\u00f6henmeter hab ich als training genug sein lassen und wollte mir die 120 zus\u00e4tzlichen von ravengiersburg wieder hoch nicht antun. der weitere verlauf durchs br\u00fchlbachtal \u00fcber tiefenbach nach riesweiler ist wirklich h\u00fcbsch.<\/p>\n<p class=\"singleline\"><a href=\"http:\/\/hutmachergass.de\/hmg3\/bilder\/20190418-hunsrueck\/20190418144940-5657.jpg\"><img decoding=\"async\" src=\"http:\/\/hutmachergass.de\/hmg\/php\/getimg.php?img=http:\/\/hutmachergass.de\/hmg3\/bilder\/20190418-hunsrueck\/20190418144940-5657.jpg&#038;wdth=600&#038;qlty=90\" \/><\/a><\/p>\n<p class=\"bu\">&nbsp;<\/p>\n<p class=\"singleline\"><a href=\"http:\/\/hutmachergass.de\/hmg3\/bilder\/20190418-hunsrueck\/20190418145635-5668.jpg\"><img decoding=\"async\" src=\"http:\/\/hutmachergass.de\/hmg\/php\/getimg.php?img=http:\/\/hutmachergass.de\/hmg3\/bilder\/20190418-hunsrueck\/20190418145635-5668.jpg&#038;wdth=600&#038;qlty=90\" \/><\/a><\/p>\n<p class=\"bu\">&nbsp;<\/p>\n<p class=\"singleline\"><a href=\"http:\/\/hutmachergass.de\/hmg3\/bilder\/20190418-hunsrueck\/20190418151231-5673.jpg\"><img decoding=\"async\" src=\"http:\/\/hutmachergass.de\/hmg\/php\/getimg.php?img=http:\/\/hutmachergass.de\/hmg3\/bilder\/20190418-hunsrueck\/20190418151231-5673.jpg&#038;wdth=600&#038;qlty=90\" \/><\/a><\/p>\n<p class=\"bu\">&nbsp;<\/p>\n<p class=\"singleline\"><a href=\"http:\/\/hutmachergass.de\/hmg3\/bilder\/20190418-hunsrueck\/20190418151721-5680.jpg\"><img decoding=\"async\" src=\"http:\/\/hutmachergass.de\/hmg\/php\/getimg.php?img=http:\/\/hutmachergass.de\/hmg3\/bilder\/20190418-hunsrueck\/20190418151721-5680.jpg&#038;wdth=600&#038;qlty=90\" \/><\/a><\/p>\n<p class=\"bu\">&nbsp;<\/p>\n<p class=\"singleline\"><a href=\"http:\/\/hutmachergass.de\/hmg3\/bilder\/20190418-hunsrueck\/20190418154844-5685.jpg\"><img decoding=\"async\" src=\"http:\/\/hutmachergass.de\/hmg\/php\/getimg.php?img=http:\/\/hutmachergass.de\/hmg3\/bilder\/20190418-hunsrueck\/20190418154844-5685.jpg&#038;wdth=600&#038;qlty=90\" \/><\/a><\/p>\n<p class=\"bu\">&nbsp;<\/p>\n<p>nach einer kuchenpause auf der simmerner main street in einer panikattacke, dass ich verhungern k\u00f6nnte, beim wasgau noch drei verschiedene br\u00f6tchen gekauft. war unn\u00f6tig, erstens verhungert man nicht so schnell und zweitens war das fr\u00fchst\u00fcck in der privatpension in bell so reichhaltig, dass es fast f\u00fcr zwei gereicht h\u00e4tte.<\/p>\n<p>nun hab ich also den abschnitt simmern\u2013bell des <a href=\"https:\/\/de.wikipedia.org\/wiki\/Schinderhannes-Radweg\" rel=\"noopener noreferrer\" target=\"_blank\">schinderhannes-radwegs<\/a> auf der trasse der <a href=\"https:\/\/de.wikipedia.org\/wiki\/Hunsr%C3%BCckbahn\" rel=\"noopener noreferrer\" target=\"_blank\">hunsr\u00fcckbahn<\/a> zum vierten mal befahren, bei herrlicher april-abendsonne und war kurz vor sieben in bell. zum abendessen bin ich nach kastellaun gefahren (nicht gelaufen wie vor einem jahr) und wieder zur burgschenke hoch, aber drau\u00dfen gesessen. halunkenpfanne und nat\u00fcrtr\u00fcbe apfelschorle, zwar nicht bio, aber trotzdem ganz lecker.<\/p>\n<p class=\"singleline\"><a href=\"http:\/\/hutmachergass.de\/hmg3\/bilder\/20190418-hunsrueck\/20190418174839-5690.jpg\"><img decoding=\"async\" src=\"http:\/\/hutmachergass.de\/hmg\/php\/getimg.php?img=http:\/\/hutmachergass.de\/hmg3\/bilder\/20190418-hunsrueck\/20190418174839-5690.jpg&#038;wdth=600&#038;qlty=90\" \/><\/a><\/p>\n<p class=\"bu\">schinderhannesradweg<\/p>\n<p class=\"singleline\"><a href=\"http:\/\/hutmachergass.de\/hmg3\/bilder\/20190418-hunsrueck\/20190418181457-5701.jpg\"><img decoding=\"async\" src=\"http:\/\/hutmachergass.de\/hmg\/php\/getimg.php?img=http:\/\/hutmachergass.de\/hmg3\/bilder\/20190418-hunsrueck\/20190418181457-5701.jpg&#038;wdth=600&#038;qlty=90\" \/><\/a><\/p>\n<p class=\"bu\">&nbsp;<\/p>\n<p class=\"singleline\"><a href=\"http:\/\/hutmachergass.de\/hmg3\/bilder\/20190418-hunsrueck\/20190418204315.jpg\"><img decoding=\"async\" src=\"http:\/\/hutmachergass.de\/hmg\/php\/getimg.php?img=http:\/\/hutmachergass.de\/hmg3\/bilder\/20190418-hunsrueck\/20190418204315.jpg&#038;wdth=600&#038;qlty=90\" \/><\/a><\/p>\n<p class=\"bu\">&nbsp;<\/p>\n<h3>bell \u2013 burgen (\u2013 koblenz \u2013 osterspai)<\/h3>\n<p>um 10 nach f\u00fcnf hat der hahn das erste mal gekr\u00e4ht (war ja auch karfreitag, aber noch nicht nachmittag), habs fenster trotzdem offen gelassen. kurz vor 8 hatte ich alles gepackt und war viertel vor neun mit fr\u00fchst\u00fcck fertig. durch etwas quatschen mit der pensionswirtin ists dann doch viertel nach neun geworden, bis ich gestartet bin. strahlend blauer himmel den ganzen tag. zum <a href=\"https:\/\/de.wikipedia.org\/wiki\/Beller_Markt\" rel=\"noopener noreferrer\" target=\"_blank\">beller markt<\/a> hoch, muss wohl wirklich ein riesenrummel da sein am vorletzten mittwoch im juli, und zum <a href=\"https:\/\/de.wikipedia.org\/wiki\/Pydna_%28Raketenbasis%29\" rel=\"noopener noreferrer\" target=\"_blank\">friedensacker<\/a> an der hunsr\u00fcckh\u00f6henstra\u00dfe. mehr gibts nicht zu sehen, eins der drei kreuze ist kaputt.<\/p>\n<p class=\"singleline\"><a href=\"http:\/\/hutmachergass.de\/hmg3\/bilder\/20190418-hunsrueck\/20190419092329-5718.jpg\"><img decoding=\"async\" src=\"http:\/\/hutmachergass.de\/hmg\/php\/getimg.php?img=http:\/\/hutmachergass.de\/hmg3\/bilder\/20190418-hunsrueck\/20190419092329-5718.jpg&#038;wdth=600&#038;qlty=90\" \/><\/a><\/p>\n<p class=\"bu\">&nbsp;<\/p>\n<p class=\"singleline\"><a href=\"http:\/\/hutmachergass.de\/hmg3\/bilder\/20190418-hunsrueck\/20190419093405-5719.jpg\"><img decoding=\"async\" src=\"http:\/\/hutmachergass.de\/hmg\/php\/getimg.php?img=http:\/\/hutmachergass.de\/hmg3\/bilder\/20190418-hunsrueck\/20190419093405-5719.jpg&#038;wdth=600&#038;qlty=90\" \/><\/a><\/p>\n<p class=\"bu\">&nbsp;<\/p>\n<p class=\"singleline\"><a href=\"http:\/\/hutmachergass.de\/hmg3\/bilder\/20190418-hunsrueck\/20190419093907-5731.jpg\"><img decoding=\"async\" src=\"http:\/\/hutmachergass.de\/hmg\/php\/getimg.php?img=http:\/\/hutmachergass.de\/hmg3\/bilder\/20190418-hunsrueck\/20190419093907-5731.jpg&#038;wdth=600&#038;qlty=90\" \/><\/a><\/p>\n<p class=\"bu\">&nbsp;<\/p>\n<p class=\"singleline\"><a href=\"http:\/\/hutmachergass.de\/hmg3\/bilder\/20190418-hunsrueck\/20190419093950-5736.jpg\"><img decoding=\"async\" src=\"http:\/\/hutmachergass.de\/hmg\/php\/getimg.php?img=http:\/\/hutmachergass.de\/hmg3\/bilder\/20190418-hunsrueck\/20190419093950-5736.jpg&#038;wdth=600&#038;qlty=90\" \/><\/a><\/p>\n<p class=\"bu\">&nbsp;<\/p>\n<p>dann hab ich entschieden, den schinderhannes-radweg bis emmelshausen zu fahren und von dort weiter nach burgen. auf der bahntrasse wurde es zunehmend voller. ich hab den eindruck, die meisten fahren mit auto oder zug nach emmelshausen und starten dort. war ganz gut, dass ich in die gegenrichtung gefahren bin. den abschnitt bin ich nun auch zum dritten mal gefahren. von der eisenbahn gibts fast nichts mehr zu sehen, kilometersteine sind mir keine aufgefallen, die ehemaligen bahnhofsgeb\u00e4ude noch erhalten. in pfalzfeld hat neben der <a href=\"https:\/\/de.wikipedia.org\/wiki\/Pfalzfelder_S%C3%A4ule\" rel=\"noopener noreferrer\" target=\"_blank\">pfalzfelder s\u00e4ule<\/a> der eigent\u00fcmer den ehemaligen bahnhof etwas eigenwillig hergerichtet, hauptsignal und vorsignal direkt am bahnsteig und regeln nichts,  der ehemalige standort des einfahrsignals ist aber noch gut am weg erkennbar. ich halte es f\u00fcr unwahrscheinlich, dass es dort ausfahrsignale gab. die beiden drehgestellwagen, die am westende vor sich hinrosten, sind bestimmt auch nie dort im regelbetrieb gefahren, die dreiachser umbauwagen wohl schon. und die kleine rangierlok bei lingerhahn, so eine, wie sie auch in reinsfeld an der hochwaldbahn steht, ist im hunsr\u00fcck bestimmt nie gefahren; die wurde nach der wiedervereinigung aus der ehemaligen ddr importiert.<\/p>\n<p class=\"singleline\"><a href=\"http:\/\/hutmachergass.de\/hmg3\/bilder\/20190418-hunsrueck\/20190419094558-5751.jpg\"><img decoding=\"async\" src=\"http:\/\/hutmachergass.de\/hmg\/php\/getimg.php?img=http:\/\/hutmachergass.de\/hmg3\/bilder\/20190418-hunsrueck\/20190419094558-5751.jpg&#038;wdth=600&#038;qlty=90\" \/><\/a><\/p>\n<p class=\"bu\">&nbsp;<\/p>\n<p class=\"singleline\"><a href=\"http:\/\/hutmachergass.de\/hmg3\/bilder\/20190418-hunsrueck\/20190419101132-5759.jpg\"><img decoding=\"async\" src=\"http:\/\/hutmachergass.de\/hmg\/php\/getimg.php?img=http:\/\/hutmachergass.de\/hmg3\/bilder\/20190418-hunsrueck\/20190419101132-5759.jpg&#038;wdth=600&#038;qlty=90\" \/><\/a><\/p>\n<p class=\"bu\">&nbsp;<\/p>\n<p class=\"singleline\"><a href=\"http:\/\/hutmachergass.de\/hmg3\/bilder\/20190418-hunsrueck\/20190419102643-5767.jpg\"><img decoding=\"async\" src=\"http:\/\/hutmachergass.de\/hmg\/php\/getimg.php?img=http:\/\/hutmachergass.de\/hmg3\/bilder\/20190418-hunsrueck\/20190419102643-5767.jpg&#038;wdth=600&#038;qlty=90\" \/><\/a><\/p>\n<p class=\"bu\">&nbsp;<\/p>\n<p class=\"singleline\"><a href=\"http:\/\/hutmachergass.de\/hmg3\/bilder\/20190418-hunsrueck\/20190419104350-5780.jpg\"><img decoding=\"async\" src=\"http:\/\/hutmachergass.de\/hmg\/php\/getimg.php?img=http:\/\/hutmachergass.de\/hmg3\/bilder\/20190418-hunsrueck\/20190419104350-5780.jpg&#038;wdth=600&#038;qlty=90\" \/><\/a><\/p>\n<p class=\"bu\">&nbsp;<\/p>\n<p class=\"singleline\"><a href=\"http:\/\/hutmachergass.de\/hmg3\/bilder\/20190418-hunsrueck\/20190419105239-5782.jpg\"><img decoding=\"async\" src=\"http:\/\/hutmachergass.de\/hmg\/php\/getimg.php?img=http:\/\/hutmachergass.de\/hmg3\/bilder\/20190418-hunsrueck\/20190419105239-5782.jpg&#038;wdth=600&#038;qlty=90\" \/><\/a><\/p>\n<p class=\"bu\">&nbsp;<\/p>\n<p class=\"singleline\"><a href=\"http:\/\/hutmachergass.de\/hmg3\/bilder\/20190418-hunsrueck\/20190419105310-5788.jpg\"><img decoding=\"async\" src=\"http:\/\/hutmachergass.de\/hmg\/php\/getimg.php?img=http:\/\/hutmachergass.de\/hmg3\/bilder\/20190418-hunsrueck\/20190419105310-5788.jpg&#038;wdth=600&#038;qlty=90\" \/><\/a><\/p>\n<p class=\"bu\">&nbsp;<\/p>\n<p class=\"singleline\"><a href=\"http:\/\/hutmachergass.de\/hmg3\/bilder\/20190418-hunsrueck\/20190419110751-5794.jpg\"><img decoding=\"async\" src=\"http:\/\/hutmachergass.de\/hmg\/php\/getimg.php?img=http:\/\/hutmachergass.de\/hmg3\/bilder\/20190418-hunsrueck\/20190419110751-5794.jpg&#038;wdth=600&#038;qlty=90\" \/><\/a><\/p>\n<p class=\"bu\">&nbsp;<\/p>\n<p class=\"singleline\"><a href=\"http:\/\/hutmachergass.de\/hmg3\/bilder\/20190418-hunsrueck\/20190419110830-5797.jpg\"><img decoding=\"async\" src=\"http:\/\/hutmachergass.de\/hmg\/php\/getimg.php?img=http:\/\/hutmachergass.de\/hmg3\/bilder\/20190418-hunsrueck\/20190419110830-5797.jpg&#038;wdth=600&#038;qlty=90\" \/><\/a><\/p>\n<p class=\"bu\">&nbsp;<\/p>\n<p>ab emmelshausen bin ich nicht immer sklavisch dem ausgeschilderten <a href=\"https:\/\/www.hunsruecktouristik.de\/reisethemen\/radfahren\/radwege-im-hunsrueck\/radrouten-hunsrueck\/schinderhannes-untermosel-radweg\" rel=\"noopener noreferrer\" target=\"_blank\">schinderhannes-untermosel-radweg<\/a> gefolgt, sondern \u00f6fters der stra\u00dfe nach bis morshausen und von dort auf wirtschaftswegen nach burgen. mermuth hab ich ausgelassen, im dortigen intarsienmuseum war ich mit der adfc-eifeltour vor paar jahren mal, daf\u00fcr bei gondershausen mittagspause mit blick auf die mayener und laacher berge gemacht. trotz karfreitag fr\u00fcher nachmittag war nicht viel verkehr. sehr sch\u00f6ne route.<\/p>\n<p class=\"singleline\"><a href=\"http:\/\/hutmachergass.de\/hmg3\/bilder\/20190418-hunsrueck\/20190419115533.jpg\"><img decoding=\"async\" src=\"http:\/\/hutmachergass.de\/hmg\/php\/getimg.php?img=http:\/\/hutmachergass.de\/hmg3\/bilder\/20190418-hunsrueck\/20190419115533.jpg&#038;wdth=600&#038;qlty=90\" \/><\/a><\/p>\n<p class=\"bu\">&nbsp;<\/p>\n<p class=\"singleline\"><a href=\"http:\/\/hutmachergass.de\/hmg3\/bilder\/20190418-hunsrueck\/20190419122312-5812.jpg\"><img decoding=\"async\" src=\"http:\/\/hutmachergass.de\/hmg\/php\/getimg.php?img=http:\/\/hutmachergass.de\/hmg3\/bilder\/20190418-hunsrueck\/20190419122312-5812.jpg&#038;wdth=600&#038;qlty=90\" \/><\/a><\/p>\n<p class=\"bu\">&nbsp;<\/p>\n<p class=\"singleline\"><a href=\"http:\/\/hutmachergass.de\/hmg3\/bilder\/20190418-hunsrueck\/20190419122833-5825.jpg\"><img decoding=\"async\" src=\"http:\/\/hutmachergass.de\/hmg\/php\/getimg.php?img=http:\/\/hutmachergass.de\/hmg3\/bilder\/20190418-hunsrueck\/20190419122833-5825.jpg&#038;wdth=600&#038;qlty=90\" \/><\/a><\/p>\n<p class=\"bu\">&nbsp;<\/p>\n<p class=\"singleline\"><a href=\"http:\/\/hutmachergass.de\/hmg3\/bilder\/20190418-hunsrueck\/20190419124111-5832.jpg\"><img decoding=\"async\" src=\"http:\/\/hutmachergass.de\/hmg\/php\/getimg.php?img=http:\/\/hutmachergass.de\/hmg3\/bilder\/20190418-hunsrueck\/20190419124111-5832.jpg&#038;wdth=600&#038;qlty=90\" \/><\/a><\/p>\n<p class=\"bu\">&nbsp;<\/p>\n<p class=\"singleline\"><a href=\"http:\/\/hutmachergass.de\/hmg3\/bilder\/20190418-hunsrueck\/20190419124847-5839.jpg\"><img decoding=\"async\" src=\"http:\/\/hutmachergass.de\/hmg\/php\/getimg.php?img=http:\/\/hutmachergass.de\/hmg3\/bilder\/20190418-hunsrueck\/20190419124847-5839.jpg&#038;wdth=600&#038;qlty=90\" \/><\/a><\/p>\n<p class=\"bu\">&nbsp;<\/p>\n<p>w\u00e4hrend im hunsr\u00fcck fast idyllische ruhe war, war die mosel runter nat\u00fcrlich die h\u00f6lle los, wie auch am rhein. ich h\u00e4tte doch meinem urspr\u00fcnglichen plan folgen und eine dreitagestour machen sollen, auf die andere moselseite und durchs maifeld und die pellenz nach koblenz. so war es dann nur noch kilometer sammeln, bis ich in osterspai in den zug gestiegen bin, um nicht zu sp\u00e4t nachhause zu kommen.<\/p>\n<p>n\u00e4chstes mal!<\/p>\n<p class=\"singleline\"><a href=\"http:\/\/hutmachergass.de\/hmg3\/bilder\/20190418-hunsrueck\/20190419132456.jpg\"><img decoding=\"async\" src=\"http:\/\/hutmachergass.de\/hmg\/php\/getimg.php?img=http:\/\/hutmachergass.de\/hmg3\/bilder\/20190418-hunsrueck\/20190419132456.jpg&#038;wdth=600&#038;qlty=90\" \/><\/a><\/p>\n<p class=\"bu\">&nbsp;<\/p>\n<p class=\"singleline\"><a href=\"http:\/\/hutmachergass.de\/hmg3\/bilder\/20190418-hunsrueck\/20190419143614-5862.jpg\"><img decoding=\"async\" src=\"http:\/\/hutmachergass.de\/hmg\/php\/getimg.php?img=http:\/\/hutmachergass.de\/hmg3\/bilder\/20190418-hunsrueck\/20190419143614-5862.jpg&#038;wdth=600&#038;qlty=90\" \/><\/a><\/p>\n<p class=\"bu\">&nbsp;<\/p>\n<p class=\"singleline\"><a href=\"http:\/\/hutmachergass.de\/hmg3\/bilder\/20190418-hunsrueck\/20190419144116-5867.jpg\"><img decoding=\"async\" src=\"http:\/\/hutmachergass.de\/hmg\/php\/getimg.php?img=http:\/\/hutmachergass.de\/hmg3\/bilder\/20190418-hunsrueck\/20190419144116-5867.jpg&#038;wdth=600&#038;qlty=90\" \/><\/a><\/p>\n<p class=\"bu\">&nbsp;<\/p>\n","protected":false},"excerpt":{"rendered":"<p>kirn \u2013 bell die tour startete mit dem l\u00fctzelsoon-radweg in kirn, von wo es direkt mal 250 hm hoch geht, logisch bei hunsr\u00fccktouren mit anreise per bahn. dann auf stra\u00dfen und asfaltierten wirtschaftswegen leicht h\u00fcgelig bis schneppenbach, mit sch\u00f6nen ausblicken &hellip; <a href=\"https:\/\/hutmachergass.de\/hmg\/steffsblog\/?page_id=3292\">Continue reading <span class=\"meta-nav\">&rarr;<\/span><\/a><\/p>\n","protected":false},"author":2,"featured_media":0,"parent":2096,"menu_order":0,"comment_status":"closed","ping_status":"closed","template":"","meta":{"footnotes":""},"class_list":["post-3292","page","type-page","status-publish","hentry"],"_links":{"self":[{"href":"https:\/\/hutmachergass.de\/hmg\/steffsblog\/index.php?rest_route=\/wp\/v2\/pages\/3292","targetHints":{"allow":["GET"]}}],"collection":[{"href":"https:\/\/hutmachergass.de\/hmg\/steffsblog\/index.php?rest_route=\/wp\/v2\/pages"}],"about":[{"href":"https:\/\/hutmachergass.de\/hmg\/steffsblog\/index.php?rest_route=\/wp\/v2\/types\/page"}],"author":[{"embeddable":true,"href":"https:\/\/hutmachergass.de\/hmg\/steffsblog\/index.php?rest_route=\/wp\/v2\/users\/2"}],"replies":[{"embeddable":true,"href":"https:\/\/hutmachergass.de\/hmg\/steffsblog\/index.php?rest_route=%2Fwp%2Fv2%2Fcomments&post=3292"}],"version-history":[{"count":0,"href":"https:\/\/hutmachergass.de\/hmg\/steffsblog\/index.php?rest_route=\/wp\/v2\/pages\/3292\/revisions"}],"up":[{"embeddable":true,"href":"https:\/\/hutmachergass.de\/hmg\/steffsblog\/index.php?rest_route=\/wp\/v2\/pages\/2096"}],"wp:attachment":[{"href":"https:\/\/hutmachergass.de\/hmg\/steffsblog\/index.php?rest_route=%2Fwp%2Fv2%2Fmedia&parent=3292"}],"curies":[{"name":"wp","href":"https:\/\/api.w.org\/{rel}","templated":true}]}}