

{"id":3172,"date":"2019-02-17T19:51:06","date_gmt":"2019-02-17T18:51:06","guid":{"rendered":"http:\/\/hutmachergass.de\/hmg\/steffsblog\/?page_id=3172"},"modified":"2025-06-02T21:25:09","modified_gmt":"2025-06-02T19:25:09","slug":"aalen-2019","status":"publish","type":"page","link":"https:\/\/hutmachergass.de\/hmg\/steffsblog\/?page_id=3172","title":{"rendered":"forumswintertreffen in aalen"},"content":{"rendered":"<p>mit radtour zu den kocher- und brenzquellen und \u00fcbers h\u00e4rtsfeld. bei strahlend blauem himmel.<\/p>\n<p class=\"imgcent\"><a href=\"http:\/\/hutmachergass.de\/hmg3\/bilder\/20190215-aalen\/20190216101224.jpg\"><img decoding=\"async\" src=\"http:\/\/hutmachergass.de\/hmg\/php\/getimg.php?img=http:\/\/hutmachergass.de\/hmg3\/bilder\/20190215-aalen\/20190216101224.jpg&#038;wdth=600&#038;qlty=85\" \/><\/a><\/p>\n<p><span class=\"bu\">aalen<\/span><\/p>\n<p class=\"imgcent\"><a href=\"http:\/\/hutmachergass.de\/hmg3\/bilder\/20190215-aalen\/20190216104700-0213-Ma.jpg\"><img decoding=\"async\" src=\"http:\/\/hutmachergass.de\/hmg\/php\/getimg.php?img=http:\/\/hutmachergass.de\/hmg3\/bilder\/20190215-aalen\/20190216104700-0213-Ma.jpg&#038;wdth=600&#038;qlty=85\" \/><\/a><\/p>\n<p><span class=\"bu\">&nbsp;<\/span><\/p>\n<p class=\"imgcent\"><a href=\"http:\/\/hutmachergass.de\/hmg3\/bilder\/20190215-aalen\/20190216110630-9099.JPG\"><img decoding=\"async\" src=\"http:\/\/hutmachergass.de\/hmg\/php\/getimg.php?img=http:\/\/hutmachergass.de\/hmg3\/bilder\/20190215-aalen\/20190216110630-9099.JPG&#038;wdth=600&#038;qlty=85\" \/><\/a><\/p>\n<p><span class=\"bu\"><a href=\"https:\/\/de.wikipedia.org\/wiki\/H%C3%A4rtsfeldbahn\" rel=\"noopener noreferrer\" target=\"_blank\">h\u00e4rtsfeldbahn<\/a><\/span><\/p>\n<p class=\"imgcent\"><a href=\"http:\/\/hutmachergass.de\/hmg3\/bilder\/20190215-aalen\/20190216110815-0224-Ma.jpg\"><img decoding=\"async\" src=\"http:\/\/hutmachergass.de\/hmg\/php\/getimg.php?img=http:\/\/hutmachergass.de\/hmg3\/bilder\/20190215-aalen\/20190216110815-0224-Ma.jpg&#038;wdth=600&#038;qlty=85\" \/><\/a><\/p>\n<p><span class=\"bu\">&nbsp;<\/span><\/p>\n<p class=\"imgcent\"><a href=\"http:\/\/hutmachergass.de\/hmg3\/bilder\/20190215-aalen\/20190216110951.jpg\"><img decoding=\"async\" src=\"http:\/\/hutmachergass.de\/hmg\/php\/getimg.php?img=http:\/\/hutmachergass.de\/hmg3\/bilder\/20190215-aalen\/20190216110951.jpg&#038;wdth=600&#038;qlty=85\" \/><\/a><\/p>\n<p><span class=\"bu\">&nbsp;<\/span><\/p>\n<p class=\"imgcent\"><a href=\"http:\/\/hutmachergass.de\/hmg3\/bilder\/20190215-aalen\/20190216112050.jpg\"><img decoding=\"async\" src=\"http:\/\/hutmachergass.de\/hmg\/php\/getimg.php?img=http:\/\/hutmachergass.de\/hmg3\/bilder\/20190215-aalen\/20190216112050.jpg&#038;wdth=600&#038;qlty=85\" \/><\/a><\/p>\n<p><span class=\"bu\">&nbsp;<\/span><\/p>\n<p class=\"imgcent\"><a href=\"http:\/\/hutmachergass.de\/hmg3\/bilder\/20190215-aalen\/20190216113629-a.jpg\"><img decoding=\"async\" src=\"http:\/\/hutmachergass.de\/hmg\/php\/getimg.php?img=http:\/\/hutmachergass.de\/hmg3\/bilder\/20190215-aalen\/20190216113629-a.jpg&#038;wdth=600&#038;qlty=85\" \/><\/a><\/p>\n<p><span class=\"bu\"><a href=\"https:\/\/de.wikipedia.org\/wiki\/Wei%C3%9Fer_Kocher\" rel=\"noopener noreferrer\" target=\"_blank\">ursprung wei\u00dfer kocher<\/a><\/span><\/p>\n<p class=\"imgcent\"><a href=\"http:\/\/hutmachergass.de\/hmg3\/bilder\/20190215-aalen\/20190216113651.jpg\"><img decoding=\"async\" src=\"http:\/\/hutmachergass.de\/hmg\/php\/getimg.php?img=http:\/\/hutmachergass.de\/hmg3\/bilder\/20190215-aalen\/20190216113651.jpg&#038;wdth=600&#038;qlty=85\" \/><\/a><\/p>\n<p><span class=\"bu\">&nbsp;<\/span><\/p>\n<p class=\"imgcent\"><a href=\"http:\/\/hutmachergass.de\/hmg3\/bilder\/20190215-aalen\/20190216115800-9104.JPG\"><img decoding=\"async\" src=\"http:\/\/hutmachergass.de\/hmg\/php\/getimg.php?img=http:\/\/hutmachergass.de\/hmg3\/bilder\/20190215-aalen\/20190216115800-9104.JPG&#038;wdth=600&#038;qlty=85\" \/><\/a><\/p>\n<p><span class=\"bu\">&nbsp;<\/span><\/p>\n<p class=\"imgcent\"><a href=\"http:\/\/hutmachergass.de\/hmg3\/bilder\/20190215-aalen\/20190216125633.jpg\"><img decoding=\"async\" src=\"http:\/\/hutmachergass.de\/hmg\/php\/getimg.php?img=http:\/\/hutmachergass.de\/hmg3\/bilder\/20190215-aalen\/20190216125633.jpg&#038;wdth=600&#038;qlty=85\" \/><\/a><\/p>\n<p><span class=\"bu\"><a href=\"https:\/\/de.wikipedia.org\/wiki\/Schwarzer_Kocher\" rel=\"noopener noreferrer\" target=\"_blank\">ursprung schwarzer kocher<\/a><\/span><\/p>\n<p class=\"imgcent\"><a href=\"http:\/\/hutmachergass.de\/hmg3\/bilder\/20190215-aalen\/20190216125855.jpg\"><img decoding=\"async\" src=\"http:\/\/hutmachergass.de\/hmg\/php\/getimg.php?img=http:\/\/hutmachergass.de\/hmg3\/bilder\/20190215-aalen\/20190216125855.jpg&#038;wdth=600&#038;qlty=85\" \/><\/a><\/p>\n<p><span class=\"bu\">&nbsp;<\/span><\/p>\n<p class=\"imgcent\"><a href=\"http:\/\/hutmachergass.de\/hmg3\/bilder\/20190215-aalen\/20190216133815.jpg\"><img decoding=\"async\" src=\"http:\/\/hutmachergass.de\/hmg\/php\/getimg.php?img=http:\/\/hutmachergass.de\/hmg3\/bilder\/20190215-aalen\/20190216133815.jpg&#038;wdth=600&#038;qlty=85\" \/><\/a><\/p>\n<p><span class=\"bu\"><a href=\"https:\/\/de.wikipedia.org\/wiki\/Brenz_%28Fluss%29\" rel=\"noopener noreferrer\" target=\"_blank\">brenztopf<\/a><\/span><\/p>\n<p class=\"imgcent\"><a href=\"http:\/\/hutmachergass.de\/hmg3\/bilder\/20190215-aalen\/20190216133949.jpg\"><img decoding=\"async\" src=\"http:\/\/hutmachergass.de\/hmg\/php\/getimg.php?img=http:\/\/hutmachergass.de\/hmg3\/bilder\/20190215-aalen\/20190216133949.jpg&#038;wdth=600&#038;qlty=85\" \/><\/a><\/p>\n<p><span class=\"bu\">&nbsp;<\/span><\/p>\n<p class=\"imgcent\"><a href=\"http:\/\/hutmachergass.de\/hmg3\/bilder\/20190215-aalen\/20190216153554-9107.JPG\"><img decoding=\"async\" src=\"http:\/\/hutmachergass.de\/hmg\/php\/getimg.php?img=http:\/\/hutmachergass.de\/hmg3\/bilder\/20190215-aalen\/20190216153554-9107.JPG&#038;wdth=600&#038;qlty=85\" \/><\/a><\/p>\n<p><span class=\"bu\">&nbsp;<\/span><\/p>\n<p class=\"imgcent\"><a href=\"http:\/\/hutmachergass.de\/hmg3\/bilder\/20190215-aalen\/20190216155236-9117.JPG\"><img decoding=\"async\" src=\"http:\/\/hutmachergass.de\/hmg\/php\/getimg.php?img=http:\/\/hutmachergass.de\/hmg3\/bilder\/20190215-aalen\/20190216155236-9117.JPG&#038;wdth=600&#038;qlty=85\" \/><\/a><\/p>\n<p><span class=\"bu\">&nbsp;<\/span><\/p>\n<p class=\"imgcent\"><a href=\"http:\/\/hutmachergass.de\/hmg3\/bilder\/20190215-aalen\/20190216155430-9119.JPG\"><img decoding=\"async\" src=\"http:\/\/hutmachergass.de\/hmg\/php\/getimg.php?img=http:\/\/hutmachergass.de\/hmg3\/bilder\/20190215-aalen\/20190216155430-9119.JPG&#038;wdth=600&#038;qlty=85\" \/><\/a><\/p>\n<p><span class=\"bu\">&nbsp;<\/span><\/p>\n<p class=\"imgcent\"><a href=\"http:\/\/hutmachergass.de\/hmg3\/bilder\/20190215-aalen\/20190216155814-9122.JPG\"><img decoding=\"async\" src=\"http:\/\/hutmachergass.de\/hmg\/php\/getimg.php?img=http:\/\/hutmachergass.de\/hmg3\/bilder\/20190215-aalen\/20190216155814-9122.JPG&#038;wdth=600&#038;qlty=85\" \/><\/a><\/p>\n<p><span class=\"bu\"><a href=\"https:\/\/de.wikipedia.org\/wiki\/H%C3%A4rtsfeld\" rel=\"noopener noreferrer\" target=\"_blank\">h\u00e4rtsfeld<\/a><\/span><\/p>\n<p class=\"imgcent\"><a href=\"http:\/\/hutmachergass.de\/hmg3\/bilder\/20190215-aalen\/20190216161453-0685-Re.JPG\"><img decoding=\"async\" src=\"http:\/\/hutmachergass.de\/hmg\/php\/getimg.php?img=http:\/\/hutmachergass.de\/hmg3\/bilder\/20190215-aalen\/20190216161453-0685-Re.JPG&#038;wdth=600&#038;qlty=85\" \/><\/a><\/p>\n<p><span class=\"bu\">&nbsp;<\/span><\/p>\n<p class=\"imgcent\"><a href=\"http:\/\/hutmachergass.de\/hmg3\/bilder\/20190215-aalen\/20190216161530-9130.JPG\"><img decoding=\"async\" src=\"http:\/\/hutmachergass.de\/hmg\/php\/getimg.php?img=http:\/\/hutmachergass.de\/hmg3\/bilder\/20190215-aalen\/20190216161530-9130.JPG&#038;wdth=600&#038;qlty=85\" \/><\/a><\/p>\n<p><span class=\"bu\">&nbsp;<\/span><\/p>\n<p class=\"imgcent\"><a href=\"http:\/\/hutmachergass.de\/hmg3\/bilder\/20190215-aalen\/20190216161652-9134.JPG\"><img decoding=\"async\" src=\"http:\/\/hutmachergass.de\/hmg\/php\/getimg.php?img=http:\/\/hutmachergass.de\/hmg3\/bilder\/20190215-aalen\/20190216161652-9134.JPG&#038;wdth=600&#038;qlty=85\" \/><\/a><\/p>\n<p><span class=\"bu\">&nbsp;<\/span><\/p>\n<p class=\"imgcent\"><a href=\"http:\/\/hutmachergass.de\/hmg3\/bilder\/20190215-aalen\/20190216162055-9137.JPG\"><img decoding=\"async\" src=\"http:\/\/hutmachergass.de\/hmg\/php\/getimg.php?img=http:\/\/hutmachergass.de\/hmg3\/bilder\/20190215-aalen\/20190216162055-9137.JPG&#038;wdth=600&#038;qlty=85\" \/><\/a><\/p>\n<p><span class=\"bu\">&nbsp;<\/span><\/p>\n<p class=\"imgcent\"><a href=\"http:\/\/hutmachergass.de\/hmg3\/bilder\/20190215-aalen\/20190216162835-9138.JPG\"><img decoding=\"async\" src=\"http:\/\/hutmachergass.de\/hmg\/php\/getimg.php?img=http:\/\/hutmachergass.de\/hmg3\/bilder\/20190215-aalen\/20190216162835-9138.JPG&#038;wdth=600&#038;qlty=85\" \/><\/a><\/p>\n<p><span class=\"bu\">&nbsp;<\/span><\/p>\n<p class=\"imgcent\"><a href=\"http:\/\/hutmachergass.de\/hmg3\/bilder\/20190215-aalen\/20190216163717-0690-Re.JPG\"><img decoding=\"async\" src=\"http:\/\/hutmachergass.de\/hmg\/php\/getimg.php?img=http:\/\/hutmachergass.de\/hmg3\/bilder\/20190215-aalen\/20190216163717-0690-Re.JPG&#038;wdth=600&#038;qlty=85\" \/><\/a><\/p>\n<p><span class=\"bu\">&nbsp;<\/span><\/p>\n<p class=\"imgcent\"><a href=\"http:\/\/hutmachergass.de\/hmg3\/bilder\/20190215-aalen\/20190216170401-9139.JPG\"><img decoding=\"async\" src=\"http:\/\/hutmachergass.de\/hmg\/php\/getimg.php?img=http:\/\/hutmachergass.de\/hmg3\/bilder\/20190215-aalen\/20190216170401-9139.JPG&#038;wdth=600&#038;qlty=85\" \/><\/a><\/p>\n<p><span class=\"bu\">&nbsp;<\/span><\/p>\n<p class=\"imgcent\"><a href=\"http:\/\/hutmachergass.de\/hmg3\/bilder\/20190215-aalen\/20190216181332.jpg\"><img decoding=\"async\" src=\"http:\/\/hutmachergass.de\/hmg\/php\/getimg.php?img=http:\/\/hutmachergass.de\/hmg3\/bilder\/20190215-aalen\/20190216181332.jpg&#038;wdth=600&#038;qlty=85\" \/><\/a><\/p>\n<p><span class=\"bu\">&nbsp;<\/span><\/p>\n\n\n\t\t\t\t<div id=\"map_ol3js_1\" class=\"map undefined\" data-map_name=\"undefined\" data-map=\"map_ol3js_1\" style=\"width:100%; max-width:100%; height:600px; display:block; overflow:hidden;border:2px solid grey;\" >\n\t\t\t\t  <div id=\"map_ol3js_1_popup\" class=\"ol-popup\" >\n\t\t\t\t\t<a href=\"#\" id=\"map_ol3js_1_popup-closer\" class=\"ol-popup-closer\"><\/a>\n\t\t\t\t\t<div id=\"map_ol3js_1_popup-content\" ><\/div>\n\t\t\t\t  <\/div>\n\t\t\t\t<\/div>\n\t\t\t\n\n\t\t\t\t<script type=\"text\/javascript\">\n\t\t\t\t\ttranslations['openlayer'] = \"open layer\";\n\t\t\t\t\ttranslations['openlayerAtStartup'] = \"open layer at startup\";\n\t\t\t\t\ttranslations['generateLink'] = \"link to this map with opened layers\";\n\t\t\t\t\ttranslations['shortDescription'] = \"short description\";\n\t\t\t\t\ttranslations['generatedShortCode'] = \"to get a text control link paste this code in your wordpress editor\";\n\t\t\t\t\ttranslations['closeLayer'] = \"close layer\";\n\t\t\t\t\ttranslations['cantGenerateLink'] = \"put this string in the existing map short code to control this map\";\n\t\t\t  <\/script>\n\n\n\t\t\t  <script type=\"text\/javascript\">\n\t\t\t  vectorM['map_ol3js_1'] = [];\n\t        \n        var raster = getTileLayer(\"osm\",\"NoKey\");\t\t\t\n\n\t\t\t  var map_ol3js_1 = new ol.Map({\n\t\t\t\tinteractions: ol.interaction.defaults.defaults({mouseWheelZoom:false}),\n\t\t\t\tlayers: [raster],\n\t\t\t\ttarget: \"map_ol3js_1\",\n\t\t\t\tview: new ol.View({\n\t\t\t\t  center: ol.proj.transform([10.15,48.8], \"EPSG:4326\", \"EPSG:3857\"),\n\t\t\t\t  zoom: 11.3\n\t\t\t\t})\n\t\t\t  });\n\t\t\t  \n    var style0 = {\n      \"Point\": [new ol.style.Style({\n\n          image: new ol.style.Icon({\n            anchor: [0.5, 41],\n            anchorXUnits: \"fraction\",\n            anchorYUnits: \"pixels\",\n            opacity: 0.75,\n            src: \"https:\/\/hutmachergass.de\/hmg\/steffsblog\/wp-content\/plugins\/osm\/icons\/mic_blue_pinother_02.png\"\n          })\n      })],\n\n      \"LineString\": [new ol.style.Style({\n        stroke: new ol.style.Stroke({\n          color: \"#0000FF\",\n          width: 8\n        })\n      })],\n      \"MultiLineString\": [new ol.style.Style({\n        stroke: new ol.style.Stroke({\n          color: \"#0000FF\",\n          width: 4\n        })\n      })]\n    };\n\t\t  var vectorL0 = new ol.layer.Vector({\n\t\t\t\tsource: new ol.source.Vector({\n\t\t\t\turl:\"\/hmg\/reisen\/wp\/osm-plugin\/2019-rad.gpx\",\n\t\t\t\tformat: new ol.format.GPX({\n\t\t\t\t\textractStyles: false\n\t\t\t\t})\n\t\t\t}),\n\t\t\tzIndex: 92,\n\t\t\tstyle: function(feature, resolution) {return style0[feature.getGeometry().getType()];}\n\t\t  });\n\t\t  map_ol3js_1.addLayer(vectorL0);addControls2Map(map_ol3js_1,1,0,3,1,5,6,7,1,1);\nosm_addPopupClickhandler(map_ol3js_1,  \"map_ol3js_1\"); \nosm_addMouseHover(map_ol3js_1); <\/script>\n","protected":false},"excerpt":{"rendered":"<p>mit radtour zu den kocher- und brenzquellen und \u00fcbers h\u00e4rtsfeld. bei strahlend blauem himmel. aalen &nbsp; h\u00e4rtsfeldbahn &nbsp; &nbsp; &nbsp; ursprung wei\u00dfer kocher &nbsp; &nbsp; ursprung schwarzer kocher &nbsp; brenztopf &nbsp; &nbsp; &nbsp; &nbsp; h\u00e4rtsfeld &nbsp; &nbsp; &nbsp; &nbsp; &nbsp; &hellip; <a href=\"https:\/\/hutmachergass.de\/hmg\/steffsblog\/?page_id=3172\">Continue reading <span class=\"meta-nav\">&rarr;<\/span><\/a><\/p>\n","protected":false},"author":2,"featured_media":0,"parent":2129,"menu_order":0,"comment_status":"closed","ping_status":"closed","template":"","meta":{"footnotes":""},"class_list":["post-3172","page","type-page","status-publish","hentry"],"_links":{"self":[{"href":"https:\/\/hutmachergass.de\/hmg\/steffsblog\/index.php?rest_route=\/wp\/v2\/pages\/3172","targetHints":{"allow":["GET"]}}],"collection":[{"href":"https:\/\/hutmachergass.de\/hmg\/steffsblog\/index.php?rest_route=\/wp\/v2\/pages"}],"about":[{"href":"https:\/\/hutmachergass.de\/hmg\/steffsblog\/index.php?rest_route=\/wp\/v2\/types\/page"}],"author":[{"embeddable":true,"href":"https:\/\/hutmachergass.de\/hmg\/steffsblog\/index.php?rest_route=\/wp\/v2\/users\/2"}],"replies":[{"embeddable":true,"href":"https:\/\/hutmachergass.de\/hmg\/steffsblog\/index.php?rest_route=%2Fwp%2Fv2%2Fcomments&post=3172"}],"version-history":[{"count":1,"href":"https:\/\/hutmachergass.de\/hmg\/steffsblog\/index.php?rest_route=\/wp\/v2\/pages\/3172\/revisions"}],"predecessor-version":[{"id":7376,"href":"https:\/\/hutmachergass.de\/hmg\/steffsblog\/index.php?rest_route=\/wp\/v2\/pages\/3172\/revisions\/7376"}],"up":[{"embeddable":true,"href":"https:\/\/hutmachergass.de\/hmg\/steffsblog\/index.php?rest_route=\/wp\/v2\/pages\/2129"}],"wp:attachment":[{"href":"https:\/\/hutmachergass.de\/hmg\/steffsblog\/index.php?rest_route=%2Fwp%2Fv2%2Fmedia&parent=3172"}],"curies":[{"name":"wp","href":"https:\/\/api.w.org\/{rel}","templated":true}]}}