{"id":3098,"date":"2018-12-14T17:53:50","date_gmt":"2018-12-14T16:53:50","guid":{"rendered":"http:\/\/hutmachergass.de\/hmg\/steffsblog\/?page_id=3098"},"modified":"2023-03-05T17:37:02","modified_gmt":"2023-03-05T16:37:02","slug":"weinstrase-elsass","status":"publish","type":"page","link":"https:\/\/hutmachergass.de\/hmg\/steffsblog\/?page_id=3098","title":{"rendered":"weinstra\u00dfe s\u00fcdw\u00e4rts"},"content":{"rendered":"<p>genauer: von speyer entlang des speyerbachs und durch die gem\u00fcse- und weinplantagen zur weinstra\u00dfe und selbige bis pleisweiler.<\/p>\n<p>ich glaube, die anfahrt von speyer h\u00e4tte ich mir sparen k\u00f6nnen, landschaftlich und radfahrm\u00e4\u00dfig nicht so berauschend. von neustadt aus w\u00e4re vielleicht interessanter gewesen.<\/p>\n<p>der weinstra\u00dfenradweg geht knackig rauf und runter wegen der ausl\u00e4ufer der einschnitte des pf\u00e4lzerwaldes. die radwegf\u00fchrung meist auf weinbauwirtschaftswegen ist wegen der betonplattenfahrbahnen nicht so am\u00fcsant; sind wohl eher f\u00fcr tagestouristen mit pedelecs gemacht. aber die stra\u00dfen haben eben doch viel autoverkehr. da ist man als radfahrer an den steigungen auch bl\u00f6d dran.<\/p>\n<p>muss mir noch \u00fcberlegen, ob der weinstra\u00dfenradweg zu empfehlen ist. tendenz eher nein, vielleicht teilst\u00fccke, der sch\u00f6nen aussicht ins rheintal wegen. aber damit ist an einem sp\u00e4toktobertag mit hochdruck-nebelwetter nicht viel. die sonne kommt erst am fr\u00fchen nachmittag.<\/p>\n<p>doch nicht in die wappenschmiede zum essen gegangen, hab lieber mal eins der weing\u00fcter in pleisweiler-oberhofen probiert. einmal &#8220;dreggisch grumbeere&#8221; und einen halben liter rieslingschorle f\u00fcr 10 oios, da kann man in dieburg nur von tr\u00e4umen.<\/p>\n<p><a href=\"http:\/\/hutmachergass.de\/hmg3\/bilder\/weinelsass2012\/201210221308-0388-r.jpg\"><img decoding=\"async\" src=\"http:\/\/hutmachergass.de\/hmg\/php\/getimg.php?img=http:\/\/hutmachergass.de\/hmg3\/bilder\/weinelsass2012\/201210221308-0388-r.jpg&#038;wdth=500&#038;qlty=85\" \/><\/a><\/p>\n<p><a href=\"http:\/\/hutmachergass.de\/hmg3\/bilder\/weinelsass2012\/201210221325-0391-r.jpg\"><img decoding=\"async\" src=\"http:\/\/hutmachergass.de\/hmg\/php\/getimg.php?img=http:\/\/hutmachergass.de\/hmg3\/bilder\/weinelsass2012\/201210221325-0391-r.jpg&#038;wdth=500&#038;qlty=85\" \/><\/a><\/p>\n<p><a href=\"http:\/\/hutmachergass.de\/hmg3\/bilder\/weinelsass2012\/201210221416-0394-r.jpg\"><img decoding=\"async\" src=\"http:\/\/hutmachergass.de\/hmg\/php\/getimg.php?img=http:\/\/hutmachergass.de\/hmg3\/bilder\/weinelsass2012\/201210221416-0394-r.jpg&#038;wdth=500&#038;qlty=85\" \/><\/a><\/p>\n<p><a href=\"http:\/\/hutmachergass.de\/hmg3\/bilder\/weinelsass2012\/201210221438-0396-r.jpg\"><img decoding=\"async\" src=\"http:\/\/hutmachergass.de\/hmg\/php\/getimg.php?img=http:\/\/hutmachergass.de\/hmg3\/bilder\/weinelsass2012\/201210221438-0396-r.jpg&#038;wdth=500&#038;qlty=85\" \/><\/a><\/p>\n<p><a href=\"http:\/\/hutmachergass.de\/hmg3\/bilder\/weinelsass2012\/201210221545-0399-r.jpg\"><img decoding=\"async\" src=\"http:\/\/hutmachergass.de\/hmg\/php\/getimg.php?img=http:\/\/hutmachergass.de\/hmg3\/bilder\/weinelsass2012\/201210221545-0399-r.jpg&#038;wdth=500&#038;qlty=85\" \/><\/a><\/p>\n<p><a href=\"http:\/\/hutmachergass.de\/hmg3\/bilder\/weinelsass2012\/201210221617-0401-r.jpg\"><img decoding=\"async\" src=\"http:\/\/hutmachergass.de\/hmg\/php\/getimg.php?img=http:\/\/hutmachergass.de\/hmg3\/bilder\/weinelsass2012\/201210221617-0401-r.jpg&#038;wdth=500&#038;qlty=85\" \/><\/a><\/p>\n<p><a href=\"http:\/\/hutmachergass.de\/hmg3\/bilder\/weinelsass2012\/201210221705-0406-r.jpg\"><img decoding=\"async\" src=\"http:\/\/hutmachergass.de\/hmg\/php\/getimg.php?img=http:\/\/hutmachergass.de\/hmg3\/bilder\/weinelsass2012\/201210221705-0406-r.jpg&#038;wdth=500&#038;qlty=85\" \/><\/a><\/p>\n<p><a href=\"http:\/\/hutmachergass.de\/hmg3\/bilder\/weinelsass2012\/201210221850-0414-r.jpg\"><img decoding=\"async\" src=\"http:\/\/hutmachergass.de\/hmg\/php\/getimg.php?img=http:\/\/hutmachergass.de\/hmg3\/bilder\/weinelsass2012\/201210221850-0414-r.jpg&#038;wdth=500&#038;qlty=85\" \/><\/a><\/p>\n<p>n\u00e4chsten tag von pleisweiler nach wissembourg und durch die nordostecke des elsass nach rastatt.<\/p>\n<p>bad bergzabern scheint eher m\u00fcde zu sein, im vergleich zur nachbarstadt wissembourg. w\u00fcrde mal einen extra besuch lohnen. ansonsten scheinen die franzosen nach wie vor fahrr\u00e4der nur im zusammenhang mit der tour de france zu kennen. im gegensatz zur weinstra\u00dfe den ganzen tag keinen anderen radler gesehen. ok, am 23. oktober bei kaltem und starkem nordostwind &#8230;<\/p>\n<p>empfehlenswert, wenn auch stark befahren: die ehemalige <a href=\"http:\/\/de.wikipedia.org\/wiki\/Rheinbr\u00fccke_Wintersdorf\" title=\"rheinbr\u00fccke wintersdorf\" target=\"_blank\" rel=\"noopener noreferrer\">eisenbahnbr\u00fccke wintersdorf<\/a> n\u00f6rdlich der iffezheimer staustufe.<\/p>\n<p><a href=\"http:\/\/hutmachergass.de\/hmg3\/bilder\/weinelsass2012\/201210231335-0419-r.jpg\"><img decoding=\"async\" src=\"http:\/\/hutmachergass.de\/hmg\/php\/getimg.php?img=http:\/\/hutmachergass.de\/hmg3\/bilder\/weinelsass2012\/201210231335-0419-r.jpg&#038;wdth=500&#038;qlty=85\" \/><\/a><\/p>\n<p><a href=\"http:\/\/hutmachergass.de\/hmg3\/bilder\/weinelsass2012\/201210231343-0422-r.jpg\"><img decoding=\"async\" src=\"http:\/\/hutmachergass.de\/hmg\/php\/getimg.php?img=http:\/\/hutmachergass.de\/hmg3\/bilder\/weinelsass2012\/201210231343-0422-r.jpg&#038;wdth=500&#038;qlty=85\" \/><\/a><\/p>\n<p><a href=\"http:\/\/hutmachergass.de\/hmg3\/bilder\/weinelsass2012\/201210231457-0424-r.jpg\"><img decoding=\"async\" src=\"http:\/\/hutmachergass.de\/hmg\/php\/getimg.php?img=http:\/\/hutmachergass.de\/hmg3\/bilder\/weinelsass2012\/201210231457-0424-r.jpg&#038;wdth=500&#038;qlty=85\" \/><\/a><\/p>\n<p><a href=\"http:\/\/hutmachergass.de\/hmg3\/bilder\/weinelsass2012\/201210231517-0429c-r.jpg\"><img decoding=\"async\" src=\"http:\/\/hutmachergass.de\/hmg\/php\/getimg.php?img=http:\/\/hutmachergass.de\/hmg3\/bilder\/weinelsass2012\/201210231517-0429c-r.jpg&#038;wdth=500&#038;qlty=85\" \/><\/a><\/p>\n<p><a href=\"http:\/\/hutmachergass.de\/hmg3\/bilder\/weinelsass2012\/201210231549-0431-r.jpg\"><img decoding=\"async\" src=\"http:\/\/hutmachergass.de\/hmg\/php\/getimg.php?img=http:\/\/hutmachergass.de\/hmg3\/bilder\/weinelsass2012\/201210231549-0431-r.jpg&#038;wdth=500&#038;qlty=85\" \/><\/a><\/p>\n<p><a href=\"http:\/\/hutmachergass.de\/hmg3\/bilder\/weinelsass2012\/201210231559-0436-r.jpg\"><img decoding=\"async\" src=\"http:\/\/hutmachergass.de\/hmg\/php\/getimg.php?img=http:\/\/hutmachergass.de\/hmg3\/bilder\/weinelsass2012\/201210231559-0436-r.jpg&#038;wdth=500&#038;qlty=85\" \/><\/a><\/p>\n<p><a href=\"http:\/\/hutmachergass.de\/hmg3\/bilder\/weinelsass2012\/201210231600-0437-r.jpg\"><img decoding=\"async\" src=\"http:\/\/hutmachergass.de\/hmg\/php\/getimg.php?img=http:\/\/hutmachergass.de\/hmg3\/bilder\/weinelsass2012\/201210231600-0437-r.jpg&#038;wdth=500&#038;qlty=85\" \/><\/a><\/p>\n<p><a href=\"http:\/\/hutmachergass.de\/hmg3\/bilder\/weinelsass2012\/201210231603-0441-r.jpg\"><img decoding=\"async\" src=\"http:\/\/hutmachergass.de\/hmg\/php\/getimg.php?img=http:\/\/hutmachergass.de\/hmg3\/bilder\/weinelsass2012\/201210231603-0441-r.jpg&#038;wdth=500&#038;qlty=85\" \/><\/a><\/p>\n<p><a href=\"http:\/\/hutmachergass.de\/hmg3\/bilder\/weinelsass2012\/201210231605-0443-r.jpg\"><img decoding=\"async\" src=\"http:\/\/hutmachergass.de\/hmg\/php\/getimg.php?img=http:\/\/hutmachergass.de\/hmg3\/bilder\/weinelsass2012\/201210231605-0443-r.jpg&#038;wdth=500&#038;qlty=85\" \/><\/a><\/p>\n","protected":false},"excerpt":{"rendered":"<p>genauer: von speyer entlang des speyerbachs und durch die gem\u00fcse- und weinplantagen zur weinstra\u00dfe und selbige bis pleisweiler. ich glaube, die anfahrt von speyer h\u00e4tte ich mir sparen k\u00f6nnen, landschaftlich und radfahrm\u00e4\u00dfig nicht so berauschend. von neustadt aus w\u00e4re vielleicht &hellip; <a href=\"https:\/\/hutmachergass.de\/hmg\/steffsblog\/?page_id=3098\">Continue reading <span class=\"meta-nav\">&rarr;<\/span><\/a><\/p>\n","protected":false},"author":2,"featured_media":0,"parent":2096,"menu_order":0,"comment_status":"closed","ping_status":"closed","template":"","meta":{"footnotes":""},"class_list":["post-3098","page","type-page","status-publish","hentry"],"_links":{"self":[{"href":"https:\/\/hutmachergass.de\/hmg\/steffsblog\/index.php?rest_route=\/wp\/v2\/pages\/3098","targetHints":{"allow":["GET"]}}],"collection":[{"href":"https:\/\/hutmachergass.de\/hmg\/steffsblog\/index.php?rest_route=\/wp\/v2\/pages"}],"about":[{"href":"https:\/\/hutmachergass.de\/hmg\/steffsblog\/index.php?rest_route=\/wp\/v2\/types\/page"}],"author":[{"embeddable":true,"href":"https:\/\/hutmachergass.de\/hmg\/steffsblog\/index.php?rest_route=\/wp\/v2\/users\/2"}],"replies":[{"embeddable":true,"href":"https:\/\/hutmachergass.de\/hmg\/steffsblog\/index.php?rest_route=%2Fwp%2Fv2%2Fcomments&post=3098"}],"version-history":[{"count":0,"href":"https:\/\/hutmachergass.de\/hmg\/steffsblog\/index.php?rest_route=\/wp\/v2\/pages\/3098\/revisions"}],"up":[{"embeddable":true,"href":"https:\/\/hutmachergass.de\/hmg\/steffsblog\/index.php?rest_route=\/wp\/v2\/pages\/2096"}],"wp:attachment":[{"href":"https:\/\/hutmachergass.de\/hmg\/steffsblog\/index.php?rest_route=%2Fwp%2Fv2%2Fmedia&parent=3098"}],"curies":[{"name":"wp","href":"https:\/\/api.w.org\/{rel}","templated":true}]}}