{"id":3063,"date":"2018-12-13T16:31:28","date_gmt":"2018-12-13T15:31:28","guid":{"rendered":"http:\/\/hutmachergass.de\/hmg\/steffsblog\/?page_id=3063"},"modified":"2023-03-04T17:41:12","modified_gmt":"2023-03-04T16:41:12","slug":"tauber-jagst","status":"publish","type":"page","link":"https:\/\/hutmachergass.de\/hmg\/steffsblog\/?page_id=3063","title":{"rendered":"main \u2013 tauber \u2013 jagst \u2013 neckar"},"content":{"rendered":"<p>warum in dorfprozelten starten? weil das der vorletzte bahnhof am main ist, den man mit rmv-fahrkarte erreichen kann, der letzte ist faulbach. und von miltenberg bis lohr und partenstein bin ich letzten Oktober schonmal gefahren. wetter etwas bew\u00f6lkt, trotzdem sonnencreme ins gesicht geschmiert.<\/p>\n<p class=\"imgcent\"><a href=\"http:\/\/hutmachergass.de\/hmg3\/bilder\/20160608-MainTauberJagstNeckar\/20160608103151-0930.jpg\"><img decoding=\"async\" src=\"http:\/\/hutmachergass.de\/hmg\/php\/getimg.php?img=http:\/\/hutmachergass.de\/hmg3\/bilder\/20160608-MainTauberJagstNeckar\/20160608103151-0930.jpg&#038;wdth=600&#038;qlty=85\" \/><\/a><\/p>\n<p><span class=\"bu\"><\/span><\/p>\n<p class=\"imgcent\"><a href=\"http:\/\/hutmachergass.de\/hmg3\/bilder\/20160608-MainTauberJagstNeckar\/20160608105501-0932.jpg\"><img decoding=\"async\" src=\"http:\/\/hutmachergass.de\/hmg\/php\/getimg.php?img=http:\/\/hutmachergass.de\/hmg3\/bilder\/20160608-MainTauberJagstNeckar\/20160608105501-0932.jpg&#038;wdth=600&#038;qlty=85\" \/><\/a><\/p>\n<p><span class=\"bu\"><\/span><\/p>\n<p class=\"imgcent\"><a href=\"http:\/\/hutmachergass.de\/hmg3\/bilder\/20160608-MainTauberJagstNeckar\/20160608113153-0935-Wertheim.jpg\"><img decoding=\"async\" src=\"http:\/\/hutmachergass.de\/hmg\/php\/getimg.php?img=http:\/\/hutmachergass.de\/hmg3\/bilder\/20160608-MainTauberJagstNeckar\/20160608113153-0935-Wertheim.jpg&#038;wdth=600&#038;qlty=85\" \/><\/a><\/p>\n<p><span class=\"bu\"><\/span><\/p>\n<p>wertheim ist tats\u00e4chlich recht h\u00fcbsch und eine kaffeepause wert, das taubertal ganz nett, die st\u00e4dte wie tauberbischofsheim h\u00fcbsch, aber so richtige highlights habe ich keine gesehen. in markelsheim hab ich eine ferienwohnung als unterkunft f\u00fcr eine nacht bekommen, habe aber noch einen abstecher nach weickersheim gemacht. das gasthaus ochsen in markelsheim hat sicher auch schon mal besserere zeiten gesehen, schnitzelbude.  <\/p>\n<p class=\"imgcent\"><a href=\"http:\/\/hutmachergass.de\/hmg3\/bilder\/20160608-MainTauberJagstNeckar\/20160608114344-0939.jpg\"><img decoding=\"async\" src=\"http:\/\/hutmachergass.de\/hmg\/php\/getimg.php?img=http:\/\/hutmachergass.de\/hmg3\/bilder\/20160608-MainTauberJagstNeckar\/20160608114344-0939.jpg&#038;wdth=600&#038;qlty=85\" \/><\/a><\/p>\n<p><span class=\"bu\"><\/span><\/p>\n<p class=\"imgcent\"><a href=\"http:\/\/hutmachergass.de\/hmg3\/bilder\/20160608-MainTauberJagstNeckar\/20160608115300.jpg\"><img decoding=\"async\" src=\"http:\/\/hutmachergass.de\/hmg\/php\/getimg.php?img=http:\/\/hutmachergass.de\/hmg3\/bilder\/20160608-MainTauberJagstNeckar\/20160608115300.jpg&#038;wdth=600&#038;qlty=85\" \/><\/a><\/p>\n<p><span class=\"bu\"><\/span><\/p>\n<p class=\"imgcent\"><a href=\"http:\/\/hutmachergass.de\/hmg3\/bilder\/20160608-MainTauberJagstNeckar\/20160608122729-0940.jpg\"><img decoding=\"async\" src=\"http:\/\/hutmachergass.de\/hmg\/php\/getimg.php?img=http:\/\/hutmachergass.de\/hmg3\/bilder\/20160608-MainTauberJagstNeckar\/20160608122729-0940.jpg&#038;wdth=600&#038;qlty=85\" \/><\/a><\/p>\n<p><span class=\"bu\"><\/span><\/p>\n<p class=\"imgcent\"><a href=\"http:\/\/hutmachergass.de\/hmg3\/bilder\/20160608-MainTauberJagstNeckar\/20160608133428-0942-Gamburg.jpg\"><img decoding=\"async\" src=\"http:\/\/hutmachergass.de\/hmg\/php\/getimg.php?img=http:\/\/hutmachergass.de\/hmg3\/bilder\/20160608-MainTauberJagstNeckar\/20160608133428-0942-Gamburg.jpg&#038;wdth=600&#038;qlty=85\" \/><\/a><\/p>\n<p><span class=\"bu\"><\/span><\/p>\n<p class=\"imgcent\"><a href=\"http:\/\/hutmachergass.de\/hmg3\/bilder\/20160608-MainTauberJagstNeckar\/20160608134441-0944.jpg\"><img decoding=\"async\" src=\"http:\/\/hutmachergass.de\/hmg\/php\/getimg.php?img=http:\/\/hutmachergass.de\/hmg3\/bilder\/20160608-MainTauberJagstNeckar\/20160608134441-0944.jpg&#038;wdth=600&#038;qlty=85\" \/><\/a><\/p>\n<p><span class=\"bu\"><\/span><\/p>\n<p class=\"imgcent\"><a href=\"http:\/\/hutmachergass.de\/hmg3\/bilder\/20160608-MainTauberJagstNeckar\/20160608134507-0945.jpg\"><img decoding=\"async\" src=\"http:\/\/hutmachergass.de\/hmg\/php\/getimg.php?img=http:\/\/hutmachergass.de\/hmg3\/bilder\/20160608-MainTauberJagstNeckar\/20160608134507-0945.jpg&#038;wdth=600&#038;qlty=85\" \/><\/a><\/p>\n<p><span class=\"bu\"><\/span><\/p>\n<p class=\"imgcent\"><a href=\"http:\/\/hutmachergass.de\/hmg3\/bilder\/20160608-MainTauberJagstNeckar\/20160608135449-0947.jpg\"><img decoding=\"async\" src=\"http:\/\/hutmachergass.de\/hmg\/php\/getimg.php?img=http:\/\/hutmachergass.de\/hmg3\/bilder\/20160608-MainTauberJagstNeckar\/20160608135449-0947.jpg&#038;wdth=600&#038;qlty=85\" \/><\/a><\/p>\n<p><span class=\"bu\"><\/span><\/p>\n<p class=\"imgcent\"><a href=\"http:\/\/hutmachergass.de\/hmg3\/bilder\/20160608-MainTauberJagstNeckar\/20160608141502-0949-Werbach.jpg\"><img decoding=\"async\" src=\"http:\/\/hutmachergass.de\/hmg\/php\/getimg.php?img=http:\/\/hutmachergass.de\/hmg3\/bilder\/20160608-MainTauberJagstNeckar\/20160608141502-0949-Werbach.jpg&#038;wdth=600&#038;qlty=85\" \/><\/a><\/p>\n<p><span class=\"bu\"><\/span><\/p>\n<p class=\"imgcent\"><a href=\"http:\/\/hutmachergass.de\/hmg3\/bilder\/20160608-MainTauberJagstNeckar\/20160608152644-0951-Lauda.jpg\"><img decoding=\"async\" src=\"http:\/\/hutmachergass.de\/hmg\/php\/getimg.php?img=http:\/\/hutmachergass.de\/hmg3\/bilder\/20160608-MainTauberJagstNeckar\/20160608152644-0951-Lauda.jpg&#038;wdth=600&#038;qlty=85\" \/><\/a><\/p>\n<p><span class=\"bu\"><\/span><\/p>\n<p class=\"imgcent\"><a href=\"http:\/\/hutmachergass.de\/hmg3\/bilder\/20160608-MainTauberJagstNeckar\/20160608154535-0955.jpg\"><img decoding=\"async\" src=\"http:\/\/hutmachergass.de\/hmg\/php\/getimg.php?img=http:\/\/hutmachergass.de\/hmg3\/bilder\/20160608-MainTauberJagstNeckar\/20160608154535-0955.jpg&#038;wdth=600&#038;qlty=85\" \/><\/a><\/p>\n<p><span class=\"bu\"><\/span><\/p>\n<p class=\"imgcent\"><a href=\"http:\/\/hutmachergass.de\/hmg3\/bilder\/20160608-MainTauberJagstNeckar\/20160608155703-0956.jpg\"><img decoding=\"async\" src=\"http:\/\/hutmachergass.de\/hmg\/php\/getimg.php?img=http:\/\/hutmachergass.de\/hmg3\/bilder\/20160608-MainTauberJagstNeckar\/20160608155703-0956.jpg&#038;wdth=600&#038;qlty=85\" \/><\/a><\/p>\n<p><span class=\"bu\"><\/span><\/p>\n<p>am n\u00e4chsten morgen ab apfelbach mit 13 % steigung \u00fcbern berg ins wachbachtal und \u00fcber die <a href=\"https:\/\/radreise-wiki.de\/Stuppacher_Querspange\">stuppacher querspange<\/a> nach d\u00f6rzbach im jagsttal. das ist der endpunkt der ehemaligen <a href=\"https:\/\/de.wikipedia.org\/wiki\/Jagsttalbahn\">jagsttalbahn<\/a>; da steht noch einiges altes eisenbahnzeug rum, was von einem museumsverein unterhalten wird. bis widdern liegen die gleise noch, von dort bis M\u00f6ckm\u00fchl l\u00e4uft der radweg auf der alten trasse. die bahnhofsgeb\u00e4ude sind zum teil runtergekommen, zum teil renoviert, insbesondere das beim kloster sch\u00f6ntal, wo ein h\u00fcbsches caf\u00e9 eingerichtet ist und wo man drau\u00dfen sitzen kann mit blick auf die jagstbr\u00fccke. wahrscheinlich aus hochwasserschutzgr\u00fcnden liegen die meisten orte auf der h\u00f6he, im jagsttal sind an vielen stellen noch die hochwassersch\u00e4den vom mai zu sehen, stellenweise ist die stra\u00dfe oder der radweg noch gesperrt. f\u00fcr eine kaffee-und-kuchen-pause lohnt auf alle f\u00e4lle ein abstecher hoch auf den marktplatz von neudenau. von den vier flusst\u00e4lern dieser tour hat mir das jagsttal insgesamt am besten gefallen.<\/p>\n<p>in jagstfeld an der jagstm\u00fcndung ist der radweg nach bad wimpfen entlang der bundestra\u00dfe mit zwei ampelstops ausgeschildert; idiotisch! ich h\u00e4tte der wegf\u00fchrung aus dem <a href=\"https:\/\/radreise-wiki.de\/Jagst#Bad_Friedrichshall_Jagstfeld\">radreise-wiki<\/a> \u00fcber die eisenbahnbr\u00fccke folgen sollen. die \u00fcbernachtung hatte ich im g\u00e4stehaus des klosters <a href=\"https:\/\/de.wikipedia.org\/wiki\/Bad_Wimpfen\">bad wimpfen<\/a> gebucht. fr\u00fchst\u00fcck gibts dort im refektorium, ansprechend renoviert. von der oberstadt hat man einen sch\u00f6nen ausblick \u00fcbers neckartal.<\/p>\n<p class=\"imgcent\"><a href=\"http:\/\/hutmachergass.de\/hmg3\/bilder\/20160608-MainTauberJagstNeckar\/20160609095132-0959.jpg\"><img decoding=\"async\" src=\"http:\/\/hutmachergass.de\/hmg\/php\/getimg.php?img=http:\/\/hutmachergass.de\/hmg3\/bilder\/20160608-MainTauberJagstNeckar\/20160609095132-0959.jpg&#038;wdth=600&#038;qlty=85\" \/><\/a><\/p>\n<p><span class=\"bu\"><\/span><\/p>\n<p class=\"imgcent\"><a href=\"http:\/\/hutmachergass.de\/hmg3\/bilder\/20160608-MainTauberJagstNeckar\/20160609100515-0961.jpg\"><img decoding=\"async\" src=\"http:\/\/hutmachergass.de\/hmg\/php\/getimg.php?img=http:\/\/hutmachergass.de\/hmg3\/bilder\/20160608-MainTauberJagstNeckar\/20160609100515-0961.jpg&#038;wdth=600&#038;qlty=85\" \/><\/a><\/p>\n<p><span class=\"bu\"><\/span><\/p>\n<p class=\"imgcent\"><a href=\"http:\/\/hutmachergass.de\/hmg3\/bilder\/20160608-MainTauberJagstNeckar\/20160609111303-0962-Doerzbach.jpg\"><img decoding=\"async\" src=\"http:\/\/hutmachergass.de\/hmg\/php\/getimg.php?img=http:\/\/hutmachergass.de\/hmg3\/bilder\/20160608-MainTauberJagstNeckar\/20160609111303-0962-Doerzbach.jpg&#038;wdth=600&#038;qlty=85\" \/><\/a><\/p>\n<p><span class=\"bu\"><\/span><\/p>\n<p class=\"imgcent\"><a href=\"http:\/\/hutmachergass.de\/hmg3\/bilder\/20160608-MainTauberJagstNeckar\/20160609112007-0965.jpg\"><img decoding=\"async\" src=\"http:\/\/hutmachergass.de\/hmg\/php\/getimg.php?img=http:\/\/hutmachergass.de\/hmg3\/bilder\/20160608-MainTauberJagstNeckar\/20160609112007-0965.jpg&#038;wdth=600&#038;qlty=85\" \/><\/a><\/p>\n<p><span class=\"bu\"><\/span><\/p>\n<p class=\"imgcent\"><a href=\"http:\/\/hutmachergass.de\/hmg3\/bilder\/20160608-MainTauberJagstNeckar\/20160609112436-0969.jpg\"><img decoding=\"async\" src=\"http:\/\/hutmachergass.de\/hmg\/php\/getimg.php?img=http:\/\/hutmachergass.de\/hmg3\/bilder\/20160608-MainTauberJagstNeckar\/20160609112436-0969.jpg&#038;wdth=600&#038;qlty=85\" \/><\/a><\/p>\n<p><span class=\"bu\"><\/span><\/p>\n<p class=\"imgcent\"><a href=\"http:\/\/hutmachergass.de\/hmg3\/bilder\/20160608-MainTauberJagstNeckar\/20160609113701-0970.jpg\"><img decoding=\"async\" src=\"http:\/\/hutmachergass.de\/hmg\/php\/getimg.php?img=http:\/\/hutmachergass.de\/hmg3\/bilder\/20160608-MainTauberJagstNeckar\/20160609113701-0970.jpg&#038;wdth=600&#038;qlty=85\" \/><\/a><\/p>\n<p><span class=\"bu\"><\/span><\/p>\n<p class=\"imgcent\"><a href=\"http:\/\/hutmachergass.de\/hmg3\/bilder\/20160608-MainTauberJagstNeckar\/20160609114056-0973.jpg\"><img decoding=\"async\" src=\"http:\/\/hutmachergass.de\/hmg\/php\/getimg.php?img=http:\/\/hutmachergass.de\/hmg3\/bilder\/20160608-MainTauberJagstNeckar\/20160609114056-0973.jpg&#038;wdth=600&#038;qlty=85\" \/><\/a><\/p>\n<p><span class=\"bu\"><\/span><\/p>\n<p class=\"imgcent\"><a href=\"http:\/\/hutmachergass.de\/hmg3\/bilder\/20160608-MainTauberJagstNeckar\/20160609124225-0975-Winzenhofen.jpg\"><img decoding=\"async\" src=\"http:\/\/hutmachergass.de\/hmg\/php\/getimg.php?img=http:\/\/hutmachergass.de\/hmg3\/bilder\/20160608-MainTauberJagstNeckar\/20160609124225-0975-Winzenhofen.jpg&#038;wdth=600&#038;qlty=85\" \/><\/a><\/p>\n<p><span class=\"bu\"><\/span><\/p>\n<p class=\"imgcent\"><a href=\"http:\/\/hutmachergass.de\/hmg3\/bilder\/20160608-MainTauberJagstNeckar\/20160609124517-0976.jpg\"><img decoding=\"async\" src=\"http:\/\/hutmachergass.de\/hmg\/php\/getimg.php?img=http:\/\/hutmachergass.de\/hmg3\/bilder\/20160608-MainTauberJagstNeckar\/20160609124517-0976.jpg&#038;wdth=600&#038;qlty=85\" \/><\/a><\/p>\n<p><span class=\"bu\"><\/span><\/p>\n<p class=\"imgcent\"><a href=\"http:\/\/hutmachergass.de\/hmg3\/bilder\/20160608-MainTauberJagstNeckar\/20160609124620-0978.jpg\"><img decoding=\"async\" src=\"http:\/\/hutmachergass.de\/hmg\/php\/getimg.php?img=http:\/\/hutmachergass.de\/hmg3\/bilder\/20160608-MainTauberJagstNeckar\/20160609124620-0978.jpg&#038;wdth=600&#038;qlty=85\" \/><\/a><\/p>\n<p><span class=\"bu\"><\/span><\/p>\n<p class=\"imgcent\"><a href=\"http:\/\/hutmachergass.de\/hmg3\/bilder\/20160608-MainTauberJagstNeckar\/20160609125314-0979.jpg\"><img decoding=\"async\" src=\"http:\/\/hutmachergass.de\/hmg\/php\/getimg.php?img=http:\/\/hutmachergass.de\/hmg3\/bilder\/20160608-MainTauberJagstNeckar\/20160609125314-0979.jpg&#038;wdth=600&#038;qlty=85\" \/><\/a><\/p>\n<p><span class=\"bu\"><\/span><\/p>\n<p class=\"imgcent\"><a href=\"http:\/\/hutmachergass.de\/hmg3\/bilder\/20160608-MainTauberJagstNeckar\/20160609130730-0984-Bieringen.jpg\"><img decoding=\"async\" src=\"http:\/\/hutmachergass.de\/hmg\/php\/getimg.php?img=http:\/\/hutmachergass.de\/hmg3\/bilder\/20160608-MainTauberJagstNeckar\/20160609130730-0984-Bieringen.jpg&#038;wdth=600&#038;qlty=85\" \/><\/a><\/p>\n<p><span class=\"bu\"><\/span><\/p>\n<p class=\"imgcent\"><a href=\"http:\/\/hutmachergass.de\/hmg3\/bilder\/20160608-MainTauberJagstNeckar\/20160609134234-0987-Schoental.jpg\"><img decoding=\"async\" src=\"http:\/\/hutmachergass.de\/hmg\/php\/getimg.php?img=http:\/\/hutmachergass.de\/hmg3\/bilder\/20160608-MainTauberJagstNeckar\/20160609134234-0987-Schoental.jpg&#038;wdth=600&#038;qlty=85\" \/><\/a><\/p>\n<p><span class=\"bu\"><\/span><\/p>\n<p class=\"imgcent\"><a href=\"http:\/\/hutmachergass.de\/hmg3\/bilder\/20160608-MainTauberJagstNeckar\/20160609134616-0990.jpg\"><img decoding=\"async\" src=\"http:\/\/hutmachergass.de\/hmg\/php\/getimg.php?img=http:\/\/hutmachergass.de\/hmg3\/bilder\/20160608-MainTauberJagstNeckar\/20160609134616-0990.jpg&#038;wdth=600&#038;qlty=85\" \/><\/a><\/p>\n<p><span class=\"bu\"><\/span><\/p>\n<p class=\"imgcent\"><a href=\"http:\/\/hutmachergass.de\/hmg3\/bilder\/20160608-MainTauberJagstNeckar\/20160609135937-0995-Berlichingen.jpg\"><img decoding=\"async\" src=\"http:\/\/hutmachergass.de\/hmg\/php\/getimg.php?img=http:\/\/hutmachergass.de\/hmg3\/bilder\/20160608-MainTauberJagstNeckar\/20160609135937-0995-Berlichingen.jpg&#038;wdth=600&#038;qlty=85\" \/><\/a><\/p>\n<p><span class=\"bu\"><\/span><\/p>\n<p class=\"imgcent\"><a href=\"http:\/\/hutmachergass.de\/hmg3\/bilder\/20160608-MainTauberJagstNeckar\/20160609140154-0997.jpg\"><img decoding=\"async\" src=\"http:\/\/hutmachergass.de\/hmg\/php\/getimg.php?img=http:\/\/hutmachergass.de\/hmg3\/bilder\/20160608-MainTauberJagstNeckar\/20160609140154-0997.jpg&#038;wdth=600&#038;qlty=85\" \/><\/a><\/p>\n<p><span class=\"bu\"><\/span><\/p>\n<p class=\"imgcent\"><a href=\"http:\/\/hutmachergass.de\/hmg3\/bilder\/20160608-MainTauberJagstNeckar\/20160609140820-0999.jpg\"><img decoding=\"async\" src=\"http:\/\/hutmachergass.de\/hmg\/php\/getimg.php?img=http:\/\/hutmachergass.de\/hmg3\/bilder\/20160608-MainTauberJagstNeckar\/20160609140820-0999.jpg&#038;wdth=600&#038;qlty=85\" \/><\/a><\/p>\n<p><span class=\"bu\"><\/span><\/p>\n<p class=\"imgcent\"><a href=\"http:\/\/hutmachergass.de\/hmg3\/bilder\/20160608-MainTauberJagstNeckar\/20160609141153-1000.jpg\"><img decoding=\"async\" src=\"http:\/\/hutmachergass.de\/hmg\/php\/getimg.php?img=http:\/\/hutmachergass.de\/hmg3\/bilder\/20160608-MainTauberJagstNeckar\/20160609141153-1000.jpg&#038;wdth=600&#038;qlty=85\" \/><\/a><\/p>\n<p><span class=\"bu\"><\/span><\/p>\n<p class=\"imgcent\"><a href=\"http:\/\/hutmachergass.de\/hmg3\/bilder\/20160608-MainTauberJagstNeckar\/20160609141527-1002.jpg\"><img decoding=\"async\" src=\"http:\/\/hutmachergass.de\/hmg\/php\/getimg.php?img=http:\/\/hutmachergass.de\/hmg3\/bilder\/20160608-MainTauberJagstNeckar\/20160609141527-1002.jpg&#038;wdth=600&#038;qlty=85\" \/><\/a><\/p>\n<p><span class=\"bu\"><\/span><\/p>\n<p class=\"imgcent\"><a href=\"http:\/\/hutmachergass.de\/hmg3\/bilder\/20160608-MainTauberJagstNeckar\/20160609141559-1004.jpg\"><img decoding=\"async\" src=\"http:\/\/hutmachergass.de\/hmg\/php\/getimg.php?img=http:\/\/hutmachergass.de\/hmg3\/bilder\/20160608-MainTauberJagstNeckar\/20160609141559-1004.jpg&#038;wdth=600&#038;qlty=85\" \/><\/a><\/p>\n<p><span class=\"bu\"><\/span><\/p>\n<p class=\"imgcent\"><a href=\"http:\/\/hutmachergass.de\/hmg3\/bilder\/20160608-MainTauberJagstNeckar\/20160609150002-1012-Widdern.jpg\"><img decoding=\"async\" src=\"http:\/\/hutmachergass.de\/hmg\/php\/getimg.php?img=http:\/\/hutmachergass.de\/hmg3\/bilder\/20160608-MainTauberJagstNeckar\/20160609150002-1012-Widdern.jpg&#038;wdth=600&#038;qlty=85\" \/><\/a><\/p>\n<p><span class=\"bu\"><\/span><\/p>\n<p class=\"imgcent\"><a href=\"http:\/\/hutmachergass.de\/hmg3\/bilder\/20160608-MainTauberJagstNeckar\/20160609151138-1017.jpg\"><img decoding=\"async\" src=\"http:\/\/hutmachergass.de\/hmg\/php\/getimg.php?img=http:\/\/hutmachergass.de\/hmg3\/bilder\/20160608-MainTauberJagstNeckar\/20160609151138-1017.jpg&#038;wdth=600&#038;qlty=85\" \/><\/a><\/p>\n<p><span class=\"bu\"><\/span><\/p>\n<p class=\"imgcent\"><a href=\"http:\/\/hutmachergass.de\/hmg3\/bilder\/20160608-MainTauberJagstNeckar\/20160609152210-1021-Moeckmuehl.jpg\"><img decoding=\"async\" src=\"http:\/\/hutmachergass.de\/hmg\/php\/getimg.php?img=http:\/\/hutmachergass.de\/hmg3\/bilder\/20160608-MainTauberJagstNeckar\/20160609152210-1021-Moeckmuehl.jpg&#038;wdth=600&#038;qlty=85\" \/><\/a><\/p>\n<p><span class=\"bu\"><\/span><\/p>\n<p class=\"imgcent\"><a href=\"http:\/\/hutmachergass.de\/hmg3\/bilder\/20160608-MainTauberJagstNeckar\/20160609161442-1025.jpg\"><img decoding=\"async\" src=\"http:\/\/hutmachergass.de\/hmg\/php\/getimg.php?img=http:\/\/hutmachergass.de\/hmg3\/bilder\/20160608-MainTauberJagstNeckar\/20160609161442-1025.jpg&#038;wdth=600&#038;qlty=85\" \/><\/a><\/p>\n<p><span class=\"bu\"><\/span><\/p>\n<p class=\"imgcent\"><a href=\"http:\/\/hutmachergass.de\/hmg3\/bilder\/20160608-MainTauberJagstNeckar\/20160609165106-1026-Neudenau.jpg\"><img decoding=\"async\" src=\"http:\/\/hutmachergass.de\/hmg\/php\/getimg.php?img=http:\/\/hutmachergass.de\/hmg3\/bilder\/20160608-MainTauberJagstNeckar\/20160609165106-1026-Neudenau.jpg&#038;wdth=600&#038;qlty=85\" \/><\/a><\/p>\n<p><span class=\"bu\"><\/span><\/p>\n<p class=\"imgcent\"><a href=\"http:\/\/hutmachergass.de\/hmg3\/bilder\/20160608-MainTauberJagstNeckar\/20160609170741-1027.jpg\"><img decoding=\"async\" src=\"http:\/\/hutmachergass.de\/hmg\/php\/getimg.php?img=http:\/\/hutmachergass.de\/hmg3\/bilder\/20160608-MainTauberJagstNeckar\/20160609170741-1027.jpg&#038;wdth=600&#038;qlty=85\" \/><\/a><\/p>\n<p><span class=\"bu\"><\/span><\/p>\n<p class=\"imgcent\"><a href=\"http:\/\/hutmachergass.de\/hmg3\/bilder\/20160608-MainTauberJagstNeckar\/20160609171501-1028.jpg\"><img decoding=\"async\" src=\"http:\/\/hutmachergass.de\/hmg\/php\/getimg.php?img=http:\/\/hutmachergass.de\/hmg3\/bilder\/20160608-MainTauberJagstNeckar\/20160609171501-1028.jpg&#038;wdth=600&#038;qlty=85\" \/><\/a><\/p>\n<p><span class=\"bu\"><\/span><\/p>\n<p class=\"imgcent\"><a href=\"http:\/\/hutmachergass.de\/hmg3\/bilder\/20160608-MainTauberJagstNeckar\/20160609171631-1030.jpg\"><img decoding=\"async\" src=\"http:\/\/hutmachergass.de\/hmg\/php\/getimg.php?img=http:\/\/hutmachergass.de\/hmg3\/bilder\/20160608-MainTauberJagstNeckar\/20160609171631-1030.jpg&#038;wdth=600&#038;qlty=85\" \/><\/a><\/p>\n<p><span class=\"bu\"><\/span><\/p>\n<p class=\"imgcent\"><a href=\"http:\/\/hutmachergass.de\/hmg3\/bilder\/20160608-MainTauberJagstNeckar\/20160609172511-1031.jpg\"><img decoding=\"async\" src=\"http:\/\/hutmachergass.de\/hmg\/php\/getimg.php?img=http:\/\/hutmachergass.de\/hmg3\/bilder\/20160608-MainTauberJagstNeckar\/20160609172511-1031.jpg&#038;wdth=600&#038;qlty=85\" \/><\/a><\/p>\n<p><span class=\"bu\"><\/span><\/p>\n<p class=\"imgcent\"><a href=\"http:\/\/hutmachergass.de\/hmg3\/bilder\/20160608-MainTauberJagstNeckar\/20160609191044-1035-BadWimpfen.jpg\"><img decoding=\"async\" src=\"http:\/\/hutmachergass.de\/hmg\/php\/getimg.php?img=http:\/\/hutmachergass.de\/hmg3\/bilder\/20160608-MainTauberJagstNeckar\/20160609191044-1035-BadWimpfen.jpg&#038;wdth=600&#038;qlty=85\" \/><\/a><\/p>\n<p><span class=\"bu\"><\/span><\/p>\n<p class=\"imgcent\"><a href=\"http:\/\/hutmachergass.de\/hmg3\/bilder\/20160608-MainTauberJagstNeckar\/20160609193421-1043.jpg\"><img decoding=\"async\" src=\"http:\/\/hutmachergass.de\/hmg\/php\/getimg.php?img=http:\/\/hutmachergass.de\/hmg3\/bilder\/20160608-MainTauberJagstNeckar\/20160609193421-1043.jpg&#038;wdth=600&#038;qlty=85\" \/><\/a><\/p>\n<p><span class=\"bu\"><\/span><\/p>\n<p class=\"imgcent\"><a href=\"http:\/\/hutmachergass.de\/hmg3\/bilder\/20160608-MainTauberJagstNeckar\/20160609203946-1050.jpg\"><img decoding=\"async\" src=\"http:\/\/hutmachergass.de\/hmg\/php\/getimg.php?img=http:\/\/hutmachergass.de\/hmg3\/bilder\/20160608-MainTauberJagstNeckar\/20160609203946-1050.jpg&#038;wdth=600&#038;qlty=85\" \/><\/a><\/p>\n<p><span class=\"bu\"><\/span><\/p>\n<p class=\"imgcent\"><a href=\"http:\/\/hutmachergass.de\/hmg3\/bilder\/20160608-MainTauberJagstNeckar\/20160609205440-1054.jpg\"><img decoding=\"async\" src=\"http:\/\/hutmachergass.de\/hmg\/php\/getimg.php?img=http:\/\/hutmachergass.de\/hmg3\/bilder\/20160608-MainTauberJagstNeckar\/20160609205440-1054.jpg&#038;wdth=600&#038;qlty=85\" \/><\/a><\/p>\n<p><span class=\"bu\"><\/span><\/p>\n<p class=\"imgcent\"><a href=\"http:\/\/hutmachergass.de\/hmg3\/bilder\/20160608-MainTauberJagstNeckar\/20160610075241-1059.jpg\"><img decoding=\"async\" src=\"http:\/\/hutmachergass.de\/hmg\/php\/getimg.php?img=http:\/\/hutmachergass.de\/hmg3\/bilder\/20160608-MainTauberJagstNeckar\/20160610075241-1059.jpg&#038;wdth=600&#038;qlty=85\" \/><\/a><\/p>\n<p><span class=\"bu\"><\/span><\/p>\n<p class=\"imgcent\"><a href=\"http:\/\/hutmachergass.de\/hmg3\/bilder\/20160608-MainTauberJagstNeckar\/20160610094833-1060.jpg\"><img decoding=\"async\" src=\"http:\/\/hutmachergass.de\/hmg\/php\/getimg.php?img=http:\/\/hutmachergass.de\/hmg3\/bilder\/20160608-MainTauberJagstNeckar\/20160610094833-1060.jpg&#038;wdth=600&#038;qlty=85\" \/><\/a><\/p>\n<p><span class=\"bu\"><\/span><\/p>\n<p>auch der neckar f\u00fchrt braunes hochwasser mit treibgut, die schiffahrt scheint noch weitgehend eingestellt. am steilufer zwischen heinsheim und hassmersheim sind die stra\u00dfe und der radweg wg. bauarbeiten gesperrt, radwegumleitung \u00fcbern berg. der anstieg die ersten 100 m bestimmt 20-25%, im ersten gang und aus dem sattel gerade so geschafft! in neckarelz gabs kein cafe, vielleicht h\u00e4tte ich doch die 3 km nach mosbach fahren sollen. nach einer kaffeepause in neckargerach hin und her \u00fcberlegt, ob ich mich in eberbach schon in den zug setzen oder die 33 km und 350 hm durch den odenwald bis erbach auf mich nehmen soll. da es erst zwei uhr war, hab ichs gemacht, es hat sich gelohnt. der waldweg zur gaim\u00fchle ist ganz sch\u00f6n, weiter oberhalb der weg zum w\u00fcrzberg oberhalb vom sensbachtal auch, aber bis dahin ein knackiger anstieg. daf\u00fcr wird man oben mit einer sch\u00f6nen aussicht nach s\u00fcden \u00fcber den odenwald belohnt. von da nach erbach gehts fast nur noch bergab, am <a href=\"https:\/\/de.wikipedia.org\/wiki\/Himb%C3%A4chel-Viadukt\">himb\u00e4chelviadukt<\/a> vorbei.<\/p>\n<p class=\"imgcent\"><a href=\"http:\/\/hutmachergass.de\/hmg3\/bilder\/20160608-MainTauberJagstNeckar\/20160610104312-1066.jpg\"><img decoding=\"async\" src=\"http:\/\/hutmachergass.de\/hmg\/php\/getimg.php?img=http:\/\/hutmachergass.de\/hmg3\/bilder\/20160608-MainTauberJagstNeckar\/20160610104312-1066.jpg&#038;wdth=600&#038;qlty=85\" \/><\/a><\/p>\n<p><span class=\"bu\"><\/span><\/p>\n<p class=\"imgcent\"><a href=\"http:\/\/hutmachergass.de\/hmg3\/bilder\/20160608-MainTauberJagstNeckar\/20160610111636-1070.jpg\"><img decoding=\"async\" src=\"http:\/\/hutmachergass.de\/hmg\/php\/getimg.php?img=http:\/\/hutmachergass.de\/hmg3\/bilder\/20160608-MainTauberJagstNeckar\/20160610111636-1070.jpg&#038;wdth=600&#038;qlty=85\" \/><\/a><\/p>\n<p><span class=\"bu\"><\/span><\/p>\n<p class=\"imgcent\"><a href=\"http:\/\/hutmachergass.de\/hmg3\/bilder\/20160608-MainTauberJagstNeckar\/20160610121246-1074.jpg\"><img decoding=\"async\" src=\"http:\/\/hutmachergass.de\/hmg\/php\/getimg.php?img=http:\/\/hutmachergass.de\/hmg3\/bilder\/20160608-MainTauberJagstNeckar\/20160610121246-1074.jpg&#038;wdth=600&#038;qlty=85\" \/><\/a><\/p>\n<p><span class=\"bu\"><\/span><\/p>\n<p class=\"imgcent\"><a href=\"http:\/\/hutmachergass.de\/hmg3\/bilder\/20160608-MainTauberJagstNeckar\/20160610154602-1078-Sensbachtal.jpg\"><img decoding=\"async\" src=\"http:\/\/hutmachergass.de\/hmg\/php\/getimg.php?img=http:\/\/hutmachergass.de\/hmg3\/bilder\/20160608-MainTauberJagstNeckar\/20160610154602-1078-Sensbachtal.jpg&#038;wdth=600&#038;qlty=85\" \/><\/a><\/p>\n<p><span class=\"bu\"><\/span><\/p>\n<p class=\"imgcent\"><a href=\"http:\/\/hutmachergass.de\/hmg3\/bilder\/20160608-MainTauberJagstNeckar\/20160610181147-1083.jpg\"><img decoding=\"async\" src=\"http:\/\/hutmachergass.de\/hmg\/php\/getimg.php?img=http:\/\/hutmachergass.de\/hmg3\/bilder\/20160608-MainTauberJagstNeckar\/20160610181147-1083.jpg&#038;wdth=600&#038;qlty=85\" \/><\/a><\/p>\n<p><span class=\"bu\"><\/span><\/p>\n<ul>\n<li><a href=\"https:\/\/www.naviki.org\/de\/naviki\/route-planen\/?tx_naviki_pi_way[uid]=12192413#\" target=\"_blank\" rel=\"noopener noreferrer\">der track<\/a><\/li>\n<\/ul>\n","protected":false},"excerpt":{"rendered":"<p>warum in dorfprozelten starten? weil das der vorletzte bahnhof am main ist, den man mit rmv-fahrkarte erreichen kann, der letzte ist faulbach. und von miltenberg bis lohr und partenstein bin ich letzten Oktober schonmal gefahren. wetter etwas bew\u00f6lkt, trotzdem sonnencreme &hellip; <a href=\"https:\/\/hutmachergass.de\/hmg\/steffsblog\/?page_id=3063\">Continue reading <span class=\"meta-nav\">&rarr;<\/span><\/a><\/p>\n","protected":false},"author":2,"featured_media":0,"parent":3636,"menu_order":0,"comment_status":"closed","ping_status":"closed","template":"","meta":{"footnotes":""},"class_list":["post-3063","page","type-page","status-publish","hentry"],"_links":{"self":[{"href":"https:\/\/hutmachergass.de\/hmg\/steffsblog\/index.php?rest_route=\/wp\/v2\/pages\/3063","targetHints":{"allow":["GET"]}}],"collection":[{"href":"https:\/\/hutmachergass.de\/hmg\/steffsblog\/index.php?rest_route=\/wp\/v2\/pages"}],"about":[{"href":"https:\/\/hutmachergass.de\/hmg\/steffsblog\/index.php?rest_route=\/wp\/v2\/types\/page"}],"author":[{"embeddable":true,"href":"https:\/\/hutmachergass.de\/hmg\/steffsblog\/index.php?rest_route=\/wp\/v2\/users\/2"}],"replies":[{"embeddable":true,"href":"https:\/\/hutmachergass.de\/hmg\/steffsblog\/index.php?rest_route=%2Fwp%2Fv2%2Fcomments&post=3063"}],"version-history":[{"count":0,"href":"https:\/\/hutmachergass.de\/hmg\/steffsblog\/index.php?rest_route=\/wp\/v2\/pages\/3063\/revisions"}],"up":[{"embeddable":true,"href":"https:\/\/hutmachergass.de\/hmg\/steffsblog\/index.php?rest_route=\/wp\/v2\/pages\/3636"}],"wp:attachment":[{"href":"https:\/\/hutmachergass.de\/hmg\/steffsblog\/index.php?rest_route=%2Fwp%2Fv2%2Fmedia&parent=3063"}],"curies":[{"name":"wp","href":"https:\/\/api.w.org\/{rel}","templated":true}]}}