{"id":2970,"date":"2018-12-09T15:52:32","date_gmt":"2018-12-09T14:52:32","guid":{"rendered":"http:\/\/hutmachergass.de\/hmg\/steffsblog\/?page_id=2970"},"modified":"2023-03-04T16:56:50","modified_gmt":"2023-03-04T15:56:50","slug":"bahntrassen-und-berge","status":"publish","type":"page","link":"https:\/\/hutmachergass.de\/hmg\/steffsblog\/?page_id=2970","title":{"rendered":"bahntrassen und berge"},"content":{"rendered":"<h3>m\u00fcnster am stein \u2013 waldziegelh\u00fctte<\/h3>\n<p class=\"singleline\"><a href=\"http:\/\/hutmachergass.de\/hmg3\/bilder\/20150811-glan-hunsrueck\/20150811105745-0655.jpg\"><img decoding=\"async\" src=\"http:\/\/hutmachergass.de\/hmg\/php\/getimg.php?img=http:\/\/hutmachergass.de\/hmg3\/bilder\/20150811-glan-hunsrueck\/20150811105745-0655.jpg&#038;wdth=600&#038;qlty=85\" \/><\/a><\/p>\n<p><span class=\"bu\">beginn\/ende der ehemaligen <a href=\"https:\/\/de.wikipedia.org\/wiki\/Glantalbahn\">glantalbahn<\/a><\/span><\/p>\n<p class=\"singleline\"><a href=\"http:\/\/hutmachergass.de\/hmg3\/bilder\/20150811-glan-hunsrueck\/20150811110051-0657.jpg\"><img decoding=\"async\" src=\"http:\/\/hutmachergass.de\/hmg\/php\/getimg.php?img=http:\/\/hutmachergass.de\/hmg3\/bilder\/20150811-glan-hunsrueck\/20150811110051-0657.jpg&#038;wdth=600&#038;qlty=85\" \/><\/a><\/p>\n<p class=\"singleline\"><a href=\"http:\/\/hutmachergass.de\/hmg3\/bilder\/20150811-glan-hunsrueck\/20150811115921-0661.jpg\"><img decoding=\"async\" src=\"http:\/\/hutmachergass.de\/hmg\/php\/getimg.php?img=http:\/\/hutmachergass.de\/hmg3\/bilder\/20150811-glan-hunsrueck\/20150811115921-0661.jpg&#038;wdth=600&#038;qlty=85\" \/><\/a><\/p>\n<p><span class=\"bu\">verbindungskurve staudernheim, beginn des <a href=\"https:\/\/de.wikipedia.org\/wiki\/Glan-Blies-Weg\">glan-blies-wegs<\/a><\/span><\/p>\n<p class=\"singleline\"><a href=\"http:\/\/hutmachergass.de\/hmg3\/bilder\/20150811-glan-hunsrueck\/20150811120039-0663.jpg\"><img decoding=\"async\" src=\"http:\/\/hutmachergass.de\/hmg\/php\/getimg.php?img=http:\/\/hutmachergass.de\/hmg3\/bilder\/20150811-glan-hunsrueck\/20150811120039-0663.jpg&#038;wdth=600&#038;qlty=85\" \/><\/a><\/p>\n<p class=\"singleline\"><a href=\"http:\/\/hutmachergass.de\/hmg3\/bilder\/20150811-glan-hunsrueck\/20150811130137-0666.jpg\"><img decoding=\"async\" src=\"http:\/\/hutmachergass.de\/hmg\/php\/getimg.php?img=http:\/\/hutmachergass.de\/hmg3\/bilder\/20150811-glan-hunsrueck\/20150811130137-0666.jpg&#038;wdth=600&#038;qlty=85\" \/><\/a><\/p>\n<p><span class=\"bu\">meisenheim<\/span><\/p>\n<p class=\"singleline\"><a href=\"http:\/\/hutmachergass.de\/hmg3\/bilder\/20150811-glan-hunsrueck\/20150811131327-0671.jpg\"><img decoding=\"async\" src=\"http:\/\/hutmachergass.de\/hmg\/php\/getimg.php?img=http:\/\/hutmachergass.de\/hmg3\/bilder\/20150811-glan-hunsrueck\/20150811131327-0671.jpg&#038;wdth=600&#038;qlty=85\" \/><\/a><\/p>\n<p class=\"singleline\"><a href=\"http:\/\/hutmachergass.de\/hmg3\/bilder\/20150811-glan-hunsrueck\/20150811140758-0682.jpg\"><img decoding=\"async\" src=\"http:\/\/hutmachergass.de\/hmg\/php\/getimg.php?img=http:\/\/hutmachergass.de\/hmg3\/bilder\/20150811-glan-hunsrueck\/20150811140758-0682.jpg&#038;wdth=600&#038;qlty=85\" \/><\/a><\/p>\n<p class=\"singleline\"><a href=\"http:\/\/hutmachergass.de\/hmg3\/bilder\/20150811-glan-hunsrueck\/20150811143054-0683.jpg\"><img decoding=\"async\" src=\"http:\/\/hutmachergass.de\/hmg\/php\/getimg.php?img=http:\/\/hutmachergass.de\/hmg3\/bilder\/20150811-glan-hunsrueck\/20150811143054-0683.jpg&#038;wdth=600&#038;qlty=85\" \/><\/a><\/p>\n<p class=\"singleline\"><a href=\"http:\/\/hutmachergass.de\/hmg3\/bilder\/20150811-glan-hunsrueck\/20150811144824-0684.jpg\"><img decoding=\"async\" src=\"http:\/\/hutmachergass.de\/hmg\/php\/getimg.php?img=http:\/\/hutmachergass.de\/hmg3\/bilder\/20150811-glan-hunsrueck\/20150811144824-0684.jpg&#038;wdth=600&#038;qlty=85\" \/><\/a><\/p>\n<p class=\"singleline\"><a href=\"http:\/\/hutmachergass.de\/hmg3\/bilder\/20150811-glan-hunsrueck\/20150811150146-0685.jpg\"><img decoding=\"async\" src=\"http:\/\/hutmachergass.de\/hmg\/php\/getimg.php?img=http:\/\/hutmachergass.de\/hmg3\/bilder\/20150811-glan-hunsrueck\/20150811150146-0685.jpg&#038;wdth=600&#038;qlty=85\" \/><\/a><\/p>\n<p class=\"singleline\"><a href=\"http:\/\/hutmachergass.de\/hmg3\/bilder\/20150811-glan-hunsrueck\/20150811155632-0688.jpg\"><img decoding=\"async\" src=\"http:\/\/hutmachergass.de\/hmg\/php\/getimg.php?img=http:\/\/hutmachergass.de\/hmg3\/bilder\/20150811-glan-hunsrueck\/20150811155632-0688.jpg&#038;wdth=600&#038;qlty=85\" \/><\/a><\/p>\n<p class=\"singleline\"><a href=\"http:\/\/hutmachergass.de\/hmg3\/bilder\/20150811-glan-hunsrueck\/20150811160849-0690.jpg\"><img decoding=\"async\" src=\"http:\/\/hutmachergass.de\/hmg\/php\/getimg.php?img=http:\/\/hutmachergass.de\/hmg3\/bilder\/20150811-glan-hunsrueck\/20150811160849-0690.jpg&#038;wdth=600&#038;qlty=85\" \/><\/a><\/p>\n<p><span class=\"bu\"><a href=\"https:\/\/de.wikipedia.org\/wiki\/Elschbacher_Tunnel\">elschbacher tunnel<\/a> mittlerweile gesperrt<\/span><\/p>\n<h3>waldziegelh\u00fctte \u2013 kell<\/h3>\n<p class=\"singleline\"><a href=\"http:\/\/hutmachergass.de\/hmg3\/bilder\/20150811-glan-hunsrueck\/20150812091404-0696.jpg\"><img decoding=\"async\" src=\"http:\/\/hutmachergass.de\/hmg\/php\/getimg.php?img=http:\/\/hutmachergass.de\/hmg3\/bilder\/20150811-glan-hunsrueck\/20150812091404-0696.jpg&#038;wdth=600&#038;qlty=85\" \/><\/a><\/p>\n<p><span class=\"bu\">ehemals schlagbaum an der grenze zum saarland bei waldmohr<\/span><\/p>\n<p class=\"singleline\"><a href=\"http:\/\/hutmachergass.de\/hmg3\/bilder\/20150811-glan-hunsrueck\/20150812093201-0698.jpg\"><img decoding=\"async\" src=\"http:\/\/hutmachergass.de\/hmg\/php\/getimg.php?img=http:\/\/hutmachergass.de\/hmg3\/bilder\/20150811-glan-hunsrueck\/20150812093201-0698.jpg&#038;wdth=600&#038;qlty=85\" \/><\/a><\/p>\n<p><span class=\"bu\"><a href=\"https:\/\/de.wikipedia.org\/wiki\/Saarland-Radweg\">saarlandradweg<\/a><\/span><\/p>\n<p class=\"singleline\"><a href=\"http:\/\/hutmachergass.de\/hmg3\/bilder\/20150811-glan-hunsrueck\/20150812094654-0701.jpg\"><img decoding=\"async\" src=\"http:\/\/hutmachergass.de\/hmg\/php\/getimg.php?img=http:\/\/hutmachergass.de\/hmg3\/bilder\/20150811-glan-hunsrueck\/20150812094654-0701.jpg&#038;wdth=600&#038;qlty=85\" \/><\/a><\/p>\n<p><span class=\"bu\"><a href=\"https:\/\/de.wikipedia.org\/wiki\/Ostertalbahn\">ostertalbahn<\/a><\/span><\/p>\n<p class=\"singleline\"><a href=\"http:\/\/hutmachergass.de\/hmg3\/bilder\/20150811-glan-hunsrueck\/20150812103823-0716.jpg\"><img decoding=\"async\" src=\"http:\/\/hutmachergass.de\/hmg\/php\/getimg.php?img=http:\/\/hutmachergass.de\/hmg3\/bilder\/20150811-glan-hunsrueck\/20150812103823-0716.jpg&#038;wdth=600&#038;qlty=85\" \/><\/a><\/p>\n<p class=\"singleline\"><a href=\"http:\/\/hutmachergass.de\/hmg3\/bilder\/20150811-glan-hunsrueck\/20150812113206-0717.jpg\"><img decoding=\"async\" src=\"http:\/\/hutmachergass.de\/hmg\/php\/getimg.php?img=http:\/\/hutmachergass.de\/hmg3\/bilder\/20150811-glan-hunsrueck\/20150812113206-0717.jpg&#038;wdth=600&#038;qlty=85\" \/><\/a><\/p>\n<p class=\"singleline\"><a href=\"http:\/\/hutmachergass.de\/hmg3\/bilder\/20150811-glan-hunsrueck\/20150812113735-0718.jpg\"><img decoding=\"async\" src=\"http:\/\/hutmachergass.de\/hmg\/php\/getimg.php?img=http:\/\/hutmachergass.de\/hmg3\/bilder\/20150811-glan-hunsrueck\/20150812113735-0718.jpg&#038;wdth=600&#038;qlty=85\" \/><\/a><\/p>\n<p><span class=\"bu\"><a href=\"https:\/\/de.wikipedia.org\/wiki\/Bahnstrecke_St._Wendel\u2013Tholey\">st. wendel &#8211; tholey<\/a> bzw wendalinus-radweg<\/span><\/p>\n<p class=\"singleline\"><a href=\"http:\/\/hutmachergass.de\/hmg3\/bilder\/20150811-glan-hunsrueck\/20150812121626-0726.jpg\"><img decoding=\"async\" src=\"http:\/\/hutmachergass.de\/hmg\/php\/getimg.php?img=http:\/\/hutmachergass.de\/hmg3\/bilder\/20150811-glan-hunsrueck\/20150812121626-0726.jpg&#038;wdth=600&#038;qlty=85\" \/><\/a><\/p>\n<p class=\"singleline\"><a href=\"http:\/\/hutmachergass.de\/hmg3\/bilder\/20150811-glan-hunsrueck\/20150812125222-0728.jpg\"><img decoding=\"async\" src=\"http:\/\/hutmachergass.de\/hmg\/php\/getimg.php?img=http:\/\/hutmachergass.de\/hmg3\/bilder\/20150811-glan-hunsrueck\/20150812125222-0728.jpg&#038;wdth=600&#038;qlty=85\" \/><\/a><\/p>\n<p class=\"singleline\"><a href=\"http:\/\/hutmachergass.de\/hmg3\/bilder\/20150811-glan-hunsrueck\/20150812135146-0733.jpg\"><img decoding=\"async\" src=\"http:\/\/hutmachergass.de\/hmg\/php\/getimg.php?img=http:\/\/hutmachergass.de\/hmg3\/bilder\/20150811-glan-hunsrueck\/20150812135146-0733.jpg&#038;wdth=600&#038;qlty=85\" \/><\/a><\/p>\n<p class=\"singleline\"><a href=\"http:\/\/hutmachergass.de\/hmg3\/bilder\/20150811-glan-hunsrueck\/20150812135816-0735.jpg\"><img decoding=\"async\" src=\"http:\/\/hutmachergass.de\/hmg\/php\/getimg.php?img=http:\/\/hutmachergass.de\/hmg3\/bilder\/20150811-glan-hunsrueck\/20150812135816-0735.jpg&#038;wdth=600&#038;qlty=85\" \/><\/a><\/p>\n<p><span class=\"bu\"><a href=\"https:\/\/de.wikipedia.org\/wiki\/Primstalbahn\">primstalbahn<\/a><\/span><\/p>\n<p class=\"singleline\"><a href=\"http:\/\/hutmachergass.de\/hmg3\/bilder\/20150811-glan-hunsrueck\/20150812145002-0738.jpg\"><img decoding=\"async\" src=\"http:\/\/hutmachergass.de\/hmg\/php\/getimg.php?img=http:\/\/hutmachergass.de\/hmg3\/bilder\/20150811-glan-hunsrueck\/20150812145002-0738.jpg&#038;wdth=600&#038;qlty=85\" \/><\/a><\/p>\n<p><span class=\"bu\">wadern<\/span><\/p>\n<p class=\"singleline\"><a href=\"http:\/\/hutmachergass.de\/hmg3\/bilder\/20150811-glan-hunsrueck\/20150812170637-0746.jpg\"><img decoding=\"async\" src=\"http:\/\/hutmachergass.de\/hmg\/php\/getimg.php?img=http:\/\/hutmachergass.de\/hmg3\/bilder\/20150811-glan-hunsrueck\/20150812170637-0746.jpg&#038;wdth=600&#038;qlty=85\" \/><\/a><\/p>\n<p><span class=\"bu\"><a href=\"https:\/\/de.wikipedia.org\/wiki\/Hochwaldbahn\">hochwaldbahn<\/a> &#8211; hier war mal der bahnhof schillingen<\/span><\/p>\n<p class=\"singleline\"><a href=\"http:\/\/hutmachergass.de\/hmg3\/bilder\/20150811-glan-hunsrueck\/20150812184901-0757.jpg\"><img decoding=\"async\" src=\"http:\/\/hutmachergass.de\/hmg\/php\/getimg.php?img=http:\/\/hutmachergass.de\/hmg3\/bilder\/20150811-glan-hunsrueck\/20150812184901-0757.jpg&#038;wdth=600&#038;qlty=85\" \/><\/a><\/p>\n<p><span class=\"bu\">kell am see<\/span><\/p>\n<p class=\"singleline\"><a href=\"http:\/\/hutmachergass.de\/hmg3\/bilder\/20150811-glan-hunsrueck\/20150812184933-0758.jpg\"><img decoding=\"async\" src=\"http:\/\/hutmachergass.de\/hmg\/php\/getimg.php?img=http:\/\/hutmachergass.de\/hmg3\/bilder\/20150811-glan-hunsrueck\/20150812184933-0758.jpg&#038;wdth=600&#038;qlty=85\" \/><\/a><\/p>\n<p class=\"singleline\"><a href=\"http:\/\/hutmachergass.de\/hmg3\/bilder\/20150811-glan-hunsrueck\/20150812190051-0761.jpg\"><img decoding=\"async\" src=\"http:\/\/hutmachergass.de\/hmg\/php\/getimg.php?img=http:\/\/hutmachergass.de\/hmg3\/bilder\/20150811-glan-hunsrueck\/20150812190051-0761.jpg&#038;wdth=600&#038;qlty=85\" \/><\/a><\/p>\n<p><span class=\"bu\">ist aber nicht nur morbide<\/span><\/p>\n<p class=\"singleline\"><a href=\"http:\/\/hutmachergass.de\/hmg3\/bilder\/20150811-glan-hunsrueck\/20150812201839-0764.jpg\"><img decoding=\"async\" src=\"http:\/\/hutmachergass.de\/hmg\/php\/getimg.php?img=http:\/\/hutmachergass.de\/hmg3\/bilder\/20150811-glan-hunsrueck\/20150812201839-0764.jpg&#038;wdth=600&#038;qlty=85\" \/><\/a><\/p>\n<p><span class=\"bu\">wo es 0,4 liter viezschorle f\u00fcr 2,50 gibt<\/span><\/p>\n<h3>kell \u2013 morbach<\/h3>\n<p class=\"singleline\"><a href=\"http:\/\/hutmachergass.de\/hmg3\/bilder\/20150811-glan-hunsrueck\/20150813090239-0771.jpg\"><img decoding=\"async\" src=\"http:\/\/hutmachergass.de\/hmg\/php\/getimg.php?img=http:\/\/hutmachergass.de\/hmg3\/bilder\/20150811-glan-hunsrueck\/20150813090239-0771.jpg&#038;wdth=600&#038;qlty=85\" \/><\/a><\/p>\n<p><span class=\"bu\">und eine sehr freundliche radstation beim hotel zur post<\/span><\/p>\n<p class=\"singleline\"><a href=\"http:\/\/hutmachergass.de\/hmg3\/bilder\/20150811-glan-hunsrueck\/20150813090632-0774.jpg\"><img decoding=\"async\" src=\"http:\/\/hutmachergass.de\/hmg\/php\/getimg.php?img=http:\/\/hutmachergass.de\/hmg3\/bilder\/20150811-glan-hunsrueck\/20150813090632-0774.jpg&#038;wdth=600&#038;qlty=85\" \/><\/a><\/p>\n<p><span class=\"bu\">bhf kell<\/span><\/p>\n<p class=\"singleline\"><a href=\"http:\/\/hutmachergass.de\/hmg3\/bilder\/20150811-glan-hunsrueck\/20150813093422-0778.jpg\"><img decoding=\"async\" src=\"http:\/\/hutmachergass.de\/hmg\/php\/getimg.php?img=http:\/\/hutmachergass.de\/hmg3\/bilder\/20150811-glan-hunsrueck\/20150813093422-0778.jpg&#038;wdth=600&#038;qlty=85\" \/><\/a><\/p>\n<p><span class=\"bu\">bhf zerf<\/span><\/p>\n<p class=\"singleline\"><a href=\"http:\/\/hutmachergass.de\/hmg3\/bilder\/20150811-glan-hunsrueck\/20150813093549-0779.jpg\"><img decoding=\"async\" src=\"http:\/\/hutmachergass.de\/hmg\/php\/getimg.php?img=http:\/\/hutmachergass.de\/hmg3\/bilder\/20150811-glan-hunsrueck\/20150813093549-0779.jpg&#038;wdth=600&#038;qlty=85\" \/><\/a><\/p>\n<p class=\"singleline\"><a href=\"http:\/\/hutmachergass.de\/hmg3\/bilder\/20150811-glan-hunsrueck\/20150813094024-0782.jpg\"><img decoding=\"async\" src=\"http:\/\/hutmachergass.de\/hmg\/php\/getimg.php?img=http:\/\/hutmachergass.de\/hmg3\/bilder\/20150811-glan-hunsrueck\/20150813094024-0782.jpg&#038;wdth=600&#038;qlty=85\" \/><\/a><\/p>\n<p><span class=\"bu\">hentern<\/span><\/p>\n<p class=\"singleline\"><a href=\"http:\/\/hutmachergass.de\/hmg3\/bilder\/20150811-glan-hunsrueck\/20150813094406-0784.jpg\"><img decoding=\"async\" src=\"http:\/\/hutmachergass.de\/hmg\/php\/getimg.php?img=http:\/\/hutmachergass.de\/hmg3\/bilder\/20150811-glan-hunsrueck\/20150813094406-0784.jpg&#038;wdth=600&#038;qlty=85\" \/><\/a><\/p>\n<p><span class=\"bu\">da gabs auch mal einen haltepunkt der hochwaldbahn<\/span><\/p>\n<p class=\"singleline\"><a href=\"http:\/\/hutmachergass.de\/hmg3\/bilder\/20150811-glan-hunsrueck\/20150813103434-0788.jpg\"><img decoding=\"async\" src=\"http:\/\/hutmachergass.de\/hmg\/php\/getimg.php?img=http:\/\/hutmachergass.de\/hmg3\/bilder\/20150811-glan-hunsrueck\/20150813103434-0788.jpg&#038;wdth=600&#038;qlty=85\" \/><\/a><\/p>\n<p><span class=\"bu\">oberes ruwertal<\/span><\/p>\n<p class=\"singleline\"><a href=\"http:\/\/hutmachergass.de\/hmg3\/bilder\/20150811-glan-hunsrueck\/20150813113448-0794.jpg\"><img decoding=\"async\" src=\"http:\/\/hutmachergass.de\/hmg\/php\/getimg.php?img=http:\/\/hutmachergass.de\/hmg3\/bilder\/20150811-glan-hunsrueck\/20150813113448-0794.jpg&#038;wdth=600&#038;qlty=85\" \/><\/a><\/p>\n<p><span class=\"bu\">reinsfeld; diese lok ist nie dort gefahren<\/span><\/p>\n<p class=\"singleline\"><a href=\"http:\/\/hutmachergass.de\/hmg3\/bilder\/20150811-glan-hunsrueck\/20150813114948-0795.jpg\"><img decoding=\"async\" src=\"http:\/\/hutmachergass.de\/hmg\/php\/getimg.php?img=http:\/\/hutmachergass.de\/hmg3\/bilder\/20150811-glan-hunsrueck\/20150813114948-0795.jpg&#038;wdth=600&#038;qlty=85\" \/><\/a><\/p>\n<p><span class=\"bu\"><a href=\"https:\/\/de.wikipedia.org\/wiki\/SS-Sonderlager_Hinzert\">gedenkst\u00e4tte SS-sonderlager hinzert<\/a><\/span><\/p>\n<p class=\"singleline\"><a href=\"http:\/\/hutmachergass.de\/hmg3\/bilder\/20150811-glan-hunsrueck\/20150813115102-0797.jpg\"><img decoding=\"async\" src=\"http:\/\/hutmachergass.de\/hmg\/php\/getimg.php?img=http:\/\/hutmachergass.de\/hmg3\/bilder\/20150811-glan-hunsrueck\/20150813115102-0797.jpg&#038;wdth=600&#038;qlty=85\" \/><\/a><\/p>\n<p class=\"singleline\"><a href=\"http:\/\/hutmachergass.de\/hmg3\/bilder\/20150811-glan-hunsrueck\/20150813115533-0798.jpg\"><img decoding=\"async\" src=\"http:\/\/hutmachergass.de\/hmg\/php\/getimg.php?img=http:\/\/hutmachergass.de\/hmg3\/bilder\/20150811-glan-hunsrueck\/20150813115533-0798.jpg&#038;wdth=600&#038;qlty=85\" \/><\/a><\/p>\n<p class=\"singleline\"><a href=\"http:\/\/hutmachergass.de\/hmg3\/bilder\/20150811-glan-hunsrueck\/20150813115704-0801.jpg\"><img decoding=\"async\" src=\"http:\/\/hutmachergass.de\/hmg\/php\/getimg.php?img=http:\/\/hutmachergass.de\/hmg3\/bilder\/20150811-glan-hunsrueck\/20150813115704-0801.jpg&#038;wdth=600&#038;qlty=85\" \/><\/a><\/p>\n<p class=\"singleline\"><a href=\"http:\/\/hutmachergass.de\/hmg3\/bilder\/20150811-glan-hunsrueck\/20150813124343-0809.jpg\"><img decoding=\"async\" src=\"http:\/\/hutmachergass.de\/hmg\/php\/getimg.php?img=http:\/\/hutmachergass.de\/hmg3\/bilder\/20150811-glan-hunsrueck\/20150813124343-0809.jpg&#038;wdth=600&#038;qlty=85\" \/><\/a><\/p>\n<p class=\"singleline\"><a href=\"http:\/\/hutmachergass.de\/hmg3\/bilder\/20150811-glan-hunsrueck\/20150813124547-0812.jpg\"><img decoding=\"async\" src=\"http:\/\/hutmachergass.de\/hmg\/php\/getimg.php?img=http:\/\/hutmachergass.de\/hmg3\/bilder\/20150811-glan-hunsrueck\/20150813124547-0812.jpg&#038;wdth=600&#038;qlty=85\" \/><\/a><\/p>\n<p class=\"singleline\"><a href=\"http:\/\/hutmachergass.de\/hmg3\/bilder\/20150811-glan-hunsrueck\/20150813124805-0813.jpg\"><img decoding=\"async\" src=\"http:\/\/hutmachergass.de\/hmg\/php\/getimg.php?img=http:\/\/hutmachergass.de\/hmg3\/bilder\/20150811-glan-hunsrueck\/20150813124805-0813.jpg&#038;wdth=600&#038;qlty=85\" \/><\/a><\/p>\n<p class=\"singleline\"><a href=\"http:\/\/hutmachergass.de\/hmg3\/bilder\/20150811-glan-hunsrueck\/20150813125012-0815.jpg\"><img decoding=\"async\" src=\"http:\/\/hutmachergass.de\/hmg\/php\/getimg.php?img=http:\/\/hutmachergass.de\/hmg3\/bilder\/20150811-glan-hunsrueck\/20150813125012-0815.jpg&#038;wdth=600&#038;qlty=85\" \/><\/a><\/p>\n<p class=\"singleline\"><a href=\"http:\/\/hutmachergass.de\/hmg3\/bilder\/20150811-glan-hunsrueck\/20150813130910-0816.jpg\"><img decoding=\"async\" src=\"http:\/\/hutmachergass.de\/hmg\/php\/getimg.php?img=http:\/\/hutmachergass.de\/hmg3\/bilder\/20150811-glan-hunsrueck\/20150813130910-0816.jpg&#038;wdth=600&#038;qlty=85\" \/><\/a><\/p>\n<p class=\"singleline\"><a href=\"http:\/\/hutmachergass.de\/hmg3\/bilder\/20150811-glan-hunsrueck\/20150813130940-0817.jpg\"><img decoding=\"async\" src=\"http:\/\/hutmachergass.de\/hmg\/php\/getimg.php?img=http:\/\/hutmachergass.de\/hmg3\/bilder\/20150811-glan-hunsrueck\/20150813130940-0817.jpg&#038;wdth=600&#038;qlty=85\" \/><\/a><\/p>\n<p class=\"singleline\"><a href=\"http:\/\/hutmachergass.de\/hmg3\/bilder\/20150811-glan-hunsrueck\/20150813151618-0821.jpg\"><img decoding=\"async\" src=\"http:\/\/hutmachergass.de\/hmg\/php\/getimg.php?img=http:\/\/hutmachergass.de\/hmg3\/bilder\/20150811-glan-hunsrueck\/20150813151618-0821.jpg&#038;wdth=600&#038;qlty=85\" \/><\/a><\/p>\n<p><span class=\"bu\">auf dem <a href=\"https:\/\/de.wikipedia.org\/wiki\/Erbeskopf\">erbeskopf<\/a><\/span><\/p>\n<p class=\"singleline\"><a href=\"http:\/\/hutmachergass.de\/hmg3\/bilder\/20150811-glan-hunsrueck\/20150813152304-0832.jpg\"><img decoding=\"async\" src=\"http:\/\/hutmachergass.de\/hmg\/php\/getimg.php?img=http:\/\/hutmachergass.de\/hmg3\/bilder\/20150811-glan-hunsrueck\/20150813152304-0832.jpg&#038;wdth=600&#038;qlty=85\" \/><\/a><\/p>\n<p class=\"singleline\"><a href=\"http:\/\/hutmachergass.de\/hmg3\/bilder\/20150811-glan-hunsrueck\/20150813161004-0835.jpg\"><img decoding=\"async\" src=\"http:\/\/hutmachergass.de\/hmg\/php\/getimg.php?img=http:\/\/hutmachergass.de\/hmg3\/bilder\/20150811-glan-hunsrueck\/20150813161004-0835.jpg&#038;wdth=600&#038;qlty=85\" \/><\/a><\/p>\n<p><span class=\"bu\"><a href=\"https:\/\/de.wikipedia.org\/wiki\/Hunsr\u00fcckquerbahn\">hunsr\u00fcckquerbahn<\/a> bei morbach; interessante <a href=\"http:\/\/www.forum.hunsrueckquerbahn.de\/viewtopic.php?f=8&#038;t=49579\">diskussion<\/a> dazu<\/span><\/p>\n<h3>morbach \u2013 st. goar<\/h3>\n<p class=\"singleline\"><a href=\"http:\/\/hutmachergass.de\/hmg3\/bilder\/20150811-glan-hunsrueck\/20150814094304-0845.jpg\"><img decoding=\"async\" src=\"http:\/\/hutmachergass.de\/hmg\/php\/getimg.php?img=http:\/\/hutmachergass.de\/hmg3\/bilder\/20150811-glan-hunsrueck\/20150814094304-0845.jpg&#038;wdth=600&#038;qlty=85\" \/><\/a><\/p>\n<p><span class=\"bu\"><a href=\"https:\/\/de.wikipedia.org\/wiki\/Ruine_Baldenau\">baldenau<\/a><\/span><\/p>\n<p class=\"singleline\"><a href=\"http:\/\/hutmachergass.de\/hmg3\/bilder\/20150811-glan-hunsrueck\/20150814094854-0848.jpg\"><img decoding=\"async\" src=\"http:\/\/hutmachergass.de\/hmg\/php\/getimg.php?img=http:\/\/hutmachergass.de\/hmg3\/bilder\/20150811-glan-hunsrueck\/20150814094854-0848.jpg&#038;wdth=600&#038;qlty=85\" \/><\/a><\/p>\n<p><span class=\"bu\"><a href=\"https:\/\/de.wikipedia.org\/wiki\/Hunsr\u00fcck-Radweg\">hunsr\u00fcckradweg<\/a> bei hinzerath<\/span><\/p>\n<p class=\"singleline\"><a href=\"http:\/\/hutmachergass.de\/hmg3\/bilder\/20150811-glan-hunsrueck\/20150814100630-0850.jpg\"><img decoding=\"async\" src=\"http:\/\/hutmachergass.de\/hmg\/php\/getimg.php?img=http:\/\/hutmachergass.de\/hmg3\/bilder\/20150811-glan-hunsrueck\/20150814100630-0850.jpg&#038;wdth=600&#038;qlty=85\" \/><\/a><\/p>\n<p><span class=\"bu\">ehemalige holzverladestelle und sp\u00e4ter nato-munitionsverladestelle zolleiche<\/span><\/p>\n<p class=\"singleline\"><a href=\"http:\/\/hutmachergass.de\/hmg3\/bilder\/20150811-glan-hunsrueck\/20150814104631-0856.jpg\"><img decoding=\"async\" src=\"http:\/\/hutmachergass.de\/hmg\/php\/getimg.php?img=http:\/\/hutmachergass.de\/hmg3\/bilder\/20150811-glan-hunsrueck\/20150814104631-0856.jpg&#038;wdth=600&#038;qlty=85\" \/><\/a><\/p>\n<p class=\"singleline\"><a href=\"http:\/\/hutmachergass.de\/hmg3\/bilder\/20150811-glan-hunsrueck\/20150814113115-0861.jpg\"><img decoding=\"async\" src=\"http:\/\/hutmachergass.de\/hmg\/php\/getimg.php?img=http:\/\/hutmachergass.de\/hmg3\/bilder\/20150811-glan-hunsrueck\/20150814113115-0861.jpg&#038;wdth=600&#038;qlty=85\" \/><\/a><\/p>\n<p class=\"singleline\"><a href=\"http:\/\/hutmachergass.de\/hmg3\/bilder\/20150811-glan-hunsrueck\/20150814122136-0864.jpg\"><img decoding=\"async\" src=\"http:\/\/hutmachergass.de\/hmg\/php\/getimg.php?img=http:\/\/hutmachergass.de\/hmg3\/bilder\/20150811-glan-hunsrueck\/20150814122136-0864.jpg&#038;wdth=600&#038;qlty=85\" \/><\/a><\/p>\n<p>ab simmern die n\u00e4chste bahntrasse, teil der hunsr\u00fcckbahn, jetzt schinderhannes-radweg \u00fcber kastellaun nach emmelshausen, mit sch\u00f6nen ausblicken \u00fcber die hunsr\u00fcckh\u00f6hen. in emmelshausen ist leider das letzte st\u00fcck der trasse bis zum bahnhof zugebaut. zum abschluss auf der schmalen stra\u00dfe durchs gr\u00fcndelbachtal runter nach st. goar kam nochmal etwas gebirgsfeeling ob der serpentinen und 400 hm auf 10 km auf.<\/p>\n<p class=\"singleline\"><a href=\"http:\/\/hutmachergass.de\/hmg3\/bilder\/20150811-glan-hunsrueck\/20150814124440-0866.jpg\"><img decoding=\"async\" src=\"http:\/\/hutmachergass.de\/hmg\/php\/getimg.php?img=http:\/\/hutmachergass.de\/hmg3\/bilder\/20150811-glan-hunsrueck\/20150814124440-0866.jpg&#038;wdth=600&#038;qlty=85\" \/><\/a><\/p>\n<p><span class=\"bu\">beginn des <a href=\"https:\/\/de.wikipedia.org\/wiki\/Schinderhannes-Radweg\">schinderhannes-radwegs<\/a>, ehemalige <a href=\"https:\/\/de.wikipedia.org\/wiki\/Hunsr\u00fcckbahn\">hunsr\u00fcckbahn<\/a> bei simmern<\/span><\/p>\n<p class=\"singleline\"><a href=\"http:\/\/hutmachergass.de\/hmg3\/bilder\/20150811-glan-hunsrueck\/20150814125501-0867.jpg\"><img decoding=\"async\" src=\"http:\/\/hutmachergass.de\/hmg\/php\/getimg.php?img=http:\/\/hutmachergass.de\/hmg3\/bilder\/20150811-glan-hunsrueck\/20150814125501-0867.jpg&#038;wdth=600&#038;qlty=85\" \/><\/a><\/p>\n<p><span class=\"bu\">50. breitengrad<\/span><\/p>\n<p class=\"singleline\"><a href=\"http:\/\/hutmachergass.de\/hmg3\/bilder\/20150811-glan-hunsrueck\/20150814133018-0871.jpg\"><img decoding=\"async\" src=\"http:\/\/hutmachergass.de\/hmg\/php\/getimg.php?img=http:\/\/hutmachergass.de\/hmg3\/bilder\/20150811-glan-hunsrueck\/20150814133018-0871.jpg&#038;wdth=600&#038;qlty=85\" \/><\/a><\/p>\n<p class=\"singleline\"><a href=\"http:\/\/hutmachergass.de\/hmg3\/bilder\/20150811-glan-hunsrueck\/20150814133303-0874.jpg\"><img decoding=\"async\" src=\"http:\/\/hutmachergass.de\/hmg\/php\/getimg.php?img=http:\/\/hutmachergass.de\/hmg3\/bilder\/20150811-glan-hunsrueck\/20150814133303-0874.jpg&#038;wdth=600&#038;qlty=85\" \/><\/a><\/p>\n<p><span class=\"bu\">bell, wo ich bei der <a href=\"?page_id=2096#hunsrueck1\">tour im april 2018<\/a> \u00fcbernachtet habe.<\/span><\/p>\n<p><a href=\"?page_id=3853#glanhunsrueck\">zum reisebericht<\/a><\/p>\n","protected":false},"excerpt":{"rendered":"<p>m\u00fcnster am stein \u2013 waldziegelh\u00fctte beginn\/ende der ehemaligen glantalbahn verbindungskurve staudernheim, beginn des glan-blies-wegs meisenheim elschbacher tunnel mittlerweile gesperrt waldziegelh\u00fctte \u2013 kell ehemals schlagbaum an der grenze zum saarland bei waldmohr saarlandradweg ostertalbahn st. wendel &#8211; tholey bzw wendalinus-radweg primstalbahn &hellip; <a href=\"https:\/\/hutmachergass.de\/hmg\/steffsblog\/?page_id=2970\">Continue reading <span class=\"meta-nav\">&rarr;<\/span><\/a><\/p>\n","protected":false},"author":2,"featured_media":0,"parent":2096,"menu_order":0,"comment_status":"closed","ping_status":"closed","template":"","meta":{"footnotes":""},"class_list":["post-2970","page","type-page","status-publish","hentry"],"_links":{"self":[{"href":"https:\/\/hutmachergass.de\/hmg\/steffsblog\/index.php?rest_route=\/wp\/v2\/pages\/2970","targetHints":{"allow":["GET"]}}],"collection":[{"href":"https:\/\/hutmachergass.de\/hmg\/steffsblog\/index.php?rest_route=\/wp\/v2\/pages"}],"about":[{"href":"https:\/\/hutmachergass.de\/hmg\/steffsblog\/index.php?rest_route=\/wp\/v2\/types\/page"}],"author":[{"embeddable":true,"href":"https:\/\/hutmachergass.de\/hmg\/steffsblog\/index.php?rest_route=\/wp\/v2\/users\/2"}],"replies":[{"embeddable":true,"href":"https:\/\/hutmachergass.de\/hmg\/steffsblog\/index.php?rest_route=%2Fwp%2Fv2%2Fcomments&post=2970"}],"version-history":[{"count":0,"href":"https:\/\/hutmachergass.de\/hmg\/steffsblog\/index.php?rest_route=\/wp\/v2\/pages\/2970\/revisions"}],"up":[{"embeddable":true,"href":"https:\/\/hutmachergass.de\/hmg\/steffsblog\/index.php?rest_route=\/wp\/v2\/pages\/2096"}],"wp:attachment":[{"href":"https:\/\/hutmachergass.de\/hmg\/steffsblog\/index.php?rest_route=%2Fwp%2Fv2%2Fmedia&parent=2970"}],"curies":[{"name":"wp","href":"https:\/\/api.w.org\/{rel}","templated":true}]}}