{"id":2963,"date":"2018-12-09T15:22:29","date_gmt":"2018-12-09T14:22:29","guid":{"rendered":"http:\/\/hutmachergass.de\/hmg\/steffsblog\/?page_id=2963"},"modified":"2023-03-05T17:30:13","modified_gmt":"2023-03-05T16:30:13","slug":"sudpfalz","status":"publish","type":"page","link":"https:\/\/hutmachergass.de\/hmg\/steffsblog\/?page_id=2963","title":{"rendered":"s\u00fcdpfalz"},"content":{"rendered":"<h3>neustadt \u2013 bergzabern<\/h3>\n<p class=\"singleline\"><a href=\"http:\/\/hutmachergass.de\/hmg3\/bilder\/20171016-pfalz\/20171016115419.jpg\"><img decoding=\"async\" src=\"http:\/\/hutmachergass.de\/hmg\/php\/getimg.php?img=http:\/\/hutmachergass.de\/hmg3\/bilder\/20171016-pfalz\/20171016115419.jpg&#038;wdth=600&#038;qlty=85\" \/><\/a><\/p>\n<p class=\"singleline\"><a href=\"http:\/\/hutmachergass.de\/hmg3\/bilder\/20171016-pfalz\/20171016123120-8869.jpg\"><img decoding=\"async\" src=\"http:\/\/hutmachergass.de\/hmg\/php\/getimg.php?img=http:\/\/hutmachergass.de\/hmg3\/bilder\/20171016-pfalz\/20171016123120-8869.jpg&#038;wdth=600&#038;qlty=85\" \/><\/a><\/p>\n<p><span class=\"bu\">Hambacher Schloss<\/span><\/p>\n<p class=\"singleline\"><a href=\"http:\/\/hutmachergass.de\/hmg3\/bilder\/20171016-pfalz\/20171016140947.jpg\"><img decoding=\"async\" src=\"http:\/\/hutmachergass.de\/hmg\/php\/getimg.php?img=http:\/\/hutmachergass.de\/hmg3\/bilder\/20171016-pfalz\/20171016140947.jpg&#038;wdth=600&#038;qlty=85\" \/><\/a><\/p>\n<p class=\"singleline\"><a href=\"http:\/\/hutmachergass.de\/hmg3\/bilder\/20171016-pfalz\/20171016144936-8880.jpg\"><img decoding=\"async\" src=\"http:\/\/hutmachergass.de\/hmg\/php\/getimg.php?img=http:\/\/hutmachergass.de\/hmg3\/bilder\/20171016-pfalz\/20171016144936-8880.jpg&#038;wdth=600&#038;qlty=85\" \/><\/a><\/p>\n<p><span class=\"bu\">Trifels<\/span><\/p>\n<p class=\"singleline\"><a href=\"http:\/\/hutmachergass.de\/hmg3\/bilder\/20171016-pfalz\/20171016152216-8882.jpg\"><img decoding=\"async\" src=\"http:\/\/hutmachergass.de\/hmg\/php\/getimg.php?img=http:\/\/hutmachergass.de\/hmg3\/bilder\/20171016-pfalz\/20171016152216-8882.jpg&#038;wdth=600&#038;qlty=85\" \/><\/a><\/p>\n<p><span class=\"bu\">Kaiserbachtal<\/span><\/p>\n<p class=\"singleline\"><a href=\"http:\/\/hutmachergass.de\/hmg3\/bilder\/20171016-pfalz\/20171016154915-8884.jpg\"><img decoding=\"async\" src=\"http:\/\/hutmachergass.de\/hmg\/php\/getimg.php?img=http:\/\/hutmachergass.de\/hmg3\/bilder\/20171016-pfalz\/20171016154915-8884.jpg&#038;wdth=600&#038;qlty=85\" \/><\/a><\/p>\n<h3> bergzabern \u2013 waldziegelh\u00fctte <\/h3>\n<p class=\"singleline\"><a href=\"http:\/\/hutmachergass.de\/hmg3\/bilder\/20171016-pfalz\/20171017094753-8886.jpg\"><img decoding=\"async\" src=\"http:\/\/hutmachergass.de\/hmg\/php\/getimg.php?img=http:\/\/hutmachergass.de\/hmg3\/bilder\/20171016-pfalz\/20171017094753-8886.jpg&#038;wdth=600&#038;qlty=85\" \/><\/a><\/p>\n<p class=\"singleline\"><a href=\"http:\/\/hutmachergass.de\/hmg3\/bilder\/20171016-pfalz\/20171017100446-8890.jpg\"><img decoding=\"async\" src=\"http:\/\/hutmachergass.de\/hmg\/php\/getimg.php?img=http:\/\/hutmachergass.de\/hmg3\/bilder\/20171016-pfalz\/20171017100446-8890.jpg&#038;wdth=600&#038;qlty=85\" \/><\/a><\/p>\n<p class=\"singleline\"><a href=\"http:\/\/hutmachergass.de\/hmg3\/bilder\/20171016-pfalz\/20171017100745-8891.jpg\"><img decoding=\"async\" src=\"http:\/\/hutmachergass.de\/hmg\/php\/getimg.php?img=http:\/\/hutmachergass.de\/hmg3\/bilder\/20171016-pfalz\/20171017100745-8891.jpg&#038;wdth=600&#038;qlty=85\" \/><\/a><\/p>\n<p class=\"singleline\"><a href=\"http:\/\/hutmachergass.de\/hmg3\/bilder\/20171016-pfalz\/20171017101245-8892.jpg\"><img decoding=\"async\" src=\"http:\/\/hutmachergass.de\/hmg\/php\/getimg.php?img=http:\/\/hutmachergass.de\/hmg3\/bilder\/20171016-pfalz\/20171017101245-8892.jpg&#038;wdth=600&#038;qlty=85\" \/><\/a><\/p>\n<p class=\"singleline\"><a href=\"http:\/\/hutmachergass.de\/hmg3\/bilder\/20171016-pfalz\/20171017102904-8895.jpg\"><img decoding=\"async\" src=\"http:\/\/hutmachergass.de\/hmg\/php\/getimg.php?img=http:\/\/hutmachergass.de\/hmg3\/bilder\/20171016-pfalz\/20171017102904-8895.jpg&#038;wdth=600&#038;qlty=85\" \/><\/a><\/p>\n<p class=\"singleline\"><a href=\"http:\/\/hutmachergass.de\/hmg3\/bilder\/20171016-pfalz\/20171017103811-8897.jpg\"><img decoding=\"async\" src=\"http:\/\/hutmachergass.de\/hmg\/php\/getimg.php?img=http:\/\/hutmachergass.de\/hmg3\/bilder\/20171016-pfalz\/20171017103811-8897.jpg&#038;wdth=600&#038;qlty=85\" \/><\/a><\/p>\n<p class=\"singleline\"><a href=\"http:\/\/hutmachergass.de\/hmg3\/bilder\/20171016-pfalz\/20171017104800-8899.jpg\"><img decoding=\"async\" src=\"http:\/\/hutmachergass.de\/hmg\/php\/getimg.php?img=http:\/\/hutmachergass.de\/hmg3\/bilder\/20171016-pfalz\/20171017104800-8899.jpg&#038;wdth=600&#038;qlty=85\" \/><\/a><\/p>\n<p class=\"singleline\"><a href=\"http:\/\/hutmachergass.de\/hmg3\/bilder\/20171016-pfalz\/20171017121408-8908.jpg\"><img decoding=\"async\" src=\"http:\/\/hutmachergass.de\/hmg\/php\/getimg.php?img=http:\/\/hutmachergass.de\/hmg3\/bilder\/20171016-pfalz\/20171017121408-8908.jpg&#038;wdth=600&#038;qlty=85\" \/><\/a><\/p>\n<p><span class=\"bu\">Dahner \u00d6dnis<\/span><\/p>\n<p class=\"singleline\"><a href=\"http:\/\/hutmachergass.de\/hmg3\/bilder\/20171016-pfalz\/20171017125013-8909.jpg\"><img decoding=\"async\" src=\"http:\/\/hutmachergass.de\/hmg\/php\/getimg.php?img=http:\/\/hutmachergass.de\/hmg3\/bilder\/20171016-pfalz\/20171017125013-8909.jpg&#038;wdth=600&#038;qlty=85\" \/><\/a><\/p>\n<p class=\"singleline\"><a href=\"http:\/\/hutmachergass.de\/hmg3\/bilder\/20171016-pfalz\/20171017130035-8910.jpg\"><img decoding=\"async\" src=\"http:\/\/hutmachergass.de\/hmg\/php\/getimg.php?img=http:\/\/hutmachergass.de\/hmg3\/bilder\/20171016-pfalz\/20171017130035-8910.jpg&#038;wdth=600&#038;qlty=85\" \/><\/a><\/p>\n<p class=\"singleline\"><a href=\"http:\/\/hutmachergass.de\/hmg3\/bilder\/20171016-pfalz\/20171017130250-8911.jpg\"><img decoding=\"async\" src=\"http:\/\/hutmachergass.de\/hmg\/php\/getimg.php?img=http:\/\/hutmachergass.de\/hmg3\/bilder\/20171016-pfalz\/20171017130250-8911.jpg&#038;wdth=600&#038;qlty=85\" \/><\/a><\/p>\n<p class=\"singleline\"><a href=\"http:\/\/hutmachergass.de\/hmg3\/bilder\/20171016-pfalz\/20171017130545-8912.jpg\"><img decoding=\"async\" src=\"http:\/\/hutmachergass.de\/hmg\/php\/getimg.php?img=http:\/\/hutmachergass.de\/hmg3\/bilder\/20171016-pfalz\/20171017130545-8912.jpg&#038;wdth=600&#038;qlty=85\" \/><\/a><\/p>\n<p><span class=\"bu\">Nato-Reste<\/span><\/p>\n<p class=\"singleline\"><a href=\"http:\/\/hutmachergass.de\/hmg3\/bilder\/20171016-pfalz\/20171017131247-8915.jpg\"><img decoding=\"async\" src=\"http:\/\/hutmachergass.de\/hmg\/php\/getimg.php?img=http:\/\/hutmachergass.de\/hmg3\/bilder\/20171016-pfalz\/20171017131247-8915.jpg&#038;wdth=600&#038;qlty=85\" \/><\/a><\/p>\n<p><span class=\"bu\">Dahner Felsenland<\/span><\/p>\n<p class=\"singleline\"><a href=\"http:\/\/hutmachergass.de\/hmg3\/bilder\/20171016-pfalz\/20171017154806-8917.jpg\"><img decoding=\"async\" src=\"http:\/\/hutmachergass.de\/hmg\/php\/getimg.php?img=http:\/\/hutmachergass.de\/hmg3\/bilder\/20171016-pfalz\/20171017154806-8917.jpg&#038;wdth=600&#038;qlty=85\" \/><\/a><\/p>\n<h3> waldziegelh\u00fctte \u2013 kreuznach <\/h3>\n<p class=\"singleline\"><a href=\"http:\/\/hutmachergass.de\/hmg3\/bilder\/20171016-pfalz\/20171018085904-8925.jpg\"><img decoding=\"async\" src=\"http:\/\/hutmachergass.de\/hmg\/php\/getimg.php?img=http:\/\/hutmachergass.de\/hmg3\/bilder\/20171016-pfalz\/20171018085904-8925.jpg&#038;wdth=600&#038;qlty=85\" \/><\/a><\/p>\n<p class=\"singleline\"><a href=\"http:\/\/hutmachergass.de\/hmg3\/bilder\/20171016-pfalz\/20171018090223-8929.jpg\"><img decoding=\"async\" src=\"http:\/\/hutmachergass.de\/hmg\/php\/getimg.php?img=http:\/\/hutmachergass.de\/hmg3\/bilder\/20171016-pfalz\/20171018090223-8929.jpg&#038;wdth=600&#038;qlty=85\" \/><\/a><\/p>\n<p class=\"singleline\"><a href=\"http:\/\/hutmachergass.de\/hmg3\/bilder\/20171016-pfalz\/20171018090952-8935.jpg\"><img decoding=\"async\" src=\"http:\/\/hutmachergass.de\/hmg\/php\/getimg.php?img=http:\/\/hutmachergass.de\/hmg3\/bilder\/20171016-pfalz\/20171018090952-8935.jpg&#038;wdth=600&#038;qlty=85\" \/><\/a><\/p>\n<p class=\"singleline\"><a href=\"http:\/\/hutmachergass.de\/hmg3\/bilder\/20171016-pfalz\/20171018091659-8938.jpg\"><img decoding=\"async\" src=\"http:\/\/hutmachergass.de\/hmg\/php\/getimg.php?img=http:\/\/hutmachergass.de\/hmg3\/bilder\/20171016-pfalz\/20171018091659-8938.jpg&#038;wdth=600&#038;qlty=85\" \/><\/a><\/p>\n<p class=\"singleline\"><a href=\"http:\/\/hutmachergass.de\/hmg3\/bilder\/20171016-pfalz\/20171018092240-8940.jpg\"><img decoding=\"async\" src=\"http:\/\/hutmachergass.de\/hmg\/php\/getimg.php?img=http:\/\/hutmachergass.de\/hmg3\/bilder\/20171016-pfalz\/20171018092240-8940.jpg&#038;wdth=600&#038;qlty=85\" \/><\/a><\/p>\n<p class=\"singleline\"><a href=\"http:\/\/hutmachergass.de\/hmg3\/bilder\/20171016-pfalz\/20171018092650-8942.jpg\"><img decoding=\"async\" src=\"http:\/\/hutmachergass.de\/hmg\/php\/getimg.php?img=http:\/\/hutmachergass.de\/hmg3\/bilder\/20171016-pfalz\/20171018092650-8942.jpg&#038;wdth=600&#038;qlty=85\" \/><\/a><\/p>\n<p class=\"singleline\"><a href=\"http:\/\/hutmachergass.de\/hmg3\/bilder\/20171016-pfalz\/20171018093204-8944.jpg\"><img decoding=\"async\" src=\"http:\/\/hutmachergass.de\/hmg\/php\/getimg.php?img=http:\/\/hutmachergass.de\/hmg3\/bilder\/20171016-pfalz\/20171018093204-8944.jpg&#038;wdth=600&#038;qlty=85\" \/><\/a><\/p>\n<p class=\"singleline\"><a href=\"http:\/\/hutmachergass.de\/hmg3\/bilder\/20171016-pfalz\/20171018094545-8945.jpg\"><img decoding=\"async\" src=\"http:\/\/hutmachergass.de\/hmg\/php\/getimg.php?img=http:\/\/hutmachergass.de\/hmg3\/bilder\/20171016-pfalz\/20171018094545-8945.jpg&#038;wdth=600&#038;qlty=85\" \/><\/a><\/p>\n<p class=\"singleline\"><a href=\"http:\/\/hutmachergass.de\/hmg3\/bilder\/20171016-pfalz\/20171018095052-8951.jpg\"><img decoding=\"async\" src=\"http:\/\/hutmachergass.de\/hmg\/php\/getimg.php?img=http:\/\/hutmachergass.de\/hmg3\/bilder\/20171016-pfalz\/20171018095052-8951.jpg&#038;wdth=600&#038;qlty=85\" \/><\/a><\/p>\n<p class=\"singleline\"><a href=\"http:\/\/hutmachergass.de\/hmg3\/bilder\/20171016-pfalz\/20171018095138-8952.jpg\"><img decoding=\"async\" src=\"http:\/\/hutmachergass.de\/hmg\/php\/getimg.php?img=http:\/\/hutmachergass.de\/hmg3\/bilder\/20171016-pfalz\/20171018095138-8952.jpg&#038;wdth=600&#038;qlty=85\" \/><\/a><\/p>\n<p class=\"singleline\"><a href=\"http:\/\/hutmachergass.de\/hmg3\/bilder\/20171016-pfalz\/20171018104210-8960.jpg\"><img decoding=\"async\" src=\"http:\/\/hutmachergass.de\/hmg\/php\/getimg.php?img=http:\/\/hutmachergass.de\/hmg3\/bilder\/20171016-pfalz\/20171018104210-8960.jpg&#038;wdth=600&#038;qlty=85\" \/><\/a><\/p>\n<p class=\"singleline\"><a href=\"http:\/\/hutmachergass.de\/hmg3\/bilder\/20171016-pfalz\/20171018105520-8962.jpg\"><img decoding=\"async\" src=\"http:\/\/hutmachergass.de\/hmg\/php\/getimg.php?img=http:\/\/hutmachergass.de\/hmg3\/bilder\/20171016-pfalz\/20171018105520-8962.jpg&#038;wdth=600&#038;qlty=85\" \/><\/a><\/p>\n<p class=\"singleline\"><a href=\"http:\/\/hutmachergass.de\/hmg3\/bilder\/20171016-pfalz\/20171018112513-8967.jpg\"><img decoding=\"async\" src=\"http:\/\/hutmachergass.de\/hmg\/php\/getimg.php?img=http:\/\/hutmachergass.de\/hmg3\/bilder\/20171016-pfalz\/20171018112513-8967.jpg&#038;wdth=600&#038;qlty=85\" \/><\/a><\/p>\n<p class=\"singleline\"><a href=\"http:\/\/hutmachergass.de\/hmg3\/bilder\/20171016-pfalz\/20171018112758-8971.jpg\"><img decoding=\"async\" src=\"http:\/\/hutmachergass.de\/hmg\/php\/getimg.php?img=http:\/\/hutmachergass.de\/hmg3\/bilder\/20171016-pfalz\/20171018112758-8971.jpg&#038;wdth=600&#038;qlty=85\" \/><\/a><\/p>\n<p class=\"singleline\"><a href=\"http:\/\/hutmachergass.de\/hmg3\/bilder\/20171016-pfalz\/20171018113913-8974.jpg\"><img decoding=\"async\" src=\"http:\/\/hutmachergass.de\/hmg\/php\/getimg.php?img=http:\/\/hutmachergass.de\/hmg3\/bilder\/20171016-pfalz\/20171018113913-8974.jpg&#038;wdth=600&#038;qlty=85\" \/><\/a><\/p>\n<p class=\"singleline\"><a href=\"http:\/\/hutmachergass.de\/hmg3\/bilder\/20171016-pfalz\/20171018121722-8977.jpg\"><img decoding=\"async\" src=\"http:\/\/hutmachergass.de\/hmg\/php\/getimg.php?img=http:\/\/hutmachergass.de\/hmg3\/bilder\/20171016-pfalz\/20171018121722-8977.jpg&#038;wdth=600&#038;qlty=85\" \/><\/a><\/p>\n<p class=\"singleline\"><a href=\"http:\/\/hutmachergass.de\/hmg3\/bilder\/20171016-pfalz\/20171018131116-8986.jpg\"><img decoding=\"async\" src=\"http:\/\/hutmachergass.de\/hmg\/php\/getimg.php?img=http:\/\/hutmachergass.de\/hmg3\/bilder\/20171016-pfalz\/20171018131116-8986.jpg&#038;wdth=600&#038;qlty=85\" \/><\/a><\/p>\n<p class=\"singleline\"><a href=\"http:\/\/hutmachergass.de\/hmg3\/bilder\/20171016-pfalz\/20171018135920-8990.jpg\"><img decoding=\"async\" src=\"http:\/\/hutmachergass.de\/hmg\/php\/getimg.php?img=http:\/\/hutmachergass.de\/hmg3\/bilder\/20171016-pfalz\/20171018135920-8990.jpg&#038;wdth=600&#038;qlty=85\" \/><\/a><\/p>\n<p class=\"singleline\"><a href=\"http:\/\/hutmachergass.de\/hmg3\/bilder\/20171016-pfalz\/20171018140159-8993.jpg\"><img decoding=\"async\" src=\"http:\/\/hutmachergass.de\/hmg\/php\/getimg.php?img=http:\/\/hutmachergass.de\/hmg3\/bilder\/20171016-pfalz\/20171018140159-8993.jpg&#038;wdth=600&#038;qlty=85\" \/><\/a><\/p>\n<p class=\"singleline\"><a href=\"http:\/\/hutmachergass.de\/hmg3\/bilder\/20171016-pfalz\/20171018143806-8994.jpg\"><img decoding=\"async\" src=\"http:\/\/hutmachergass.de\/hmg\/php\/getimg.php?img=http:\/\/hutmachergass.de\/hmg3\/bilder\/20171016-pfalz\/20171018143806-8994.jpg&#038;wdth=600&#038;qlty=85\" \/><\/a><\/p>\n<p class=\"singleline\"><a href=\"http:\/\/hutmachergass.de\/hmg3\/bilder\/20171016-pfalz\/20171018154200-8995.jpg\"><img decoding=\"async\" src=\"http:\/\/hutmachergass.de\/hmg\/php\/getimg.php?img=http:\/\/hutmachergass.de\/hmg3\/bilder\/20171016-pfalz\/20171018154200-8995.jpg&#038;wdth=600&#038;qlty=85\" \/><\/a><\/p>\n<p><span class=\"bu\"><a href=\"https:\/\/de.wikipedia.org\/wiki\/Rotenfels\">Rotenfels<\/a><\/span><\/p>\n<p><a href=\"?page_id=3853#herbstlaub2017\">zum reisebericht<\/a><\/p>\n","protected":false},"excerpt":{"rendered":"<p>neustadt \u2013 bergzabern Hambacher Schloss Trifels Kaiserbachtal bergzabern \u2013 waldziegelh\u00fctte Dahner \u00d6dnis Nato-Reste Dahner Felsenland waldziegelh\u00fctte \u2013 kreuznach Rotenfels zum reisebericht<\/p>\n","protected":false},"author":2,"featured_media":0,"parent":2096,"menu_order":0,"comment_status":"closed","ping_status":"closed","template":"","meta":{"footnotes":""},"class_list":["post-2963","page","type-page","status-publish","hentry"],"_links":{"self":[{"href":"https:\/\/hutmachergass.de\/hmg\/steffsblog\/index.php?rest_route=\/wp\/v2\/pages\/2963","targetHints":{"allow":["GET"]}}],"collection":[{"href":"https:\/\/hutmachergass.de\/hmg\/steffsblog\/index.php?rest_route=\/wp\/v2\/pages"}],"about":[{"href":"https:\/\/hutmachergass.de\/hmg\/steffsblog\/index.php?rest_route=\/wp\/v2\/types\/page"}],"author":[{"embeddable":true,"href":"https:\/\/hutmachergass.de\/hmg\/steffsblog\/index.php?rest_route=\/wp\/v2\/users\/2"}],"replies":[{"embeddable":true,"href":"https:\/\/hutmachergass.de\/hmg\/steffsblog\/index.php?rest_route=%2Fwp%2Fv2%2Fcomments&post=2963"}],"version-history":[{"count":0,"href":"https:\/\/hutmachergass.de\/hmg\/steffsblog\/index.php?rest_route=\/wp\/v2\/pages\/2963\/revisions"}],"up":[{"embeddable":true,"href":"https:\/\/hutmachergass.de\/hmg\/steffsblog\/index.php?rest_route=\/wp\/v2\/pages\/2096"}],"wp:attachment":[{"href":"https:\/\/hutmachergass.de\/hmg\/steffsblog\/index.php?rest_route=%2Fwp%2Fv2%2Fmedia&parent=2963"}],"curies":[{"name":"wp","href":"https:\/\/api.w.org\/{rel}","templated":true}]}}