

{"id":2955,"date":"2018-12-09T15:03:15","date_gmt":"2018-12-09T14:03:15","guid":{"rendered":"http:\/\/hutmachergass.de\/hmg\/steffsblog\/?page_id=2955"},"modified":"2024-04-19T20:05:15","modified_gmt":"2024-04-19T18:05:15","slug":"maifeldwanderung","status":"publish","type":"page","link":"https:\/\/hutmachergass.de\/hmg\/steffsblog\/?page_id=2955","title":{"rendered":"eifel &#8211; wandern"},"content":{"rendered":"<h2 id=\"201510\">pyrmonter felsensteig oktober 2015<\/h2>\n<p class=\"imgcent\"><a href=\"http:\/\/hutmachergass.de\/hmg3\/bilder\/2015\/20151024-0941.jpg\"><img decoding=\"async\" src=\"https:\/\/hutmachergass.de\/hmg\/php\/getimg.php?img=http:\/\/hutmachergass.de\/hmg3\/bilder\/2015\/20151024-0941.jpg&wdth=500&qlty=85\" \/><\/a>\n<p><a href=\"http:\/\/www.wanderinstitut.de\/premiumwege\/rheinland-pfalz\/pyrmonter-felsensteig\/\" target=\"_blank\" rel=\"noopener noreferrer\">pyrmonter felsensteig<\/a> &#8211; mit gef\u00fchlt 350 mitwanderern. am reizvollsten ist der teil im elzbachtal; der anstieg von der pyrmonter m\u00fchle zum sammetzkopf durch die maifelder agrarw\u00fcste bringts nicht so richtig. man sollte vielleicht hin und zur\u00fcck durchs elzbachtal laufen. aber die aussicht von da oben ist gut. wenn es nur klarer gewesen w\u00e4re. <\/p>\n<p class=\"imgcent\"><a href=\"http:\/\/hutmachergass.de\/hmg3\/bilder\/2015\/20151024-0948.jpg\"><img decoding=\"async\" src=\"https:\/\/hutmachergass.de\/hmg\/php\/getimg.php?img=http:\/\/hutmachergass.de\/hmg3\/bilder\/2015\/20151024-0948.jpg&wdth=500&qlty=85\" \/><\/a>\n<h2 id=\"201810\">maifeldwanderungen oktober 2018<\/h2>\n<p>genauer: rund um die Burg Eltz und rund um Trimbs, sogenannte traumpfade. naja, was sich die marketingfuzzies so einfallen lassen.<\/p>\n<h3>burg eltz<\/h3>\n<p class=\"singleline\"><a href=\"http:\/\/hutmachergass.de\/hmg3\/bilder\/20181023-maifeld\/20181023130912-4576.JPG\"><img decoding=\"async\" src=\"http:\/\/hutmachergass.de\/hmg\/php\/getimg.php?img=http:\/\/hutmachergass.de\/hmg3\/bilder\/20181023-maifeld\/20181023130912-4576.JPG&#038;wdth=600&#038;qlty=85\" \/><\/a><\/p>\n<p class=\"singleline\"><a href=\"http:\/\/hutmachergass.de\/hmg3\/bilder\/20181023-maifeld\/20181023134624-4581.JPG\"><img decoding=\"async\" src=\"http:\/\/hutmachergass.de\/hmg\/php\/getimg.php?img=http:\/\/hutmachergass.de\/hmg3\/bilder\/20181023-maifeld\/20181023134624-4581.JPG&#038;wdth=600&#038;qlty=85\" \/><\/a><\/p>\n<p class=\"singleline\"><a href=\"http:\/\/hutmachergass.de\/hmg3\/bilder\/20181023-maifeld\/20181023135709.jpg\"><img decoding=\"async\" src=\"http:\/\/hutmachergass.de\/hmg\/php\/getimg.php?img=http:\/\/hutmachergass.de\/hmg3\/bilder\/20181023-maifeld\/20181023135709.jpg&#038;wdth=600&#038;qlty=85\" \/><\/a><\/p>\n<p class=\"singleline\"><a href=\"http:\/\/hutmachergass.de\/hmg3\/bilder\/20181023-maifeld\/20181023140110.jpg\"><img decoding=\"async\" src=\"http:\/\/hutmachergass.de\/hmg\/php\/getimg.php?img=http:\/\/hutmachergass.de\/hmg3\/bilder\/20181023-maifeld\/20181023140110.jpg&#038;wdth=600&#038;qlty=85\" \/><\/a><\/p>\n<p class=\"singleline\"><a href=\"http:\/\/hutmachergass.de\/hmg3\/bilder\/20181023-maifeld\/20181023141858-4591.JPG\"><img decoding=\"async\" src=\"http:\/\/hutmachergass.de\/hmg\/php\/getimg.php?img=http:\/\/hutmachergass.de\/hmg3\/bilder\/20181023-maifeld\/20181023141858-4591.JPG&#038;wdth=600&#038;qlty=85\" \/><\/a><\/p>\n<p class=\"singleline\"><a href=\"http:\/\/hutmachergass.de\/hmg3\/bilder\/20181023-maifeld\/20181023143031-4596.JPG\"><img decoding=\"async\" src=\"http:\/\/hutmachergass.de\/hmg\/php\/getimg.php?img=http:\/\/hutmachergass.de\/hmg3\/bilder\/20181023-maifeld\/20181023143031-4596.JPG&#038;wdth=600&#038;qlty=85\" \/><\/a><\/p>\n<p class=\"singleline\"><a href=\"http:\/\/hutmachergass.de\/hmg3\/bilder\/20181023-maifeld\/20181023143341-4601.JPG\"><img decoding=\"async\" src=\"http:\/\/hutmachergass.de\/hmg\/php\/getimg.php?img=http:\/\/hutmachergass.de\/hmg3\/bilder\/20181023-maifeld\/20181023143341-4601.JPG&#038;wdth=600&#038;qlty=85\" \/><\/a><\/p>\n<p class=\"singleline\"><a href=\"http:\/\/hutmachergass.de\/hmg3\/bilder\/20181023-maifeld\/20181023160807-4609.JPG\"><img decoding=\"async\" src=\"http:\/\/hutmachergass.de\/hmg\/php\/getimg.php?img=http:\/\/hutmachergass.de\/hmg3\/bilder\/20181023-maifeld\/20181023160807-4609.JPG&#038;wdth=600&#038;qlty=85\" \/><\/a><\/p>\n<p class=\"singleline\"><a href=\"http:\/\/hutmachergass.de\/hmg3\/bilder\/20181023-maifeld\/20181023170106-4621.JPG\"><img decoding=\"async\" src=\"http:\/\/hutmachergass.de\/hmg\/php\/getimg.php?img=http:\/\/hutmachergass.de\/hmg3\/bilder\/20181023-maifeld\/20181023170106-4621.JPG&#038;wdth=600&#038;qlty=85\" \/><\/a><\/p>\n<p class=\"singleline\"><a href=\"http:\/\/hutmachergass.de\/hmg3\/bilder\/20181023-maifeld\/20181023170643-4627.JPG\"><img decoding=\"async\" src=\"http:\/\/hutmachergass.de\/hmg\/php\/getimg.php?img=http:\/\/hutmachergass.de\/hmg3\/bilder\/20181023-maifeld\/20181023170643-4627.JPG&#038;wdth=600&#038;qlty=85\" \/><\/a><\/p>\n<p class=\"singleline\"><a href=\"http:\/\/hutmachergass.de\/hmg3\/bilder\/20181023-maifeld\/20181023171408-4631.JPG\"><img decoding=\"async\" src=\"http:\/\/hutmachergass.de\/hmg\/php\/getimg.php?img=http:\/\/hutmachergass.de\/hmg3\/bilder\/20181023-maifeld\/20181023171408-4631.JPG&#038;wdth=600&#038;qlty=85\" \/><\/a><\/p>\n<p class=\"singleline\"><a href=\"http:\/\/hutmachergass.de\/hmg3\/bilder\/20181023-maifeld\/20181023174026-4640.JPG\"><img decoding=\"async\" src=\"http:\/\/hutmachergass.de\/hmg\/php\/getimg.php?img=http:\/\/hutmachergass.de\/hmg3\/bilder\/20181023-maifeld\/20181023174026-4640.JPG&#038;wdth=600&#038;qlty=85\" \/><\/a><\/p>\n<h3>trimbs<\/h3>\n<p class=\"singleline\"><a href=\"http:\/\/hutmachergass.de\/hmg3\/bilder\/20181023-maifeld\/20181024113524-4656.JPG\"><img decoding=\"async\" src=\"http:\/\/hutmachergass.de\/hmg\/php\/getimg.php?img=http:\/\/hutmachergass.de\/hmg3\/bilder\/20181023-maifeld\/20181024113524-4656.JPG&#038;wdth=600&#038;qlty=85\" \/><\/a><\/p>\n<p class=\"singleline\"><a href=\"http:\/\/hutmachergass.de\/hmg3\/bilder\/20181023-maifeld\/20181024122632-4662.JPG\"><img decoding=\"async\" src=\"http:\/\/hutmachergass.de\/hmg\/php\/getimg.php?img=http:\/\/hutmachergass.de\/hmg3\/bilder\/20181023-maifeld\/20181024122632-4662.JPG&#038;wdth=600&#038;qlty=85\" \/><\/a><\/p>\n<p class=\"singleline\"><a href=\"http:\/\/hutmachergass.de\/hmg3\/bilder\/20181023-maifeld\/20181024123606-4665.JPG\"><img decoding=\"async\" src=\"http:\/\/hutmachergass.de\/hmg\/php\/getimg.php?img=http:\/\/hutmachergass.de\/hmg3\/bilder\/20181023-maifeld\/20181024123606-4665.JPG&#038;wdth=600&#038;qlty=85\" \/><\/a><\/p>\n<p class=\"singleline\"><a href=\"http:\/\/hutmachergass.de\/hmg3\/bilder\/20181023-maifeld\/20181024124720-4671.JPG\"><img decoding=\"async\" src=\"http:\/\/hutmachergass.de\/hmg\/php\/getimg.php?img=http:\/\/hutmachergass.de\/hmg3\/bilder\/20181023-maifeld\/20181024124720-4671.JPG&#038;wdth=600&#038;qlty=85\" \/><\/a><\/p>\n<p class=\"singleline\"><a href=\"http:\/\/hutmachergass.de\/hmg3\/bilder\/20181023-maifeld\/20181024125604-4674a.jpg\"><img decoding=\"async\" src=\"http:\/\/hutmachergass.de\/hmg\/php\/getimg.php?img=http:\/\/hutmachergass.de\/hmg3\/bilder\/20181023-maifeld\/20181024125604-4674a.jpg&#038;wdth=600&#038;qlty=85\" \/><\/a><\/p>\n<p class=\"singleline\"><a href=\"http:\/\/hutmachergass.de\/hmg3\/bilder\/20181023-maifeld\/20181024130843-4692.JPG\"><img decoding=\"async\" src=\"http:\/\/hutmachergass.de\/hmg\/php\/getimg.php?img=http:\/\/hutmachergass.de\/hmg3\/bilder\/20181023-maifeld\/20181024130843-4692.JPG&#038;wdth=600&#038;qlty=85\" \/><\/a><\/p>\n<p class=\"singleline\"><a href=\"http:\/\/hutmachergass.de\/hmg3\/bilder\/20181023-maifeld\/20181024132517-4705.JPG\"><img decoding=\"async\" src=\"http:\/\/hutmachergass.de\/hmg\/php\/getimg.php?img=http:\/\/hutmachergass.de\/hmg3\/bilder\/20181023-maifeld\/20181024132517-4705.JPG&#038;wdth=600&#038;qlty=85\" \/><\/a><\/p>\n<p class=\"singleline\"><a href=\"http:\/\/hutmachergass.de\/hmg3\/bilder\/20181023-maifeld\/20181024133332-4707.JPG\"><img decoding=\"async\" src=\"http:\/\/hutmachergass.de\/hmg\/php\/getimg.php?img=http:\/\/hutmachergass.de\/hmg3\/bilder\/20181023-maifeld\/20181024133332-4707.JPG&#038;wdth=600&#038;qlty=85\" \/><\/a><\/p>\n<p class=\"singleline\"><a href=\"http:\/\/hutmachergass.de\/hmg3\/bilder\/20181023-maifeld\/20181024133527-4712.JPG\"><img decoding=\"async\" src=\"http:\/\/hutmachergass.de\/hmg\/php\/getimg.php?img=http:\/\/hutmachergass.de\/hmg3\/bilder\/20181023-maifeld\/20181024133527-4712.JPG&#038;wdth=600&#038;qlty=85\" \/><\/a><\/p>\n<h2 id=\"monreal2020\">rundweg um monreal oktober 2020<\/h2>\n<p>der sogenannte traumpfad monrealer ritterschlag; marketingbullshit. aber sch\u00f6n isser schon, durch den wald im elz- und th\u00fcerelztal und mit dem blick \u00fcber die eifelh\u00f6hen.<\/p>\n<p class=\"singleline\"><a href=\"http:\/\/hutmachergass.de\/hmg3\/bilder\/wandern\/20201019-monreal\/20201019134216-5864.JPG\"><img decoding=\"async\" src=\"https:\/\/hutmachergass.de\/hmg\/php\/getimg.php?img=http:\/\/hutmachergass.de\/hmg3\/bilder\/wandern\/20201019-monreal\/20201019134216-5864.JPG&wdth=600&qlty=85\" \/><\/a>\n<p>auto am bahnhof abgestellt. da es seit bald drei jahrzehnten keinen st\u00fcckgut-g\u00fcterverkehr auf der bahn mehr gibt und auch keinen wagenladungsverkehr, ist monreal wie fast alle ehemaligen bahnh\u00f6fe an fast allen nebenstrecken und einigen hauptstrecken nur noch haltepunkt. die kneipe im empfangsgeb\u00e4ude hatte leider nicht offen. vom parkplatz sind wir erstmal kurz an der elz entlang nach monreal.  wg. corona sollte man in der empfohlenen richtung laufen; haben wir gemacht, auch ohne das schild. ich halte es trotzdem f\u00fcr quatsch.<\/p>\n<a href=\"http:\/\/hutmachergass.de\/hmg3\/bilder\/wandern\/20201019-monreal\/20201019112320-5829.JPG\"><img decoding=\"async\" src=\"https:\/\/hutmachergass.de\/hmg\/php\/getimg.php?img=http:\/\/hutmachergass.de\/hmg3\/bilder\/wandern\/20201019-monreal\/20201019112320-5829.JPG&wdth=600&qlty=85\" \/><\/a>\n<span class=\"bu\">&nbsp;<\/span><\/p>\n<a href=\"http:\/\/hutmachergass.de\/hmg3\/bilder\/wandern\/20201019-monreal\/20201019113638-5831.JPG\"><img decoding=\"async\" src=\"https:\/\/hutmachergass.de\/hmg\/php\/getimg.php?img=http:\/\/hutmachergass.de\/hmg3\/bilder\/wandern\/20201019-monreal\/20201019113638-5831.JPG&wdth=600&qlty=85\" \/><\/a>\n<span class=\"bu\">altes pfarrhaus mit oberer elzbr\u00fccke, offizieller start- und endpunkt der tour<\/span><\/p>\n<a href=\"http:\/\/hutmachergass.de\/hmg3\/bilder\/wandern\/20201019-monreal\/20201019130623-5840.JPG\"><img decoding=\"async\" src=\"https:\/\/hutmachergass.de\/hmg\/php\/getimg.php?img=http:\/\/hutmachergass.de\/hmg3\/bilder\/wandern\/20201019-monreal\/20201019130623-5840.JPG&wdth=600&qlty=85\" \/><\/a>\n<span class=\"bu\">blick nach norden, zwischen <a href=\"https:\/\/de.wikipedia.org\/wiki\/Elzbach\" rel=\"noopener noreferrer\" target=\"_blank\">elz-<\/a> und <a href=\"https:\/\/de.wikipedia.org\/wiki\/Th%C3%BCrelz\" rel=\"noopener noreferrer\" target=\"_blank\">th\u00fcrelztal<\/a><\/span><\/p>\n<a href=\"http:\/\/hutmachergass.de\/hmg3\/bilder\/wandern\/20201019-monreal\/20201019130947-5852.JPG\"><img decoding=\"async\" src=\"https:\/\/hutmachergass.de\/hmg\/php\/getimg.php?img=http:\/\/hutmachergass.de\/hmg3\/bilder\/wandern\/20201019-monreal\/20201019130947-5852.JPG&wdth=600&qlty=85\" \/><\/a>\n<span class=\"bu\">&nbsp;<\/span><\/p>\n<a href=\"http:\/\/hutmachergass.de\/hmg3\/bilder\/wandern\/20201019-monreal\/20201019134131-5860.JPG\"><img decoding=\"async\" src=\"https:\/\/hutmachergass.de\/hmg\/php\/getimg.php?img=http:\/\/hutmachergass.de\/hmg3\/bilder\/wandern\/20201019-monreal\/20201019134131-5860.JPG&wdth=600&qlty=85\" \/><\/a>\n<span class=\"bu\">blick nach nordosten, mit westerwald im hintergrund<\/span><\/p>\n<a href=\"http:\/\/hutmachergass.de\/hmg3\/bilder\/wandern\/20201019-monreal\/20201019134216-5864.JPG\"><img decoding=\"async\" src=\"https:\/\/hutmachergass.de\/hmg\/php\/getimg.php?img=http:\/\/hutmachergass.de\/hmg3\/bilder\/wandern\/20201019-monreal\/20201019134216-5864.JPG&wdth=600&qlty=85\" \/><\/a>\n<span class=\"bu\">&nbsp;<\/span><\/p>\n<a href=\"http:\/\/hutmachergass.de\/hmg3\/bilder\/wandern\/20201019-monreal\/20201019140751-5867.JPG\"><img decoding=\"async\" src=\"https:\/\/hutmachergass.de\/hmg\/php\/getimg.php?img=http:\/\/hutmachergass.de\/hmg3\/bilder\/wandern\/20201019-monreal\/20201019140751-5867.JPG&wdth=600&qlty=85\" \/><\/a>\n<span class=\"bu\">allm\u00e4hlicher abstieg ins th\u00fcrelztal, sp\u00e4ter erheblich steiler<\/span><\/p>\n<a href=\"http:\/\/hutmachergass.de\/hmg3\/bilder\/wandern\/20201019-monreal\/20201019144409-5870.JPG\"><img decoding=\"async\" src=\"https:\/\/hutmachergass.de\/hmg\/php\/getimg.php?img=http:\/\/hutmachergass.de\/hmg3\/bilder\/wandern\/20201019-monreal\/20201019144409-5870.JPG&wdth=600&qlty=85\" \/><\/a>\n<span class=\"bu\">&nbsp;<\/span><\/p>\n<a href=\"http:\/\/hutmachergass.de\/hmg3\/bilder\/wandern\/20201019-monreal\/20201019145932-5873.JPG\"><img decoding=\"async\" src=\"https:\/\/hutmachergass.de\/hmg\/php\/getimg.php?img=http:\/\/hutmachergass.de\/hmg3\/bilder\/wandern\/20201019-monreal\/20201019145932-5873.JPG&wdth=600&qlty=85\" \/><\/a>\n<span class=\"bu\">&nbsp;<\/span><\/p>\n<a href=\"http:\/\/hutmachergass.de\/hmg3\/bilder\/wandern\/20201019-monreal\/20201019150129-5876.JPG\"><img decoding=\"async\" src=\"https:\/\/hutmachergass.de\/hmg\/php\/getimg.php?img=http:\/\/hutmachergass.de\/hmg3\/bilder\/wandern\/20201019-monreal\/20201019150129-5876.JPG&wdth=600&qlty=85\" \/><\/a>\n<span class=\"bu\">&nbsp;<\/span><\/p>\n<a href=\"http:\/\/hutmachergass.de\/hmg3\/bilder\/wandern\/20201019-monreal\/20201019160936-5908.JPG\"><img decoding=\"async\" src=\"https:\/\/hutmachergass.de\/hmg\/php\/getimg.php?img=http:\/\/hutmachergass.de\/hmg3\/bilder\/wandern\/20201019-monreal\/20201019160936-5908.JPG&wdth=600&qlty=85\" \/><\/a>\n<span class=\"bu\"><a href=\"https:\/\/de.wikipedia.org\/wiki\/L%C3%B6wen-_und_Philippsburg\" rel=\"noopener noreferrer\" target=\"_blank\">l\u00f6wenburg<\/a><\/span><\/p>\n<a href=\"http:\/\/hutmachergass.de\/hmg3\/bilder\/wandern\/20201019-monreal\/20201019162756-5920.JPG\"><img decoding=\"async\" src=\"https:\/\/hutmachergass.de\/hmg\/php\/getimg.php?img=http:\/\/hutmachergass.de\/hmg3\/bilder\/wandern\/20201019-monreal\/20201019162756-5920.JPG&wdth=600&qlty=85\" \/><\/a>\n<span class=\"bu\">philippsburg<\/span><\/p>\n<a href=\"http:\/\/hutmachergass.de\/hmg3\/bilder\/wandern\/20201019-monreal\/20201019160800-5906.JPG\"><img decoding=\"async\" src=\"https:\/\/hutmachergass.de\/hmg\/php\/getimg.php?img=http:\/\/hutmachergass.de\/hmg3\/bilder\/wandern\/20201019-monreal\/20201019160800-5906.JPG&wdth=600&qlty=85\" \/><\/a>\n<span class=\"bu\"><a href=\"https:\/\/de.wikipedia.org\/wiki\/Monreal\" rel=\"noopener noreferrer\" target=\"_blank\">downtown monreal<\/a><\/span><\/p>\n<a href=\"http:\/\/hutmachergass.de\/hmg3\/bilder\/wandern\/20201019-monreal\/20201019161832-5918.JPG\"><img decoding=\"async\" src=\"https:\/\/hutmachergass.de\/hmg\/php\/getimg.php?img=http:\/\/hutmachergass.de\/hmg3\/bilder\/wandern\/20201019-monreal\/20201019161832-5918.JPG&wdth=600&qlty=85\" \/><\/a>\n<span class=\"bu\"><a href=\"https:\/\/de.wikipedia.org\/wiki\/Eifelquerbahn\" rel=\"noopener noreferrer\" target=\"_blank\">eifelquerbahn andernach\u2013kaisersesch<\/a><\/span><\/p>\n<a href=\"http:\/\/hutmachergass.de\/hmg3\/bilder\/wandern\/20201019-monreal\/20201019165233-5940.JPG\"><img decoding=\"async\" src=\"https:\/\/hutmachergass.de\/hmg\/php\/getimg.php?img=http:\/\/hutmachergass.de\/hmg3\/bilder\/wandern\/20201019-monreal\/20201019165233-5940.JPG&wdth=600&qlty=85\" \/><\/a>\n<span class=\"bu\">&nbsp;<\/span><\/p>\n<p>das ganze als <a href=\"http:\/\/umap.openstreetmap.fr\/de\/map\/rundwanderung-monreal_514047#15\/50.2935\/7.1529\" rel=\"noopener noreferrer\" target=\"_blank\">tourmap<\/a><br \/>\n<span class=\"bu\">&nbsp;<\/span><\/p>\n<link rel='stylesheet' id='osm-ol3-css-css' href='https:\/\/hutmachergass.de\/hmg\/steffsblog\/wp-content\/plugins\/osm\/js\/OL\/10.9.0\/ol.css?ver=6.9.4' type='text\/css' media='all' \/>\n<link rel='stylesheet' id='osm-ol3-ext-css-css' href='https:\/\/hutmachergass.de\/hmg\/steffsblog\/wp-content\/plugins\/osm\/css\/osm_map_v3.css?ver=6.9.4' type='text\/css' media='all' \/>\n<link rel='stylesheet' id='osm-map-css-css' href='https:\/\/hutmachergass.de\/hmg\/steffsblog\/wp-content\/plugins\/osm\/css\/osm_map.css?ver=6.9.4' type='text\/css' media='all' \/>\n<script type=\"text\/javascript\" src=\"https:\/\/hutmachergass.de\/hmg\/steffsblog\/wp-includes\/js\/dist\/vendor\/wp-polyfill.min.js?ver=3.15.0\" id=\"wp-polyfill-js\"><\/script>\n<script type=\"text\/javascript\" src=\"https:\/\/hutmachergass.de\/hmg\/steffsblog\/wp-content\/plugins\/osm\/js\/OL\/10.9.0\/ol.js?ver=10.9.0\" id=\"osm-ol3-library-js\"><\/script>\n<script type=\"text\/javascript\" src=\"https:\/\/hutmachergass.de\/hmg\/steffsblog\/wp-content\/plugins\/osm\/js\/osm-v3-plugin-lib.js?ver=1.0.0\" id=\"osm-ol3-ext-library-js\"><\/script>\n<script type=\"text\/javascript\" src=\"https:\/\/hutmachergass.de\/hmg\/steffsblog\/wp-content\/plugins\/osm\/js\/osm-metabox-events.js?ver=1.0.0\" id=\"osm-ol3-metabox-events-js\"><\/script>\n<script type=\"text\/javascript\" src=\"https:\/\/hutmachergass.de\/hmg\/steffsblog\/wp-includes\/js\/jquery\/jquery.min.js?ver=3.7.1\" id=\"jquery-core-js\"><\/script>\n<script type=\"text\/javascript\" src=\"https:\/\/hutmachergass.de\/hmg\/steffsblog\/wp-includes\/js\/jquery\/jquery-migrate.min.js?ver=3.4.1\" id=\"jquery-migrate-js\"><\/script>\n<script type=\"text\/javascript\" id=\"osm-map-startup-js-extra\">\n\/* <![CDATA[ *\/\nvar translations = {\"openlayer\":\"open layer\",\"openlayerAtStartup\":\"open layer at startup\",\"generateLink\":\"link to this map with opened layers\",\"shortDescription\":\"short description\",\"generatedShortCode\":\"to get a text control link paste this code in your wordpress editor\",\"closeLayer\":\"close layer\",\"cantGenerateLink\":\"put this string in the existing map short code to control this map\"};\n\/\/# sourceURL=osm-map-startup-js-extra\n\/* ]]> *\/\n<\/script>\n<script type=\"text\/javascript\" src=\"https:\/\/hutmachergass.de\/hmg\/steffsblog\/wp-content\/plugins\/osm\/js\/osm-startup-lib.js?ver=V6.2.5\" id=\"osm-map-startup-js\"><\/script>\n\n        <div id=\"map_ol3js_1\"\n       class=\"osm-map-container undefined\"\n             data-map_name=\"undefined\"\n             data-map=\"map_ol3js_1\"\n             data-autoshow=\"no\"\n             style=\"width:100%;\n                    max-width:100%;\n                    height:400px;\n                    display:block;\n                    overflow:hidden;\n                    border:2px solid grey;\n                    position: relative;\">\n          <div id=\"map_ol3js_1_popup\" class=\"ol-popup\">\n            <a href=\"#\" id=\"map_ol3js_1_popup-closer\" class=\"ol-popup-closer\"><\/a>\n            <div id=\"map_ol3js_1_popup-content\"><\/div>\n          <\/div>\n        <\/div>\n    <script type=\"text\/javascript\">\n\t\t\t  vectorM['map_ol3js_1'] = [];\n\t        \n        var raster = getTileLayer(\"opentopomap\",\"NoKey\");\t\t\t\n\n\t\t\t  var map_ol3js_1 = new ol.Map({\n\t\t\t\tinteractions: ol.interaction.defaults.defaults({mouseWheelZoom:false}),\n\t\t\t\tlayers: [raster],\n\t\t\t\ttarget: \"map_ol3js_1\",\n\t\t\t\tview: new ol.View({\n\t\t\t\t  center: ol.proj.transform([7.244,50.267], \"EPSG:4326\", \"EPSG:3857\"),\n\t\t\t\t  zoom: 11.4\n\t\t\t\t})\n\t\t\t  });\n\t\t\t  \n    var style_map_ol3js_1_0 = {\n      \"Point\": [new ol.style.Style({\n\n          image: new ol.style.Icon({\n            anchor: [0.5, 41],\n            anchorXUnits: \"fraction\",\n            anchorYUnits: \"pixels\",\n            opacity: 0.75,\n            src: \"https:\/\/hutmachergass.de\/hmg\/steffsblog\/wp-content\/plugins\/osm\/icons\/mic_blue_pinother_02.png\"\n          })\n      })],\n\n      \"LineString\": [new ol.style.Style({\n        stroke: new ol.style.Stroke({\n          color: \"blue\",\n          width: 8\n        })\n      })],\n      \"MultiLineString\": [new ol.style.Style({\n        stroke: new ol.style.Stroke({\n          color: \"blue\",\n          width: 4\n        })\n      })]\n    };\n\t\t  var vectorL0 = new ol.layer.Vector({\n\t\t\t\tsource: new ol.source.Vector({\n\t\t\t\turl:\"\/hmg\/reisen\/wp\/osm-plugin\/wandern.gpx\",\n\t\t\t\tformat: new ol.format.GPX({\n\t\t\t\t\textractStyles: false\n\t\t\t\t})\n\t\t\t}),\n\t\t\tzIndex: 92,\n\t\t\tstyle: function(feature, resolution) {return style_map_ol3js_1_0[feature.getGeometry().getType()];}\n\t\t  });\n\t\t  map_ol3js_1.addLayer(vectorL0);addControls2Map(map_ol3js_1,1,0,3,1,5,6,7,1,1);\nosm_addPopupClickhandler(map_ol3js_1,  \"map_ol3js_1\"); \nosm_addMouseHover(map_ol3js_1); <\/script>\n","protected":false},"excerpt":{"rendered":"<p>pyrmonter felsensteig oktober 2015 pyrmonter felsensteig &#8211; mit gef\u00fchlt 350 mitwanderern. am reizvollsten ist der teil im elzbachtal; der anstieg von der pyrmonter m\u00fchle zum sammetzkopf durch die maifelder agrarw\u00fcste bringts nicht so richtig. man sollte vielleicht hin und zur\u00fcck &hellip; <a href=\"https:\/\/hutmachergass.de\/hmg\/steffsblog\/?page_id=2955\">Continue reading <span class=\"meta-nav\">&rarr;<\/span><\/a><\/p>\n","protected":false},"author":2,"featured_media":0,"parent":2190,"menu_order":0,"comment_status":"closed","ping_status":"closed","template":"","meta":{"footnotes":""},"class_list":["post-2955","page","type-page","status-publish","hentry"],"_links":{"self":[{"href":"https:\/\/hutmachergass.de\/hmg\/steffsblog\/index.php?rest_route=\/wp\/v2\/pages\/2955","targetHints":{"allow":["GET"]}}],"collection":[{"href":"https:\/\/hutmachergass.de\/hmg\/steffsblog\/index.php?rest_route=\/wp\/v2\/pages"}],"about":[{"href":"https:\/\/hutmachergass.de\/hmg\/steffsblog\/index.php?rest_route=\/wp\/v2\/types\/page"}],"author":[{"embeddable":true,"href":"https:\/\/hutmachergass.de\/hmg\/steffsblog\/index.php?rest_route=\/wp\/v2\/users\/2"}],"replies":[{"embeddable":true,"href":"https:\/\/hutmachergass.de\/hmg\/steffsblog\/index.php?rest_route=%2Fwp%2Fv2%2Fcomments&post=2955"}],"version-history":[{"count":5,"href":"https:\/\/hutmachergass.de\/hmg\/steffsblog\/index.php?rest_route=\/wp\/v2\/pages\/2955\/revisions"}],"predecessor-version":[{"id":7044,"href":"https:\/\/hutmachergass.de\/hmg\/steffsblog\/index.php?rest_route=\/wp\/v2\/pages\/2955\/revisions\/7044"}],"up":[{"embeddable":true,"href":"https:\/\/hutmachergass.de\/hmg\/steffsblog\/index.php?rest_route=\/wp\/v2\/pages\/2190"}],"wp:attachment":[{"href":"https:\/\/hutmachergass.de\/hmg\/steffsblog\/index.php?rest_route=%2Fwp%2Fv2%2Fmedia&parent=2955"}],"curies":[{"name":"wp","href":"https:\/\/api.w.org\/{rel}","templated":true}]}}