{"id":2882,"date":"2018-12-06T17:05:13","date_gmt":"2018-12-06T16:05:13","guid":{"rendered":"http:\/\/hutmachergass.de\/hmg\/steffsblog\/?page_id=2882"},"modified":"2024-11-26T13:06:13","modified_gmt":"2024-11-26T12:06:13","slug":"cv","status":"publish","type":"page","link":"https:\/\/hutmachergass.de\/hmg\/steffsblog\/?page_id=2882","title":{"rendered":"cv"},"content":{"rendered":"<section class=\"toc-grid\">\n<div class=\"toc-img\">\n<a href=\"https:\/\/de.wikipedia.org\/wiki\/Kemperhof#Umzug_in_den_Kemperhof\" target=\"_blank\" rel=\"noopener noreferrer\"><img decoding=\"async\" src=\"https:\/\/hutmachergass.de\/hmg\/php\/getimg.php?img=https:\/\/hutmachergass.de\/hmg\/cv\/Kemperhof.jpg&#038;wdth=200&#038;qlty=75\" \/><\/a>\n<\/div>\n<div class=\"toc-table\">\n<p class=\"singleline\">1952<\/p>\n<\/div>\n<\/section>\n<section class=\"toc-grid\">\n<!-- metternich --><\/p>\n<div class=\"toc-img\">\n<a href=\"http:\/\/de.wikipedia.org\/wiki\/Koblenz-Metternich\" target=\"_blank\" rel=\"noopener noreferrer\"><img decoding=\"async\" src=\"https:\/\/hutmachergass.de\/hmg\/php\/getimg.php?img=https:\/\/hutmachergass.de\/hmg\/cv\/DSCN001.JPG&#038;wdth=200&#038;qlty=75\" \/><\/a>\n<\/div>\n<div class=\"toc-table\">\n<p class=\"singleline\">1953<\/p>\n<p class=\"singleline\">die stra\u00dfenbahn fuhr noch bis 1961 nach metternich<\/p>\n<\/div>\n<\/section>\n<section class=\"toc-grid\">\n<!-- volkschule rohrerhof --><\/p>\n<div class=\"toc-img\">\n<a href=\"?page_id=4365\"><img decoding=\"async\" src=\"https:\/\/hutmachergass.de\/hmg\/php\/getimg.php?img=https:\/\/hutmachergass.de\/hmg\/cv\/DSCN002.JPG&#038;wdth=200&#038;qlty=75\" \/><\/a>\n<\/div>\n<div class=\"toc-table\">\n<p class=\"singleline\">1959 &#8211; 1963\n<\/p>\n<p class=\"singleline\">volksschule rohrerhof<br \/>nicht jungen und m\u00e4dchen getrennt, aber katholisch und evangelisch. weil es nur so wenige evangelen gab, mussten diese mehrere jahrg\u00e4nge \u00fcbergreifend in eine klasse gehen, wie in den zwergschulen auf dem dorf.<\/p>\n<\/div>\n<\/section>\n<section class=\"toc-grid\">\n<!-- realschule --><\/p>\n<div class=\"toc-img\">\n<img decoding=\"async\" src=\"https:\/\/hutmachergass.de\/hmg\/php\/getimg.php?img=https:\/\/hutmachergass.de\/hmg\/cv\/DSCN003.JPG&#038;wdth=200&#038;qlty=75\" \/>\n<\/div>\n<div class=\"toc-table\">\n<p class=\"singleline\">1963 &#8211; 1969\n<\/p>\n<p class=\"singleline\">clemens-brentano-realschule<br \/>jungs und m\u00e4dchen getrennt. der m\u00e4dchenfl\u00fcgel hie\u00df nur realschule, ohne clemens<\/p>\n<\/div>\n<\/section>\n<section class=\"toc-grid\">\n<!-- FOS --><\/p>\n<div class=\"toc-img\">\n<img decoding=\"async\" src=\"https:\/\/hutmachergass.de\/hmg\/php\/getimg.php?img=https:\/\/hutmachergass.de\/hmg\/cv\/DSCN004.JPG&#038;wdth=200&#038;qlty=75\" \/>\n<\/div>\n<div class=\"toc-table\">\n<p class=\"singleline\">1969 &#8211; 1971\n<\/p>\n<p class=\"singleline\">fachoberschule ingenieurwesen<br \/>in der berufsschule am moselring im gleisdreieck<\/p>\n<\/div>\n<\/section>\n<section class=\"toc-grid\">\n<!-- FH --><\/p>\n<div class=\"toc-img\">\n<img decoding=\"async\" src=\"https:\/\/hutmachergass.de\/hmg\/php\/getimg.php?img=https:\/\/hutmachergass.de\/hmg\/cv\/DSCN005.JPG&#038;wdth=200&#038;qlty=75\" \/>\n<\/div>\n<div class=\"toc-table\">\n<p class=\"singleline\">1971 &#8211; 1974\n<\/p>\n<p class=\"singleline\">fachhochschule rheinland-pfalz, abt. koblenz<br \/>auf der karthause, hinterm l\u00f6wentor<\/p>\n<\/div>\n<\/section>\n<section class=\"toc-grid\">\n<!-- TFH --><\/p>\n<div class=\"toc-img\">\n<img decoding=\"async\" src=\"https:\/\/hutmachergass.de\/hmg\/php\/getimg.php?img=https:\/\/hutmachergass.de\/hmg\/cv\/DSCN006.JPG&#038;wdth=200&#038;qlty=75\" \/>\n<\/div>\n<div class=\"toc-table\">\n<p class=\"singleline\">1974 &#8211; 1977\n<\/p>\n<p class=\"singleline\">technische fachhochschule berlin<br \/>zuerst noch kurf\u00fcrstenstra\u00dfe und leinestra\u00dfe, ab 1976 im wedding in der luxemburger stra\u00dfe<\/p>\n<\/div>\n<\/section>\n<section class=\"toc-grid\">\n<!-- OSZ6 Schmittlein --><\/p>\n<div class=\"toc-img\">\n<!-- <a href=\"http:\/\/www.oszimt.de\/\" target=\"_blank\" rel=\"noopener noreferrer\"><img decoding=\"async\" src=\"https:\/\/hutmachergass.de\/hmg\/php\/getimg.php?img=https:\/\/hutmachergass.de\/hmg\/cv\/DSCN007.JPG&wdth=200&qlty=75\" \/><\/a> --><br \/>\n<img decoding=\"async\" src=\"https:\/\/hutmachergass.de\/hmg\/php\/getimg.php?img=https:\/\/hutmachergass.de\/hmg\/cv\/DSCN007.JPG&#038;wdth=200&#038;qlty=75\" \/>\n<\/div>\n<div class=\"toc-table\">\n<p class=\"singleline\">1977\n<\/p>\n<p class=\"singleline\">baufirma anton schmittlein ag<br \/>baustelle oberstufenzentrum 6 in britz<\/p>\n<\/div>\n<\/section>\n<section class=\"toc-grid\">\n<!-- FHA Pl\u00f6tzensee Langlie --><\/p>\n<div class=\"toc-img\">\n<!-- <a href=\"http:\/\/www.berlin.de\/justizvollzug\/anstalten\/jva-ploetzensee\/\" target=\"_blank\" rel=\"noopener noreferrer\"><img decoding=\"async\" src=\"https:\/\/hutmachergass.de\/hmg\/php\/getimg.php?img=https:\/\/hutmachergass.de\/hmg\/cv\/DSCN008.JPG&wdth=200&qlty=75\" \/><\/a>--><br \/>\n<img decoding=\"async\" src=\"https:\/\/hutmachergass.de\/hmg\/php\/getimg.php?img=https:\/\/hutmachergass.de\/hmg\/cv\/DSCN008.JPG&#038;wdth=200&#038;qlty=75\" \/>\n<\/div>\n<div class=\"toc-table\">\n<p class=\"singleline\">1978 &#8211; 1979\n<\/p>\n<p class=\"singleline\">ingenieurb\u00fcro Carsten Langlie<br \/>hauptprojekt statik der neubauten der justizvollzugsanstalten in pl\u00f6tzensee<\/p>\n<\/div>\n<\/section>\n<section class=\"toc-grid\">\n<!-- FUB --><\/p>\n<div class=\"toc-img\">\n<a href=\"http:\/\/www.fu-berlin.de\/einrichtungen\/fachbereiche\/mathe-inf\/\" target=\"_blank\" rel=\"noopener noreferrer\"><img decoding=\"async\" src=\"https:\/\/hutmachergass.de\/hmg\/php\/getimg.php?img=https:\/\/hutmachergass.de\/hmg\/cv\/DSCN009.JPG&#038;wdth=200&#038;qlty=75\" \/><\/a>\n<\/div>\n<div class=\"toc-table\">\n<p class=\"singleline\">1979 &#8211; <a href=\"http:\/\/hutmachergass.de\/hmg\/misc\/19881019-diplomarbeit.pdf\">1988<\/a>\n<\/p>\n<p class=\"singleline\">freie universit\u00e4t berlin<\/p>\n<\/div>\n<\/section>\n<section class=\"toc-grid\">\n<!-- Netphen --><\/p>\n<div class=\"toc-img\">\n<a href=\"https:\/\/de.wikipedia.org\/wiki\/Netphen\" target=\"_blank\" rel=\"noopener noreferrer\"><img decoding=\"async\" src=\"https:\/\/hutmachergass.de\/hmg\/php\/getimg.php?img=https:\/\/hutmachergass.de\/hmg\/cv\/DSCN0891.JPG&#038;wdth=200&#038;qlty=75\" \/><\/a>\n<\/div>\n<div class=\"toc-table\">\n<p class=\"singleline\">1989\n<\/p>\n<p class=\"singleline\">netphen<\/p>\n<\/div>\n<\/section>\n<section class=\"toc-grid\">\n<!-- Deutsche Bundesbahn --><\/p>\n<div class=\"toc-img\">\n<!-- <a href=\"http:\/\/www.db-systel.de\/\" target=\"_blank\" rel=\"noopener noreferrer\"><img decoding=\"async\" src=\"https:\/\/hutmachergass.de\/hmg\/php\/getimg.php?img=https:\/\/hutmachergass.de\/hmg\/cv\/DSCN010.JPG&wdth=200&qlty=75\" \/><\/a>--><br \/>\n<img decoding=\"async\" src=\"https:\/\/hutmachergass.de\/hmg\/php\/getimg.php?img=https:\/\/hutmachergass.de\/hmg\/cv\/DSCN010.JPG&#038;wdth=200&#038;qlty=75\" \/>\n<\/div>\n<div class=\"toc-table\">\n<p class=\"singleline\">1989\n<\/p>\n<p class=\"singleline\">deutsche bundesbahn<br \/>datenverarbeitung in der fl\u00e4che auf as\/400<\/p>\n<\/div>\n<\/section>\n<section class=\"toc-grid\">\n<!-- Wiesbaden --><\/p>\n<div class=\"toc-img\">\n<a href=\"https:\/\/de.wikipedia.org\/wiki\/Wiesbaden\" target=\"_blank\" rel=\"noopener noreferrer\"><img decoding=\"async\" src=\"https:\/\/hutmachergass.de\/hmg\/php\/getimg.php?img=https:\/\/hutmachergass.de\/hmg\/cv\/DSCN0898.JPG&#038;wdth=200&#038;qlty=75\" \/><\/a>\n<\/div>\n<div class=\"toc-table\">\n<p class=\"singleline\">1989\n<\/p>\n<p class=\"singleline\">wiesbaden<\/p>\n<\/div>\n<\/section>\n<section class=\"toc-grid\">\n<!-- danet --><\/p>\n<div class=\"toc-img\">\n<img decoding=\"async\" src=\"https:\/\/hutmachergass.de\/hmg\/php\/getimg.php?img=https:\/\/hutmachergass.de\/hmg\/cv\/DSCN011.JPG&#038;wdth=200&#038;qlty=75\" \/>\n<\/div>\n<div class=\"toc-table\">\n<p class=\"singleline\">1990 &#8211; 1997\n<\/p>\n<p class=\"singleline\">danet gmbh<br \/>telekommunikationssoftware, zuerst auch auf os\/2<\/p>\n<\/div>\n<\/section>\n<section class=\"toc-grid\">\n<!-- dieburg --><\/p>\n<div class=\"toc-img\">\n<a href=\"https:\/\/de.wikipedia.org\/wiki\/Dieburg\" target=\"_blank\" rel=\"noopener noreferrer\"><img decoding=\"async\" src=\"https:\/\/hutmachergass.de\/hmg\/php\/getimg.php?img=https:\/\/hutmachergass.de\/hmg\/cv\/DSCN093.JPG&#038;wdth=200&#038;qlty=75\" \/><\/a>\n<\/div>\n<div class=\"toc-table\">\n<p class=\"singleline\">1993\n<\/p>\n<p class=\"singleline\">dieburg<\/p>\n<\/div>\n<\/section>\n<section class=\"toc-grid\">\n<!-- software ag --><\/p>\n<div class=\"toc-img\">\n<!--<a href=\"http:\/\/www.softwareag.de\/\" target=\"_blank\" rel=\"noopener noreferrer\"><img decoding=\"async\" src=\"https:\/\/hutmachergass.de\/hmg\/php\/getimg.php?img=https:\/\/hutmachergass.de\/hmg\/cv\/DSCN012.JPG&wdth=200&qlty=75\" \/><\/a>--><br \/>\n<img decoding=\"async\" src=\"https:\/\/hutmachergass.de\/hmg\/php\/getimg.php?img=https:\/\/hutmachergass.de\/hmg\/cv\/DSCN012.JPG&#038;wdth=200&#038;qlty=75\" \/>\n<\/div>\n<div class=\"toc-table\">\n<p class=\"singleline\">1998 &#8211; 2018\n<\/p>\n<p class=\"singleline\">software ag<br \/>datenbanksoftware auch auf vms<\/p>\n<\/div>\n<\/section>\n","protected":false},"excerpt":{"rendered":"<p>1952 1953 die stra\u00dfenbahn fuhr noch bis 1961 nach metternich 1959 &#8211; 1963 volksschule rohrerhofnicht jungen und m\u00e4dchen getrennt, aber katholisch und evangelisch. weil es nur so wenige evangelen gab, mussten diese mehrere jahrg\u00e4nge \u00fcbergreifend in eine klasse gehen, wie &hellip; <a href=\"https:\/\/hutmachergass.de\/hmg\/steffsblog\/?page_id=2882\">Continue reading <span class=\"meta-nav\">&rarr;<\/span><\/a><\/p>\n","protected":false},"author":2,"featured_media":0,"parent":66,"menu_order":0,"comment_status":"closed","ping_status":"closed","template":"","meta":{"footnotes":""},"class_list":["post-2882","page","type-page","status-publish","hentry"],"_links":{"self":[{"href":"https:\/\/hutmachergass.de\/hmg\/steffsblog\/index.php?rest_route=\/wp\/v2\/pages\/2882","targetHints":{"allow":["GET"]}}],"collection":[{"href":"https:\/\/hutmachergass.de\/hmg\/steffsblog\/index.php?rest_route=\/wp\/v2\/pages"}],"about":[{"href":"https:\/\/hutmachergass.de\/hmg\/steffsblog\/index.php?rest_route=\/wp\/v2\/types\/page"}],"author":[{"embeddable":true,"href":"https:\/\/hutmachergass.de\/hmg\/steffsblog\/index.php?rest_route=\/wp\/v2\/users\/2"}],"replies":[{"embeddable":true,"href":"https:\/\/hutmachergass.de\/hmg\/steffsblog\/index.php?rest_route=%2Fwp%2Fv2%2Fcomments&post=2882"}],"version-history":[{"count":2,"href":"https:\/\/hutmachergass.de\/hmg\/steffsblog\/index.php?rest_route=\/wp\/v2\/pages\/2882\/revisions"}],"predecessor-version":[{"id":7198,"href":"https:\/\/hutmachergass.de\/hmg\/steffsblog\/index.php?rest_route=\/wp\/v2\/pages\/2882\/revisions\/7198"}],"up":[{"embeddable":true,"href":"https:\/\/hutmachergass.de\/hmg\/steffsblog\/index.php?rest_route=\/wp\/v2\/pages\/66"}],"wp:attachment":[{"href":"https:\/\/hutmachergass.de\/hmg\/steffsblog\/index.php?rest_route=%2Fwp%2Fv2%2Fmedia&parent=2882"}],"curies":[{"name":"wp","href":"https:\/\/api.w.org\/{rel}","templated":true}]}}