{"id":2555,"date":"2023-03-04T16:10:49","date_gmt":"2023-03-04T15:10:49","guid":{"rendered":"http:\/\/hutmachergass.de\/hmg\/steffsblog\/?page_id=2555"},"modified":"2023-03-04T16:10:49","modified_gmt":"2023-03-04T15:10:49","slug":"a-to-do-a-template","status":"publish","type":"page","link":"https:\/\/hutmachergass.de\/hmg\/steffsblog\/?page_id=2555","title":{"rendered":"a to do &#038; a template"},"content":{"rendered":"<p>vorw\u00e4rts-r\u00fcckw\u00e4rts-links auf pages unten<\/p>\n<table>\n<tr>\n<td style=\"text-align:left;  font-size:large;\"><a href=\"?page_id=\">&lArr; <\/a><\/td>\n<td style=\"text-align:right; font-size: large;\"><a href=\"?page_id=\"> &rArr;<\/a><\/td>\n<\/tr>\n<\/table>\n<p>wp pages draus machen = page hutmachergass.de<br \/>\ntemplate<\/p>\n<div id=\"\">\n<hr \/>\n<h1><\/h1>\n<p>text<\/p>\n<p>&#8212;> daf\u00fcr makeimglinks.php benutzen! -> macht wp makro<br \/>\n<a href=\"http:\/\/hutmachergass.de\/hmg3\/bilder\/\"><img decoding=\"async\" src=\"http:\/\/hutmachergass.de\/hmg\/php\/getimg.php?img=http:\/\/hutmachergass.de\/hmg3\/bilder\/ &#038;wdth=500&#038;qlty=95\" \/><\/a><\/p>\n<p><span class=\"bu\"><\/span><\/p>\n<p>< ---\n\n<\/div>\n","protected":false},"excerpt":{"rendered":"<p>vorw\u00e4rts-r\u00fcckw\u00e4rts-links auf pages unten &lArr; &rArr; wp pages draus machen = page hutmachergass.de template text &#8212;> daf\u00fcr makeimglinks.php benutzen! -> macht wp makro < ---\n<\/p>\n","protected":false},"author":2,"featured_media":0,"parent":0,"menu_order":0,"comment_status":"closed","ping_status":"closed","template":"","meta":{"footnotes":""},"class_list":["post-2555","page","type-page","status-publish","hentry"],"_links":{"self":[{"href":"https:\/\/hutmachergass.de\/hmg\/steffsblog\/index.php?rest_route=\/wp\/v2\/pages\/2555","targetHints":{"allow":["GET"]}}],"collection":[{"href":"https:\/\/hutmachergass.de\/hmg\/steffsblog\/index.php?rest_route=\/wp\/v2\/pages"}],"about":[{"href":"https:\/\/hutmachergass.de\/hmg\/steffsblog\/index.php?rest_route=\/wp\/v2\/types\/page"}],"author":[{"embeddable":true,"href":"https:\/\/hutmachergass.de\/hmg\/steffsblog\/index.php?rest_route=\/wp\/v2\/users\/2"}],"replies":[{"embeddable":true,"href":"https:\/\/hutmachergass.de\/hmg\/steffsblog\/index.php?rest_route=%2Fwp%2Fv2%2Fcomments&post=2555"}],"version-history":[{"count":0,"href":"https:\/\/hutmachergass.de\/hmg\/steffsblog\/index.php?rest_route=\/wp\/v2\/pages\/2555\/revisions"}],"wp:attachment":[{"href":"https:\/\/hutmachergass.de\/hmg\/steffsblog\/index.php?rest_route=%2Fwp%2Fv2%2Fmedia&parent=2555"}],"curies":[{"name":"wp","href":"https:\/\/api.w.org\/{rel}","templated":true}]}}