{"id":2408,"date":"2018-10-30T14:22:51","date_gmt":"2018-10-30T13:22:51","guid":{"rendered":"http:\/\/hutmachergass.de\/hmg\/steffsblog\/?page_id=2408"},"modified":"2023-03-04T17:03:52","modified_gmt":"2023-03-04T16:03:52","slug":"bodensee","status":"publish","type":"page","link":"https:\/\/hutmachergass.de\/hmg\/steffsblog\/?page_id=2408","title":{"rendered":"best of bodensee"},"content":{"rendered":"<p class=\"singleline\"><a href=\"http:\/\/hutmachergass.de\/hmg3\/bilder\/bodensee\/002-heiligenberg.jpg\"><img decoding=\"async\" src=\"http:\/\/hutmachergass.de\/hmg\/php\/getimg.php?img=http:\/\/hutmachergass.de\/hmg3\/bilder\/bodensee\/002-heiligenberg.jpg&#038;wdth=600&#038;qlty=85\" \/><\/a><\/p>\n<p><span class=\"bu\">s\u00e4ntis vom heiligenberg<\/span><\/p>\n<p class=\"singleline\"><a href=\"http:\/\/hutmachergass.de\/hmg3\/bilder\/bodensee\/012-pfrungener_ried.jpg\"><img decoding=\"async\" src=\"http:\/\/hutmachergass.de\/hmg\/php\/getimg.php?img=http:\/\/hutmachergass.de\/hmg3\/bilder\/bodensee\/012-pfrungener_ried.jpg&#038;wdth=600&#038;qlty=85\" \/><\/a><\/p>\n<p><span class=\"bu\">pfrungener ried<\/span><\/p>\n<p class=\"singleline\"><a href=\"http:\/\/hutmachergass.de\/hmg3\/bilder\/bodensee\/014-pfrungener_ried.jpg\"><img decoding=\"async\" src=\"http:\/\/hutmachergass.de\/hmg\/php\/getimg.php?img=http:\/\/hutmachergass.de\/hmg3\/bilder\/bodensee\/014-pfrungener_ried.jpg&#038;wdth=600&#038;qlty=85\" \/><\/a><\/p>\n<p><span class=\"bu\"><\/span><\/p>\n<p class=\"singleline\"><a href=\"http:\/\/hutmachergass.de\/hmg3\/bilder\/bodensee\/018-staad.jpg\"><img decoding=\"async\" src=\"http:\/\/hutmachergass.de\/hmg\/php\/getimg.php?img=http:\/\/hutmachergass.de\/hmg3\/bilder\/bodensee\/018-staad.jpg&#038;wdth=600&#038;qlty=85\" \/><\/a><\/p>\n<p><span class=\"bu\">meersburg von petershausen<\/span><\/p>\n<p class=\"singleline\"><a href=\"http:\/\/hutmachergass.de\/hmg3\/bilder\/bodensee\/022-petershausen.jpg\"><img decoding=\"async\" src=\"http:\/\/hutmachergass.de\/hmg\/php\/getimg.php?img=http:\/\/hutmachergass.de\/hmg3\/bilder\/bodensee\/022-petershausen.jpg&#038;wdth=600&#038;qlty=85\" \/><\/a><\/p>\n<p><span class=\"bu\"><\/span><\/p>\n<p class=\"singleline\"><a href=\"http:\/\/hutmachergass.de\/hmg3\/bilder\/bodensee\/024-petershausen.jpg\"><img decoding=\"async\" src=\"http:\/\/hutmachergass.de\/hmg\/php\/getimg.php?img=http:\/\/hutmachergass.de\/hmg3\/bilder\/bodensee\/024-petershausen.jpg&#038;wdth=600&#038;qlty=85\" \/><\/a><\/p>\n<p><span class=\"bu\">imperia mit s\u00e4ntis von stromkilometer 0<\/span><\/p>\n<p class=\"singleline\"><a href=\"http:\/\/hutmachergass.de\/hmg3\/bilder\/bodensee\/026-gehrenberg.jpg\"><img decoding=\"async\" src=\"http:\/\/hutmachergass.de\/hmg\/php\/getimg.php?img=http:\/\/hutmachergass.de\/hmg3\/bilder\/bodensee\/026-gehrenberg.jpg&#038;wdth=600&#038;qlty=85\" \/><\/a><\/p>\n<p><span class=\"bu\">s\u00e4ntis vom gehrenberg<\/span><\/p>\n<p class=\"singleline\"><a href=\"http:\/\/hutmachergass.de\/hmg3\/bilder\/bodensee\/034-lindau.jpg\"><img decoding=\"async\" src=\"http:\/\/hutmachergass.de\/hmg\/php\/getimg.php?img=http:\/\/hutmachergass.de\/hmg3\/bilder\/bodensee\/034-lindau.jpg&#038;wdth=600&#038;qlty=85\" \/><\/a><\/p>\n<p><span class=\"bu\">alpenrheinm\u00fcndung<\/span><\/p>\n<p class=\"singleline\"><a href=\"http:\/\/hutmachergass.de\/hmg3\/bilder\/images\/20130830-1280-konstanzerbucht.jpg\"><img decoding=\"async\" src=\"http:\/\/hutmachergass.de\/hmg\/php\/getimg.php?img=http:\/\/hutmachergass.de\/hmg3\/bilder\/\/images\/20130830-1280-konstanzerbucht.jpg&#038;wdth=600&#038;qlty=85\" \/><\/a><\/p>\n<p><span class=\"bu\">konstanzer bucht<\/span><\/p>\n<p class=\"singleline\"><a href=\"http:\/\/hutmachergass.de\/hmg3\/bilder\/bodensee\/035-wasserburg.jpg\"><img decoding=\"async\" src=\"http:\/\/hutmachergass.de\/hmg\/php\/getimg.php?img=http:\/\/hutmachergass.de\/hmg3\/bilder\/bodensee\/035-wasserburg.jpg&#038;wdth=600&#038;qlty=85\" \/><\/a><\/p>\n<p><span class=\"bu\">wasserburg<\/span><\/p>\n<p class=\"singleline\"><a href=\"http:\/\/hutmachergass.de\/hmg3\/bilder\/bodensee\/037-meersburg.jpg\"><img decoding=\"async\" src=\"http:\/\/hutmachergass.de\/hmg\/php\/getimg.php?img=http:\/\/hutmachergass.de\/hmg3\/bilder\/bodensee\/037-meersburg.jpg&#038;wdth=600&#038;qlty=85\" \/><\/a><\/p>\n<p><span class=\"bu\">meersburg &#8211; s\u00e4ntis nur zu erahnen<\/span><\/p>\n<p class=\"singleline\"><a href=\"http:\/\/hutmachergass.de\/hmg3\/bilder\/bodensee\/038-meersburg.jpg\"><img decoding=\"async\" src=\"http:\/\/hutmachergass.de\/hmg\/php\/getimg.php?img=http:\/\/hutmachergass.de\/hmg3\/bilder\/bodensee\/038-meersburg.jpg&#038;wdth=600&#038;qlty=85\" \/><\/a><\/p>\n<p><span class=\"bu\">meersburg<\/span><\/p>\n<p class=\"singleline\"><a href=\"http:\/\/hutmachergass.de\/hmg3\/bilder\/bodensee\/039-faehre.jpg\"><img decoding=\"async\" src=\"http:\/\/hutmachergass.de\/hmg\/php\/getimg.php?img=http:\/\/hutmachergass.de\/hmg3\/bilder\/bodensee\/039-faehre.jpg&#038;wdth=600&#038;qlty=85\" \/><\/a><\/p>\n<p><span class=\"bu\">f\u00e4hre meersburg\u2013konstanz<\/span><\/p>\n<p class=\"singleline\"><a href=\"http:\/\/hutmachergass.de\/hmg3\/bilder\/bodensee\/040-birnau.jpg\"><img decoding=\"async\" src=\"http:\/\/hutmachergass.de\/hmg\/php\/getimg.php?img=http:\/\/hutmachergass.de\/hmg3\/bilder\/bodensee\/040-birnau.jpg&#038;wdth=600&#038;qlty=85\" \/><\/a><\/p>\n<p><span class=\"bu\">birnau<\/span><\/p>\n","protected":false},"excerpt":{"rendered":"<p>s\u00e4ntis vom heiligenberg pfrungener ried meersburg von petershausen imperia mit s\u00e4ntis von stromkilometer 0 s\u00e4ntis vom gehrenberg alpenrheinm\u00fcndung konstanzer bucht wasserburg meersburg &#8211; s\u00e4ntis nur zu erahnen meersburg f\u00e4hre meersburg\u2013konstanz birnau<\/p>\n","protected":false},"author":2,"featured_media":0,"parent":2129,"menu_order":0,"comment_status":"closed","ping_status":"closed","template":"","meta":{"footnotes":""},"class_list":["post-2408","page","type-page","status-publish","hentry"],"_links":{"self":[{"href":"https:\/\/hutmachergass.de\/hmg\/steffsblog\/index.php?rest_route=\/wp\/v2\/pages\/2408","targetHints":{"allow":["GET"]}}],"collection":[{"href":"https:\/\/hutmachergass.de\/hmg\/steffsblog\/index.php?rest_route=\/wp\/v2\/pages"}],"about":[{"href":"https:\/\/hutmachergass.de\/hmg\/steffsblog\/index.php?rest_route=\/wp\/v2\/types\/page"}],"author":[{"embeddable":true,"href":"https:\/\/hutmachergass.de\/hmg\/steffsblog\/index.php?rest_route=\/wp\/v2\/users\/2"}],"replies":[{"embeddable":true,"href":"https:\/\/hutmachergass.de\/hmg\/steffsblog\/index.php?rest_route=%2Fwp%2Fv2%2Fcomments&post=2408"}],"version-history":[{"count":0,"href":"https:\/\/hutmachergass.de\/hmg\/steffsblog\/index.php?rest_route=\/wp\/v2\/pages\/2408\/revisions"}],"up":[{"embeddable":true,"href":"https:\/\/hutmachergass.de\/hmg\/steffsblog\/index.php?rest_route=\/wp\/v2\/pages\/2129"}],"wp:attachment":[{"href":"https:\/\/hutmachergass.de\/hmg\/steffsblog\/index.php?rest_route=%2Fwp%2Fv2%2Fmedia&parent=2408"}],"curies":[{"name":"wp","href":"https:\/\/api.w.org\/{rel}","templated":true}]}}