{"id":2096,"date":"2018-05-28T19:43:12","date_gmt":"2018-05-28T17:43:12","guid":{"rendered":"http:\/\/hutmachergass.de\/hmg\/steffsblog\/?page_id=2096"},"modified":"2025-06-24T17:24:23","modified_gmt":"2025-06-24T15:24:23","slug":"hunsruckquerungen","status":"publish","type":"page","link":"https:\/\/hutmachergass.de\/hmg\/steffsblog\/?page_id=2096","title":{"rendered":"hunsr\u00fcck, eifel, pfalz, saar"},"content":{"rendered":"<section class=toc-grid id=\"toc\">\n<div class=\"toc-img\">\n<img decoding=\"async\" src=\"http:\/\/hutmachergass.de\/hmg3\/bilder\/wp\/eifel-hunsrueck.jpg\" \/><br \/>\n<!-- <img decoding=\"async\" src=\"http:\/\/hutmachergass.de\/hmg\/php\/getimg.php?img=http:\/\/hutmachergass.de\/hmg3\/bilder\/2018\/20180406-hunsrueck-1068.jpg&wdth=300&qlty=75\"  alt=\"\" \/>-->\n<\/div>\n<div class=\"toc-table\">\n<ul>\n<li><a href=\"?page_id=7264#alsenzappel\">alsenz &#038; appel<\/a><\/li>\n<li><a href=\"?page_id=6521#hunsrueck\">hunsr\u00fcck<\/a> im oktober<\/li>\n<li><a href=\"?page_id=6521#flonheim\">hinterrheinhessen<\/a> nochmal<\/li>\n<li><a href=\"?page_id=6521#hinterrheinhessen\">hinterrheinhessen<\/a><\/li>\n<li><a href=\"?page_id=6521#forumstreffen\">forumstreffen<\/a> in tiefenbach<\/li>\n<li><a href=\"?page_id=5889#guldenbachtal\">guldenbachtal<\/a> im april<\/li>\n<li><a href=\"?page_id=5663#rheinboellen\">soonwald<\/a> im januar<\/li>\n<li><a href=\"?page_id=2955#monreal2020\">monreal<\/a> &#8211; rundwanderung<\/li>\n<li><a href=\"?page_id=4540\">s\u00fcd- und westeifel<\/a> &#8211; von t\u00fcrkism\u00fchle zu mosel und sauer und in gro\u00dfem bogen zum rhein <\/li>\n<li><a href=\"?page_id=4379\">donnersberg + kalmit<\/a> &#8211; alsenztal und speyerbachtal<\/li>\n<li><a href=\"?page_id=3853#hunsrueck3\">soonwald, hunsr\u00fcck<\/a> &#8211; von kirn nach burgen<\/li>\n<li><a href=\"?page_id=2955#maifeld2018\">maifeld wandern<\/a> &#8211; burg eltz und trimbs<\/li>\n<li><a href=\"?page_id=3853#hunsrueck2\">rund um den erbeskopf<\/a> &#8211; von idar-oberstein nach fischbach<\/li>\n<li><a href=\"?page_id=3853#hunsrueck1\">hunsr\u00fcck-mosel-radweg<\/a> &#8211; von treis nach bad kreuznach<\/li>\n<li><a href=\"?page_id=3853#herbstlaub2017\">herbstlaub s\u00fcdpfalz<\/a> &#8211; weinstra\u00dfe, lautertal, glantal<\/li>\n<li><a href=\"?page_id=3853#hunsrueck0\">hunsr\u00fcck &#038; schinderhannes<\/a> &#8211; von niederheimbach nach oberwesel<\/li>\n<li><a href=\"?page_id=3084\">donnersberg<\/a> &#8211; alsenztal und pfrimmtal<\/li>\n<li><a href=\"?page_id=3853#eifel2\">adfc-eifeltour<\/a> &#8211; vennbahnradweg und rurtal<\/li>\n<li><a href=\"?page_id=3052#rheintour2016\">DB-museum l\u00fctzel<\/a> &#8211; und rheinaufw\u00e4rts<\/li>\n<li><a href=\"?page_id=3853#glanhunsrueck\">bahntrassen und berge<\/a> &#8211; glantal und hunsr\u00fcckradweg<\/li>\n<li><a href=\"?page_id=3853#wissembourg2015\">wissembourg<\/a> &#8211; bienwald<\/li>\n<li><a href=\"?page_id=3853#maifeld\">maifeld und mosel<\/a> &#8211; ochtendung, mayen, mosel<\/li>\n<li><a href=\"?page_id=3098\">weinstra\u00dfe s\u00fcdw\u00e4rts<\/a> &#8211; und weiter bis rastatt<\/li>\n<li><a href=\"?page_id=3110\">blies &#8211; saar &#8211; prims<\/a> &#8211; runde im saarland<\/li>\n<li><a href=\"?page_id=3853#ahrkyll\">ahr &#8211; kyll<\/a> &#8211; von bad neuenahr nach ehrang<\/li>\n<\/ul>\n<p><a href=\"?page_id=3853#tracks\">tracks<\/a>\n<\/div>\n<\/section>\n","protected":false},"excerpt":{"rendered":"<p>alsenz &#038; appel hunsr\u00fcck im oktober hinterrheinhessen nochmal hinterrheinhessen forumstreffen in tiefenbach guldenbachtal im april soonwald im januar monreal &#8211; rundwanderung s\u00fcd- und westeifel &#8211; von t\u00fcrkism\u00fchle zu mosel und sauer und in gro\u00dfem bogen zum rhein donnersberg + kalmit &hellip; <a href=\"https:\/\/hutmachergass.de\/hmg\/steffsblog\/?page_id=2096\">Continue reading <span class=\"meta-nav\">&rarr;<\/span><\/a><\/p>\n","protected":false},"author":2,"featured_media":0,"parent":914,"menu_order":0,"comment_status":"closed","ping_status":"closed","template":"","meta":{"footnotes":""},"class_list":["post-2096","page","type-page","status-publish","hentry"],"_links":{"self":[{"href":"https:\/\/hutmachergass.de\/hmg\/steffsblog\/index.php?rest_route=\/wp\/v2\/pages\/2096","targetHints":{"allow":["GET"]}}],"collection":[{"href":"https:\/\/hutmachergass.de\/hmg\/steffsblog\/index.php?rest_route=\/wp\/v2\/pages"}],"about":[{"href":"https:\/\/hutmachergass.de\/hmg\/steffsblog\/index.php?rest_route=\/wp\/v2\/types\/page"}],"author":[{"embeddable":true,"href":"https:\/\/hutmachergass.de\/hmg\/steffsblog\/index.php?rest_route=\/wp\/v2\/users\/2"}],"replies":[{"embeddable":true,"href":"https:\/\/hutmachergass.de\/hmg\/steffsblog\/index.php?rest_route=%2Fwp%2Fv2%2Fcomments&post=2096"}],"version-history":[{"count":7,"href":"https:\/\/hutmachergass.de\/hmg\/steffsblog\/index.php?rest_route=\/wp\/v2\/pages\/2096\/revisions"}],"predecessor-version":[{"id":7422,"href":"https:\/\/hutmachergass.de\/hmg\/steffsblog\/index.php?rest_route=\/wp\/v2\/pages\/2096\/revisions\/7422"}],"up":[{"embeddable":true,"href":"https:\/\/hutmachergass.de\/hmg\/steffsblog\/index.php?rest_route=\/wp\/v2\/pages\/914"}],"wp:attachment":[{"href":"https:\/\/hutmachergass.de\/hmg\/steffsblog\/index.php?rest_route=%2Fwp%2Fv2%2Fmedia&parent=2096"}],"curies":[{"name":"wp","href":"https:\/\/api.w.org\/{rel}","templated":true}]}}