{"id":2063,"date":"2018-05-20T19:22:28","date_gmt":"2018-05-20T17:22:28","guid":{"rendered":"http:\/\/hutmachergass.de\/hmg\/steffsblog\/?page_id=2063"},"modified":"2023-03-05T17:33:14","modified_gmt":"2023-03-05T16:33:14","slug":"valle-de-mena-bilbao","status":"publish","type":"page","link":"https:\/\/hutmachergass.de\/hmg\/steffsblog\/?page_id=2063","title":{"rendered":"valles de mena, carranza, villaverde &#038; mercadillo &#038; bilbao"},"content":{"rendered":"<h1>die wanderung<\/h1>\n<p>testwanderung f\u00fcr <a href=\"https:\/\/www.onfootholidays.co.uk\/routes\/basque-country\/\" target=\"_blank\" rel=\"noopener noreferrer\">diese<\/a> tour. das wetter h\u00e4tte etwas spanischer sein k\u00f6nnen, wobei es in diesem teil, insbesondere n\u00f6rdlich der <a href=\"https:\/\/es.wikipedia.org\/wiki\/Montes_de_Ordunte\" target=\"_blank\" rel=\"noopener noreferrer\">montes de ordunte<\/a> und in bilbao deutlich mehr regnet als bei uns. wegen der h\u00f6he des <a href=\"https:\/\/de.wikipedia.org\/wiki\/Valle_de_Mena\" target=\"_blank\" rel=\"noopener noreferrer\">valle de mena<\/a> war die vegetation noch nicht sehr weit, auf den h\u00f6heren berggipfeln lag sogar noch schnee.<\/p>\n<p>der erste tag, die quintanilla-runde, fand zum gr\u00f6\u00dften teil bei bedecktem himmel statt, immerhin kein regen. h\u00f6hepunkt: der ausblick vom <a href=\"https:\/\/es.wikipedia.org\/wiki\/Ojo_Guare%C3%B1a\" rel=\"noopener noreferrer\" target=\"_blank\">ojo guare\u00f1a<\/a> ins tal.<\/p>\n<p class=\"imgcent\"><a href=\"http:\/\/hutmachergass.de\/hmg3\/bilder\/paisvasco2018\/20180425132026.jpg\"><img decoding=\"async\" src=\"http:\/\/hutmachergass.de\/hmg\/php\/getimg.php?img=http:\/\/hutmachergass.de\/hmg3\/bilder\/paisvasco2018\/20180425132026.jpg&#038;wdth=600&#038;qlty=85\" \/><\/a><\/p>\n<p>die <a href=\"https:\/\/es.wikipedia.org\/wiki\/Ferrocarril_de_La_Robla\" rel=\"noopener noreferrer\" target=\"_blank\">ferrocarril de la robla<\/a> ist zwar wieder in betrieb, aber eher als touristische bahn, weniger als echtes verkehrsmittel. sie f\u00e4hrt zwischen le\u00f3n und bilbao nur einmal am tag, nachmittags. immerhin k\u00f6nnte man damit auch anreisen, passende ankunft in bilbao vorausgesetzt.<\/p>\n<p class=\"imgcent\"><a href=\"http:\/\/hutmachergass.de\/hmg3\/bilder\/paisvasco2018\/20180425163429-1353.jpg\"><img decoding=\"async\" src=\"http:\/\/hutmachergass.de\/hmg\/php\/getimg.php?img=http:\/\/hutmachergass.de\/hmg3\/bilder\/paisvasco2018\/20180425163429-1353.jpg&#038;wdth=600&#038;qlty=85\" \/><\/a><\/p>\n<p>die landwirtschaft scheint haupts\u00e4chlich milchvieh-weidewirtschaft zu sein, eher extensiv, zumindest habe ich in der gegend keine qu\u00e4lfleischfabriken gesehen.<\/p>\n<p class=\"imgcent\"><a href=\"http:\/\/hutmachergass.de\/hmg3\/bilder\/paisvasco2018\/20180426095956-1428.jpg\"><img decoding=\"async\" src=\"http:\/\/hutmachergass.de\/hmg\/php\/getimg.php?img=http:\/\/hutmachergass.de\/hmg3\/bilder\/paisvasco2018\/20180426095956-1428.jpg&#038;wdth=600&#038;qlty=85\" \/><\/a><\/p>\n<p><a href=\"https:\/\/de.wikipedia.org\/wiki\/Espinosa_de_los_Monteros_%28Burgos%29\" rel=\"noopener noreferrer\" target=\"_blank\">espinosa de los monteros<\/a>. ber\u00fchmt wegen seiner monteros-pal\u00e4ste, welche zum teil nur noch ruinen sind oder kurz davor, welche zu werden.<\/p>\n<p class=\"imgcent\"><a href=\"http:\/\/hutmachergass.de\/hmg3\/bilder\/paisvasco2018\/20180426114605-1475.jpg\"><img decoding=\"async\" src=\"http:\/\/hutmachergass.de\/hmg\/php\/getimg.php?img=http:\/\/hutmachergass.de\/hmg3\/bilder\/paisvasco2018\/20180426114605-1475.jpg&#038;wdth=600&#038;qlty=85\" \/><\/a><\/p>\n<p>\u00fcberhaupt ist in der gegend die menge der verfallenden h\u00e4user erschreckend; andererseits, wovon sollen die leute dort in der pampa leben? entv\u00f6lkerung wie bei uns. unsere unterkunft des tages in san pelayo; wikipedia dazu: <em>Con apenas 42 habitantes censados, esta aldea est\u00e1 pr\u00e1cticamente despoblada y casi todos sus edificios se utilizan para la ganader\u00eda: caballos y vacas principalmente, y la caza.<\/em><\/p>\n<p>die plaza mayor von espinosa, die hier plaza sancho garc\u00eda hei\u00dft, ist gut gepflegt; immerhin steht hier ja auch das rathaus.<\/p>\n<p class=\"imgcent\"><a href=\"http:\/\/hutmachergass.de\/hmg3\/bilder\/paisvasco2018\/20180426114424-1474.jpg\"><img decoding=\"async\" src=\"http:\/\/hutmachergass.de\/hmg\/php\/getimg.php?img=http:\/\/hutmachergass.de\/hmg3\/bilder\/paisvasco2018\/20180426114424-1474.jpg&#038;wdth=600&#038;qlty=85\" \/><\/a><\/p>\n<p class=\"imgcent\"><a href=\"http:\/\/hutmachergass.de\/hmg3\/bilder\/paisvasco2018\/20180426140036-1499.jpg\"><img decoding=\"async\" src=\"http:\/\/hutmachergass.de\/hmg\/php\/getimg.php?img=http:\/\/hutmachergass.de\/hmg3\/bilder\/paisvasco2018\/20180426140036-1499.jpg&#038;wdth=600&#038;qlty=85\" \/><\/a><\/p>\n<p class=\"imgcent\"><a href=\"http:\/\/hutmachergass.de\/hmg3\/bilder\/paisvasco2018\/20180426140036-R-0389.jpg\"><img decoding=\"async\" src=\"http:\/\/hutmachergass.de\/hmg\/php\/getimg.php?img=http:\/\/hutmachergass.de\/hmg3\/bilder\/paisvasco2018\/20180426140036-R-0389.jpg&#038;wdth=600&#038;qlty=85\" \/><\/a><\/p>\n<p>aufw\u00e4rts zum zalama, h\u00f6chster gipfel hier, mit sch\u00f6nen ausblicken aufs valle de mena und die charakteristischen bruchkanten.<\/p>\n<p class=\"imgcent\"><a href=\"http:\/\/hutmachergass.de\/hmg3\/bilder\/paisvasco2018\/20180426164630-1534.jpg\"><img decoding=\"async\" src=\"http:\/\/hutmachergass.de\/hmg\/php\/getimg.php?img=http:\/\/hutmachergass.de\/hmg3\/bilder\/paisvasco2018\/20180426164630-1534.jpg&#038;wdth=600&#038;qlty=85\" \/><\/a><\/p>\n<p class=\"imgcent\"><a href=\"http:\/\/hutmachergass.de\/hmg3\/bilder\/paisvasco2018\/20180427104623-1592.jpg\"><img decoding=\"async\" src=\"http:\/\/hutmachergass.de\/hmg\/php\/getimg.php?img=http:\/\/hutmachergass.de\/hmg3\/bilder\/paisvasco2018\/20180427104623-1592.jpg&#038;wdth=600&#038;qlty=85\" \/><\/a><\/p>\n<p>auf dem gipfel wars mit der aussicht vorbei, der rest der tour, entlang des bergkamms in den wolken. bei klarem wetter m\u00fcssen die ausblicke nach s\u00fcden zum stausee und nach norden auf die kantabrischen berge beeindruckend sein.<\/p>\n<p class=\"imgcent\"><a href=\"http:\/\/hutmachergass.de\/hmg3\/bilder\/paisvasco2018\/20180427115105-1607.jpg\"><img decoding=\"async\" src=\"http:\/\/hutmachergass.de\/hmg\/php\/getimg.php?img=http:\/\/hutmachergass.de\/hmg3\/bilder\/paisvasco2018\/20180427115105-1607.jpg&#038;wdth=600&#038;qlty=85\" \/><\/a><\/p>\n<p class=\"imgcent\"><a href=\"http:\/\/hutmachergass.de\/hmg3\/bilder\/paisvasco2018\/20180427143235.jpg\"><img decoding=\"async\" src=\"http:\/\/hutmachergass.de\/hmg\/php\/getimg.php?img=http:\/\/hutmachergass.de\/hmg3\/bilder\/paisvasco2018\/20180427143235.jpg&#038;wdth=600&#038;qlty=85\" \/><\/a><\/p>\n<p class=\"imgcent\"><a href=\"http:\/\/hutmachergass.de\/hmg3\/bilder\/paisvasco2018\/20180427153539.jpg\"><img decoding=\"async\" src=\"http:\/\/hutmachergass.de\/hmg\/php\/getimg.php?img=http:\/\/hutmachergass.de\/hmg3\/bilder\/paisvasco2018\/20180427153539.jpg&#038;wdth=600&#038;qlty=85\" \/><\/a><\/p>\n<p>die n\u00e4chste etappe, <a href=\"https:\/\/es.wikipedia.org\/wiki\/Carranza\">valle de carranza<\/a>, schon westlichstes baskenland, ging wetterm\u00e4\u00dfig gerade so weiter, immerhin brauchten wir keine regensachen.<\/p>\n<p class=\"imgcent\"><a href=\"http:\/\/hutmachergass.de\/hmg3\/bilder\/paisvasco2018\/20180428101719-1620.jpg\"><img decoding=\"async\" src=\"http:\/\/hutmachergass.de\/hmg\/php\/getimg.php?img=http:\/\/hutmachergass.de\/hmg3\/bilder\/paisvasco2018\/20180428101719-1620.jpg&#038;wdth=600&#038;qlty=85\" \/><\/a><\/p>\n<p class=\"imgcent\"><a href=\"http:\/\/hutmachergass.de\/hmg3\/bilder\/paisvasco2018\/20180428121807-1634.jpg\"><img decoding=\"async\" src=\"http:\/\/hutmachergass.de\/hmg\/php\/getimg.php?img=http:\/\/hutmachergass.de\/hmg3\/bilder\/paisvasco2018\/20180428121807-1634.jpg&#038;wdth=600&#038;qlty=85\" \/><\/a><\/p>\n<p class=\"imgcent\"><a href=\"http:\/\/hutmachergass.de\/hmg3\/bilder\/paisvasco2018\/20180428143915-1650.jpg\"><img decoding=\"async\" src=\"http:\/\/hutmachergass.de\/hmg\/php\/getimg.php?img=http:\/\/hutmachergass.de\/hmg3\/bilder\/paisvasco2018\/20180428143915-1650.jpg&#038;wdth=600&#038;qlty=85\" \/><\/a><\/p>\n<p><span class=\"bu\">was es so alles gibt in cueto<\/span><\/p>\n<p class=\"imgcent\"><a href=\"http:\/\/hutmachergass.de\/hmg3\/bilder\/paisvasco2018\/20180428143755-1647.jpg\"><img decoding=\"async\" src=\"http:\/\/hutmachergass.de\/hmg\/php\/getimg.php?img=http:\/\/hutmachergass.de\/hmg3\/bilder\/paisvasco2018\/20180428143755-1647.jpg&#038;wdth=600&#038;qlty=85\" \/><\/a><\/p>\n<p><span class=\"bu\">im ausschnitt<\/span><\/p>\n<p>auch f\u00fcr den n\u00e4chsten tag, etappe von trucios nach mercadillo, war regen angesagt, der lie\u00df sich aber nicht blicken, daf\u00fcr \u00f6fters die sonne.<\/p>\n<p class=\"imgcent\"><a href=\"http:\/\/hutmachergass.de\/hmg3\/bilder\/paisvasco2018\/20180429094122-1679.jpg\"><img decoding=\"async\" src=\"http:\/\/hutmachergass.de\/hmg\/php\/getimg.php?img=http:\/\/hutmachergass.de\/hmg3\/bilder\/paisvasco2018\/20180429094122-1679.jpg&#038;wdth=600&#038;qlty=85\" \/><\/a><\/p>\n<p class=\"imgcent\"><a href=\"http:\/\/hutmachergass.de\/hmg3\/bilder\/paisvasco2018\/20180429114347-1703.jpg\"><img decoding=\"async\" src=\"http:\/\/hutmachergass.de\/hmg\/php\/getimg.php?img=http:\/\/hutmachergass.de\/hmg3\/bilder\/paisvasco2018\/20180429114347-1703.jpg&#038;wdth=600&#038;qlty=85\" \/><\/a><\/p>\n<p><span class=\"bu\">und blick auf den golf von biskaya<\/span><\/p>\n<p class=\"imgcent\"><a href=\"http:\/\/hutmachergass.de\/hmg3\/bilder\/paisvasco2018\/20180429135029-1733.jpg\"><img decoding=\"async\" src=\"http:\/\/hutmachergass.de\/hmg\/php\/getimg.php?img=http:\/\/hutmachergass.de\/hmg3\/bilder\/paisvasco2018\/20180429135029-1733.jpg&#038;wdth=600&#038;qlty=85\" \/><\/a><\/p>\n<p>die letzte etappe und der einritt nach bilbao gingen etwas im regen unter<\/p>\n<p class=\"imgcent\"><a href=\"http:\/\/hutmachergass.de\/hmg3\/bilder\/paisvasco2018\/20180430141939.jpg\"><img decoding=\"async\" src=\"http:\/\/hutmachergass.de\/hmg\/php\/getimg.php?img=http:\/\/hutmachergass.de\/hmg3\/bilder\/paisvasco2018\/20180430141939.jpg&#038;wdth=600&#038;qlty=85\" \/><\/a><\/p>\n<p>deshalb ein bild aus besseren zeiten, das team<\/p>\n<p class=\"imgcent\"><a href=\"http:\/\/hutmachergass.de\/hmg3\/bilder\/paisvasco2018\/20180426145638-1504.jpg\"><img decoding=\"async\" src=\"http:\/\/hutmachergass.de\/hmg\/php\/getimg.php?img=http:\/\/hutmachergass.de\/hmg3\/bilder\/paisvasco2018\/20180426145638-1504.jpg&#038;wdth=600&#038;qlty=85\" \/><\/a><\/p>\n<p><a href=\"https:\/\/photos.klaus-birkenbihl.de\/\" rel=\"noopener noreferrer\" target=\"_blank\">bilder von Klaus<\/a> (&#8220;Baskenland 2018&#8221;)<\/p>\n<h1>paar tage bilbao und baskenland<\/h1>\n<p>bilder von der titanblechschachtel gibts zu tausenden im web, manche davon vielleicht sogar besser als meine, deshalb hier keine.<br \/>\nnur ein paar eindr\u00fccke.<\/p>\n<p class=\"imgcent\"><a href=\"http:\/\/hutmachergass.de\/hmg3\/bilder\/paisvasco2018\/20180430192519-1762.jpg\"><img decoding=\"async\" src=\"http:\/\/hutmachergass.de\/hmg\/php\/getimg.php?img=http:\/\/hutmachergass.de\/hmg3\/bilder\/paisvasco2018\/20180430192519-1762.jpg&#038;wdth=600&#038;qlty=85\" \/><\/a><\/p>\n<p class=\"imgcent\"><a href=\"http:\/\/hutmachergass.de\/hmg3\/bilder\/paisvasco2018\/20180430194007-1765.jpg\"><img decoding=\"async\" src=\"http:\/\/hutmachergass.de\/hmg\/php\/getimg.php?img=http:\/\/hutmachergass.de\/hmg3\/bilder\/paisvasco2018\/20180430194007-1765.jpg&#038;wdth=600&#038;qlty=85\" \/><\/a><\/p>\n<p class=\"imgcent\"><a href=\"http:\/\/hutmachergass.de\/hmg3\/bilder\/paisvasco2018\/20180501095753-1781.jpg\"><img decoding=\"async\" src=\"http:\/\/hutmachergass.de\/hmg\/php\/getimg.php?img=http:\/\/hutmachergass.de\/hmg3\/bilder\/paisvasco2018\/20180501095753-1781.jpg&#038;wdth=600&#038;qlty=85\" \/><\/a><\/p>\n<p><span class=\"bu\">1. mai vorm teatro arriaga<\/span><\/p>\n<p class=\"imgcent\"><a href=\"http:\/\/hutmachergass.de\/hmg3\/bilder\/paisvasco2018\/20180501095826-1782.jpg\"><img decoding=\"async\" src=\"http:\/\/hutmachergass.de\/hmg\/php\/getimg.php?img=http:\/\/hutmachergass.de\/hmg3\/bilder\/paisvasco2018\/20180501095826-1782.jpg&#038;wdth=600&#038;qlty=85\" \/><\/a><\/p>\n<p class=\"imgcent\"><a href=\"http:\/\/hutmachergass.de\/hmg3\/bilder\/paisvasco2018\/20180501113346-1818.jpg\"><img decoding=\"async\" src=\"http:\/\/hutmachergass.de\/hmg\/php\/getimg.php?img=http:\/\/hutmachergass.de\/hmg3\/bilder\/paisvasco2018\/20180501113346-1818.jpg&#038;wdth=600&#038;qlty=85\" \/><\/a><\/p>\n<p><span class=\"bu\">guter radweg entlang des nervi\u00f3n, endet leider im nichts<\/span><\/p>\n<p class=\"imgcent\"><a href=\"http:\/\/hutmachergass.de\/hmg3\/bilder\/paisvasco2018\/20180501123002-1852.jpg\"><img decoding=\"async\" src=\"http:\/\/hutmachergass.de\/hmg\/php\/getimg.php?img=http:\/\/hutmachergass.de\/hmg3\/bilder\/paisvasco2018\/20180501123002-1852.jpg&#038;wdth=600&#038;qlty=85\" \/><\/a><\/p>\n<p class=\"imgcent\"><a href=\"http:\/\/hutmachergass.de\/hmg3\/bilder\/paisvasco2018\/20180501124149-1864.jpg\"><img decoding=\"async\" src=\"http:\/\/hutmachergass.de\/hmg\/php\/getimg.php?img=http:\/\/hutmachergass.de\/hmg3\/bilder\/paisvasco2018\/20180501124149-1864.jpg&#038;wdth=600&#038;qlty=85\" \/><\/a><\/p>\n<p class=\"imgcent\"><a href=\"http:\/\/hutmachergass.de\/hmg3\/bilder\/paisvasco2018\/20180505112630-2351.jpg\"><img decoding=\"async\" src=\"http:\/\/hutmachergass.de\/hmg\/php\/getimg.php?img=http:\/\/hutmachergass.de\/hmg3\/bilder\/paisvasco2018\/20180505112630-2351.jpg&#038;wdth=600&#038;qlty=85\" \/><\/a><\/p>\n<p class=\"imgcent\"><a href=\"http:\/\/hutmachergass.de\/hmg3\/bilder\/paisvasco2018\/20180501124653-1871.jpg\"><img decoding=\"async\" src=\"http:\/\/hutmachergass.de\/hmg\/php\/getimg.php?img=http:\/\/hutmachergass.de\/hmg3\/bilder\/paisvasco2018\/20180501124653-1871.jpg&#038;wdth=600&#038;qlty=85\" \/><\/a><\/p>\n<p class=\"imgcent\"><a href=\"http:\/\/hutmachergass.de\/hmg3\/bilder\/paisvasco2018\/20180501124902-1875.jpg\"><img decoding=\"async\" src=\"http:\/\/hutmachergass.de\/hmg\/php\/getimg.php?img=http:\/\/hutmachergass.de\/hmg3\/bilder\/paisvasco2018\/20180501124902-1875.jpg&#038;wdth=600&#038;qlty=85\" \/><\/a><\/p>\n<p><span class=\"bu\">chicas sentadas bajo el puente de la salve<\/span><\/p>\n<p class=\"imgcent\"><a href=\"http:\/\/hutmachergass.de\/hmg3\/bilder\/paisvasco2018\/20180504195555-2328.jpg\"><img decoding=\"async\" src=\"http:\/\/hutmachergass.de\/hmg\/php\/getimg.php?img=http:\/\/hutmachergass.de\/hmg3\/bilder\/paisvasco2018\/20180504195555-2328.jpg&#038;wdth=600&#038;qlty=85\" \/><\/a><\/p>\n<p class=\"imgcent\"><a href=\"http:\/\/hutmachergass.de\/hmg3\/bilder\/paisvasco2018\/20180501152238-1899.jpg\"><img decoding=\"async\" src=\"http:\/\/hutmachergass.de\/hmg\/php\/getimg.php?img=http:\/\/hutmachergass.de\/hmg3\/bilder\/paisvasco2018\/20180501152238-1899.jpg&#038;wdth=600&#038;qlty=85\" \/><\/a><\/p>\n<p><span class=\"bu\"><a href=\"https:\/\/de.wikipedia.org\/wiki\/Bahnhof_Bilbao-Abando\" rel=\"noopener noreferrer\" target=\"_blank\">bilbao hbf<\/a>, zumindest der in iberischer breitspur<\/span><\/p>\n<p class=\"imgcent\"><a href=\"http:\/\/hutmachergass.de\/hmg3\/bilder\/paisvasco2018\/20180501152740-1902.jpg\"><img decoding=\"async\" src=\"http:\/\/hutmachergass.de\/hmg\/php\/getimg.php?img=http:\/\/hutmachergass.de\/hmg3\/bilder\/paisvasco2018\/20180501152740-1902.jpg&#038;wdth=600&#038;qlty=85\" \/><\/a><\/p>\n<p class=\"imgcent\"><a href=\"http:\/\/hutmachergass.de\/hmg3\/bilder\/paisvasco2018\/20180505100836-2337.jpg\"><img decoding=\"async\" src=\"http:\/\/hutmachergass.de\/hmg\/php\/getimg.php?img=http:\/\/hutmachergass.de\/hmg3\/bilder\/paisvasco2018\/20180505100836-2337.jpg&#038;wdth=600&#038;qlty=85\" \/><\/a><\/p>\n<p><span class=\"bu\">bilbao-concordia, einer der <a href=\"https:\/\/de.wikipedia.org\/wiki\/Ferrocarriles_de_V%C3%ADa_Estrecha\" rel=\"noopener noreferrer\" target=\"_blank\">schmalspurbahnh\u00f6fe<\/a><\/span><\/p>\n<p class=\"imgcent\"><a href=\"http:\/\/hutmachergass.de\/hmg3\/bilder\/paisvasco2018\/20180505102018.jpg\"><img decoding=\"async\" src=\"http:\/\/hutmachergass.de\/hmg\/php\/getimg.php?img=http:\/\/hutmachergass.de\/hmg3\/bilder\/paisvasco2018\/20180505102018.jpg&#038;wdth=600&#038;qlty=85\" \/><\/a><\/p>\n<p><a href=\"https:\/\/de.wikipedia.org\/wiki\/Portugalete\" rel=\"noopener noreferrer\" target=\"_blank\">portugalete<\/a><\/p>\n<p class=\"imgcent\"><a href=\"http:\/\/hutmachergass.de\/hmg3\/bilder\/paisvasco2018\/20180501183951-1976.jpg\"><img decoding=\"async\" src=\"http:\/\/hutmachergass.de\/hmg\/php\/getimg.php?img=http:\/\/hutmachergass.de\/hmg3\/bilder\/paisvasco2018\/20180501183951-1976.jpg&#038;wdth=600&#038;qlty=85\" \/><\/a><\/p>\n<p class=\"imgcent\"><a href=\"http:\/\/hutmachergass.de\/hmg3\/bilder\/paisvasco2018\/20180501173655-1957.jpg\"><img decoding=\"async\" src=\"http:\/\/hutmachergass.de\/hmg\/php\/getimg.php?img=http:\/\/hutmachergass.de\/hmg3\/bilder\/paisvasco2018\/20180501173655-1957.jpg&#038;wdth=600&#038;qlty=85\" \/><\/a><\/p>\n<p class=\"imgcent\"><a href=\"http:\/\/hutmachergass.de\/hmg3\/bilder\/paisvasco2018\/20180501171720-1940.jpg\"><img decoding=\"async\" src=\"http:\/\/hutmachergass.de\/hmg\/php\/getimg.php?img=http:\/\/hutmachergass.de\/hmg3\/bilder\/paisvasco2018\/20180501171720-1940.jpg&#038;wdth=600&#038;qlty=85\" \/><\/a><\/p>\n<p class=\"imgcent\"><a href=\"http:\/\/hutmachergass.de\/hmg3\/bilder\/paisvasco2018\/20180501171038-1936.jpg\"><img decoding=\"async\" src=\"http:\/\/hutmachergass.de\/hmg\/php\/getimg.php?img=http:\/\/hutmachergass.de\/hmg3\/bilder\/paisvasco2018\/20180501171038-1936.jpg&#038;wdth=600&#038;qlty=85\" \/><\/a><\/p>\n<p class=\"imgcent\"><a href=\"http:\/\/hutmachergass.de\/hmg3\/bilder\/paisvasco2018\/20180501182659-1967.jpg\"><img decoding=\"async\" src=\"http:\/\/hutmachergass.de\/hmg\/php\/getimg.php?img=http:\/\/hutmachergass.de\/hmg3\/bilder\/paisvasco2018\/20180501182659-1967.jpg&#038;wdth=600&#038;qlty=85\" \/><\/a><\/p>\n<p><a href=\"https:\/\/de.wikipedia.org\/wiki\/Gernika\" rel=\"noopener noreferrer\" target=\"_blank\">guernica<\/a><\/p>\n<p class=\"imgcent\"><a href=\"http:\/\/hutmachergass.de\/hmg3\/bilder\/paisvasco2018\/20180502131010-2002.jpg\"><img decoding=\"async\" src=\"http:\/\/hutmachergass.de\/hmg\/php\/getimg.php?img=http:\/\/hutmachergass.de\/hmg3\/bilder\/paisvasco2018\/20180502131010-2002.jpg&#038;wdth=600&#038;qlty=85\" \/><\/a><\/p>\n<p class=\"imgcent\"><a href=\"http:\/\/hutmachergass.de\/hmg3\/bilder\/paisvasco2018\/20180502131208-2005.jpg\"><img decoding=\"async\" src=\"http:\/\/hutmachergass.de\/hmg\/php\/getimg.php?img=http:\/\/hutmachergass.de\/hmg3\/bilder\/paisvasco2018\/20180502131208-2005.jpg&#038;wdth=600&#038;qlty=85\" \/><\/a><\/p>\n<p class=\"imgcent\"><a href=\"http:\/\/hutmachergass.de\/hmg3\/bilder\/paisvasco2018\/20180502140554-2019.jpg\"><img decoding=\"async\" src=\"http:\/\/hutmachergass.de\/hmg\/php\/getimg.php?img=http:\/\/hutmachergass.de\/hmg3\/bilder\/paisvasco2018\/20180502140554-2019.jpg&#038;wdth=600&#038;qlty=85\" \/><\/a><\/p>\n<p class=\"imgcent\"><a href=\"http:\/\/hutmachergass.de\/hmg3\/bilder\/paisvasco2018\/20180502145500-2024.jpg\"><img decoding=\"async\" src=\"http:\/\/hutmachergass.de\/hmg\/php\/getimg.php?img=http:\/\/hutmachergass.de\/hmg3\/bilder\/paisvasco2018\/20180502145500-2024.jpg&#038;wdth=600&#038;qlty=85\" \/><\/a><\/p>\n<p class=\"imgcent\"><a href=\"http:\/\/hutmachergass.de\/hmg3\/bilder\/paisvasco2018\/20180503122348-2098.jpg\"><img decoding=\"async\" src=\"http:\/\/hutmachergass.de\/hmg\/php\/getimg.php?img=http:\/\/hutmachergass.de\/hmg3\/bilder\/paisvasco2018\/20180503122348-2098.jpg&#038;wdth=600&#038;qlty=85\" \/><\/a><\/p>\n<p class=\"imgcent\"><a href=\"http:\/\/hutmachergass.de\/hmg3\/bilder\/paisvasco2018\/20180503121143-2090.jpg\"><img decoding=\"async\" src=\"http:\/\/hutmachergass.de\/hmg\/php\/getimg.php?img=http:\/\/hutmachergass.de\/hmg3\/bilder\/paisvasco2018\/20180503121143-2090.jpg&#038;wdth=600&#038;qlty=85\" \/><\/a><\/p>\n<p><span class=\"bu\"><a href=\"https:\/\/de.wikipedia.org\/wiki\/Gernikako_Arbola\" rel=\"noopener noreferrer\" target=\"_blank\">der baum von guernica<\/a><\/span><\/p>\n<p><a href=\"https:\/\/de.wikipedia.org\/wiki\/Bermeo\" rel=\"noopener noreferrer\" target=\"_blank\">bermeo<\/a><\/p>\n<p class=\"imgcent\"><a href=\"http:\/\/hutmachergass.de\/hmg3\/bilder\/paisvasco2018\/20180503142849-2145.jpg\"><img decoding=\"async\" src=\"http:\/\/hutmachergass.de\/hmg\/php\/getimg.php?img=http:\/\/hutmachergass.de\/hmg3\/bilder\/paisvasco2018\/20180503142849-2145.jpg&#038;wdth=600&#038;qlty=85\" \/><\/a><\/p>\n<p class=\"imgcent\"><a href=\"http:\/\/hutmachergass.de\/hmg3\/bilder\/paisvasco2018\/20180503142541-2141.jpg\"><img decoding=\"async\" src=\"http:\/\/hutmachergass.de\/hmg\/php\/getimg.php?img=http:\/\/hutmachergass.de\/hmg3\/bilder\/paisvasco2018\/20180503142541-2141.jpg&#038;wdth=600&#038;qlty=85\" \/><\/a><\/p>\n<p class=\"imgcent\"><a href=\"http:\/\/hutmachergass.de\/hmg3\/bilder\/paisvasco2018\/20180503151028-2173.jpg\"><img decoding=\"async\" src=\"http:\/\/hutmachergass.de\/hmg\/php\/getimg.php?img=http:\/\/hutmachergass.de\/hmg3\/bilder\/paisvasco2018\/20180503151028-2173.jpg&#038;wdth=600&#038;qlty=85\" \/><\/a><\/p>\n<p class=\"imgcent\"><a href=\"http:\/\/hutmachergass.de\/hmg3\/bilder\/paisvasco2018\/20180503144916-2165.jpg\"><img decoding=\"async\" src=\"http:\/\/hutmachergass.de\/hmg\/php\/getimg.php?img=http:\/\/hutmachergass.de\/hmg3\/bilder\/paisvasco2018\/20180503144916-2165.jpg&#038;wdth=600&#038;qlty=85\" \/><\/a><\/p>\n<p>san sebasti\u00e1n<\/p>\n<p class=\"imgcent\"><a href=\"http:\/\/hutmachergass.de\/hmg3\/bilder\/paisvasco2018\/20180504133035-2200.jpg\"><img decoding=\"async\" src=\"http:\/\/hutmachergass.de\/hmg\/php\/getimg.php?img=http:\/\/hutmachergass.de\/hmg3\/bilder\/paisvasco2018\/20180504133035-2200.jpg&#038;wdth=600&#038;qlty=85\" \/><\/a><\/p>\n<p class=\"imgcent\"><a href=\"http:\/\/hutmachergass.de\/hmg3\/bilder\/paisvasco2018\/20180504134607-2204.jpg\"><img decoding=\"async\" src=\"http:\/\/hutmachergass.de\/hmg\/php\/getimg.php?img=http:\/\/hutmachergass.de\/hmg3\/bilder\/paisvasco2018\/20180504134607-2204.jpg&#038;wdth=600&#038;qlty=85\" \/><\/a><\/p>\n<p class=\"imgcent\"><a href=\"http:\/\/hutmachergass.de\/hmg3\/bilder\/paisvasco2018\/20180504142343-2228.jpg\"><img decoding=\"async\" src=\"http:\/\/hutmachergass.de\/hmg\/php\/getimg.php?img=http:\/\/hutmachergass.de\/hmg3\/bilder\/paisvasco2018\/20180504142343-2228.jpg&#038;wdth=600&#038;qlty=85\" \/><\/a><\/p>\n<h2>eisenbahnen und bahnh\u00f6fe &#8211; demn\u00e4chst in diesem theater<\/h2>\n<p>eine <a href=\"https:\/\/spontan-wild-und-kuchen.de\/archive\/1913\" rel=\"noopener noreferrer\" target=\"_blank\">\u00fcbersicht<\/a><\/p>\n<p><!--\ngpx der euskotren und anderen linien mit den bahnh\u00f6fen, links auf weitere infos, fahrradmitnahme\n<a href=\"https:\/\/moovit.com\/lines?lgid=427115&lid=1486524&utm_source=seo_lines&customerId=4908&metroId=1505&lang=de\">s.a. hier\n\n\n<\/a>\n\n<p class=\"imgcent\"><a href=\"http:\/\/hutmachergass.de\/hmg3\/bilder\/paisvasco2018\/\"><img decoding=\"async\" src=\"http:\/\/hutmachergass.de\/hmg\/php\/getimg.php?img=http:\/\/hutmachergass.de\/hmg3\/bilder\/paisvasco2018\/&wdth=600&qlty=85\" \/><\/a><\/p>\n\n\n\n\n\n\n<p class=\"imgcent\"><a href=\"http:\/\/hutmachergass.de\/hmg3\/bilder\/paisvasco2018\/.jpg\"><img decoding=\"async\" src=\"http:\/\/hutmachergass.de\/hmg\/php\/getimg.php?img=http:\/\/hutmachergass.de\/hmg3\/bilder\/paisvasco2018\/.jpg&wdth=600&qlty=85\" \/><\/a><\/p>\n\n\n\n\n\n<p class=\"imgcent\"><a href=\"http:\/\/hutmachergass.de\/hmg3\/bilder\/paisvasco2018\/.jpg\"><img decoding=\"async\" src=\"http:\/\/hutmachergass.de\/hmg\/php\/getimg.php?img=http:\/\/hutmachergass.de\/hmg3\/bilder\/paisvasco2018\/.jpg&wdth=600&qlty=85\" \/><\/a><\/p>\n\n\n\n\n\n\n<p class=\"imgcent\"><a href=\"http:\/\/hutmachergass.de\/hmg3\/bilder\/paisvasco2018\/.jpg\"><img decoding=\"async\" src=\"http:\/\/hutmachergass.de\/hmg\/php\/getimg.php?img=http:\/\/hutmachergass.de\/hmg3\/bilder\/paisvasco2018\/.jpg&wdth=600&qlty=85\" \/><\/a><\/p>\n\n\n\n\n\n\/\/--><\/p>\n","protected":false},"excerpt":{"rendered":"<p>die wanderung testwanderung f\u00fcr diese tour. das wetter h\u00e4tte etwas spanischer sein k\u00f6nnen, wobei es in diesem teil, insbesondere n\u00f6rdlich der montes de ordunte und in bilbao deutlich mehr regnet als bei uns. wegen der h\u00f6he des valle de mena &hellip; <a href=\"https:\/\/hutmachergass.de\/hmg\/steffsblog\/?page_id=2063\">Continue reading <span class=\"meta-nav\">&rarr;<\/span><\/a><\/p>\n","protected":false},"author":2,"featured_media":0,"parent":3352,"menu_order":0,"comment_status":"closed","ping_status":"closed","template":"","meta":{"footnotes":""},"class_list":["post-2063","page","type-page","status-publish","hentry"],"_links":{"self":[{"href":"https:\/\/hutmachergass.de\/hmg\/steffsblog\/index.php?rest_route=\/wp\/v2\/pages\/2063","targetHints":{"allow":["GET"]}}],"collection":[{"href":"https:\/\/hutmachergass.de\/hmg\/steffsblog\/index.php?rest_route=\/wp\/v2\/pages"}],"about":[{"href":"https:\/\/hutmachergass.de\/hmg\/steffsblog\/index.php?rest_route=\/wp\/v2\/types\/page"}],"author":[{"embeddable":true,"href":"https:\/\/hutmachergass.de\/hmg\/steffsblog\/index.php?rest_route=\/wp\/v2\/users\/2"}],"replies":[{"embeddable":true,"href":"https:\/\/hutmachergass.de\/hmg\/steffsblog\/index.php?rest_route=%2Fwp%2Fv2%2Fcomments&post=2063"}],"version-history":[{"count":0,"href":"https:\/\/hutmachergass.de\/hmg\/steffsblog\/index.php?rest_route=\/wp\/v2\/pages\/2063\/revisions"}],"up":[{"embeddable":true,"href":"https:\/\/hutmachergass.de\/hmg\/steffsblog\/index.php?rest_route=\/wp\/v2\/pages\/3352"}],"wp:attachment":[{"href":"https:\/\/hutmachergass.de\/hmg\/steffsblog\/index.php?rest_route=%2Fwp%2Fv2%2Fmedia&parent=2063"}],"curies":[{"name":"wp","href":"https:\/\/api.w.org\/{rel}","templated":true}]}}